{"id":817,"date":"2020-11-19T15:57:38","date_gmt":"2020-11-19T15:57:38","guid":{"rendered":"https:\/\/alimak.wpengine.com\/?page_id=817"},"modified":"2021-07-03T14:46:26","modified_gmt":"2021-07-03T14:46:26","slug":"custom-construction-solutions","status":"publish","type":"page","link":"https:\/\/alimak.com\/se\/custom-construction-solutions\/","title":{"rendered":"Kundanpassade l\u00f6sningar f\u00f6r byggindustrin"},"content":{"rendered":"\n<article class=\"m11 break-out\" id=\"block_5fb691907b70f\" data-animate-container>\n\n  <nav id=\"breadcrumbs\"><div class=\"container\" data-animate><span><span><a href=\"https:\/\/alimak.com\/se\/\">Hem<\/a><\/span><\/span><\/div><\/nav>\n  <div class=\"m11__wrapper\">\n    <div class=\"container m11__container\">\n\n      <div class=\"m11__content\">\n\n                  <h1 class=\"m11__heading uppercase\" data-animate>KUNDANPASSADE L\u00d6SNINGAR F\u00d6R BYGGINDUSTRIN<\/h1>\n        \n                  <div class=\"m11__text\" data-animate>\n            <p>Alimak har en omfattande portf\u00f6lj av kundanpassade l\u00f6sningar f\u00f6r vertikala transporter f\u00f6r en rad olika byggtill\u00e4mpningar och milj\u00f6er. Alimaks modul\u00e4ra sortiment av bygghissar, transportplattformar och kl\u00e4tterplattformar kan kundanpassas till en m\u00e4ngd olika till\u00e4mpningar.<\/p>\n<p>Standardutbudet av Alimaks hissar och plattformar erbjuder optimala transportl\u00f6sningar f\u00f6r l\u00e5ga, medelh\u00f6ga och h\u00f6ga byggnader av alla slag. F\u00f6r specifika krav kan den modul\u00e4ra serien skr\u00e4ddarsys till n\u00e4stan vilken h\u00f6jd, storlek eller nyttolast som helst och kan installeras p\u00e5 lutande eller kr\u00f6kta strukturer.<\/p>\n<p>Alimaks system med bygghissar kan till exempel konfigureras med en, tv\u00e5 eller tre hisskorgar, nyttolastkapaciteter p\u00e5 upp till 12 400 kg och lastutrymme p\u00e5 mer \u00e4n 95 kvadratmeter.<\/p>\n<p>Alimak har en dokumenterad erfarenhet av att framg\u00e5ngsrikt genomf\u00f6ra projekt f\u00f6r byggf\u00f6retag och slutanv\u00e4ndare med s\u00e4rskilda krav p\u00e5 produkter och produktion. Ett erfaret team av Alimak-projektingenj\u00f6rer kan s\u00e4kerst\u00e4lla att projektkraven uppfylls.<\/p>\n          <\/div>\n        \n                  <a\n          href=\"https:\/\/alimak.com\/se\/contact-us\/\"\n          class=\"m11__button button\"\n          data-animate\n          target=\"_self\">\n            Beg\u00e4r offert          <\/a>\n        \n      <\/div>\n\n              <div class=\"m11__media\">\n          <img src=https:\/\/alimak.com\/se\/wp-content\/uploads\/sites\/28\/2020\/11\/Custom-Construction-Solutions-hero-image.jpg srcset=\"https:\/\/alimak.com\/se\/wp-content\/uploads\/sites\/28\/2020\/11\/Custom-Construction-Solutions-hero-image.jpg 1x, https:\/\/alimak.com\/se\/wp-content\/uploads\/sites\/28\/2020\/11\/Custom-Construction-Solutions-hero-image.jpg 2x\" class=\"m11__image initial\" alt=\"\" width=\"666\" height=\"592\">        <\/div>\n      \n    <\/div>\n  <\/div>\n<\/article>\n\n\n\n\n<article class=\"m42 break-out\" id=\"block_5fd6998e2c81c\" data-animate-container>\n\t<div class=\"container m42__container\">\n\t\t\n\t\t\t\t\t\n\t\t\t\t\t\t\t\t\t\t\t\t\t\t\t\t\t<div class=\"m42__cta\">\n\t\t\t\t\t\t\t\t\t<div class=\"m42__cta__details\">\n\t\t\t\t\t\t\t\t\t\t<div class=\"m42__img\">\n\t\t\t\t\t\t\t\t\t\t<img src=https:\/\/alimak.com\/se\/wp-content\/uploads\/sites\/28\/2020\/11\/Duomo-di-Milano-Projects-tiles.jpg  class=\"\" alt=\"\" width=\"408\" height=\"408\">\t\t\t\t\t\t\t\t\t\t<\/div>\n\n\t\t\t\t\t\t\t\t\t\t\t\t\t\t\t\t\t\t\t\t<div class=\"m42__description\">\n\t\t\t\t\t\t\t\t\t\t\t\t\t\t\t\t\t\t\t\t\t\t<h6 class=\"m42__description__title\">Duomo di Milano<\/h6>\n\t\t\t\t\t\t\t\t\t\t\t\n\t\t\t\t\t\t\t\t\t\t\t\t\t\t\t\t\t\t\t\t\t\t\t<p class=\"m42__description__location\">Milano, Italien<\/p>\n\t\t\t\t\t\t\t\t\t\t\t\t\t\t\t\t\t\t\t\t\t<\/div>\n\t\t\t\t\t\t\t\t\t\t\t\t\t\t\t\t\t\t\t<\/div>\n\n\t\t\t\t\t\t\t\t\t<div class=\"m42__cta__text\">\n\t\t\t\t\t\t\t\t\t\t<h5 class=\"m42__subtitle\">20 \u00e5r av s\u00e4kra vertikala transporter vid Duomo di Milano<\/h5>\n\t\t\t\t\t\t\t\t\t\t<p class=\"m42__excerpt\">\n\t\t\t\t\t\t\t\t\t\t\t\t\t\t\t\t\t\t\t\t\t\t\tAlimak byggde vidare p\u00e5 en 20-\u00e5rig tradition med leveranser av anpassade l\u00f6sningar f\u00f6r vertikala transporter till Duomo Di Milano f\u00f6r att avsev\u00e4rt minska tiden och kostnaderna associerade med transporterna till byggarbetsplatsen p\u00e5 taket av strukturen. Milanos katedral \u00e4r den femte st\u00f6rsta kyrkan i v\u00e4rlden och har en historia som g\u00e5r tillbaka flera \u00e5rhundraden.\n\t\t\t\t\t\t\t\t\t\t\t\t\t\t\t\t\t\t\t\t\t<\/p>\n\t\t\t\t\t\t\t\t\t\t<a href=\"https:\/\/alimak.com\/se\/project\/duomo-di-milano\/\" class=\"button button--orange\">L\u00e4s mer<\/a>\n\t\t\t\t\t\t\t\t\t<\/div>\n\t\t\t\t\t\t\t\t<\/div>\n\t\t\t\t\t\t\t\n\t\t\t\t\t\t<\/div>\n<\/article>\n\n\n\n\n\n<article class=\"m08 break-out\" id=\"block_5fb693667b717\" data-animate-container>\n  <div class=\"container m08__container\">\n\n          <div class=\"m08__block m08__block--one\">\n        <div class=\"m08__content\">\n\n                      <h2 class=\"m08__heading uppercase h3\" data-animate>KONTAKTA OSS F\u00d6R MER INFORMATION ELLER EN OFFERT<\/h2>\n          \n                      <div class=\"m08__text\" data-animate>\n              <p>Beh\u00f6ver du hj\u00e4lp med att v\u00e4lja produkt f\u00f6r ett kommande projekt? Kontakta v\u00e5ra produktexperter f\u00f6r information om v\u00e5rt utbud av l\u00f6sningar f\u00f6r vertikala transporter och en offert som m\u00f6ter behoven i ditt projekt.<\/p>\n            <\/div>\n          \n                      <a\n            data-animate\n            href=\"https:\/\/alimak.com\/se\/request-a-quote\"\n            class=\"m08__button button button--outline button--white\"\n            target=\"_self\">\n              Beg\u00e4r offert            <\/a>\n          \n        <\/div>\n      <\/div>\n    \n          <div class=\"m08__block m08__block--two\">\n        <div class=\"m08__content\">\n\n                      <h2 class=\"m08__heading uppercase h3\" data-animate>HITTA EN LOKAL REPRESENTANT<\/h2>\n          \n                      <div class=\"m08__text\" data-animate>\n              <p>Alimak finns p\u00e5 sex kontinenter och anv\u00e4nder ett globalt n\u00e4tverk f\u00f6r att leverera l\u00f6sningar f\u00f6r vertikala transporter f\u00f6r en rad olika till\u00e4mpningar p\u00e5 bygg- och industrianl\u00e4ggningar runt om i v\u00e4rlden. Kontakta oss f\u00f6r att hitta en lokal representant fr\u00e5n Alimaks globala n\u00e4tverk.<\/p>\n            <\/div>\n          \n                      <a\n            data-animate\n            href=\"\/se\/locations\"\n            class=\"m08__button button\"\n            target=\"_self\">\n              S\u00f6k i katalogen            <\/a>\n          \n        <\/div>\n      <\/div>\n        \n  <\/div>\n<\/article>\n\n\n\n<div style=\"height:100px\" aria-hidden=\"true\" class=\"wp-block-spacer\"><\/div>\n","protected":false},"excerpt":{"rendered":"","protected":false},"author":1,"featured_media":0,"parent":0,"menu_order":0,"comment_status":"closed","ping_status":"closed","template":"","meta":{"_trash_the_other_posts":false,"editor_notices":[],"footnotes":""},"class_list":["post-817","page","type-page","status-publish","hentry"],"yoast_head":"<!-- This site is optimized with the Yoast SEO plugin v27.3 - https:\/\/yoast.com\/product\/yoast-seo-wordpress\/ -->\n<title>Kundanpassade l\u00f6sningar f\u00f6r byggindustrin - Alimak Sweden<\/title>\n<meta name=\"robots\" content=\"index, follow, max-snippet:-1, max-image-preview:large, max-video-preview:-1\" \/>\n<link rel=\"canonical\" href=\"https:\/\/alimak.com\/se\/industry\/custom-construction\/\" \/>\n<meta property=\"og:locale\" content=\"sv_SE\" \/>\n<meta property=\"og:type\" content=\"article\" \/>\n<meta property=\"og:title\" content=\"Kundanpassade l\u00f6sningar f\u00f6r byggindustrin - Alimak Sweden\" \/>\n<meta property=\"og:url\" content=\"https:\/\/alimak.com\/se\/industry\/custom-construction\/\" \/>\n<meta property=\"og:site_name\" content=\"Alimak Sweden\" \/>\n<meta property=\"article:modified_time\" content=\"2021-07-03T14:46:26+00:00\" \/>\n<meta name=\"twitter:card\" content=\"summary_large_image\" \/>\n<script type=\"application\/ld+json\" class=\"yoast-schema-graph\">{\"@context\":\"https:\\\/\\\/schema.org\",\"@graph\":[{\"@type\":\"WebPage\",\"@id\":\"https:\\\/\\\/alimak.com\\\/se\\\/custom-construction-solutions\\\/\",\"url\":\"https:\\\/\\\/alimak.com\\\/se\\\/industry\\\/custom-construction\\\/\",\"name\":\"Kundanpassade l\u00f6sningar f\u00f6r byggindustrin - Alimak Sweden\",\"isPartOf\":{\"@id\":\"https:\\\/\\\/alimak.com\\\/se\\\/#website\"},\"datePublished\":\"2020-11-19T15:57:38+00:00\",\"dateModified\":\"2021-07-03T14:46:26+00:00\",\"breadcrumb\":{\"@id\":\"https:\\\/\\\/alimak.com\\\/se\\\/industry\\\/custom-construction\\\/#breadcrumb\"},\"inLanguage\":\"sv-SE\",\"potentialAction\":[{\"@type\":\"ReadAction\",\"target\":[\"https:\\\/\\\/alimak.com\\\/se\\\/industry\\\/custom-construction\\\/\"]}]},{\"@type\":\"BreadcrumbList\",\"@id\":\"https:\\\/\\\/alimak.com\\\/se\\\/industry\\\/custom-construction\\\/#breadcrumb\",\"itemListElement\":[{\"@type\":\"ListItem\",\"position\":1,\"name\":\"Hem\",\"item\":\"https:\\\/\\\/alimak.com\\\/se\\\/\"},{\"@type\":\"ListItem\",\"position\":2,\"name\":\"Kundanpassade l\u00f6sningar f\u00f6r byggindustrin\"}]},{\"@type\":\"WebSite\",\"@id\":\"https:\\\/\\\/alimak.com\\\/se\\\/#website\",\"url\":\"https:\\\/\\\/alimak.com\\\/se\\\/\",\"name\":\"Alimak Sweden\",\"description\":\"Global leaders in Vertical Access Solutions\",\"potentialAction\":[{\"@type\":\"SearchAction\",\"target\":{\"@type\":\"EntryPoint\",\"urlTemplate\":\"https:\\\/\\\/alimak.com\\\/se\\\/?s={search_term_string}\"},\"query-input\":{\"@type\":\"PropertyValueSpecification\",\"valueRequired\":true,\"valueName\":\"search_term_string\"}}],\"inLanguage\":\"sv-SE\"}]}<\/script>\n<!-- \/ Yoast SEO plugin. -->","yoast_head_json":{"title":"Kundanpassade l\u00f6sningar f\u00f6r byggindustrin - Alimak Sweden","robots":{"index":"index","follow":"follow","max-snippet":"max-snippet:-1","max-image-preview":"max-image-preview:large","max-video-preview":"max-video-preview:-1"},"canonical":"https:\/\/alimak.com\/se\/industry\/custom-construction\/","og_locale":"sv_SE","og_type":"article","og_title":"Kundanpassade l\u00f6sningar f\u00f6r byggindustrin - Alimak Sweden","og_url":"https:\/\/alimak.com\/se\/industry\/custom-construction\/","og_site_name":"Alimak Sweden","article_modified_time":"2021-07-03T14:46:26+00:00","twitter_card":"summary_large_image","schema":{"@context":"https:\/\/schema.org","@graph":[{"@type":"WebPage","@id":"https:\/\/alimak.com\/se\/custom-construction-solutions\/","url":"https:\/\/alimak.com\/se\/industry\/custom-construction\/","name":"Kundanpassade l\u00f6sningar f\u00f6r byggindustrin - Alimak Sweden","isPartOf":{"@id":"https:\/\/alimak.com\/se\/#website"},"datePublished":"2020-11-19T15:57:38+00:00","dateModified":"2021-07-03T14:46:26+00:00","breadcrumb":{"@id":"https:\/\/alimak.com\/se\/industry\/custom-construction\/#breadcrumb"},"inLanguage":"sv-SE","potentialAction":[{"@type":"ReadAction","target":["https:\/\/alimak.com\/se\/industry\/custom-construction\/"]}]},{"@type":"BreadcrumbList","@id":"https:\/\/alimak.com\/se\/industry\/custom-construction\/#breadcrumb","itemListElement":[{"@type":"ListItem","position":1,"name":"Hem","item":"https:\/\/alimak.com\/se\/"},{"@type":"ListItem","position":2,"name":"Kundanpassade l\u00f6sningar f\u00f6r byggindustrin"}]},{"@type":"WebSite","@id":"https:\/\/alimak.com\/se\/#website","url":"https:\/\/alimak.com\/se\/","name":"Alimak Sweden","description":"Global leaders in Vertical Access Solutions","potentialAction":[{"@type":"SearchAction","target":{"@type":"EntryPoint","urlTemplate":"https:\/\/alimak.com\/se\/?s={search_term_string}"},"query-input":{"@type":"PropertyValueSpecification","valueRequired":true,"valueName":"search_term_string"}}],"inLanguage":"sv-SE"}]}},"_links":{"self":[{"href":"https:\/\/alimak.com\/se\/wp-json\/wp\/v2\/pages\/817","targetHints":{"allow":["GET"]}}],"collection":[{"href":"https:\/\/alimak.com\/se\/wp-json\/wp\/v2\/pages"}],"about":[{"href":"https:\/\/alimak.com\/se\/wp-json\/wp\/v2\/types\/page"}],"author":[{"embeddable":true,"href":"https:\/\/alimak.com\/se\/wp-json\/wp\/v2\/users\/1"}],"replies":[{"embeddable":true,"href":"https:\/\/alimak.com\/se\/wp-json\/wp\/v2\/comments?post=817"}],"version-history":[{"count":6,"href":"https:\/\/alimak.com\/se\/wp-json\/wp\/v2\/pages\/817\/revisions"}],"predecessor-version":[{"id":2710,"href":"https:\/\/alimak.com\/se\/wp-json\/wp\/v2\/pages\/817\/revisions\/2710"}],"wp:attachment":[{"href":"https:\/\/alimak.com\/se\/wp-json\/wp\/v2\/media?parent=817"}],"curies":[{"name":"wp","href":"https:\/\/api.w.org\/{rel}","templated":true}]}}