{"id":825,"date":"2020-11-19T16:12:51","date_gmt":"2020-11-19T16:12:51","guid":{"rendered":"https:\/\/alimak.wpengine.com\/?page_id=825"},"modified":"2023-09-15T00:50:32","modified_gmt":"2023-09-15T00:50:32","slug":"mast-climbing-work-platforms","status":"publish","type":"page","link":"https:\/\/alimak.com\/se\/mast-climbing-work-platforms\/","title":{"rendered":"Kl\u00e4tterplattformar"},"content":{"rendered":"\n<article class=\"m11 break-out\" id=\"block_5fb691907b70f\" data-animate-container>\n\n  <nav id=\"breadcrumbs\"><div class=\"container\" data-animate><span><span><a href=\"https:\/\/alimak.com\/se\/\">Hem<\/a><\/span><\/span><\/div><\/nav>\n  <div class=\"m11__wrapper\">\n    <div class=\"container m11__container\">\n\n      <div class=\"m11__content\">\n\n                  <h1 class=\"m11__heading uppercase\" data-animate>KL\u00c4TTERPLATTFORMAR<\/h1>\n        \n                  <div class=\"m11__text\" data-animate>\n            <div class=\"m11__text\" data-animate=\"\">\n<p>Alimaks sortiment av kl\u00e4tterplattformar \u00e4r perfekta f\u00f6r fasadarbete i projekt med logistiska utmaningar som till exempel mycket h\u00f6ga h\u00f6jder. Kl\u00e4tterplattformarna \u00e4r effektiva \u00e4ven p\u00e5 l\u00e5ga niv\u00e5er och tillhandah\u00e5ller en idealisk l\u00f6sning f\u00f6r vertikala transporter vid fasadarbete som murningsarbete, f\u00f6nsterinstallation och bel\u00e4ggningsarbete. Hissarna i Alimaks MC 450- och MC 650-serie m\u00f6jligg\u00f6r effektiva transporter av passagerare och material till de allra h\u00f6gsta planen i en byggnad i en enda f\u00e4rd f\u00f6r \u00f6kad produktivitet i anl\u00e4ggningen.<\/p>\n<\/div>\n          <\/div>\n        \n                  <a\n          href=\"https:\/\/alimak.com\/se\/contact-us\/\"\n          class=\"m11__button button\"\n          data-animate\n          target=\"_self\">\n            Beg\u00e4r offert          <\/a>\n        \n      <\/div>\n\n              <div class=\"m11__media\">\n          <img src=https:\/\/alimak.com\/se\/wp-content\/uploads\/sites\/28\/2020\/11\/Overview-hero-image.jpg srcset=\"https:\/\/alimak.com\/se\/wp-content\/uploads\/sites\/28\/2020\/11\/Overview-hero-image.jpg 1x, https:\/\/alimak.com\/se\/wp-content\/uploads\/sites\/28\/2020\/11\/Overview-hero-image.jpg 2x\" class=\"m11__image initial\" alt=\"\" width=\"666\" height=\"592\">        <\/div>\n      \n    <\/div>\n  <\/div>\n<\/article>\n\n\n\n\n<div style=\"height:72px\" aria-hidden=\"true\" class=\"wp-block-spacer\"><\/div>\n\n\n\n<h2 class=\"wp-block-heading has-text-align-center has-heading-3-font-size\">ALIMAK KL\u00c4TTERPLATTFORMAR<\/h2>\n\n\n\n<p class=\"has-text-align-center\">Utbudet av kl\u00e4tterplattformar fr\u00e5n Alimak best\u00e5r av MC 450 och MC 650. MC 450 ger en robust och tillf\u00f6rlitlig l\u00f6sning f\u00f6r vertikala transporter med en nyttolast p\u00e5 upp till 5&nbsp;500 kg, medan MC 650 \u00e4r konfigurerad med dubbla master och har en l\u00e4ngd p\u00e5 41,8 meter. MC 650 \u00e4r ytterst m\u00e5ngsidig eftersom den dessutom kan anv\u00e4ndas vid h\u00f6rn och kr\u00f6kningar.&nbsp;<\/p>\n\n\n\n<div style=\"height:50px\" aria-hidden=\"true\" class=\"wp-block-spacer\"><\/div>\n\n\n\n<div class=\"archive terra-feed \">\n\n\t<form id=\"filters\" name=\"product-feed\" action=\"\" method=\"get\" class=\"terra terra-more--none archive-container__wrapper\" data-uid=\"00000000000013850000000000000000\">\n\t\t\n\t\t<div class=\"container\">\n\t\t\t\t\t\t\t<div class=\"archive-sorting\">\n\t\t\t\t\t\t\t\t\t\t\t<div class=\"archive-sorting__count\">\n\t\t\t\t\t\t\t<input type=\"hidden\" name=\"posts-found\" value=\"1\" \/><span class=\"terra-posts-found__label\">Visar 1-3 av <strong>3<\/strong> <\/span>\t\t\t\t\t\t<\/div>\n\t\t\t\t\t\t\n\t\t\t\t\t<div class=\"archive-sorting__input\">\n\t\t\t\t\t\t<label for=\"filter-sort\">Sortera:<\/label>\n\t\t\t\t\t\t<select name=\"filter-sort\" data-filter=\"filter-sort\" class=\"archive-sorting__sort terra__select terra-filter  default-style\" ><option value=\"0\" >Standard<\/option><option value=\"ASC\" >A &#8211; \u00d6<\/option><option value=\"DESC\" >\u00d6 &#8211; A<\/option><\/select>\t\t\t\t\t<\/div>\n\t\t\t\t\t\t\t<\/div>\n\n\t\t\t<div id=\"product-feed\" class=\"terra-container archive-container__items archive-container__items--product\">\n<article class=\"single-product-item\">\n\t\t<a href=\"https:\/\/alimak.com\/se\/product\/alimak-opus-350-svenska\/\" class=\"single-product-item__link\">\n\t\n\t\t\t\t\t<div class=\"single-product-item__media\">\n\t\t\t\t<img src=https:\/\/alimak.com\/se\/wp-content\/uploads\/sites\/28\/2025\/12\/Opus-350-product-tile-1.png srcset=\"https:\/\/alimak.com\/se\/wp-content\/uploads\/sites\/28\/2025\/12\/Opus-350-product-tile-1.png 1x, https:\/\/alimak.com\/se\/wp-content\/uploads\/sites\/28\/2025\/12\/Opus-350-product-tile-1.png 2x\" class=\"single-product-item__image\" alt=\"\" width=\"192\" height=\"232\">\t\t\t<\/div>\n\t\t\n\t\t<div class=\"single-product-item__content\">\n\t\t\t<div class=\"single-product-item__intro\">\n\t\t\t\t<h3 class=\"single-product-item__heading uppercase\">Alimak Opus 350<\/h3>\n\t\t\t\t<p class=\"single-product-item__excerpt\">Alimak Opus 350 \u00e4r en kompakt, kostnadseffektiv och mycket m\u00e5ngsidig serie l\u00e4tta kl\u00e4tterplattformar avsedda f\u00f6r l\u00e4tt fasadarbete.<\/p>\n\t\t\t<\/div>\n\n\t\t\t<div class=\"single-product-item__meta\">\n\t\t\t\t<div class=\"single-product-item__meta--left\">\n\t\t\t\t\t\t\t\t\t\t\t<span class=\"single-product-item__meta-item\">\n\t\t\t\t\t\t\t<strong>Produktkategori: <\/strong>\n\t\t\t\t\t\t\tKl\u00e4tterplattformar\t\t\t\t\t\t<\/span>\n\t\t\t\t\t\n\t\t\t\t\t\t\t\t\t\t\t<span class=\"single-product-item__meta-item\">\n\t\t\t\t\t\t\t<strong>Storlek: <\/strong>\n\t\t\t\t\t\t\t1,2\u20132,2 x 3,7\u201325,6 m (B x L)\t\t\t\t\t\t<\/span>\n\t\t\t\t\t\n\t\t\t\t\t\t\t\t\t\t\t<span class=\"single-product-item__meta-item\">\n\t\t\t\t\t\t\t<strong>Kapacitet: <\/strong>\n\t\t\t\t\t\t\t1 440\u20132 830 kg\t\t\t\t\t\t<\/span>\n\t\t\t\t\t\n\t\t\t\t\t\n\t\t\t\t\t\t\t\t\t\t\t<span class=\"single-product-item__meta-item\">\n\t\t\t\t\t\t\t<strong>Hastighet: <\/strong>\n\t\t\t\t\t\t\t8,4 m\/min\t\t\t\t\t\t<\/span>\n\t\t\t\t\t\t\t\t\t<\/div>\n\n\t\t\t\t<div class=\"single-product-item__meta--right\">\n\t\t\t\t\t\n\t\t\t\t\t\t\t\t\t\t\t<span class=\"single-product-item__button read-more\" aria-hidden=\"true\">\n\t\t\t\t\t\t\t<span>Mer information<\/span>\n\t\t\t\t\t\t\t<svg class=\"svg-icon svg-icon--icon-arrow-right\" aria-hidden=\"true\" role=\"img\"> <use href=\"#icon-arrow-right\" xlink:href=\"#icon-arrow-right\"><\/use> <\/svg>\t\t\t\t\t\t<\/span>\n\t\t\t\t\t\t\t\t\t<\/div>\n\t\t\t<\/div>\n\t\t<\/div>\n\n\t\t<\/a>\n\t<\/article>\n\n<article class=\"single-product-item\">\n\t\t<a href=\"https:\/\/alimak.com\/se\/product\/alimak-mc-450\/\" class=\"single-product-item__link\">\n\t\n\t\t\t\t\t<div class=\"single-product-item__media\">\n\t\t\t\t<img src=https:\/\/alimak.com\/se\/wp-content\/uploads\/sites\/28\/2022\/01\/MC-450-product-tile-2.jpg srcset=\"https:\/\/alimak.com\/se\/wp-content\/uploads\/sites\/28\/2022\/01\/MC-450-product-tile-2.jpg 1x, https:\/\/alimak.com\/se\/wp-content\/uploads\/sites\/28\/2022\/01\/MC-450-product-tile-2.jpg 2x\" class=\"single-product-item__image\" alt=\"\" width=\"192\" height=\"232\">\t\t\t<\/div>\n\t\t\n\t\t<div class=\"single-product-item__content\">\n\t\t\t<div class=\"single-product-item__intro\">\n\t\t\t\t<h3 class=\"single-product-item__heading uppercase\">Alimak MC 450<\/h3>\n\t\t\t\t<p class=\"single-product-item__excerpt\">Alimak MC 450 anv\u00e4nds f\u00f6r att transportera personal, deras verktyg och material till arbetsomr\u00e5det f\u00f6r att arbeta s\u00e4kert och ergonomiskt eftersom maskinen kan flyttas mellan alla niv\u00e5er i strukturen.<\/p>\n\t\t\t<\/div>\n\n\t\t\t<div class=\"single-product-item__meta\">\n\t\t\t\t<div class=\"single-product-item__meta--left\">\n\t\t\t\t\t\t\t\t\t\t\t<span class=\"single-product-item__meta-item\">\n\t\t\t\t\t\t\t<strong>Produktkategori: <\/strong>\n\t\t\t\t\t\t\tKl\u00e4tterplattformar\t\t\t\t\t\t<\/span>\n\t\t\t\t\t\n\t\t\t\t\t\t\t\t\t\t\t<span class=\"single-product-item__meta-item\">\n\t\t\t\t\t\t\t<strong>Storlek: <\/strong>\n\t\t\t\t\t\t\t1,2\u20132,2 x 4,2\u201330,2 m (B x L)\t\t\t\t\t\t<\/span>\n\t\t\t\t\t\n\t\t\t\t\t\t\t\t\t\t\t<span class=\"single-product-item__meta-item\">\n\t\t\t\t\t\t\t<strong>Kapacitet: <\/strong>\n\t\t\t\t\t\t\t750\u20135,500 kg\t\t\t\t\t\t<\/span>\n\t\t\t\t\t\n\t\t\t\t\t\n\t\t\t\t\t\t\t\t\t\t\t<span class=\"single-product-item__meta-item\">\n\t\t\t\t\t\t\t<strong>Hastighet: <\/strong>\n\t\t\t\t\t\t\t8\u20139.6 m\/min.\t\t\t\t\t\t<\/span>\n\t\t\t\t\t\t\t\t\t<\/div>\n\n\t\t\t\t<div class=\"single-product-item__meta--right\">\n\t\t\t\t\t\n\t\t\t\t\t\t\t\t\t\t\t<span class=\"single-product-item__button read-more\" aria-hidden=\"true\">\n\t\t\t\t\t\t\t<span>Mer information<\/span>\n\t\t\t\t\t\t\t<svg class=\"svg-icon svg-icon--icon-arrow-right\" aria-hidden=\"true\" role=\"img\"> <use href=\"#icon-arrow-right\" xlink:href=\"#icon-arrow-right\"><\/use> <\/svg>\t\t\t\t\t\t<\/span>\n\t\t\t\t\t\t\t\t\t<\/div>\n\t\t\t<\/div>\n\t\t<\/div>\n\n\t\t<\/a>\n\t<\/article>\n\n<article class=\"single-product-item\">\n\t\t<a href=\"https:\/\/alimak.com\/se\/product\/alimak-mc-650\/\" class=\"single-product-item__link\">\n\t\n\t\t\t\t\t<div class=\"single-product-item__media\">\n\t\t\t\t<img src=https:\/\/alimak.com\/se\/wp-content\/uploads\/sites\/28\/2022\/01\/MC-650-product-tile-2.jpg srcset=\"https:\/\/alimak.com\/se\/wp-content\/uploads\/sites\/28\/2022\/01\/MC-650-product-tile-2.jpg 1x, https:\/\/alimak.com\/se\/wp-content\/uploads\/sites\/28\/2022\/01\/MC-650-product-tile-2.jpg 2x\" class=\"single-product-item__image\" alt=\"\" width=\"192\" height=\"232\">\t\t\t<\/div>\n\t\t\n\t\t<div class=\"single-product-item__content\">\n\t\t\t<div class=\"single-product-item__intro\">\n\t\t\t\t<h3 class=\"single-product-item__heading uppercase\">Alimak MC 650<\/h3>\n\t\t\t\t<p class=\"single-product-item__excerpt\">Kl\u00e4tterplattformen Alimak MC 650 har en l\u00e4ngd p\u00e5 upp till 41,8 meter f\u00f6r \u00f6kad effektivitet.<\/p>\n\t\t\t<\/div>\n\n\t\t\t<div class=\"single-product-item__meta\">\n\t\t\t\t<div class=\"single-product-item__meta--left\">\n\t\t\t\t\t\t\t\t\t\t\t<span class=\"single-product-item__meta-item\">\n\t\t\t\t\t\t\t<strong>Produktkategori: <\/strong>\n\t\t\t\t\t\t\tKl\u00e4tterplattformar\t\t\t\t\t\t<\/span>\n\t\t\t\t\t\n\t\t\t\t\t\t\t\t\t\t\t<span class=\"single-product-item__meta-item\">\n\t\t\t\t\t\t\t<strong>Storlek: <\/strong>\n\t\t\t\t\t\t\t1.5\u20133.3 m (W) x 4.4\u201341.8 m (L)\t\t\t\t\t\t<\/span>\n\t\t\t\t\t\n\t\t\t\t\t\t\t\t\t\t\t<span class=\"single-product-item__meta-item\">\n\t\t\t\t\t\t\t<strong>Kapacitet: <\/strong>\n\t\t\t\t\t\t\t2,230\u20137,240 kg\t\t\t\t\t\t<\/span>\n\t\t\t\t\t\n\t\t\t\t\t\n\t\t\t\t\t\t\t\t\t\t\t<span class=\"single-product-item__meta-item\">\n\t\t\t\t\t\t\t<strong>Hastighet: <\/strong>\n\t\t\t\t\t\t\t11 m\/min.\t\t\t\t\t\t<\/span>\n\t\t\t\t\t\t\t\t\t<\/div>\n\n\t\t\t\t<div class=\"single-product-item__meta--right\">\n\t\t\t\t\t\n\t\t\t\t\t\t\t\t\t\t\t<span class=\"single-product-item__button read-more\" aria-hidden=\"true\">\n\t\t\t\t\t\t\t<span>Mer information<\/span>\n\t\t\t\t\t\t\t<svg class=\"svg-icon svg-icon--icon-arrow-right\" aria-hidden=\"true\" role=\"img\"> <use href=\"#icon-arrow-right\" xlink:href=\"#icon-arrow-right\"><\/use> <\/svg>\t\t\t\t\t\t<\/span>\n\t\t\t\t\t\t\t\t\t<\/div>\n\t\t\t<\/div>\n\t\t<\/div>\n\n\t\t<\/a>\n\t<\/article>\n<\/div>\t\t<\/div>\n\n\t\t<input type=\"hidden\" name=\"posts_per_page\" value=\"15\" \/><input type=\"hidden\" name=\"posts-offset\" value=\"3\" \/><\/form>\n<\/div>\n\n\n\n<div style=\"height:100px\" aria-hidden=\"true\" class=\"wp-block-spacer\"><\/div>\n\n\n\n<div class=\"wp-block-group has-white-color has-dark-grey-background-color has-text-color has-background\"><div class=\"wp-block-group__inner-container is-layout-flow wp-block-group-is-layout-flow\">\n<article class=\"m05 break-out desktop-only\" id=\"block_5fb692e27b711\" data-animate-container>\n  <div class=\"container m05__container\">\n          <h2 class=\"m05__heading h3 uppercase\" data-animate>VARF\u00d6R SKA JAG V\u00c4LJA EN KL\u00c4TTERPLATTFORM FR\u00c5N ALIMAK?<\/h2>\n    \n          <div class=\"m05__benefits\">\n                  <article class=\"m05__benefit\" data-animate data-delay=\"0\">\n\n                          <p class=\"m05__text h4 uppercase\">\u00d6KAD PRODUKTIVITET<\/p>\n            \n                          <div class=\"m05__icon\" aria-hidden=\"true\">\n                <img src=https:\/\/alimak.com\/se\/wp-content\/uploads\/sites\/28\/2020\/11\/icon_Benefits-1.png  class=\"\" alt=\"\" width=\"51\" height=\"61\">              <\/div>\n            \n          <\/article>\n                  <article class=\"m05__benefit\" data-animate data-delay=\"150\">\n\n                          <p class=\"m05__text h4 uppercase\">UPPFYLLER PROJEKTKRAVEN<\/p>\n            \n                          <div class=\"m05__icon\" aria-hidden=\"true\">\n                <img src=https:\/\/alimak.com\/se\/wp-content\/uploads\/sites\/28\/2020\/11\/icon_Benefits-1.png  class=\"\" alt=\"\" width=\"51\" height=\"61\">              <\/div>\n            \n          <\/article>\n                  <article class=\"m05__benefit\" data-animate data-delay=\"300\">\n\n                          <p class=\"m05__text h4 uppercase\">MASTER KOMPATIBLA MED HISSAR OCH TRANSPORTPLATTFORMAR<\/p>\n            \n                          <div class=\"m05__icon\" aria-hidden=\"true\">\n                <img src=https:\/\/alimak.com\/se\/wp-content\/uploads\/sites\/28\/2020\/11\/icon_Benefits-1.png  class=\"\" alt=\"\" width=\"51\" height=\"61\">              <\/div>\n            \n          <\/article>\n                  <article class=\"m05__benefit\" data-animate data-delay=\"450\">\n\n                          <p class=\"m05__text h4 uppercase\">B\u00c4TTRE SIKT OCH ERGONOMI<\/p>\n            \n                          <div class=\"m05__icon\" aria-hidden=\"true\">\n                <img src=https:\/\/alimak.com\/se\/wp-content\/uploads\/sites\/28\/2020\/11\/icon_Benefits-1.png  class=\"\" alt=\"\" width=\"51\" height=\"61\">              <\/div>\n            \n          <\/article>\n              <\/div>\n      <\/div>\n<\/article>\n<\/div><\/div>\n\n\n\n<div style=\"height:100px\" aria-hidden=\"true\" class=\"wp-block-spacer\"><\/div>\n\n\n\n<article class=\"m08 break-out\" id=\"block_5fb693667b717\" data-animate-container>\n  <div class=\"container m08__container\">\n\n          <div class=\"m08__block m08__block--one\">\n        <div class=\"m08__content\">\n\n                      <h2 class=\"m08__heading uppercase h3\" data-animate>KONTAKTA OSS F\u00d6R MER INFORMATION ELLER EN OFFERT<\/h2>\n          \n                      <div class=\"m08__text\" data-animate>\n              <p>Beh\u00f6ver du hj\u00e4lp med att v\u00e4lja produkt f\u00f6r ett kommande projekt? Kontakta v\u00e5ra produktexperter f\u00f6r information om v\u00e5rt utbud av l\u00f6sningar f\u00f6r vertikala transporter och en offert som m\u00f6ter behoven i ditt projekt.<\/p>\n            <\/div>\n          \n                      <a\n            data-animate\n            href=\"https:\/\/alimak.com\/se\/request-a-quote\"\n            class=\"m08__button button button--outline button--white\"\n            target=\"_self\">\n              Beg\u00e4r offert            <\/a>\n          \n        <\/div>\n      <\/div>\n    \n          <div class=\"m08__block m08__block--two\">\n        <div class=\"m08__content\">\n\n                      <h2 class=\"m08__heading uppercase h3\" data-animate>HITTA EN LOKAL REPRESENTANT<\/h2>\n          \n                      <div class=\"m08__text\" data-animate>\n              <p>Alimak finns p\u00e5 sex kontinenter och anv\u00e4nder ett globalt n\u00e4tverk f\u00f6r att leverera l\u00f6sningar f\u00f6r vertikala transporter f\u00f6r en rad olika till\u00e4mpningar p\u00e5 bygg- och industrianl\u00e4ggningar runt om i v\u00e4rlden. Kontakta oss f\u00f6r att hitta en lokal representant fr\u00e5n Alimaks globala n\u00e4tverk.<\/p>\n            <\/div>\n          \n                      <a\n            data-animate\n            href=\"\/se\/locations\"\n            class=\"m08__button button\"\n            target=\"_self\">\n              S\u00f6k i katalogen            <\/a>\n          \n        <\/div>\n      <\/div>\n        \n  <\/div>\n<\/article>\n\n\n\n<div style=\"height:100px\" aria-hidden=\"true\" class=\"wp-block-spacer\"><\/div>\n","protected":false},"excerpt":{"rendered":"<p>ALIMAK KL\u00c4TTERPLATTFORMAR Utbudet av kl\u00e4tterplattformar fr\u00e5n Alimak best\u00e5r av MC 450 och MC 650. MC 450 ger en robust och tillf\u00f6rlitlig l\u00f6sning f\u00f6r vertikala transporter med en nyttolast p\u00e5 upp till 5&nbsp;500 kg, medan MC 650 \u00e4r konfigurerad med dubbla master och har en l\u00e4ngd p\u00e5 41,8 meter. MC 650 \u00e4r ytterst m\u00e5ngsidig eftersom den [&hellip;]<\/p>\n","protected":false},"author":1,"featured_media":0,"parent":0,"menu_order":0,"comment_status":"closed","ping_status":"closed","template":"","meta":{"_trash_the_other_posts":false,"editor_notices":[],"footnotes":""},"class_list":["post-825","page","type-page","status-publish","hentry"],"yoast_head":"<!-- This site is optimized with the Yoast SEO plugin v27.3 - https:\/\/yoast.com\/product\/yoast-seo-wordpress\/ -->\n<title>Kl\u00e4tterplattformar - Alimak Sweden<\/title>\n<meta name=\"robots\" content=\"index, follow, max-snippet:-1, max-image-preview:large, max-video-preview:-1\" \/>\n<link rel=\"canonical\" href=\"https:\/\/alimak.com\/se\/product-category\/mast-climbing-work-platforms\/\" \/>\n<meta property=\"og:locale\" content=\"sv_SE\" \/>\n<meta property=\"og:type\" content=\"article\" \/>\n<meta property=\"og:title\" content=\"Kl\u00e4tterplattformar - Alimak Sweden\" \/>\n<meta property=\"og:description\" content=\"ALIMAK KL\u00c4TTERPLATTFORMAR Utbudet av kl\u00e4tterplattformar fr\u00e5n Alimak best\u00e5r av MC 450 och MC 650. MC 450 ger en robust och tillf\u00f6rlitlig l\u00f6sning f\u00f6r vertikala transporter med en nyttolast p\u00e5 upp till 5&nbsp;500 kg, medan MC 650 \u00e4r konfigurerad med dubbla master och har en l\u00e4ngd p\u00e5 41,8 meter. MC 650 \u00e4r ytterst m\u00e5ngsidig eftersom den [&hellip;]\" \/>\n<meta property=\"og:url\" content=\"https:\/\/alimak.com\/se\/product-category\/mast-climbing-work-platforms\/\" \/>\n<meta property=\"og:site_name\" content=\"Alimak Sweden\" \/>\n<meta property=\"article:modified_time\" content=\"2023-09-15T00:50:32+00:00\" \/>\n<meta name=\"twitter:card\" content=\"summary_large_image\" \/>\n<meta name=\"twitter:label1\" content=\"Ber\u00e4knad l\u00e4stid\" \/>\n\t<meta name=\"twitter:data1\" content=\"1 minut\" \/>\n<script type=\"application\/ld+json\" class=\"yoast-schema-graph\">{\"@context\":\"https:\\\/\\\/schema.org\",\"@graph\":[{\"@type\":\"WebPage\",\"@id\":\"https:\\\/\\\/alimak.com\\\/se\\\/mast-climbing-work-platforms\\\/\",\"url\":\"https:\\\/\\\/alimak.com\\\/se\\\/product-category\\\/mast-climbing-work-platforms\\\/\",\"name\":\"Kl\u00e4tterplattformar - Alimak Sweden\",\"isPartOf\":{\"@id\":\"https:\\\/\\\/alimak.com\\\/se\\\/#website\"},\"datePublished\":\"2020-11-19T16:12:51+00:00\",\"dateModified\":\"2023-09-15T00:50:32+00:00\",\"breadcrumb\":{\"@id\":\"https:\\\/\\\/alimak.com\\\/se\\\/product-category\\\/mast-climbing-work-platforms\\\/#breadcrumb\"},\"inLanguage\":\"sv-SE\",\"potentialAction\":[{\"@type\":\"ReadAction\",\"target\":[\"https:\\\/\\\/alimak.com\\\/se\\\/product-category\\\/mast-climbing-work-platforms\\\/\"]}]},{\"@type\":\"BreadcrumbList\",\"@id\":\"https:\\\/\\\/alimak.com\\\/se\\\/product-category\\\/mast-climbing-work-platforms\\\/#breadcrumb\",\"itemListElement\":[{\"@type\":\"ListItem\",\"position\":1,\"name\":\"Hem\",\"item\":\"https:\\\/\\\/alimak.com\\\/se\\\/\"},{\"@type\":\"ListItem\",\"position\":2,\"name\":\"Kl\u00e4tterplattformar\"}]},{\"@type\":\"WebSite\",\"@id\":\"https:\\\/\\\/alimak.com\\\/se\\\/#website\",\"url\":\"https:\\\/\\\/alimak.com\\\/se\\\/\",\"name\":\"Alimak Sweden\",\"description\":\"Global leaders in Vertical Access Solutions\",\"potentialAction\":[{\"@type\":\"SearchAction\",\"target\":{\"@type\":\"EntryPoint\",\"urlTemplate\":\"https:\\\/\\\/alimak.com\\\/se\\\/?s={search_term_string}\"},\"query-input\":{\"@type\":\"PropertyValueSpecification\",\"valueRequired\":true,\"valueName\":\"search_term_string\"}}],\"inLanguage\":\"sv-SE\"}]}<\/script>\n<!-- \/ Yoast SEO plugin. -->","yoast_head_json":{"title":"Kl\u00e4tterplattformar - Alimak Sweden","robots":{"index":"index","follow":"follow","max-snippet":"max-snippet:-1","max-image-preview":"max-image-preview:large","max-video-preview":"max-video-preview:-1"},"canonical":"https:\/\/alimak.com\/se\/product-category\/mast-climbing-work-platforms\/","og_locale":"sv_SE","og_type":"article","og_title":"Kl\u00e4tterplattformar - Alimak Sweden","og_description":"ALIMAK KL\u00c4TTERPLATTFORMAR Utbudet av kl\u00e4tterplattformar fr\u00e5n Alimak best\u00e5r av MC 450 och MC 650. MC 450 ger en robust och tillf\u00f6rlitlig l\u00f6sning f\u00f6r vertikala transporter med en nyttolast p\u00e5 upp till 5&nbsp;500 kg, medan MC 650 \u00e4r konfigurerad med dubbla master och har en l\u00e4ngd p\u00e5 41,8 meter. MC 650 \u00e4r ytterst m\u00e5ngsidig eftersom den [&hellip;]","og_url":"https:\/\/alimak.com\/se\/product-category\/mast-climbing-work-platforms\/","og_site_name":"Alimak Sweden","article_modified_time":"2023-09-15T00:50:32+00:00","twitter_card":"summary_large_image","twitter_misc":{"Ber\u00e4knad l\u00e4stid":"1 minut"},"schema":{"@context":"https:\/\/schema.org","@graph":[{"@type":"WebPage","@id":"https:\/\/alimak.com\/se\/mast-climbing-work-platforms\/","url":"https:\/\/alimak.com\/se\/product-category\/mast-climbing-work-platforms\/","name":"Kl\u00e4tterplattformar - Alimak Sweden","isPartOf":{"@id":"https:\/\/alimak.com\/se\/#website"},"datePublished":"2020-11-19T16:12:51+00:00","dateModified":"2023-09-15T00:50:32+00:00","breadcrumb":{"@id":"https:\/\/alimak.com\/se\/product-category\/mast-climbing-work-platforms\/#breadcrumb"},"inLanguage":"sv-SE","potentialAction":[{"@type":"ReadAction","target":["https:\/\/alimak.com\/se\/product-category\/mast-climbing-work-platforms\/"]}]},{"@type":"BreadcrumbList","@id":"https:\/\/alimak.com\/se\/product-category\/mast-climbing-work-platforms\/#breadcrumb","itemListElement":[{"@type":"ListItem","position":1,"name":"Hem","item":"https:\/\/alimak.com\/se\/"},{"@type":"ListItem","position":2,"name":"Kl\u00e4tterplattformar"}]},{"@type":"WebSite","@id":"https:\/\/alimak.com\/se\/#website","url":"https:\/\/alimak.com\/se\/","name":"Alimak Sweden","description":"Global leaders in Vertical Access Solutions","potentialAction":[{"@type":"SearchAction","target":{"@type":"EntryPoint","urlTemplate":"https:\/\/alimak.com\/se\/?s={search_term_string}"},"query-input":{"@type":"PropertyValueSpecification","valueRequired":true,"valueName":"search_term_string"}}],"inLanguage":"sv-SE"}]}},"_links":{"self":[{"href":"https:\/\/alimak.com\/se\/wp-json\/wp\/v2\/pages\/825","targetHints":{"allow":["GET"]}}],"collection":[{"href":"https:\/\/alimak.com\/se\/wp-json\/wp\/v2\/pages"}],"about":[{"href":"https:\/\/alimak.com\/se\/wp-json\/wp\/v2\/types\/page"}],"author":[{"embeddable":true,"href":"https:\/\/alimak.com\/se\/wp-json\/wp\/v2\/users\/1"}],"replies":[{"embeddable":true,"href":"https:\/\/alimak.com\/se\/wp-json\/wp\/v2\/comments?post=825"}],"version-history":[{"count":5,"href":"https:\/\/alimak.com\/se\/wp-json\/wp\/v2\/pages\/825\/revisions"}],"predecessor-version":[{"id":4265,"href":"https:\/\/alimak.com\/se\/wp-json\/wp\/v2\/pages\/825\/revisions\/4265"}],"wp:attachment":[{"href":"https:\/\/alimak.com\/se\/wp-json\/wp\/v2\/media?parent=825"}],"curies":[{"name":"wp","href":"https:\/\/api.w.org\/{rel}","templated":true}]}}