{"id":3746,"date":"2022-09-08T12:43:59","date_gmt":"2022-09-08T12:43:59","guid":{"rendered":"https:\/\/alimak.com\/se\/?post_type=product&#038;p=3746"},"modified":"2025-01-13T13:13:48","modified_gmt":"2025-01-13T13:13:48","slug":"alimak-sts-300","status":"publish","type":"product","link":"https:\/\/alimak.com\/se\/product\/alimak-sts-300\/","title":{"rendered":"Alimak STS 300"},"content":{"rendered":"\n<article class=\"m11 break-out\" id=\"block_5fb3bb2be8ba0\" data-animate-container>\n\n  <nav id=\"breadcrumbs\"><div class=\"container\" data-animate><span><span><a href=\"https:\/\/alimak.com\/se\/\">Hem<\/a><\/span><\/span><\/div><\/nav>\n  <div class=\"m11__wrapper\">\n    <div class=\"container m11__container\">\n\n      <div class=\"m11__content\">\n\n                  <h1 class=\"m11__heading uppercase\" data-animate>Alimak STS 300<\/h1>\n        \n                  <div class=\"m11__text\" data-animate>\n            <p>Den senaste modellen av st\u00e4llningstransport\u00f6r Alimak STS 300 passar till de flesta byggnadsst\u00e4llningarna med ringl\u00e5ssystem. Produkten erbjuder en rad unika funktioner som f\u00f6rb\u00e4ttrar effektiviteten och s\u00e4kerheten i j\u00e4mf\u00f6relse med andra l\u00f6sningar.<\/p>\n<p>Med en bemanning av endast tv\u00e5 personer kan upp till 300 kvadratmeter byggnadsst\u00e4llning installeras per dag.<\/p>\n          <\/div>\n        \n                  <a\n          href=\"https:\/\/alimak.com\/se\/product\/sts-300-product-configurator\/\"\n          class=\"m11__button button\"\n          data-animate\n          target=\"_self\">\n            Bygg din egen STS 300          <\/a>\n        \n      <\/div>\n\n              <div class=\"m11__media\">\n          <img src=https:\/\/alimak.com\/se\/wp-content\/uploads\/sites\/28\/2022\/09\/STS-hero-800x508.jpg srcset=\"https:\/\/alimak.com\/se\/wp-content\/uploads\/sites\/28\/2022\/09\/STS-hero-800x508.jpg 1x, https:\/\/alimak.com\/se\/wp-content\/uploads\/sites\/28\/2022\/09\/STS-hero-1600x1015.jpg 2x\" class=\"m11__image initial\" alt=\"\" width=\"800\" height=\"508\">        <\/div>\n      \n    <\/div>\n  <\/div>\n<\/article>\n\n\n\n\n<article class=\"m12 desktop-only\" id=\"block_5fb3bb59e8ba1\" data-animate-container>\n  <div class=\"m12__wrapper break-out\">\n    <div class=\"container m12__container\">\n\n      <h2 class=\"m12__heading h4 uppercase\" data-animate>P\u00e5 den h\u00e4r sidan<\/h2>\n\n              <nav class=\"m12__links\">\n          <ul class=\"m12__list\">\n            \n                <li class=\"m12__item\" data-animate data-delay=\"0\">\n                  <a href=\"#block_5fb6ac75fed9f\" class=\"m12__link uppercase\">\n                    Dokumentarkiv                    <svg class=\"svg-icon svg-icon--icon-arrow-down\" aria-hidden=\"true\" role=\"img\"> <use href=\"#icon-arrow-down\" xlink:href=\"#icon-arrow-down\"><\/use> <\/svg>                  <\/a>\n                <\/li>\n\n                \n                <li class=\"m12__item\" data-animate data-delay=\"150\">\n                  <a href=\"#block_5fb6ac75fed9f\" class=\"m12__link uppercase\">\n                    Service och Support                    <svg class=\"svg-icon svg-icon--icon-arrow-down\" aria-hidden=\"true\" role=\"img\"> <use href=\"#icon-arrow-down\" xlink:href=\"#icon-arrow-down\"><\/use> <\/svg>                  <\/a>\n                <\/li>\n\n                \n                <li class=\"m12__item\" data-animate data-delay=\"300\">\n                  <a href=\"#block_5fb6ac75fed9f\" class=\"m12__link uppercase\">\n                    Bygg din egen STS 300                    <svg class=\"svg-icon svg-icon--icon-arrow-down\" aria-hidden=\"true\" role=\"img\"> <use href=\"#icon-arrow-down\" xlink:href=\"#icon-arrow-down\"><\/use> <\/svg>                  <\/a>\n                <\/li>\n\n                          <\/ul>\n        <\/nav>\n      \n    <\/div>\n  <\/div>\n<\/article>\n\n\n<article class=\"m41 break-out\" id=\"block_5fb3bb61e8ba2\" data-animate-container>\n\t<div class=\"container m41__container\">\n\n\t\t<h2 class=\"m41__heading uppercase\">Produkt\u00f6versikt<\/h2>\n\n\t\t<div class=\"m41__content\">\n\t\t\t<div class=\"m41__intro\">\n\t\t\t\t<h3 class=\"m41__title uppercase\" data-animate>Alimak STS 300<\/h3>\n\t\t\t\t\t\t\t\t\t<p class=\"m41__excerpt\" data-animate>Alimak STS 300 \u00e4r ett helt nytt koncept inom st\u00e4llningsbyggande som underl\u00e4ttar vid transport, installation och demontering av byggst\u00e4llningar \u2013 s\u00e4krare och samtidigt effektivare.<\/p>\n\t\t\t\t\t\t\t<\/div>\n\n\t\t\t<ul class=\"m41__meta\" data-animate>\n\t\t\t\t\t\t\t\t\t<li class=\"m41__meta-item\">\n\t\t\t\t\t\t<strong>Produktkategori: <\/strong>\n\t\t\t\t\t\tTransportplattformar och materialhissar\t\t\t\t\t<\/li>\n\t\t\t\t\n\t\t\t\t\n\t\t\t\t\t\t\t\t\t<li class=\"m41__meta-item\">\n\t\t\t\t\t\t<strong>Till\u00e4mpningar: <\/strong>\n\t\t\t\t\t\tPassar till de flesta byggnadsst\u00e4llningarna med ringl\u00e5ssystem\t\t\t\t\t<\/li>\n\t\t\t\t\n\t\t\t\t\t\t\t\t\t<li class=\"m41__meta-item\">\n\t\t\t\t\t\t<strong>Certifications: <\/strong>\n\t\t\t\t\t\tCE-m\u00e4rkt\t\t\t\t\t<\/li>\n\t\t\t\t\n\t\t\t\t\t\t\t\t\t<li class=\"m41__meta-item\">\n\t\t\t\t\t\t<strong>Storlek: <\/strong>\n\t\t\t\t\t\t0,82 m x 1,26 m x 1,86 m (B x L x H)\t\t\t\t\t<\/li>\n\t\t\t\t\n\t\t\t\t\t\t\t\t\t<li class=\"m41__meta-item\">\n\t\t\t\t\t\t<strong>Kapacitet: <\/strong>\n\t\t\t\t\t\t300 kg\t\t\t\t\t<\/li>\n\t\t\t\t\n\t\t\t\t\t\t\t\t\t<li class=\"m41__meta-item\">\n\t\t\t\t\t\t<strong>Hastighet: <\/strong>\n\t\t\t\t\t\t17 m\/min.\t\t\t\t\t<\/li>\n\t\t\t\t\n\t\t\t\t\t\t\t\t\t<li class=\"m41__meta-item\">\n\t\t\t\t\t\t<strong>Sp\u00e4nning: <\/strong>\n\t\t\t\t\t\t230 V, 50 Hz, 1-fas + N + PE\t\t\t\t\t<\/li>\n\t\t\t\t\n\t\t\t\t\t\t\t<\/ul>\n\n\t\t<\/div>\n\t<\/div>\n<\/article>\n\n\n\n<div class=\"wp-block-group has-white-color has-dark-grey-background-color has-text-color has-background\"><div class=\"wp-block-group__inner-container is-layout-flow wp-block-group-is-layout-flow\">\n<article class=\"m05 break-out desktop-only\" id=\"block_5fb3bbf6e8ba4\" data-animate-container>\n  <div class=\"container m05__container\">\n          <h2 class=\"m05__heading h3 uppercase\" data-animate>F\u00f6rdelar med Alimak STS 300<\/h2>\n    \n          <div class=\"m05__benefits\">\n                  <article class=\"m05__benefit\" data-animate data-delay=\"0\">\n\n                          <p class=\"m05__text h4 uppercase\">\u00d6kad produktivitet<\/p>\n            \n                          <div class=\"m05__icon\" aria-hidden=\"true\">\n                <img src=https:\/\/alimak.com\/se\/wp-content\/uploads\/sites\/28\/2020\/11\/icon_Benefits-1.png  class=\"\" alt=\"\" width=\"51\" height=\"61\">              <\/div>\n            \n          <\/article>\n                  <article class=\"m05__benefit\" data-animate data-delay=\"150\">\n\n                          <p class=\"m05__text h4 uppercase\">Snabbt montage<\/p>\n            \n                          <div class=\"m05__icon\" aria-hidden=\"true\">\n                <img src=https:\/\/alimak.com\/se\/wp-content\/uploads\/sites\/28\/2020\/11\/icon_Benefits-1.png  class=\"\" alt=\"\" width=\"51\" height=\"61\">              <\/div>\n            \n          <\/article>\n                  <article class=\"m05__benefit\" data-animate data-delay=\"300\">\n\n                          <p class=\"m05__text h4 uppercase\">Kortare v\u00e4ntetider<\/p>\n            \n                          <div class=\"m05__icon\" aria-hidden=\"true\">\n                <img src=https:\/\/alimak.com\/se\/wp-content\/uploads\/sites\/28\/2020\/11\/icon_Benefits-1.png  class=\"\" alt=\"\" width=\"51\" height=\"61\">              <\/div>\n            \n          <\/article>\n                  <article class=\"m05__benefit\" data-animate data-delay=\"450\">\n\n                          <p class=\"m05__text h4 uppercase\">Kort payback-tid<\/p>\n            \n                          <div class=\"m05__icon\" aria-hidden=\"true\">\n                <img src=https:\/\/alimak.com\/se\/wp-content\/uploads\/sites\/28\/2020\/11\/icon_Benefits-1.png  class=\"\" alt=\"\" width=\"51\" height=\"61\">              <\/div>\n            \n          <\/article>\n              <\/div>\n      <\/div>\n<\/article>\n<\/div><\/div>\n\n\n\n<article class=\"m05 break-out desktop-only\" id=\"block_5fb3bbe7e8ba3\" data-animate-container>\n  <div class=\"container m05__container\">\n    \n      <\/div>\n<\/article>\n\n\n\n<article class=\"m29 large break-out\" id=\"block_6217adf5f390d\" data-animate-container>\n  <div class=\"container\">\n\n          <h2 class=\"m29__heading h3 uppercase\" data-animate>Innovativ St\u00e4llningstransport\u00f6r <\/h2>\n    \n    \n          <div class=\"m29__media\" data-animate>\n\n        <div\n        class=\"m29__player\"\n        data-plyr-provider=\"youtube\"\n        data-plyr-embed-id=\"3wFaf3YAa_4\"><\/div>\n\n        <button type=\"button\" class=\"m29__poster\">\n                    <span class=\"m29__play-wrap\" aria-hidden=\"true\"><svg class=\"svg-icon svg-icon--icon-play\" aria-hidden=\"true\" role=\"img\"> <use href=\"#icon-play\" xlink:href=\"#icon-play\"><\/use> <\/svg><\/span> \n          <span class=\"screen-reader-text\">Click to play<\/span>\n        <\/button>\n        \n      <\/div>\n    \n  <\/div>\n<\/article>\n\n\n\n<article class=\"m29 large break-out\" id=\"block_6217add7f390c\" data-animate-container>\n  <div class=\"container\">\n\n    \n    \n    \n  <\/div>\n<\/article>\n\n\n\n<article class=\"m37 break-out\" id=\"block_5fb3bc64e8ba9\" data-animate-container>\n  <div class=\"container\">\n\n          <h2 class=\"m37__heading h3 uppercase\" data-animate>Produktegenskaper<\/h2>\n    \n    \n      <div class=\"m37__information\">\n                  <ol class=\"m37__numbers uppercase large\">\n                            <li class=\"m37__number\" data-animate data-delay=\"0\">Passar de flesta byggst\u00e4llningar med ringl\u00e5ssystem<\/li>\n                                <li class=\"m37__number\" data-animate data-delay=\"150\">Lastning och avlastning p\u00e5 h\u00f6jd sker p\u00e5 ett s\u00e4kert s\u00e4tt bakom st\u00e4llningens skyddsr\u00e4cke d\u00e4r korgen manuellt sv\u00e4ngs in mot byggnadsst\u00e4llningen<\/li>\n                                <li class=\"m37__number\" data-animate data-delay=\"300\">Stapelbara korgar f\u00f6r enkel hantering, f\u00f6rvaring och transport<\/li>\n                                <li class=\"m37__number\" data-animate data-delay=\"450\">Effektiv och enkel lastning av st\u00e4llningsdelar p\u00e5 markniv\u00e5 samtidigt som lossning sker p\u00e5 h\u00f6jd<\/li>\n                                <li class=\"m37__number\" data-animate data-delay=\"600\">Inget krav p\u00e5 stannplansgrindar <\/li>\n                                <li class=\"m37__number\" data-animate data-delay=\"750\">L\u00e4tt att montera, endast skiftnyckel och hammare kr\u00e4vs<\/li>\n                                <li class=\"m37__number\" data-animate data-delay=\"900\">Enkel enbultsanslutning av mast och enkla stag kompatibla med PERI st\u00e4llningsr\u00f6r<\/li>\n                                <li class=\"m37__number\" data-animate data-delay=\"1050\">Korgen \u00e4r f\u00f6rsedd med ett hjulset f\u00f6r enkel horisontell transport p\u00e5 marken<\/li>\n                          <\/ol>\n        \n                    <img src=https:\/\/alimak.com\/se\/wp-content\/uploads\/sites\/28\/2022\/09\/STS-product-feature-2.jpg  class=\"m37__image\" alt=\"\" width=\"560\" height=\"732\">              <\/div>\n\n    \n  <\/div>\n<\/article>\n\n\n\r\n<article class=\"m38 break-out\" id=\"block_5fb3fee0ba149\" data-animate-container>\r\n  <div class=\"container\">\r\n\r\n    \r\n    \r\n    <div class=\"m38__accordion-wrapper\">\r\n      <div class=\"m38__accordion-content\">\r\n\r\n        \r\n      <\/div>\r\n    <\/div>\r\n\r\n  <\/div>\r\n\r\n\t\t\r\n<\/article>\r\n\n\n\r\n<article class=\"m38 break-out\" id=\"block_5fb6ac75fed9f\" data-animate-container>\r\n  <div class=\"container\">\r\n\r\n          <div class=\"m38__introduction large\" data-animate>\r\n        <h2 class=\"m38__heading uppercase h3\">Dokumentarkiv<\/h2>\r\n      <\/div>\r\n    \r\n          <button type=\"button\" class=\"m38__accordion-button\" data-animate>\r\n        <i class=\"m38__accordion-icon\" aria-hidden=\"true\"><\/i>\r\n        <h3 class=\"m38__accordion-title uppercase h4\">Broschyrer<\/h3>\r\n      <\/button>\r\n    \r\n    <div class=\"m38__accordion-wrapper\">\r\n      <div class=\"m38__accordion-content\">\r\n\r\n                  <ul class=\"m38__accordion-downloads no-list\">\r\n\r\n            \r\n\t\t\t\t\t\t\t<li class=\"m38__accordion-download-item\">\r\n\r\n\t\t\t\t\t\t\t\t<span class=\"m38__file-heading\">\r\n\t\t\t\t\t\t\t\t\t<strong class=\"uppercase\">Alimak STS 300<\/strong>\r\n\t\t\t\t\t\t\t\t\tSt\u00e4llningstransport\u00f6r\t\t\t\t\t\t\t\t<\/span>\r\n\r\n\t\t\t\t\t\t\t\t<div class=\"m38__columns\">\r\n\t\t\t\t\t\t\t\t\t\t\t\t\t\t\t\t\t\t\t\t\t\t\t\t\t\t\t\t\t\t\t\t\t\t\t<\/div>\r\n\r\n\t\t\t\t\t\t\t\t\r\n\t\t\t\t\t\t\t\t\t\t\t\t\t\t\t\t\t<a\r\n\t\t\t\t\t\t\t\t\ttarget=\"_blank\"\r\n\t\t\t\t\t\t\t\t\trel=\"noopener noreferrer\"\r\n\t\t\t\t\t\t\t\t\tclass=\"m38__button button button--download\"\r\n\t\t\t\t\t\t\t\t\thref=\"https:\/\/alimak.com\/uk\/wp-content\/uploads\/sites\/30\/2022\/05\/ALIMAK-STS-300-1689-EN-Dec-2024.pdf\">\r\n\t\t\t\t\t\t\t\t\t\t<span>H\u00e4mta<\/span>\r\n\t\t\t\t\t\t\t\t\t\t<svg class=\"svg-icon svg-icon--icon-download\" aria-hidden=\"true\" role=\"img\"> <use href=\"#icon-download\" xlink:href=\"#icon-download\"><\/use> <\/svg>\t\t\t\t\t\t\t\t\t<\/a>\r\n\t\t\t\t\t\t\t\t\r\n\t\t\t\t\t\t\t\t\r\n\t\t\t\t\t\t\t<\/li>\r\n\r\n\t\t\t\t\t\t\t\r\n          <\/ul>\r\n        \r\n      <\/div>\r\n    <\/div>\r\n\r\n  <\/div>\r\n\r\n\t\t\r\n<\/article>\r\n\n\n\r\n<article class=\"m38 break-out\" id=\"block_5fb7b3a8a64df\" data-animate-container>\r\n  <div class=\"container\">\r\n\r\n    \r\n          <button type=\"button\" class=\"m38__accordion-button\" data-animate>\r\n        <i class=\"m38__accordion-icon\" aria-hidden=\"true\"><\/i>\r\n        <h3 class=\"m38__accordion-title uppercase h4\">Specifikationsblad<\/h3>\r\n      <\/button>\r\n    \r\n    <div class=\"m38__accordion-wrapper\">\r\n      <div class=\"m38__accordion-content\">\r\n\r\n                  <ul class=\"m38__accordion-downloads no-list\">\r\n\r\n            \r\n\t\t\t\t\t\t\t<li class=\"m38__accordion-download-item\">\r\n\r\n\t\t\t\t\t\t\t\t<span class=\"m38__file-heading\">\r\n\t\t\t\t\t\t\t\t\t<strong class=\"uppercase\">Alimak STS 300<\/strong>\r\n\t\t\t\t\t\t\t\t\tSt\u00e4llningstransport\u00f6r\t\t\t\t\t\t\t\t<\/span>\r\n\r\n\t\t\t\t\t\t\t\t<div class=\"m38__columns\">\r\n\t\t\t\t\t\t\t\t\t\t\t\t\t\t\t\t\t\t\t\t\t\t\t\t\t\t\t\t\t\t\t\t\t\t\t<\/div>\r\n\r\n\t\t\t\t\t\t\t\t\r\n\t\t\t\t\t\t\t\t\t\t\t\t\t\t\t\t\t<a\r\n\t\t\t\t\t\t\t\t\ttarget=\"_blank\"\r\n\t\t\t\t\t\t\t\t\trel=\"noopener noreferrer\"\r\n\t\t\t\t\t\t\t\t\tclass=\"m38__button button button--download\"\r\n\t\t\t\t\t\t\t\t\thref=\"https:\/\/alimak.com\/uk\/wp-content\/uploads\/sites\/30\/2022\/05\/ALIMAK-STS-300-Tech-specs-1689-EN-Dec-2024.pdf\">\r\n\t\t\t\t\t\t\t\t\t\t<span>H\u00e4mta<\/span>\r\n\t\t\t\t\t\t\t\t\t\t<svg class=\"svg-icon svg-icon--icon-download\" aria-hidden=\"true\" role=\"img\"> <use href=\"#icon-download\" xlink:href=\"#icon-download\"><\/use> <\/svg>\t\t\t\t\t\t\t\t\t<\/a>\r\n\t\t\t\t\t\t\t\t\r\n\t\t\t\t\t\t\t\t\r\n\t\t\t\t\t\t\t<\/li>\r\n\r\n\t\t\t\t\t\t\t\r\n          <\/ul>\r\n        \r\n      <\/div>\r\n    <\/div>\r\n\r\n  <\/div>\r\n\r\n\t\t\r\n<\/article>\r\n\n\n\n<article class=\"m04 break-out large\" id=\"block_60a51a47a9a46\" data-animate-container>\n  <div class=\"container m04__container\">\n          <h2 class=\"m04__heading h3 uppercase\" data-animate>Service och Support<\/h2>\n              <div class=\"m04__content\" data-animate>\n        <p>F\u00f6r att best\u00e4lla Alimak original reservdelar online, f\u00f6r support eller utbildning, hj\u00e4lper My Alimak dig med tillg\u00e5ng till din Alimak STS 300 och insikter dygnet runt, var du \u00e4n befinner dig.<\/p>\n<p><strong>Logga in p\u00e5 My Alimak.<\/strong><\/p>\n      <\/div>\n              <a\n      data-animate\n      href=\"https:\/\/my.alimak.com\/\"\n      class=\"m04__button button\"\n      target=\"_blank\">\n        Logga in      <\/a>\n      <\/div>\n<\/article>\n\n\n<article class=\"m04 break-out large\" id=\"block_60a51de7a9a4c\" data-animate-container>\n  <div class=\"container m04__container\">\n          <h2 class=\"m04__heading h3 uppercase\" data-animate>Bygg din egen STS 300<\/h2>\n              <\/div>\n<\/article>\n\n\n<article class=\"m08 break-out\" id=\"block_5fb3cb70ddff0\" data-animate-container>\n  <div class=\"container m08__container\">\n\n          <div class=\"m08__block m08__block--one\">\n        <div class=\"m08__content\">\n\n                      <h2 class=\"m08__heading uppercase h3\" data-animate>Konfigurera online<\/h2>\n          \n                      <div class=\"m08__text\" data-animate>\n              <p>Bygg din Alimak STS 300 med ditt egna val av h\u00f6jd och tillbeh\u00f6r, s\u00e5 \u00e5terkommer vi med en offert inom 48 timmar.<\/p>\n            <\/div>\n          \n                      <a\n            data-animate\n            href=\"https:\/\/alimak.com\/se\/product\/sts-300-product-configurator\/\"\n            class=\"m08__button button button--outline button--white\"\n            target=\"_self\">\n              Bygg din egen STS 300            <\/a>\n          \n        <\/div>\n      <\/div>\n    \n          <div class=\"m08__block m08__block--two\">\n        <div class=\"m08__content\">\n\n                      <h2 class=\"m08__heading uppercase h3\" data-animate>Beg\u00e4r offert<\/h2>\n          \n          \n                      <a\n            data-animate\n            href=\"https:\/\/alimak.com\/se\/product\/sts-300-product-configurator\/\"\n            class=\"m08__button button\"\n            target=\"_self\">\n              Beg\u00e4r offert            <\/a>\n          \n        <\/div>\n      <\/div>\n        \n  <\/div>\n<\/article>\n\n\n\n<div style=\"height:100px\" aria-hidden=\"true\" class=\"wp-block-spacer\"><\/div>\n","protected":false},"excerpt":{"rendered":"<p>Alimak STS 300 \u00e4r ett helt nytt koncept inom st\u00e4llningsbyggande som underl\u00e4ttar vid transport, installation och demontering av byggst\u00e4llningar \u2013 s\u00e4krare och samtidigt effektivare.<\/p>\n","protected":false},"featured_media":3749,"menu_order":0,"template":"","meta":{"_trash_the_other_posts":false,"editor_notices":[],"footnotes":""},"product-category":[39],"rental":[46,45],"industry":[],"class_list":["post-3746","product","type-product","status-publish","has-post-thumbnail","hentry","product-category-transport-platforms-and-material-hoists","rental-france","rental-germany"],"yoast_head":"<!-- This site is optimized with the Yoast SEO plugin v27.3 - https:\/\/yoast.com\/product\/yoast-seo-wordpress\/ -->\n<title>Alimak Sweden<\/title>\n<meta name=\"robots\" content=\"index, follow, max-snippet:-1, max-image-preview:large, max-video-preview:-1\" \/>\n<meta property=\"og:locale\" content=\"sv_SE\" \/>\n<meta property=\"og:type\" content=\"article\" \/>\n<meta property=\"og:site_name\" content=\"Alimak Sweden\" \/>\n<meta name=\"twitter:card\" content=\"summary_large_image\" \/>\n<script type=\"application\/ld+json\" class=\"yoast-schema-graph\">{\"@context\":\"https:\\\/\\\/schema.org\",\"@graph\":[{\"@type\":\"CollectionPage\",\"@id\":null,\"url\":\"\",\"name\":\"\",\"isPartOf\":{\"@id\":\"https:\\\/\\\/alimak.com\\\/se\\\/#website\"},\"inLanguage\":\"sv-SE\"},{\"@type\":\"WebSite\",\"@id\":\"https:\\\/\\\/alimak.com\\\/se\\\/#website\",\"url\":\"https:\\\/\\\/alimak.com\\\/se\\\/\",\"name\":\"Alimak Sweden\",\"description\":\"Global leaders in Vertical Access Solutions\",\"potentialAction\":[{\"@type\":\"SearchAction\",\"target\":{\"@type\":\"EntryPoint\",\"urlTemplate\":\"https:\\\/\\\/alimak.com\\\/se\\\/?s={search_term_string}\"},\"query-input\":{\"@type\":\"PropertyValueSpecification\",\"valueRequired\":true,\"valueName\":\"search_term_string\"}}],\"inLanguage\":\"sv-SE\"}]}<\/script>\n<!-- \/ Yoast SEO plugin. -->","yoast_head_json":{"title":"Alimak Sweden","robots":{"index":"index","follow":"follow","max-snippet":"max-snippet:-1","max-image-preview":"max-image-preview:large","max-video-preview":"max-video-preview:-1"},"og_locale":"sv_SE","og_type":"article","og_site_name":"Alimak Sweden","twitter_card":"summary_large_image","schema":{"@context":"https:\/\/schema.org","@graph":[{"@type":"CollectionPage","@id":null,"url":"","name":"","isPartOf":{"@id":"https:\/\/alimak.com\/se\/#website"},"inLanguage":"sv-SE"},{"@type":"WebSite","@id":"https:\/\/alimak.com\/se\/#website","url":"https:\/\/alimak.com\/se\/","name":"Alimak Sweden","description":"Global leaders in Vertical Access Solutions","potentialAction":[{"@type":"SearchAction","target":{"@type":"EntryPoint","urlTemplate":"https:\/\/alimak.com\/se\/?s={search_term_string}"},"query-input":{"@type":"PropertyValueSpecification","valueRequired":true,"valueName":"search_term_string"}}],"inLanguage":"sv-SE"}]}},"_links":{"self":[{"href":"https:\/\/alimak.com\/se\/wp-json\/wp\/v2\/product\/3746"}],"collection":[{"href":"https:\/\/alimak.com\/se\/wp-json\/wp\/v2\/product"}],"about":[{"href":"https:\/\/alimak.com\/se\/wp-json\/wp\/v2\/types\/product"}],"version-history":[{"count":30,"href":"https:\/\/alimak.com\/se\/wp-json\/wp\/v2\/product\/3746\/revisions"}],"predecessor-version":[{"id":4886,"href":"https:\/\/alimak.com\/se\/wp-json\/wp\/v2\/product\/3746\/revisions\/4886"}],"wp:featuredmedia":[{"embeddable":true,"href":"https:\/\/alimak.com\/se\/wp-json\/wp\/v2\/media\/3749"}],"wp:attachment":[{"href":"https:\/\/alimak.com\/se\/wp-json\/wp\/v2\/media?parent=3746"}],"wp:term":[{"taxonomy":"product-category","embeddable":true,"href":"https:\/\/alimak.com\/se\/wp-json\/wp\/v2\/product-category?post=3746"},{"taxonomy":"rental","embeddable":true,"href":"https:\/\/alimak.com\/se\/wp-json\/wp\/v2\/rental?post=3746"},{"taxonomy":"industry","embeddable":true,"href":"https:\/\/alimak.com\/se\/wp-json\/wp\/v2\/industry?post=3746"}],"curies":[{"name":"wp","href":"https:\/\/api.w.org\/{rel}","templated":true}]}}