{"id":13709,"date":"2026-02-06T14:15:06","date_gmt":"2026-02-06T14:15:06","guid":{"rendered":"https:\/\/alimak.com\/tillbehor\/"},"modified":"2026-03-18T14:05:37","modified_gmt":"2026-03-18T14:05:37","slug":"tillbehor","status":"publish","type":"page","link":"https:\/\/alimak.com\/sv\/tillfalliga-losningar\/produkter-tillfalligt\/tillbehor\/","title":{"rendered":"Tillbeh\u00f6r"},"content":{"rendered":"\n<section class=\"small-hero border-b bg-black border-darkGrey text-white pt-0 pb-0\">\n            <div class=\"relative\">\n            <div class=\"hero-overlay relative\">\n                                    <picture class=\"w-full\"><source media=\"(max-width:639px)\" srcset=\"https:\/\/images.ohmyhosting.se\/lUz05L09EvF-9SXcdAo51Chq4-A=\/390x461\/smart\/filters:quality(85)\/https%3A%2F%2Falimak.com%2Fwp-content%2Fuploads%2F2025%2F12%2F190806-649-HDR-web.jpg 1x, https:\/\/images.ohmyhosting.se\/7-exDfHV1Ad6Y92UvUTZ5b94J-E=\/780x922\/smart\/filters:quality(85)\/https%3A%2F%2Falimak.com%2Fwp-content%2Fuploads%2F2025%2F12%2F190806-649-HDR-web.jpg 2x\"><source media=\"(max-width:1022px)\" srcset=\"https:\/\/images.ohmyhosting.se\/Dce8ThXHhFTXsr3e_xW9PSkfHTc=\/805x951\/smart\/filters:quality(85)\/https%3A%2F%2Falimak.com%2Fwp-content%2Fuploads%2F2025%2F12%2F190806-649-HDR-web.jpg 1x, https:\/\/images.ohmyhosting.se\/nF494AxQnw0xmJ31SdGEmZXRSug=\/1610x1902\/smart\/filters:quality(85)\/https%3A%2F%2Falimak.com%2Fwp-content%2Fuploads%2F2025%2F12%2F190806-649-HDR-web.jpg 2x\"><img decoding=\"async\" src=\"https:\/\/images.ohmyhosting.se\/73AwMGf88O7Ivq6xMmvmEgpIHcs=\/2545x814\/smart\/filters:quality(85)\/https%3A%2F%2Falimak.com%2Fwp-content%2Fuploads%2F2025%2F12%2F190806-649-HDR-web.jpg\" srcset=\"https:\/\/images.ohmyhosting.se\/73AwMGf88O7Ivq6xMmvmEgpIHcs=\/2545x814\/smart\/filters:quality(85)\/https%3A%2F%2Falimak.com%2Fwp-content%2Fuploads%2F2025%2F12%2F190806-649-HDR-web.jpg 1x, https:\/\/images.ohmyhosting.se\/INUWkGo8GkmIoFI2vm-bEssuL-U=\/5090x1628\/smart\/filters:quality(85)\/https%3A%2F%2Falimak.com%2Fwp-content%2Fuploads%2F2025%2F12%2F190806-649-HDR-web.jpg 2x\" alt=\"\" class=\"w-full object-cover w-full max-h-[90vh]\" width=\"2545\" height=\"814\" \/><\/picture>                            <\/div>\n            <div class=\"absolute inset-0 z-10 flex flex-col justify-end\">\n                <div class=\"holder\">\n                    <div class=\"grid grid-cols-12 gap-4 pb-16\">\n                        <div class=\"col-span-12 lg:col-span-7\">\n                                                    <p class=\"md:text-20 font-medium leading-[1.25] mb-1\">Tillf\u00e4lliga l\u00f6sningar<\/p>\n                                                    <h1 class=\"text-28 md:text-52 leading-[1.3] lg:max-w-[625px]\"><p>Tillbeh\u00f6r<\/p>\n<\/h1>\n                            <div class=\"wysiwyg pt-5 leading-[1.6] hidden lg:block lg:max-w-[512px]\"><p>Ett brett utbud av tillbeh\u00f6r s\u00e5som master, stag, kabelstyrningsutrustning och landningsgrindar finns tillg\u00e4ngliga f\u00f6r Alimaks bygghissar, transportplattformar, materialhissar och mastkl\u00e4ttrande arbetsplattformar.<\/p>\n<p>Majoriteten av tillbeh\u00f6ren kan anv\u00e4ndas gemensamt p\u00e5 hissar och plattformar som tillh\u00f6r samma produktkategori, vilket ger kostnadsf\u00f6rdelar f\u00f6r vagnparks\u00e4gare.<\/p>\n<\/div>\n                        <\/div>\n                    <\/div>\n                <\/div>\n            <\/div>\n        <\/div>\n                    <div class=\"lg:hidden py-12 border-b border-darkGrey\">\n                <div class=\"holder\">\n                    <div class=\"wysiwyg leading-[1.6]\"><p>Ett brett utbud av tillbeh\u00f6r s\u00e5som master, stag, kabelstyrningsutrustning och landningsgrindar finns tillg\u00e4ngliga f\u00f6r Alimaks bygghissar, transportplattformar, materialhissar och mastkl\u00e4ttrande arbetsplattformar.<\/p>\n<p>Majoriteten av tillbeh\u00f6ren kan anv\u00e4ndas gemensamt p\u00e5 hissar och plattformar som tillh\u00f6r samma produktkategori, vilket ger kostnadsf\u00f6rdelar f\u00f6r vagnparks\u00e4gare.<\/p>\n<\/div>\n                <\/div>\n            <\/div>\n        \n    <\/section>\n<section class=\"text-img bg-white text-black border-lightGrey   pt-6 lg:pt-12 pb-6 lg:pb-12\">\n    <div class=\"holder\">\n      <div class=\"grid grid-cols-12 gap-4 items-center\">\n        <div class=\"col-span-12 lg:col-span-6 2.5xl:col-span-8 \">\n                            <div class=\"text-img-overlay relative mb-8 md:mb-0 max-w-[852px] \">\n                    <picture class=\"w-full\"><source media=\"(max-width:639px)\" srcset=\"https:\/\/images.ohmyhosting.se\/InbWubVkIwjEhn5gSiQxcYWqymk=\/382x237\/smart\/filters:quality(85)\/https%3A%2F%2Falimak.com%2Fwp-content%2Fuploads%2F2026%2F02%2FLanding-Gates-A.tif 1x, https:\/\/images.ohmyhosting.se\/vskv-hfhx6RFIxE4OdjOzkRJIf4=\/764x474\/smart\/filters:quality(85)\/https%3A%2F%2Falimak.com%2Fwp-content%2Fuploads%2F2026%2F02%2FLanding-Gates-A.tif 2x\"><source media=\"(max-width:1022px)\" srcset=\"https:\/\/images.ohmyhosting.se\/SJ1wnWFT7DE0nePxoQkkt6BA3E4=\/773x480\/smart\/filters:quality(85)\/https%3A%2F%2Falimak.com%2Fwp-content%2Fuploads%2F2026%2F02%2FLanding-Gates-A.tif 1x, https:\/\/images.ohmyhosting.se\/0v3LdfcHucXKqK5rAhXe4LUjRRk=\/1546x960\/smart\/filters:quality(85)\/https%3A%2F%2Falimak.com%2Fwp-content%2Fuploads%2F2026%2F02%2FLanding-Gates-A.tif 2x\"><img decoding=\"async\" src=\"https:\/\/images.ohmyhosting.se\/95cDDQsM2vO11zysx5-Rtk0Fa9s=\/852x530\/smart\/filters:quality(85)\/https%3A%2F%2Falimak.com%2Fwp-content%2Fuploads%2F2026%2F02%2FLanding-Gates-A.tif\" srcset=\"https:\/\/images.ohmyhosting.se\/95cDDQsM2vO11zysx5-Rtk0Fa9s=\/852x530\/smart\/filters:quality(85)\/https%3A%2F%2Falimak.com%2Fwp-content%2Fuploads%2F2026%2F02%2FLanding-Gates-A.tif 1x, https:\/\/images.ohmyhosting.se\/0jmXG6KLmbwWM4UmbfxgjNRKz0M=\/1704x1060\/smart\/filters:quality(85)\/https%3A%2F%2Falimak.com%2Fwp-content%2Fuploads%2F2026%2F02%2FLanding-Gates-A.tif 2x\" alt=\"\" class=\"w-full w-full rounded-[12px] object-cover\" width=\"852\" height=\"530\" \/><\/picture>                                        <\/div>\n            \n        <\/div>\n        <div class=\"col-span-12 lg:col-span-6 2.5xl:col-span-4 flex flex-col justify-center \">\n            <div class=\"\">\n                                    <h2 class=\"text-24 md:text-36 leading-[1.3] font-medium mb-4\">Landningsutrustning<\/h2>\n                                                    <div class=\"wysiwyg leading-[1.6] text-numbersGrey\"><p>Alimaks flexibla modul\u00e4ra landningsgrindsystem passar alla k\u00e4nda varum\u00e4rken av bygghissar, materialhissar och transportplattformar p\u00e5 marknaden.<\/p>\n<p>Alla landningsgrindar \u00e4r CE-m\u00e4rkta och uppfyller kraven i till\u00e4mplig EU-maskinf\u00f6rordning, och de \u00e4r konstruerade i enlighet med relevanta EN-standarder f\u00f6r bygghissar, materialhissar och transportplattformar.<\/p>\n<p>Alimaks grindar kan installeras mot bj\u00e4lklag, balkong, vertikala r\u00f6r samt trapp-\/landningstorn och passar alla st\u00e4llningssystem som finns p\u00e5 marknaden i dag. Alimak levererar \u00e4ven ett sortiment av landningsgrindar i full h\u00f6jd f\u00f6r sina bygghissar som ett alternativ till sitt landningsgrindsystem med reducerad h\u00f6jd, vilka finns i olika storlekar f\u00f6r att passa olika till\u00e4mpningar. <\/p>\n<\/div>\n                                            <\/div>\n        <\/div>\n      <\/div>\n    <\/div>\n<\/section>\n\n<section class=\"text-img bg-white text-black border-lightGrey   pt-6 lg:pt-12 pb-6 lg:pb-12\">\n    <div class=\"holder\">\n      <div class=\"grid grid-cols-12 gap-4 items-center\">\n        <div class=\"col-span-12 lg:col-span-6 2.5xl:col-span-8  order-1 lg:order-2\">\n                            <div class=\"text-img-overlay relative mb-8 md:mb-0 max-w-[852px] lg:ml-auto\">\n                    <picture class=\"w-full\"><source media=\"(max-width:639px)\" srcset=\"https:\/\/images.ohmyhosting.se\/QvsAJCsDiUiDgsu2x-hSu5VGTbA=\/382x237\/smart\/filters:quality(85)\/https%3A%2F%2Falimak.com%2Fwp-content%2Fuploads%2F2025%2F10%2FMast-Sections.png 1x, https:\/\/images.ohmyhosting.se\/rmYQf4Qn2UITO3MGFmZRoRvcW8w=\/764x474\/smart\/filters:quality(85)\/https%3A%2F%2Falimak.com%2Fwp-content%2Fuploads%2F2025%2F10%2FMast-Sections.png 2x\"><source media=\"(max-width:1022px)\" srcset=\"https:\/\/images.ohmyhosting.se\/qrqZbs0zSBIJ2tt4q1EOVmGejuA=\/773x480\/smart\/filters:quality(85)\/https%3A%2F%2Falimak.com%2Fwp-content%2Fuploads%2F2025%2F10%2FMast-Sections.png 1x, https:\/\/images.ohmyhosting.se\/3zlYZjRfjry1jude9wLv8RgdTio=\/1546x960\/smart\/filters:quality(85)\/https%3A%2F%2Falimak.com%2Fwp-content%2Fuploads%2F2025%2F10%2FMast-Sections.png 2x\"><img decoding=\"async\" src=\"https:\/\/images.ohmyhosting.se\/K3QvFLB0ygOJueJelNm01kP0H3I=\/852x530\/smart\/filters:quality(85)\/https%3A%2F%2Falimak.com%2Fwp-content%2Fuploads%2F2025%2F10%2FMast-Sections.png\" srcset=\"https:\/\/images.ohmyhosting.se\/K3QvFLB0ygOJueJelNm01kP0H3I=\/852x530\/smart\/filters:quality(85)\/https%3A%2F%2Falimak.com%2Fwp-content%2Fuploads%2F2025%2F10%2FMast-Sections.png 1x, https:\/\/images.ohmyhosting.se\/aFgQO6YkfCjJcs1MJrAgKSvsM8s=\/1704x1060\/smart\/filters:quality(85)\/https%3A%2F%2Falimak.com%2Fwp-content%2Fuploads%2F2025%2F10%2FMast-Sections.png 2x\" alt=\"\" class=\"w-full w-full rounded-[12px] object-cover\" width=\"852\" height=\"530\" \/><\/picture>                                        <\/div>\n            \n        <\/div>\n        <div class=\"col-span-12 lg:col-span-6 2.5xl:col-span-4 flex flex-col justify-center  order-2 lg:order-1\">\n            <div class=\"\">\n                                    <h2 class=\"text-24 md:text-36 leading-[1.3] font-medium mb-4\">Mast och f\u00e4sten<\/h2>\n                                                    <div class=\"wysiwyg leading-[1.6] text-numbersGrey\"><p>Alimaks mastinf\u00e4stningar anv\u00e4nds f\u00f6r att f\u00e4sta masttornet i en konstruktion eller byggnad. Flera typer finns tillg\u00e4ngliga f\u00f6r att passa olika f\u00f6rh\u00e5llanden och konstruktioner. De bygger p\u00e5 en modul\u00e4r och flexibel design, \u00e4r justerbara i h\u00f6jd, bredd och l\u00e4ngd och har flexibla v\u00e4ggkonsoler.  <\/p>\n<p>Alimak erbjuder tre masttyper, var och en f\u00f6r att st\u00f6dja det l\u00e4tta, medeltunga respektive tunga sortimentet av byggprodukter. Masterna kan anv\u00e4ndas gemensamt p\u00e5 hissar och plattformar som tillh\u00f6r samma produktkategori, vilket ger kostnadsf\u00f6rdelar f\u00f6r vagnparks\u00e4gare. <\/p>\n<p>Alimaks mastprofiler \u00e4r utformade f\u00f6r att vara l\u00e4tta men \u00e4nd\u00e5 starka, vilket minimerar antalet f\u00f6rankringspunkter och m\u00f6jligg\u00f6r stora lyfth\u00f6jder samt stort fritt \u00f6verh\u00e4ng. Materialen av h\u00f6g kvalitet och tillverkningsprocessen kontrolleras strikt, och belastningsprovningen \u00e4r rigor\u00f6s. <\/p>\n<\/div>\n                                            <\/div>\n        <\/div>\n      <\/div>\n    <\/div>\n<\/section>\n\n<section class=\"text-img bg-white text-black border-lightGrey   pt-6 lg:pt-12 pb-6 lg:pb-12\">\n    <div class=\"holder\">\n      <div class=\"grid grid-cols-12 gap-4 items-center\">\n        <div class=\"col-span-12 lg:col-span-6 2.5xl:col-span-8 \">\n                            <div class=\"text-img-overlay relative mb-8 md:mb-0 max-w-[852px] \">\n                    <picture class=\"w-full\"><source media=\"(max-width:639px)\" srcset=\"https:\/\/images.ohmyhosting.se\/2rVhxd-6sZ-EkDIdfdKb7u-c3sA=\/382x237\/smart\/filters:quality(85)\/https%3A%2F%2Falimak.com%2Fwp-content%2Fuploads%2F2026%2F02%2FCable-Guiding-System-scaled.png 1x, https:\/\/images.ohmyhosting.se\/jK91Yci0cLO4vcKG9iRmfwg-TBQ=\/764x474\/smart\/filters:quality(85)\/https%3A%2F%2Falimak.com%2Fwp-content%2Fuploads%2F2026%2F02%2FCable-Guiding-System-scaled.png 2x\"><source media=\"(max-width:1022px)\" srcset=\"https:\/\/images.ohmyhosting.se\/MXa74BmHFIUSmb-6fMClR_4I0z8=\/773x480\/smart\/filters:quality(85)\/https%3A%2F%2Falimak.com%2Fwp-content%2Fuploads%2F2026%2F02%2FCable-Guiding-System-scaled.png 1x, https:\/\/images.ohmyhosting.se\/BQEWouMFQW1xdQTLW85jR3nKvkY=\/1546x960\/smart\/filters:quality(85)\/https%3A%2F%2Falimak.com%2Fwp-content%2Fuploads%2F2026%2F02%2FCable-Guiding-System-scaled.png 2x\"><img decoding=\"async\" src=\"https:\/\/images.ohmyhosting.se\/jj2O0kRRt2dlYE5KLnSFRe7961M=\/852x530\/smart\/filters:quality(85)\/https%3A%2F%2Falimak.com%2Fwp-content%2Fuploads%2F2026%2F02%2FCable-Guiding-System-scaled.png\" srcset=\"https:\/\/images.ohmyhosting.se\/jj2O0kRRt2dlYE5KLnSFRe7961M=\/852x530\/smart\/filters:quality(85)\/https%3A%2F%2Falimak.com%2Fwp-content%2Fuploads%2F2026%2F02%2FCable-Guiding-System-scaled.png 1x, https:\/\/images.ohmyhosting.se\/pxzJ0gWj7ijvPiSNK29AAgoppFo=\/1704x1060\/smart\/filters:quality(85)\/https%3A%2F%2Falimak.com%2Fwp-content%2Fuploads%2F2026%2F02%2FCable-Guiding-System-scaled.png 2x\" alt=\"\" class=\"w-full w-full rounded-[12px] object-cover\" width=\"852\" height=\"530\" \/><\/picture>                                        <\/div>\n            \n        <\/div>\n        <div class=\"col-span-12 lg:col-span-6 2.5xl:col-span-4 flex flex-col justify-center \">\n            <div class=\"\">\n                                    <h2 class=\"text-24 md:text-36 leading-[1.3] font-medium mb-4\">Kabelstyrningsutrustning<\/h2>\n                                                    <div class=\"wysiwyg leading-[1.6] text-numbersGrey\"><p>Alimaks kabelstyrningssystem h\u00e5ller alltid kabeln sp\u00e4nd. De flesta av Alimaks produktmodeller har kraft- och styrledningar till korgen, vilket inneb\u00e4r att de har separata s\u00e4kerhets- och d\u00f6rrkretsar. <\/p>\n<p>Kabelstyrningar anv\u00e4nds f\u00f6r att h\u00e5lla kabeln p\u00e5 plats vid normal anv\u00e4ndning och i bl\u00e5siga f\u00f6rh\u00e5llanden f\u00f6r att f\u00f6rhindra skador genom att den fastnar i r\u00f6rliga maskindelar. I omr\u00e5den med kraftig vind kan det vara n\u00f6dv\u00e4ndigt att \u00f6ka antalet kabelstyrningar och minska avst\u00e5ndet mellan dem.<\/p>\n<p>Alimak-maskinen kommer alltid att ha str\u00f6m \u00e4ven om bas och landningar \u00e4r elektriskt f\u00f6rreglade. Frekvensomriktaren kommer alltid att vara sp\u00e4nningssatt och maskinen har permanent belysning samt startar direkt. <\/p>\n<\/div>\n                                            <\/div>\n        <\/div>\n      <\/div>\n    <\/div>\n<\/section>\n\n<section class=\"cta-banner bg-black text-white  pt-0 pb-6 lg:pb-12\">\n    <div class=\"relative\">\n                    <div class=\"cta-banner-overlay relative\">\n                <picture class=\"w-full\"><source media=\"(max-width:639px)\" srcset=\"https:\/\/images.ohmyhosting.se\/830LuN8tJnlhxBlrnP81Cn_re_Q=\/399x377\/smart\/filters:quality(85)\/https%3A%2F%2Falimak.com%2Fwp-content%2Fuploads%2F2025%2F09%2Fd2291df879d3d9219aa41f082605eabd3250e5e9.jpg 1x, https:\/\/images.ohmyhosting.se\/hU69TdXunvGuEgABsWLfplJ9_PU=\/798x754\/smart\/filters:quality(85)\/https%3A%2F%2Falimak.com%2Fwp-content%2Fuploads%2F2025%2F09%2Fd2291df879d3d9219aa41f082605eabd3250e5e9.jpg 2x\"><source media=\"(max-width:1022px)\" srcset=\"https:\/\/images.ohmyhosting.se\/sUTJ0HNsfwEJpnAiEjhFWb9u1pw=\/805x760\/smart\/filters:quality(85)\/https%3A%2F%2Falimak.com%2Fwp-content%2Fuploads%2F2025%2F09%2Fd2291df879d3d9219aa41f082605eabd3250e5e9.jpg 1x, https:\/\/images.ohmyhosting.se\/mrEIaFoAUgmLUkHNnjAqabwhsRU=\/1610x1520\/smart\/filters:quality(85)\/https%3A%2F%2Falimak.com%2Fwp-content%2Fuploads%2F2025%2F09%2Fd2291df879d3d9219aa41f082605eabd3250e5e9.jpg 2x\"><img decoding=\"async\" src=\"https:\/\/images.ohmyhosting.se\/RHe0oE3TlTETH41w2OoXpWjHYH8=\/2545x1053\/smart\/filters:quality(85)\/https%3A%2F%2Falimak.com%2Fwp-content%2Fuploads%2F2025%2F09%2Fd2291df879d3d9219aa41f082605eabd3250e5e9.jpg\" srcset=\"https:\/\/images.ohmyhosting.se\/RHe0oE3TlTETH41w2OoXpWjHYH8=\/2545x1053\/smart\/filters:quality(85)\/https%3A%2F%2Falimak.com%2Fwp-content%2Fuploads%2F2025%2F09%2Fd2291df879d3d9219aa41f082605eabd3250e5e9.jpg 1x, https:\/\/images.ohmyhosting.se\/AdhHQjA7d3yK0NqyO3xGggVMQX4=\/5090x2106\/smart\/filters:quality(85)\/https%3A%2F%2Falimak.com%2Fwp-content%2Fuploads%2F2025%2F09%2Fd2291df879d3d9219aa41f082605eabd3250e5e9.jpg 2x\" alt=\"\" class=\"w-full w-full h-full object-cover\" width=\"2545\" height=\"1053\" \/><\/picture>            <\/div>\n                <div class=\"absolute inset-0 z-[2]\">\n            <div class=\"holder\">\n                <div class=\"grid grid-cols-12 gap-4\">\n                    <div class=\"col-span-12 lg:col-span-6 lg:col-start-7 pt-16\">\n                        <h3 class=\"text-28 md:text-44 lg:max-w-[500px] leading-tight\">Kontakta oss f\u00f6r mer information eller en offert<\/h3>\n                                                    <div class=\"mt-8\">\n                                <a class=\"btn\" href=\"https:\/\/alimak.com\/sv\/kontakta-oss\/\" target=\"\">\n                                    <span>Kontakta oss<\/span>\n                                    <span>\n                                        <svg width=\"24\" height=\"11\" viewBox=\"0 0 24 11\" fill=\"none\" xmlns=\"http:\/\/www.w3.org\/2000\/svg\">\n                                        <path d=\"M0 5.5H22\" stroke=\"black\" stroke-width=\"1.5\"\/>\n                                        <path d=\"M17.5 1L22 5.5L17.5 10\" stroke=\"black\" stroke-width=\"1.5\"\/>\n                                        <\/svg>\n                                    <\/span>\n                                <\/a>\n                            <\/div>\n                                            <\/div>\n                <\/div>\n            <\/div>\n        <\/div>\n    <\/div>\n<\/section>\n","protected":false},"excerpt":{"rendered":"<p>Ett brett utbud av tillbeh\u00f6r s\u00e5som master, stag, kabelstyrningsutrustning och landningsgrindar finns tillg\u00e4ngliga f\u00f6r Alimaks bygghissar, transportplattformar, materialhissar och mastkl\u00e4ttrande&#8230;<\/p>\n","protected":false},"author":2,"featured_media":0,"parent":15792,"menu_order":0,"comment_status":"closed","ping_status":"closed","template":"","meta":{"_acf_changed":false,"footnotes":""},"class_list":["post-13709","page","type-page","status-publish","hentry"],"acf":[],"yoast_head":"<!-- This site is optimized with the Yoast SEO plugin v27.3 - https:\/\/yoast.com\/product\/yoast-seo-wordpress\/ -->\n<title>Tillbeh\u00f6r - Alimak<\/title>\n<meta name=\"robots\" content=\"index, follow, max-snippet:-1, max-image-preview:large, max-video-preview:-1\" \/>\n<link rel=\"canonical\" href=\"https:\/\/alimak.com\/sv\/tillfalliga-losningar\/produkter-tillfalligt\/tillbehor\/\" \/>\n<meta property=\"og:locale\" content=\"sv_SE\" \/>\n<meta property=\"og:type\" content=\"article\" \/>\n<meta property=\"og:title\" content=\"Tillbeh\u00f6r - Alimak\" \/>\n<meta property=\"og:description\" content=\"Ett brett utbud av tillbeh\u00f6r s\u00e5som master, stag, kabelstyrningsutrustning och landningsgrindar finns tillg\u00e4ngliga f\u00f6r Alimaks bygghissar, transportplattformar, materialhissar och mastkl\u00e4ttrande...\" \/>\n<meta property=\"og:url\" content=\"https:\/\/alimak.com\/sv\/tillfalliga-losningar\/produkter-tillfalligt\/tillbehor\/\" \/>\n<meta property=\"og:site_name\" content=\"Alimak\" \/>\n<meta property=\"article:modified_time\" content=\"2026-03-18T14:05:37+00:00\" \/>\n<meta name=\"twitter:card\" content=\"summary_large_image\" \/>\n<script type=\"application\/ld+json\" class=\"yoast-schema-graph\">{\"@context\":\"https:\\\/\\\/schema.org\",\"@graph\":[{\"@type\":\"WebPage\",\"@id\":\"https:\\\/\\\/alimak.com\\\/sv\\\/tillfalliga-losningar\\\/produkter-tillfalligt\\\/tillbehor\\\/\",\"url\":\"https:\\\/\\\/alimak.com\\\/sv\\\/tillfalliga-losningar\\\/produkter-tillfalligt\\\/tillbehor\\\/\",\"name\":\"Tillbeh\u00f6r - Alimak\",\"isPartOf\":{\"@id\":\"https:\\\/\\\/alimak.com\\\/#website\"},\"datePublished\":\"2026-02-06T14:15:06+00:00\",\"dateModified\":\"2026-03-18T14:05:37+00:00\",\"breadcrumb\":{\"@id\":\"https:\\\/\\\/alimak.com\\\/sv\\\/tillfalliga-losningar\\\/produkter-tillfalligt\\\/tillbehor\\\/#breadcrumb\"},\"inLanguage\":\"sv-SE\",\"potentialAction\":[{\"@type\":\"ReadAction\",\"target\":[\"https:\\\/\\\/alimak.com\\\/sv\\\/tillfalliga-losningar\\\/produkter-tillfalligt\\\/tillbehor\\\/\"]}]},{\"@type\":\"BreadcrumbList\",\"@id\":\"https:\\\/\\\/alimak.com\\\/sv\\\/tillfalliga-losningar\\\/produkter-tillfalligt\\\/tillbehor\\\/#breadcrumb\",\"itemListElement\":[{\"@type\":\"ListItem\",\"position\":1,\"name\":\"Home\",\"item\":\"https:\\\/\\\/alimak.com\\\/sv\\\/\"},{\"@type\":\"ListItem\",\"position\":2,\"name\":\"Tillf\u00e4lliga l\u00f6sningar\",\"item\":\"https:\\\/\\\/alimak.com\\\/sv\\\/tillfalliga-losningar\\\/\"},{\"@type\":\"ListItem\",\"position\":3,\"name\":\"Produkter (tillf\u00e4lligt)\",\"item\":\"https:\\\/\\\/alimak.com\\\/sv\\\/tillfalliga-losningar\\\/produkter-tillfalligt\\\/\"},{\"@type\":\"ListItem\",\"position\":4,\"name\":\"Tillbeh\u00f6r\"}]},{\"@type\":\"WebSite\",\"@id\":\"https:\\\/\\\/alimak.com\\\/#website\",\"url\":\"https:\\\/\\\/alimak.com\\\/\",\"name\":\"Alimak\",\"description\":\"\",\"potentialAction\":[{\"@type\":\"SearchAction\",\"target\":{\"@type\":\"EntryPoint\",\"urlTemplate\":\"https:\\\/\\\/alimak.com\\\/?s={search_term_string}\"},\"query-input\":{\"@type\":\"PropertyValueSpecification\",\"valueRequired\":true,\"valueName\":\"search_term_string\"}}],\"inLanguage\":\"sv-SE\"}]}<\/script>\n<!-- \/ Yoast SEO plugin. -->","yoast_head_json":{"title":"Tillbeh\u00f6r - Alimak","robots":{"index":"index","follow":"follow","max-snippet":"max-snippet:-1","max-image-preview":"max-image-preview:large","max-video-preview":"max-video-preview:-1"},"canonical":"https:\/\/alimak.com\/sv\/tillfalliga-losningar\/produkter-tillfalligt\/tillbehor\/","og_locale":"sv_SE","og_type":"article","og_title":"Tillbeh\u00f6r - Alimak","og_description":"Ett brett utbud av tillbeh\u00f6r s\u00e5som master, stag, kabelstyrningsutrustning och landningsgrindar finns tillg\u00e4ngliga f\u00f6r Alimaks bygghissar, transportplattformar, materialhissar och mastkl\u00e4ttrande...","og_url":"https:\/\/alimak.com\/sv\/tillfalliga-losningar\/produkter-tillfalligt\/tillbehor\/","og_site_name":"Alimak","article_modified_time":"2026-03-18T14:05:37+00:00","twitter_card":"summary_large_image","schema":{"@context":"https:\/\/schema.org","@graph":[{"@type":"WebPage","@id":"https:\/\/alimak.com\/sv\/tillfalliga-losningar\/produkter-tillfalligt\/tillbehor\/","url":"https:\/\/alimak.com\/sv\/tillfalliga-losningar\/produkter-tillfalligt\/tillbehor\/","name":"Tillbeh\u00f6r - Alimak","isPartOf":{"@id":"https:\/\/alimak.com\/#website"},"datePublished":"2026-02-06T14:15:06+00:00","dateModified":"2026-03-18T14:05:37+00:00","breadcrumb":{"@id":"https:\/\/alimak.com\/sv\/tillfalliga-losningar\/produkter-tillfalligt\/tillbehor\/#breadcrumb"},"inLanguage":"sv-SE","potentialAction":[{"@type":"ReadAction","target":["https:\/\/alimak.com\/sv\/tillfalliga-losningar\/produkter-tillfalligt\/tillbehor\/"]}]},{"@type":"BreadcrumbList","@id":"https:\/\/alimak.com\/sv\/tillfalliga-losningar\/produkter-tillfalligt\/tillbehor\/#breadcrumb","itemListElement":[{"@type":"ListItem","position":1,"name":"Home","item":"https:\/\/alimak.com\/sv\/"},{"@type":"ListItem","position":2,"name":"Tillf\u00e4lliga l\u00f6sningar","item":"https:\/\/alimak.com\/sv\/tillfalliga-losningar\/"},{"@type":"ListItem","position":3,"name":"Produkter (tillf\u00e4lligt)","item":"https:\/\/alimak.com\/sv\/tillfalliga-losningar\/produkter-tillfalligt\/"},{"@type":"ListItem","position":4,"name":"Tillbeh\u00f6r"}]},{"@type":"WebSite","@id":"https:\/\/alimak.com\/#website","url":"https:\/\/alimak.com\/","name":"Alimak","description":"","potentialAction":[{"@type":"SearchAction","target":{"@type":"EntryPoint","urlTemplate":"https:\/\/alimak.com\/?s={search_term_string}"},"query-input":{"@type":"PropertyValueSpecification","valueRequired":true,"valueName":"search_term_string"}}],"inLanguage":"sv-SE"}]}},"_links":{"self":[{"href":"https:\/\/alimak.com\/sv\/wp-json\/wp\/v2\/pages\/13709","targetHints":{"allow":["GET"]}}],"collection":[{"href":"https:\/\/alimak.com\/sv\/wp-json\/wp\/v2\/pages"}],"about":[{"href":"https:\/\/alimak.com\/sv\/wp-json\/wp\/v2\/types\/page"}],"author":[{"embeddable":true,"href":"https:\/\/alimak.com\/sv\/wp-json\/wp\/v2\/users\/2"}],"replies":[{"embeddable":true,"href":"https:\/\/alimak.com\/sv\/wp-json\/wp\/v2\/comments?post=13709"}],"version-history":[{"count":1,"href":"https:\/\/alimak.com\/sv\/wp-json\/wp\/v2\/pages\/13709\/revisions"}],"predecessor-version":[{"id":13723,"href":"https:\/\/alimak.com\/sv\/wp-json\/wp\/v2\/pages\/13709\/revisions\/13723"}],"up":[{"embeddable":true,"href":"https:\/\/alimak.com\/sv\/wp-json\/wp\/v2\/pages\/15792"}],"wp:attachment":[{"href":"https:\/\/alimak.com\/sv\/wp-json\/wp\/v2\/media?parent=13709"}],"curies":[{"name":"wp","href":"https:\/\/api.w.org\/{rel}","templated":true}]}}