{"id":13794,"date":"2025-11-12T12:14:11","date_gmt":"2025-11-12T12:14:11","guid":{"rendered":"https:\/\/alimak.com\/rattsligt-meddelande\/"},"modified":"2026-03-19T15:15:19","modified_gmt":"2026-03-19T15:15:19","slug":"rattsligt-meddelande","status":"publish","type":"page","link":"https:\/\/alimak.com\/sv\/rattsligt-meddelande\/","title":{"rendered":"R\u00e4ttsligt meddelande"},"content":{"rendered":"\n<section class=\"small-hero border-b bg-white text-black border-lightGrey pt-0 pb-0\">\n    \n        <div class=\"holder pt-36 md:pt-44\">\n            <div class=\"grid grid-cols-12 gap-4 pb-16\">\n                <div class=\"col-span-12 lg:col-span-7\">\n                                        <h1 class=\"text-28 md:text-52 leading-[1.3] lg:max-w-[625px]\"><p>R\u00e4ttsligt meddelande<\/p>\n<\/h1>\n                    <div class=\"wysiwyg pt-5 leading-[1.6] lg:block lg:max-w-[767px]\"><h3><strong>Alimak Group AB (publ)<\/strong><\/h3>\n<p>Alimak Group AB (publ) med dess dotterbolag (\u201dAlimak Group\u201d) \u00e4r en global leverant\u00f6r av h\u00e5llbara l\u00f6sningar f\u00f6r vertikal \u00e5tkomst och arbete p\u00e5 h\u00f6g h\u00f6jd med n\u00e4rvaro i mer \u00e4n 120 l\u00e4nder. Alimak Group utvecklar, tillverkar, s\u00e4ljer och servar l\u00f6sningar f\u00f6r vertikal \u00e5tkomst och arbete p\u00e5 h\u00f6g h\u00f6jd med fokus p\u00e5 att skapa kundv\u00e4rde genom \u00f6kad s\u00e4kerhet, h\u00f6gre produktivitet och f\u00f6rb\u00e4ttrad kostnadseffektivitet.<\/p>\n<\/div>\n                <\/div>\n            <\/div>\n        <\/div>\n\n    <\/section>\n<section class=\"regular-text-block bg-white pt-6 lg:pt-12 pb-6 lg:pb-12\">\n    <div class=\"holder\">\n        <div class=\"grid grid-cols-12 gap-4\">\n            <div class=\"col-span-12 lg:col-span-3 hidden lg:block\">\n            <\/div>\n            <main class=\"col-span-12 lg:col-span-9\">\n\n                <div class=\"wysiwyg-article mb-12\">\n                    <h4>IMMATERIELLA R\u00c4TTIGHETER<\/h4>\n<h4>Meddelande om upphovsr\u00e4tt och reproduktion.<\/h4>\n<h4>Copyright \u00a9 2026 Alimak Group. Med ensamr\u00e4tt. <\/h4>\n<p>Inneh\u00e5llet p\u00e5 Alimak Groups webbplatser skyddas av internationella upphovsr\u00e4ttskonventioner. Sidhuvuden, anpassad grafik, knappikoner, formatmallar och skript som bidrar till webbplatsens \u201dlook and feel\u201d \u00e4r servicem\u00e4rken, varum\u00e4rken och\/eller varuk\u00e4nnetecken som tillh\u00f6r Alimak Group och f\u00e5r inte kopieras, efterliknas eller anv\u00e4ndas, helt eller delvis, i samband med n\u00e5gon produkt eller tj\u00e4nst utan v\u00e5rt f\u00f6reg\u00e5ende skriftliga tillst\u00e5nd, p\u00e5 n\u00e5got s\u00e4tt som sannolikt kan orsaka f\u00f6rv\u00e4xling hos kunder, eller p\u00e5 n\u00e5got s\u00e4tt som nedv\u00e4rderar eller misskrediterar Alimak Group. \u00c5tergivning av rimliga delar av webbplatsernas inneh\u00e5ll \u00e4r endast till\u00e5ten under f\u00f6ruts\u00e4ttning att (i) s\u00e5dana \u00e5tergivningar g\u00f6rs tillg\u00e4ngliga kostnadsfritt och f\u00f6r icke-kommersiella \u00e4ndam\u00e5l, (ii) s\u00e5dana \u00e5tergivningar korrekt tillskrivs Alimak Group, (iii) den del av webbplatsen som \u00e5terges inte \u00e4ndras eller g\u00f6rs tillg\u00e4nglig p\u00e5 ett s\u00e4tt som modifierar webbplatsens inneh\u00e5ll eller framst\u00e4ller den del av webbplatsen som \u00e5terges i en falsk dager och (iv) h\u00e4nvisning g\u00f6rs till de ansvarsfriskrivningar som finns p\u00e5 webbplatsen. Tillst\u00e5nd att kopiera p\u00e5 nytt medger inte inf\u00f6rlivande av n\u00e5gon v\u00e4sentlig del av webbplatserna i n\u00e5got verk eller n\u00e5gon publikation, oavsett om det \u00e4r i pappersform, elektronisk form eller n\u00e5gon annan form eller f\u00f6r kommersiella \u00e4ndam\u00e5l.       <\/p>\n<h4>Varum\u00e4rken<\/h4>\n<p>ALIMAK, CAMAC, LEVATO, MAMMOTH, MEDIUS, SCANDO, VECTIO och tillh\u00f6rande logotyper \u00e4r registrerade varum\u00e4rken som tillh\u00f6r Alimak Group AB och dess dotterbolag i flera jurisdiktioner, inklusive men inte begr\u00e4nsat till EU och USA. Alimak Group f\u00f6rbeh\u00e5ller sig alla r\u00e4ttigheter till sitt namn och f\u00f6r ovan n\u00e4mnda varum\u00e4rken samt andra varum\u00e4rken och produktnamn som n\u00e4mns p\u00e5 webbplatsen, oavsett om de \u00e4r registrerade eller inte (\u201dVarum\u00e4rkena\u201d). Du f\u00e5r inte anv\u00e4nda Varum\u00e4rkena utan v\u00e5rt f\u00f6reg\u00e5ende skriftliga tillst\u00e5nd; du f\u00e5r inte anv\u00e4nda Varum\u00e4rkena p\u00e5 n\u00e5got s\u00e4tt som sannolikt kan orsaka f\u00f6rv\u00e4xling kring huruvida vi \u00e4r k\u00e4llan till en produkt, tj\u00e4nst eller aktivitet.  <\/p>\n                <\/div>\n\n                            <\/main>\n        <\/div>\n    <\/div>\n<\/section>\n","protected":false},"excerpt":{"rendered":"<p>Alimak Group AB (publ) Alimak Group AB (publ) med dess dotterbolag (\u201dAlimak Group\u201d) \u00e4r en global leverant\u00f6r av h\u00e5llbara l\u00f6sningar&#8230;<\/p>\n","protected":false},"author":2,"featured_media":0,"parent":0,"menu_order":0,"comment_status":"closed","ping_status":"closed","template":"","meta":{"_acf_changed":false,"footnotes":""},"class_list":["post-13794","page","type-page","status-publish","hentry"],"acf":[],"yoast_head":"<!-- This site is optimized with the Yoast SEO plugin v27.3 - https:\/\/yoast.com\/product\/yoast-seo-wordpress\/ -->\n<title>R\u00e4ttsligt meddelande - Alimak<\/title>\n<meta name=\"robots\" content=\"index, follow, max-snippet:-1, max-image-preview:large, max-video-preview:-1\" \/>\n<link rel=\"canonical\" href=\"https:\/\/alimak.com\/sv\/rattsligt-meddelande\/\" \/>\n<meta property=\"og:locale\" content=\"sv_SE\" \/>\n<meta property=\"og:type\" content=\"article\" \/>\n<meta property=\"og:title\" content=\"R\u00e4ttsligt meddelande - Alimak\" \/>\n<meta property=\"og:description\" content=\"Alimak Group AB (publ) Alimak Group AB (publ) med dess dotterbolag (\u201dAlimak Group\u201d) \u00e4r en global leverant\u00f6r av h\u00e5llbara l\u00f6sningar...\" \/>\n<meta property=\"og:url\" content=\"https:\/\/alimak.com\/sv\/rattsligt-meddelande\/\" \/>\n<meta property=\"og:site_name\" content=\"Alimak\" \/>\n<meta property=\"article:modified_time\" content=\"2026-03-19T15:15:19+00:00\" \/>\n<meta name=\"twitter:card\" content=\"summary_large_image\" \/>\n<script type=\"application\/ld+json\" class=\"yoast-schema-graph\">{\"@context\":\"https:\\\/\\\/schema.org\",\"@graph\":[{\"@type\":\"WebPage\",\"@id\":\"https:\\\/\\\/alimak.com\\\/sv\\\/rattsligt-meddelande\\\/\",\"url\":\"https:\\\/\\\/alimak.com\\\/sv\\\/rattsligt-meddelande\\\/\",\"name\":\"R\u00e4ttsligt meddelande - Alimak\",\"isPartOf\":{\"@id\":\"https:\\\/\\\/alimak.com\\\/#website\"},\"datePublished\":\"2025-11-12T12:14:11+00:00\",\"dateModified\":\"2026-03-19T15:15:19+00:00\",\"breadcrumb\":{\"@id\":\"https:\\\/\\\/alimak.com\\\/sv\\\/rattsligt-meddelande\\\/#breadcrumb\"},\"inLanguage\":\"sv-SE\",\"potentialAction\":[{\"@type\":\"ReadAction\",\"target\":[\"https:\\\/\\\/alimak.com\\\/sv\\\/rattsligt-meddelande\\\/\"]}]},{\"@type\":\"BreadcrumbList\",\"@id\":\"https:\\\/\\\/alimak.com\\\/sv\\\/rattsligt-meddelande\\\/#breadcrumb\",\"itemListElement\":[{\"@type\":\"ListItem\",\"position\":1,\"name\":\"Home\",\"item\":\"https:\\\/\\\/alimak.com\\\/sv\\\/\"},{\"@type\":\"ListItem\",\"position\":2,\"name\":\"R\u00e4ttsligt meddelande\"}]},{\"@type\":\"WebSite\",\"@id\":\"https:\\\/\\\/alimak.com\\\/#website\",\"url\":\"https:\\\/\\\/alimak.com\\\/\",\"name\":\"Alimak\",\"description\":\"\",\"potentialAction\":[{\"@type\":\"SearchAction\",\"target\":{\"@type\":\"EntryPoint\",\"urlTemplate\":\"https:\\\/\\\/alimak.com\\\/?s={search_term_string}\"},\"query-input\":{\"@type\":\"PropertyValueSpecification\",\"valueRequired\":true,\"valueName\":\"search_term_string\"}}],\"inLanguage\":\"sv-SE\"}]}<\/script>\n<!-- \/ Yoast SEO plugin. -->","yoast_head_json":{"title":"R\u00e4ttsligt meddelande - Alimak","robots":{"index":"index","follow":"follow","max-snippet":"max-snippet:-1","max-image-preview":"max-image-preview:large","max-video-preview":"max-video-preview:-1"},"canonical":"https:\/\/alimak.com\/sv\/rattsligt-meddelande\/","og_locale":"sv_SE","og_type":"article","og_title":"R\u00e4ttsligt meddelande - Alimak","og_description":"Alimak Group AB (publ) Alimak Group AB (publ) med dess dotterbolag (\u201dAlimak Group\u201d) \u00e4r en global leverant\u00f6r av h\u00e5llbara l\u00f6sningar...","og_url":"https:\/\/alimak.com\/sv\/rattsligt-meddelande\/","og_site_name":"Alimak","article_modified_time":"2026-03-19T15:15:19+00:00","twitter_card":"summary_large_image","schema":{"@context":"https:\/\/schema.org","@graph":[{"@type":"WebPage","@id":"https:\/\/alimak.com\/sv\/rattsligt-meddelande\/","url":"https:\/\/alimak.com\/sv\/rattsligt-meddelande\/","name":"R\u00e4ttsligt meddelande - Alimak","isPartOf":{"@id":"https:\/\/alimak.com\/#website"},"datePublished":"2025-11-12T12:14:11+00:00","dateModified":"2026-03-19T15:15:19+00:00","breadcrumb":{"@id":"https:\/\/alimak.com\/sv\/rattsligt-meddelande\/#breadcrumb"},"inLanguage":"sv-SE","potentialAction":[{"@type":"ReadAction","target":["https:\/\/alimak.com\/sv\/rattsligt-meddelande\/"]}]},{"@type":"BreadcrumbList","@id":"https:\/\/alimak.com\/sv\/rattsligt-meddelande\/#breadcrumb","itemListElement":[{"@type":"ListItem","position":1,"name":"Home","item":"https:\/\/alimak.com\/sv\/"},{"@type":"ListItem","position":2,"name":"R\u00e4ttsligt meddelande"}]},{"@type":"WebSite","@id":"https:\/\/alimak.com\/#website","url":"https:\/\/alimak.com\/","name":"Alimak","description":"","potentialAction":[{"@type":"SearchAction","target":{"@type":"EntryPoint","urlTemplate":"https:\/\/alimak.com\/?s={search_term_string}"},"query-input":{"@type":"PropertyValueSpecification","valueRequired":true,"valueName":"search_term_string"}}],"inLanguage":"sv-SE"}]}},"_links":{"self":[{"href":"https:\/\/alimak.com\/sv\/wp-json\/wp\/v2\/pages\/13794","targetHints":{"allow":["GET"]}}],"collection":[{"href":"https:\/\/alimak.com\/sv\/wp-json\/wp\/v2\/pages"}],"about":[{"href":"https:\/\/alimak.com\/sv\/wp-json\/wp\/v2\/types\/page"}],"author":[{"embeddable":true,"href":"https:\/\/alimak.com\/sv\/wp-json\/wp\/v2\/users\/2"}],"replies":[{"embeddable":true,"href":"https:\/\/alimak.com\/sv\/wp-json\/wp\/v2\/comments?post=13794"}],"version-history":[{"count":5,"href":"https:\/\/alimak.com\/sv\/wp-json\/wp\/v2\/pages\/13794\/revisions"}],"predecessor-version":[{"id":15821,"href":"https:\/\/alimak.com\/sv\/wp-json\/wp\/v2\/pages\/13794\/revisions\/15821"}],"wp:attachment":[{"href":"https:\/\/alimak.com\/sv\/wp-json\/wp\/v2\/media?parent=13794"}],"curies":[{"name":"wp","href":"https:\/\/api.w.org\/{rel}","templated":true}]}}