{"id":13831,"date":"2025-11-12T12:35:49","date_gmt":"2025-11-12T12:35:49","guid":{"rendered":"https:\/\/alimak.com\/visselblasare\/"},"modified":"2026-03-19T15:15:31","modified_gmt":"2026-03-19T15:15:31","slug":"visselblasare","status":"publish","type":"page","link":"https:\/\/alimak.com\/sv\/visselblasare\/","title":{"rendered":"Visselbl\u00e5sare"},"content":{"rendered":"\n<section class=\"small-hero border-b bg-white text-black border-lightGrey pt-0 pb-0\">\n    \n        <div class=\"holder pt-36 md:pt-44\">\n            <div class=\"grid grid-cols-12 gap-4 pb-16\">\n                <div class=\"col-span-12 lg:col-span-7\">\n                                        <h1 class=\"text-28 md:text-52 leading-[1.3] lg:max-w-[625px]\"><p>Visselbl\u00e5sare<\/p>\n<\/h1>\n                    <div class=\"wysiwyg pt-5 leading-[1.6] lg:block lg:max-w-[767px]\"><h3><strong>Uppf\u00f6randekod<\/strong><\/h3>\n<p>Alimak \u00e4r en del av Alimak Group. Alimak Groups uppf\u00f6randekod beskriver hur vi bedriver verksamhet p\u00e5 ett etiskt och ansvarsfullt s\u00e4tt. Den anger de beteendeprinciper vi f\u00f6ljer och ger oss praktisk v\u00e4gledning i v\u00e5ra handlingar och i v\u00e5ra dagliga aff\u00e4rsbeslut.  <\/p>\n<\/div>\n                <\/div>\n            <\/div>\n        <\/div>\n\n    <\/section>\n<section class=\"regular-text-block bg-white pt-6 lg:pt-12 pb-6 lg:pb-12\">\n    <div class=\"holder\">\n        <div class=\"grid grid-cols-12 gap-4\">\n            <div class=\"col-span-12 lg:col-span-3 hidden lg:block\">\n            <\/div>\n            <main class=\"col-span-12 lg:col-span-9\">\n\n                <div class=\"wysiwyg-article mb-12\">\n                    <p>Alla medarbetare inom Alimak Group utbildas i uppf\u00f6randekoden. Utbildningen ing\u00e5r i v\u00e5ra introduktionsprogram f\u00f6r nyanst\u00e4llda och upprepas regelbundet. <\/p>\n<p>Alimak Group f\u00f6ljer FN:s Global Compact, ett initiativ som syftar till att g\u00f6ra m\u00e4nskliga r\u00e4ttigheter, r\u00e4ttvisa arbetsstandarder, milj\u00f6ansvar och antikorruption till centrala delar av de deltagande f\u00f6retagens verksamhet.<\/p>\n<p>Bes\u00f6k g\u00e4rna v\u00e5r f\u00f6retagswebbplats f\u00f6r att l\u00e4sa mer om v\u00e5r uppf\u00f6randekod och rapportera \u00f6vertr\u00e4delser eller avvikelser.<\/p>\n<p><a href=\"https:\/\/corporate.alimakgroup.com\/en\/sustainability\/code-of-conduct\/\" target=\"_blank\" rel=\"noopener\">Alimak Groups f\u00f6retagswebbplats<\/a><\/p>\n                <\/div>\n            <\/main>\n        <\/div>\n    <\/div>\n<\/section>\n","protected":false},"excerpt":{"rendered":"<p>Uppf\u00f6randekod Alimak \u00e4r en del av Alimak Group. Alimak Groups uppf\u00f6randekod beskriver hur vi bedriver verksamhet p\u00e5 ett etiskt och&#8230;<\/p>\n","protected":false},"author":2,"featured_media":0,"parent":0,"menu_order":0,"comment_status":"closed","ping_status":"closed","template":"","meta":{"_acf_changed":false,"footnotes":""},"class_list":["post-13831","page","type-page","status-publish","hentry"],"acf":[],"yoast_head":"<!-- This site is optimized with the Yoast SEO plugin v27.3 - https:\/\/yoast.com\/product\/yoast-seo-wordpress\/ -->\n<title>Visselbl\u00e5sare - Alimak<\/title>\n<meta name=\"robots\" content=\"index, follow, max-snippet:-1, max-image-preview:large, max-video-preview:-1\" \/>\n<link rel=\"canonical\" href=\"https:\/\/alimak.com\/sv\/visselblasare\/\" \/>\n<meta property=\"og:locale\" content=\"sv_SE\" \/>\n<meta property=\"og:type\" content=\"article\" \/>\n<meta property=\"og:title\" content=\"Visselbl\u00e5sare - Alimak\" \/>\n<meta property=\"og:description\" content=\"Uppf\u00f6randekod Alimak \u00e4r en del av Alimak Group. Alimak Groups uppf\u00f6randekod beskriver hur vi bedriver verksamhet p\u00e5 ett etiskt och...\" \/>\n<meta property=\"og:url\" content=\"https:\/\/alimak.com\/sv\/visselblasare\/\" \/>\n<meta property=\"og:site_name\" content=\"Alimak\" \/>\n<meta property=\"article:modified_time\" content=\"2026-03-19T15:15:31+00:00\" \/>\n<meta name=\"twitter:card\" content=\"summary_large_image\" \/>\n<script type=\"application\/ld+json\" class=\"yoast-schema-graph\">{\"@context\":\"https:\\\/\\\/schema.org\",\"@graph\":[{\"@type\":\"WebPage\",\"@id\":\"https:\\\/\\\/alimak.com\\\/sv\\\/visselblasare\\\/\",\"url\":\"https:\\\/\\\/alimak.com\\\/sv\\\/visselblasare\\\/\",\"name\":\"Visselbl\u00e5sare - Alimak\",\"isPartOf\":{\"@id\":\"https:\\\/\\\/alimak.com\\\/#website\"},\"datePublished\":\"2025-11-12T12:35:49+00:00\",\"dateModified\":\"2026-03-19T15:15:31+00:00\",\"breadcrumb\":{\"@id\":\"https:\\\/\\\/alimak.com\\\/sv\\\/visselblasare\\\/#breadcrumb\"},\"inLanguage\":\"sv-SE\",\"potentialAction\":[{\"@type\":\"ReadAction\",\"target\":[\"https:\\\/\\\/alimak.com\\\/sv\\\/visselblasare\\\/\"]}]},{\"@type\":\"BreadcrumbList\",\"@id\":\"https:\\\/\\\/alimak.com\\\/sv\\\/visselblasare\\\/#breadcrumb\",\"itemListElement\":[{\"@type\":\"ListItem\",\"position\":1,\"name\":\"Home\",\"item\":\"https:\\\/\\\/alimak.com\\\/sv\\\/\"},{\"@type\":\"ListItem\",\"position\":2,\"name\":\"Visselbl\u00e5sare\"}]},{\"@type\":\"WebSite\",\"@id\":\"https:\\\/\\\/alimak.com\\\/#website\",\"url\":\"https:\\\/\\\/alimak.com\\\/\",\"name\":\"Alimak\",\"description\":\"\",\"potentialAction\":[{\"@type\":\"SearchAction\",\"target\":{\"@type\":\"EntryPoint\",\"urlTemplate\":\"https:\\\/\\\/alimak.com\\\/?s={search_term_string}\"},\"query-input\":{\"@type\":\"PropertyValueSpecification\",\"valueRequired\":true,\"valueName\":\"search_term_string\"}}],\"inLanguage\":\"sv-SE\"}]}<\/script>\n<!-- \/ Yoast SEO plugin. -->","yoast_head_json":{"title":"Visselbl\u00e5sare - Alimak","robots":{"index":"index","follow":"follow","max-snippet":"max-snippet:-1","max-image-preview":"max-image-preview:large","max-video-preview":"max-video-preview:-1"},"canonical":"https:\/\/alimak.com\/sv\/visselblasare\/","og_locale":"sv_SE","og_type":"article","og_title":"Visselbl\u00e5sare - Alimak","og_description":"Uppf\u00f6randekod Alimak \u00e4r en del av Alimak Group. Alimak Groups uppf\u00f6randekod beskriver hur vi bedriver verksamhet p\u00e5 ett etiskt och...","og_url":"https:\/\/alimak.com\/sv\/visselblasare\/","og_site_name":"Alimak","article_modified_time":"2026-03-19T15:15:31+00:00","twitter_card":"summary_large_image","schema":{"@context":"https:\/\/schema.org","@graph":[{"@type":"WebPage","@id":"https:\/\/alimak.com\/sv\/visselblasare\/","url":"https:\/\/alimak.com\/sv\/visselblasare\/","name":"Visselbl\u00e5sare - Alimak","isPartOf":{"@id":"https:\/\/alimak.com\/#website"},"datePublished":"2025-11-12T12:35:49+00:00","dateModified":"2026-03-19T15:15:31+00:00","breadcrumb":{"@id":"https:\/\/alimak.com\/sv\/visselblasare\/#breadcrumb"},"inLanguage":"sv-SE","potentialAction":[{"@type":"ReadAction","target":["https:\/\/alimak.com\/sv\/visselblasare\/"]}]},{"@type":"BreadcrumbList","@id":"https:\/\/alimak.com\/sv\/visselblasare\/#breadcrumb","itemListElement":[{"@type":"ListItem","position":1,"name":"Home","item":"https:\/\/alimak.com\/sv\/"},{"@type":"ListItem","position":2,"name":"Visselbl\u00e5sare"}]},{"@type":"WebSite","@id":"https:\/\/alimak.com\/#website","url":"https:\/\/alimak.com\/","name":"Alimak","description":"","potentialAction":[{"@type":"SearchAction","target":{"@type":"EntryPoint","urlTemplate":"https:\/\/alimak.com\/?s={search_term_string}"},"query-input":{"@type":"PropertyValueSpecification","valueRequired":true,"valueName":"search_term_string"}}],"inLanguage":"sv-SE"}]}},"_links":{"self":[{"href":"https:\/\/alimak.com\/sv\/wp-json\/wp\/v2\/pages\/13831","targetHints":{"allow":["GET"]}}],"collection":[{"href":"https:\/\/alimak.com\/sv\/wp-json\/wp\/v2\/pages"}],"about":[{"href":"https:\/\/alimak.com\/sv\/wp-json\/wp\/v2\/types\/page"}],"author":[{"embeddable":true,"href":"https:\/\/alimak.com\/sv\/wp-json\/wp\/v2\/users\/2"}],"replies":[{"embeddable":true,"href":"https:\/\/alimak.com\/sv\/wp-json\/wp\/v2\/comments?post=13831"}],"version-history":[{"count":1,"href":"https:\/\/alimak.com\/sv\/wp-json\/wp\/v2\/pages\/13831\/revisions"}],"predecessor-version":[{"id":13832,"href":"https:\/\/alimak.com\/sv\/wp-json\/wp\/v2\/pages\/13831\/revisions\/13832"}],"wp:attachment":[{"href":"https:\/\/alimak.com\/sv\/wp-json\/wp\/v2\/media?parent=13831"}],"curies":[{"name":"wp","href":"https:\/\/api.w.org\/{rel}","templated":true}]}}