{"id":14036,"date":"2025-08-26T10:41:16","date_gmt":"2025-08-26T10:41:16","guid":{"rendered":"https:\/\/alimak.com\/reservdelar-och-service-permanent\/"},"modified":"2026-03-18T12:50:44","modified_gmt":"2026-03-18T12:50:44","slug":"reservdelar-och-service-permanent","status":"publish","type":"page","link":"https:\/\/alimak.com\/sv\/permanenta-losningar\/reservdelar-och-service-permanent\/","title":{"rendered":"Reservdelar och service (permanent)"},"content":{"rendered":"\n<section class=\"small-hero border-b bg-black border-darkGrey text-white pt-0 pb-0\">\n            <div class=\"relative\">\n            <div class=\"hero-overlay relative\">\n                                    <picture class=\"w-full\"><source media=\"(max-width:639px)\" srcset=\"https:\/\/images.ohmyhosting.se\/-dymTiGn9kPe35aQW36ZshRO_08=\/390x461\/smart\/filters:quality(85)\/https%3A%2F%2Falimak.com%2Fwp-content%2Fuploads%2F2026%2F02%2Fparts-and-services-permanent3.jpg 1x, https:\/\/images.ohmyhosting.se\/rDIIigkBUl7aE2Rwpr4vlKMjij8=\/780x922\/smart\/filters:quality(85)\/https%3A%2F%2Falimak.com%2Fwp-content%2Fuploads%2F2026%2F02%2Fparts-and-services-permanent3.jpg 2x\"><source media=\"(max-width:1022px)\" srcset=\"https:\/\/images.ohmyhosting.se\/WU3IZpjuyOQlgEgvBZ0bgJBxEHM=\/805x951\/smart\/filters:quality(85)\/https%3A%2F%2Falimak.com%2Fwp-content%2Fuploads%2F2026%2F02%2Fparts-and-services-permanent3.jpg 1x, https:\/\/images.ohmyhosting.se\/2vwe1uZW5dm7vUZ-mYUTk6VtjUg=\/1610x1902\/smart\/filters:quality(85)\/https%3A%2F%2Falimak.com%2Fwp-content%2Fuploads%2F2026%2F02%2Fparts-and-services-permanent3.jpg 2x\"><img decoding=\"async\" src=\"https:\/\/images.ohmyhosting.se\/XfLTKNtOohPSV1RhzjQ38YHQ2SA=\/2545x814\/smart\/filters:quality(85)\/https%3A%2F%2Falimak.com%2Fwp-content%2Fuploads%2F2026%2F02%2Fparts-and-services-permanent3.jpg\" srcset=\"https:\/\/images.ohmyhosting.se\/XfLTKNtOohPSV1RhzjQ38YHQ2SA=\/2545x814\/smart\/filters:quality(85)\/https%3A%2F%2Falimak.com%2Fwp-content%2Fuploads%2F2026%2F02%2Fparts-and-services-permanent3.jpg 1x, https:\/\/images.ohmyhosting.se\/VxRh4bGVwc9S9IB6b7Zr51ooXrY=\/5090x1628\/smart\/filters:quality(85)\/https%3A%2F%2Falimak.com%2Fwp-content%2Fuploads%2F2026%2F02%2Fparts-and-services-permanent3.jpg 2x\" alt=\"\" class=\"w-full object-cover w-full max-h-[90vh]\" width=\"2545\" height=\"814\" \/><\/picture>                            <\/div>\n            <div class=\"absolute inset-0 z-10 flex flex-col justify-end\">\n                <div class=\"holder\">\n                    <div class=\"grid grid-cols-12 gap-4 pb-16\">\n                        <div class=\"col-span-12 lg:col-span-7\">\n                                                    <p class=\"md:text-20 font-medium leading-[1.25] mb-1\">Permanenta l\u00f6sningar<\/p>\n                                                    <h1 class=\"text-28 md:text-52 leading-[1.3] lg:max-w-[625px]\"><p>Reservdelar och service<\/p>\n<\/h1>\n                            <div class=\"wysiwyg pt-5 leading-[1.6] hidden lg:block lg:max-w-[512px]\"><p>Alimak tillhandah\u00e5ller branschledande produkt- och kundsupporttj\u00e4nster till \u00e4gare och operat\u00f6rer av Alimaks permanenta vertikala accessutrustning. Med ett globalt servicen\u00e4tverk som str\u00e4cker sig \u00f6ver 100 l\u00e4nder erbjuder Alimak ett komplett utbud av service- och supportl\u00f6sningar, inklusive servicepaket, f\u00f6rebyggande underh\u00e5ll och reparationer, inspektioner, renoveringar, originalreservdelar, utbildning och tillg\u00e5ngsf\u00f6rvaltning, anpassat f\u00f6r att hantera hela livscykeln f\u00f6r Alimaks utrustning. <\/p>\n<\/div>\n                        <\/div>\n                    <\/div>\n                <\/div>\n            <\/div>\n        <\/div>\n                    <div class=\"lg:hidden py-12 border-b border-darkGrey\">\n                <div class=\"holder\">\n                    <div class=\"wysiwyg leading-[1.6]\"><p>Alimak tillhandah\u00e5ller branschledande produkt- och kundsupporttj\u00e4nster till \u00e4gare och operat\u00f6rer av Alimaks permanenta vertikala accessutrustning. Med ett globalt servicen\u00e4tverk som str\u00e4cker sig \u00f6ver 100 l\u00e4nder erbjuder Alimak ett komplett utbud av service- och supportl\u00f6sningar, inklusive servicepaket, f\u00f6rebyggande underh\u00e5ll och reparationer, inspektioner, renoveringar, originalreservdelar, utbildning och tillg\u00e5ngsf\u00f6rvaltning, anpassat f\u00f6r att hantera hela livscykeln f\u00f6r Alimaks utrustning. <\/p>\n<\/div>\n                <\/div>\n            <\/div>\n        \n    <\/section>\n<section class=\"services-links bg-white text-black  border-b  border-lightGrey pt-6 lg:pt-12 pb-12 lg:pb-24\">\n    <div class=\"holder\">\n        <h2 class=\"text-24 md:text-36 font-medium leading-[1.3] mb-12\">Komplett servicel\u00f6sning<\/h2>\n        \n            <div class=\"grid grid-cols-12 gap-4\">\n                                    <a class=\"col-span-12 md:col-span-4 flex flex-col p-6 group rounded-[12px] bg-quoteGrey text-black\" href=\"https:\/\/alimak.com\/sv\/permanenta-losningar\/reservdelar-och-service-permanent\/parts-permanent\/\" target=\"\">\n                        <h3 class=\"md:text-20 font-medium leading-[1.25]\">Originalreservdelar<\/h3>\n                        <div class=\"wysiwyg leading-[1.6] mt-4 mb-4\">\n                            <p>Originaldelar fr\u00e5n Alimak anskaffas och byts ut f\u00f6r att f\u00f6rb\u00e4ttra prestandan och f\u00f6rl\u00e4nga driftslivsl\u00e4ngden<\/p>\n                        <\/div>\n                        <div class=\"mt-auto\">\n                            <span class=\"border transition-all group-hover:bg-orange w-[48px] h-[32px] md:w-[52px] md:h-[36px] flex items-center flex-col justify-center group-hover:border-orange border-black rounded-[4px]\">\n                                                                    <svg width=\"24\" height=\"11\" viewBox=\"0 0 24 11\" fill=\"none\" xmlns=\"http:\/\/www.w3.org\/2000\/svg\">\n                                    <path class=\"stroke-black\" d=\"M0 5.50098H22\" stroke=\"white\" stroke-width=\"1.5\"\/>\n                                    <path class=\"stroke-black\" d=\"M17.5 1.00098L22 5.50098L17.5 10.001\" stroke=\"white\" stroke-width=\"1.5\"\/>\n                                    <\/svg>\n                                                            <\/span>\n                        <\/div>\n                    <\/a>\n\n                                    <a class=\"col-span-12 md:col-span-4 flex flex-col p-6 group rounded-[12px] bg-quoteGrey text-black\" href=\"https:\/\/alimak.com\/sv\/permanenta-losningar\/reservdelar-och-service-permanent\/training-permanent\/\" target=\"\">\n                        <h3 class=\"md:text-20 font-medium leading-[1.25]\">Utbildning<\/h3>\n                        <div class=\"wysiwyg leading-[1.6] mt-4 mb-4\">\n                            <p>Dedikerad Alimak-utbildning som st\u00f6djer s\u00e4ker drift, underh\u00e5ll och installation av Alimaks utrustning<\/p>\n                        <\/div>\n                        <div class=\"mt-auto\">\n                            <span class=\"border transition-all group-hover:bg-orange w-[48px] h-[32px] md:w-[52px] md:h-[36px] flex items-center flex-col justify-center group-hover:border-orange border-black rounded-[4px]\">\n                                                                    <svg width=\"24\" height=\"11\" viewBox=\"0 0 24 11\" fill=\"none\" xmlns=\"http:\/\/www.w3.org\/2000\/svg\">\n                                    <path class=\"stroke-black\" d=\"M0 5.50098H22\" stroke=\"white\" stroke-width=\"1.5\"\/>\n                                    <path class=\"stroke-black\" d=\"M17.5 1.00098L22 5.50098L17.5 10.001\" stroke=\"white\" stroke-width=\"1.5\"\/>\n                                    <\/svg>\n                                                            <\/span>\n                        <\/div>\n                    <\/a>\n\n                                    <a class=\"col-span-12 md:col-span-4 flex flex-col p-6 group rounded-[12px] bg-quoteGrey text-black\" href=\"https:\/\/alimak.com\/sv\/permanenta-losningar\/reservdelar-och-service-permanent\/application-engineering-permanent\/\" target=\"\">\n                        <h3 class=\"md:text-20 font-medium leading-[1.25]\">Applikationskonstruktion<\/h3>\n                        <div class=\"wysiwyg leading-[1.6] mt-4 mb-4\">\n                            <p>F\u00f6r kunder som st\u00e5r inf\u00f6r kr\u00e4vande applikationer eller unika installationsutmaningar, med st\u00f6d av Alimaks omfattande expertis inom kundanpassade hissl\u00f6sningar.<\/p>\n                        <\/div>\n                        <div class=\"mt-auto\">\n                            <span class=\"border transition-all group-hover:bg-orange w-[48px] h-[32px] md:w-[52px] md:h-[36px] flex items-center flex-col justify-center group-hover:border-orange border-black rounded-[4px]\">\n                                                                    <svg width=\"24\" height=\"11\" viewBox=\"0 0 24 11\" fill=\"none\" xmlns=\"http:\/\/www.w3.org\/2000\/svg\">\n                                    <path class=\"stroke-black\" d=\"M0 5.50098H22\" stroke=\"white\" stroke-width=\"1.5\"\/>\n                                    <path class=\"stroke-black\" d=\"M17.5 1.00098L22 5.50098L17.5 10.001\" stroke=\"white\" stroke-width=\"1.5\"\/>\n                                    <\/svg>\n                                                            <\/span>\n                        <\/div>\n                    <\/a>\n\n                                    <a class=\"col-span-12 md:col-span-4 flex flex-col p-6 group rounded-[12px] bg-quoteGrey text-black\" href=\"https:\/\/alimak.com\/sv\/permanenta-losningar\/reservdelar-och-service-permanent\/service-solutions-permanent\/\" target=\"\">\n                        <h3 class=\"md:text-20 font-medium leading-[1.25]\">Servicel\u00f6sningar<\/h3>\n                        <div class=\"wysiwyg leading-[1.6] mt-4 mb-4\">\n                            <p>Ett omfattande utbud av serviceavtal, underh\u00e5llsprogram och reparationsl\u00f6sningar f\u00f6r att s\u00e4kerst\u00e4lla maximal drifttid.<\/p>\n                        <\/div>\n                        <div class=\"mt-auto\">\n                            <span class=\"border transition-all group-hover:bg-orange w-[48px] h-[32px] md:w-[52px] md:h-[36px] flex items-center flex-col justify-center group-hover:border-orange border-black rounded-[4px]\">\n                                                                    <svg width=\"24\" height=\"11\" viewBox=\"0 0 24 11\" fill=\"none\" xmlns=\"http:\/\/www.w3.org\/2000\/svg\">\n                                    <path class=\"stroke-black\" d=\"M0 5.50098H22\" stroke=\"white\" stroke-width=\"1.5\"\/>\n                                    <path class=\"stroke-black\" d=\"M17.5 1.00098L22 5.50098L17.5 10.001\" stroke=\"white\" stroke-width=\"1.5\"\/>\n                                    <\/svg>\n                                                            <\/span>\n                        <\/div>\n                    <\/a>\n\n                                    <a class=\"col-span-12 md:col-span-4 flex flex-col p-6 group rounded-[12px] bg-quoteGrey text-black\" href=\"https:\/\/alimak.com\/sv\/permanenta-losningar\/reservdelar-och-service-permanent\/modernisering-och-renovering-permanent\/\" target=\"\">\n                        <h3 class=\"md:text-20 font-medium leading-[1.25]\">Eftermontering och renovering<\/h3>\n                        <div class=\"wysiwyg leading-[1.6] mt-4 mb-4\">\n                            <p>Alimaks l\u00f6sningar f\u00f6r eftermontering och renovering ger nytt liv \u00e5t \u00e5ldrande utrustning, f\u00f6rb\u00e4ttrar s\u00e4kerheten, f\u00f6rl\u00e4nger livscykeln och minskar kostnaderna.<\/p>\n                        <\/div>\n                        <div class=\"mt-auto\">\n                            <span class=\"border transition-all group-hover:bg-orange w-[48px] h-[32px] md:w-[52px] md:h-[36px] flex items-center flex-col justify-center group-hover:border-orange border-black rounded-[4px]\">\n                                                                    <svg width=\"24\" height=\"11\" viewBox=\"0 0 24 11\" fill=\"none\" xmlns=\"http:\/\/www.w3.org\/2000\/svg\">\n                                    <path class=\"stroke-black\" d=\"M0 5.50098H22\" stroke=\"white\" stroke-width=\"1.5\"\/>\n                                    <path class=\"stroke-black\" d=\"M17.5 1.00098L22 5.50098L17.5 10.001\" stroke=\"white\" stroke-width=\"1.5\"\/>\n                                    <\/svg>\n                                                            <\/span>\n                        <\/div>\n                    <\/a>\n\n                            <\/div>\n            <\/div>\n<\/section>\n<section class=\"text-img bg-white text-black border-lightGrey  border-b   pt-12 lg:pt-24 pb-12 lg:pb-24\">\n    <div class=\"holder\">\n      <div class=\"grid grid-cols-12 gap-4 items-center\">\n        <div class=\"col-span-12 lg:col-span-6 2.5xl:col-span-8 \">\n                            <div class=\"text-img-overlay relative mb-8 md:mb-0 max-w-[852px] \">\n                    <picture class=\"w-full\"><source media=\"(max-width:639px)\" srcset=\"https:\/\/images.ohmyhosting.se\/8ywCbY4xYPED6CTmtJWdC25pQig=\/382x237\/smart\/filters:quality(85)\/https%3A%2F%2Falimak.com%2Fwp-content%2Fuploads%2F2026%2F01%2Fstart-desktop-mobile2_EN-2.png 1x, https:\/\/images.ohmyhosting.se\/tN0U9QJjNdskiTught930A6Mpwc=\/764x474\/smart\/filters:quality(85)\/https%3A%2F%2Falimak.com%2Fwp-content%2Fuploads%2F2026%2F01%2Fstart-desktop-mobile2_EN-2.png 2x\"><source media=\"(max-width:1022px)\" srcset=\"https:\/\/images.ohmyhosting.se\/lCYa1mCEx_iUrTBb-CSjfwnemaM=\/773x480\/smart\/filters:quality(85)\/https%3A%2F%2Falimak.com%2Fwp-content%2Fuploads%2F2026%2F01%2Fstart-desktop-mobile2_EN-2.png 1x, https:\/\/images.ohmyhosting.se\/6OVR8wniwR5o2i-HHue6wkVh7Yw=\/1546x960\/smart\/filters:quality(85)\/https%3A%2F%2Falimak.com%2Fwp-content%2Fuploads%2F2026%2F01%2Fstart-desktop-mobile2_EN-2.png 2x\"><img decoding=\"async\" src=\"https:\/\/images.ohmyhosting.se\/bV3Gideh7G8pVQ-2tS8U0S5xHqE=\/852x530\/smart\/filters:quality(85)\/https%3A%2F%2Falimak.com%2Fwp-content%2Fuploads%2F2026%2F01%2Fstart-desktop-mobile2_EN-2.png\" srcset=\"https:\/\/images.ohmyhosting.se\/bV3Gideh7G8pVQ-2tS8U0S5xHqE=\/852x530\/smart\/filters:quality(85)\/https%3A%2F%2Falimak.com%2Fwp-content%2Fuploads%2F2026%2F01%2Fstart-desktop-mobile2_EN-2.png 1x, https:\/\/images.ohmyhosting.se\/pP68v6a4m8tZm69mo7kPvco9biY=\/1704x1060\/smart\/filters:quality(85)\/https%3A%2F%2Falimak.com%2Fwp-content%2Fuploads%2F2026%2F01%2Fstart-desktop-mobile2_EN-2.png 2x\" alt=\"\" class=\"w-full w-full rounded-[12px] object-cover\" width=\"852\" height=\"530\" \/><\/picture>                                        <\/div>\n            \n        <\/div>\n        <div class=\"col-span-12 lg:col-span-6 2.5xl:col-span-4 flex flex-col justify-center \">\n            <div class=\"\">\n                                    <h2 class=\"text-24 md:text-36 leading-[1.3] font-medium mb-4\">V\u00e5ra serviceteam drivs av Service Protocol<\/h2>\n                                                    <div class=\"wysiwyg leading-[1.6] text-numbersGrey\"><p>Alimaks servicehantering drivs av Service Protocol, ett webbaserat verktyg som effektiviserar hanteringen av f\u00e4ltservice. Det anv\u00e4nds av servicetekniker, administrativa team och chefer och g\u00f6r att vi kan h\u00f6ja niv\u00e5n p\u00e5 v\u00e5r servicesupport och \u00f6ka den operativa h\u00e5llbarheten genom att effektivisera processer, st\u00e4rka v\u00e5r kundsupport och eliminera pappersarbete. <\/p>\n<\/div>\n                                            <\/div>\n        <\/div>\n      <\/div>\n    <\/div>\n<\/section>\n\n<section class=\"cta-banner bg-black text-white  pt-0 pb-6 lg:pb-12\">\n    <div class=\"relative\">\n                    <div class=\"cta-banner-overlay relative\">\n                <picture class=\"w-full\"><source media=\"(max-width:639px)\" srcset=\"https:\/\/images.ohmyhosting.se\/WktqUiNRg1ZhevXtlEJW64a-tD4=\/399x377\/smart\/filters:quality(85)\/https%3A%2F%2Falimak.com%2Fwp-content%2Fuploads%2F2025%2F09%2Fd0a64875c3850e6181fa105f72a620985d5364a6.jpg 1x, https:\/\/images.ohmyhosting.se\/uHFfZRUPh8JOF6Zz_y6rSTfDpak=\/798x754\/smart\/filters:quality(85)\/https%3A%2F%2Falimak.com%2Fwp-content%2Fuploads%2F2025%2F09%2Fd0a64875c3850e6181fa105f72a620985d5364a6.jpg 2x\"><source media=\"(max-width:1022px)\" srcset=\"https:\/\/images.ohmyhosting.se\/_7lhKdPe2AiFfxT-8EBHRxRmEX8=\/805x760\/smart\/filters:quality(85)\/https%3A%2F%2Falimak.com%2Fwp-content%2Fuploads%2F2025%2F09%2Fd0a64875c3850e6181fa105f72a620985d5364a6.jpg 1x, https:\/\/images.ohmyhosting.se\/k3XpmDwMeHPL_Yzc_ybXgBj6up8=\/1610x1520\/smart\/filters:quality(85)\/https%3A%2F%2Falimak.com%2Fwp-content%2Fuploads%2F2025%2F09%2Fd0a64875c3850e6181fa105f72a620985d5364a6.jpg 2x\"><img decoding=\"async\" src=\"https:\/\/images.ohmyhosting.se\/lIW3Hg0Fn-6CZ8-JoXTC4w5tQhA=\/2545x1053\/smart\/filters:quality(85)\/https%3A%2F%2Falimak.com%2Fwp-content%2Fuploads%2F2025%2F09%2Fd0a64875c3850e6181fa105f72a620985d5364a6.jpg\" srcset=\"https:\/\/images.ohmyhosting.se\/lIW3Hg0Fn-6CZ8-JoXTC4w5tQhA=\/2545x1053\/smart\/filters:quality(85)\/https%3A%2F%2Falimak.com%2Fwp-content%2Fuploads%2F2025%2F09%2Fd0a64875c3850e6181fa105f72a620985d5364a6.jpg 1x, https:\/\/images.ohmyhosting.se\/kBPWqXpAi4O3Ic8XAeAxPcvYsts=\/5090x2106\/smart\/filters:quality(85)\/https%3A%2F%2Falimak.com%2Fwp-content%2Fuploads%2F2025%2F09%2Fd0a64875c3850e6181fa105f72a620985d5364a6.jpg 2x\" alt=\"\" class=\"w-full w-full h-full object-cover\" width=\"2545\" height=\"1053\" \/><\/picture>            <\/div>\n                <div class=\"absolute inset-0 z-[2]\">\n            <div class=\"holder\">\n                <div class=\"grid grid-cols-12 gap-4\">\n                    <div class=\"col-span-12 lg:col-span-6 lg:col-start-7 pt-16\">\n                        <h3 class=\"text-28 md:text-44 lg:max-w-[500px] leading-tight\">Kontakta oss f\u00f6r mer information eller en offert<\/h3>\n                                                    <div class=\"mt-8\">\n                                <a class=\"btn\" href=\"https:\/\/alimak.com\/sv\/kontakta-oss\/\" target=\"\">\n                                    <span>Kontakta oss<\/span>\n                                    <span>\n                                        <svg width=\"24\" height=\"11\" viewBox=\"0 0 24 11\" fill=\"none\" xmlns=\"http:\/\/www.w3.org\/2000\/svg\">\n                                        <path d=\"M0 5.5H22\" stroke=\"black\" stroke-width=\"1.5\"\/>\n                                        <path d=\"M17.5 1L22 5.5L17.5 10\" stroke=\"black\" stroke-width=\"1.5\"\/>\n                                        <\/svg>\n                                    <\/span>\n                                <\/a>\n                            <\/div>\n                                            <\/div>\n                <\/div>\n            <\/div>\n        <\/div>\n    <\/div>\n<\/section>\n","protected":false},"excerpt":{"rendered":"<p>Alimak tillhandah\u00e5ller branschledande produkt- och kundsupporttj\u00e4nster till \u00e4gare och operat\u00f6rer av Alimaks permanenta vertikala accessutrustning. Med ett globalt servicen\u00e4tverk som&#8230;<\/p>\n","protected":false},"author":1,"featured_media":0,"parent":14773,"menu_order":0,"comment_status":"closed","ping_status":"closed","template":"","meta":{"_acf_changed":false,"footnotes":""},"class_list":["post-14036","page","type-page","status-publish","hentry"],"acf":[],"yoast_head":"<!-- This site is optimized with the Yoast SEO plugin v27.3 - https:\/\/yoast.com\/product\/yoast-seo-wordpress\/ -->\n<title>Reservdelar och service (permanent) - Alimak<\/title>\n<meta name=\"robots\" content=\"index, follow, max-snippet:-1, max-image-preview:large, max-video-preview:-1\" \/>\n<link rel=\"canonical\" href=\"https:\/\/alimak.com\/sv\/permanenta-losningar\/reservdelar-och-service-permanent\/\" \/>\n<meta property=\"og:locale\" content=\"sv_SE\" \/>\n<meta property=\"og:type\" content=\"article\" \/>\n<meta property=\"og:title\" content=\"Reservdelar och service (permanent) - Alimak\" \/>\n<meta property=\"og:description\" content=\"Alimak tillhandah\u00e5ller branschledande produkt- och kundsupporttj\u00e4nster till \u00e4gare och operat\u00f6rer av Alimaks permanenta vertikala accessutrustning. Med ett globalt servicen\u00e4tverk som...\" \/>\n<meta property=\"og:url\" content=\"https:\/\/alimak.com\/sv\/permanenta-losningar\/reservdelar-och-service-permanent\/\" \/>\n<meta property=\"og:site_name\" content=\"Alimak\" \/>\n<meta property=\"article:modified_time\" content=\"2026-03-18T12:50:44+00:00\" \/>\n<meta name=\"twitter:card\" content=\"summary_large_image\" \/>\n<script type=\"application\/ld+json\" class=\"yoast-schema-graph\">{\"@context\":\"https:\\\/\\\/schema.org\",\"@graph\":[{\"@type\":\"WebPage\",\"@id\":\"https:\\\/\\\/alimak.com\\\/sv\\\/permanenta-losningar\\\/reservdelar-och-service-permanent\\\/\",\"url\":\"https:\\\/\\\/alimak.com\\\/sv\\\/permanenta-losningar\\\/reservdelar-och-service-permanent\\\/\",\"name\":\"Reservdelar och service (permanent) - Alimak\",\"isPartOf\":{\"@id\":\"https:\\\/\\\/alimak.com\\\/#website\"},\"datePublished\":\"2025-08-26T10:41:16+00:00\",\"dateModified\":\"2026-03-18T12:50:44+00:00\",\"breadcrumb\":{\"@id\":\"https:\\\/\\\/alimak.com\\\/sv\\\/permanenta-losningar\\\/reservdelar-och-service-permanent\\\/#breadcrumb\"},\"inLanguage\":\"sv-SE\",\"potentialAction\":[{\"@type\":\"ReadAction\",\"target\":[\"https:\\\/\\\/alimak.com\\\/sv\\\/permanenta-losningar\\\/reservdelar-och-service-permanent\\\/\"]}]},{\"@type\":\"BreadcrumbList\",\"@id\":\"https:\\\/\\\/alimak.com\\\/sv\\\/permanenta-losningar\\\/reservdelar-och-service-permanent\\\/#breadcrumb\",\"itemListElement\":[{\"@type\":\"ListItem\",\"position\":1,\"name\":\"Home\",\"item\":\"https:\\\/\\\/alimak.com\\\/sv\\\/\"},{\"@type\":\"ListItem\",\"position\":2,\"name\":\"Permanenta l\u00f6sningar\",\"item\":\"https:\\\/\\\/alimak.com\\\/sv\\\/permanenta-losningar\\\/\"},{\"@type\":\"ListItem\",\"position\":3,\"name\":\"Reservdelar och service (permanent)\"}]},{\"@type\":\"WebSite\",\"@id\":\"https:\\\/\\\/alimak.com\\\/#website\",\"url\":\"https:\\\/\\\/alimak.com\\\/\",\"name\":\"Alimak\",\"description\":\"\",\"potentialAction\":[{\"@type\":\"SearchAction\",\"target\":{\"@type\":\"EntryPoint\",\"urlTemplate\":\"https:\\\/\\\/alimak.com\\\/?s={search_term_string}\"},\"query-input\":{\"@type\":\"PropertyValueSpecification\",\"valueRequired\":true,\"valueName\":\"search_term_string\"}}],\"inLanguage\":\"sv-SE\"}]}<\/script>\n<!-- \/ Yoast SEO plugin. -->","yoast_head_json":{"title":"Reservdelar och service (permanent) - Alimak","robots":{"index":"index","follow":"follow","max-snippet":"max-snippet:-1","max-image-preview":"max-image-preview:large","max-video-preview":"max-video-preview:-1"},"canonical":"https:\/\/alimak.com\/sv\/permanenta-losningar\/reservdelar-och-service-permanent\/","og_locale":"sv_SE","og_type":"article","og_title":"Reservdelar och service (permanent) - Alimak","og_description":"Alimak tillhandah\u00e5ller branschledande produkt- och kundsupporttj\u00e4nster till \u00e4gare och operat\u00f6rer av Alimaks permanenta vertikala accessutrustning. Med ett globalt servicen\u00e4tverk som...","og_url":"https:\/\/alimak.com\/sv\/permanenta-losningar\/reservdelar-och-service-permanent\/","og_site_name":"Alimak","article_modified_time":"2026-03-18T12:50:44+00:00","twitter_card":"summary_large_image","schema":{"@context":"https:\/\/schema.org","@graph":[{"@type":"WebPage","@id":"https:\/\/alimak.com\/sv\/permanenta-losningar\/reservdelar-och-service-permanent\/","url":"https:\/\/alimak.com\/sv\/permanenta-losningar\/reservdelar-och-service-permanent\/","name":"Reservdelar och service (permanent) - Alimak","isPartOf":{"@id":"https:\/\/alimak.com\/#website"},"datePublished":"2025-08-26T10:41:16+00:00","dateModified":"2026-03-18T12:50:44+00:00","breadcrumb":{"@id":"https:\/\/alimak.com\/sv\/permanenta-losningar\/reservdelar-och-service-permanent\/#breadcrumb"},"inLanguage":"sv-SE","potentialAction":[{"@type":"ReadAction","target":["https:\/\/alimak.com\/sv\/permanenta-losningar\/reservdelar-och-service-permanent\/"]}]},{"@type":"BreadcrumbList","@id":"https:\/\/alimak.com\/sv\/permanenta-losningar\/reservdelar-och-service-permanent\/#breadcrumb","itemListElement":[{"@type":"ListItem","position":1,"name":"Home","item":"https:\/\/alimak.com\/sv\/"},{"@type":"ListItem","position":2,"name":"Permanenta l\u00f6sningar","item":"https:\/\/alimak.com\/sv\/permanenta-losningar\/"},{"@type":"ListItem","position":3,"name":"Reservdelar och service (permanent)"}]},{"@type":"WebSite","@id":"https:\/\/alimak.com\/#website","url":"https:\/\/alimak.com\/","name":"Alimak","description":"","potentialAction":[{"@type":"SearchAction","target":{"@type":"EntryPoint","urlTemplate":"https:\/\/alimak.com\/?s={search_term_string}"},"query-input":{"@type":"PropertyValueSpecification","valueRequired":true,"valueName":"search_term_string"}}],"inLanguage":"sv-SE"}]}},"_links":{"self":[{"href":"https:\/\/alimak.com\/sv\/wp-json\/wp\/v2\/pages\/14036","targetHints":{"allow":["GET"]}}],"collection":[{"href":"https:\/\/alimak.com\/sv\/wp-json\/wp\/v2\/pages"}],"about":[{"href":"https:\/\/alimak.com\/sv\/wp-json\/wp\/v2\/types\/page"}],"author":[{"embeddable":true,"href":"https:\/\/alimak.com\/sv\/wp-json\/wp\/v2\/users\/1"}],"replies":[{"embeddable":true,"href":"https:\/\/alimak.com\/sv\/wp-json\/wp\/v2\/comments?post=14036"}],"version-history":[{"count":1,"href":"https:\/\/alimak.com\/sv\/wp-json\/wp\/v2\/pages\/14036\/revisions"}],"predecessor-version":[{"id":14040,"href":"https:\/\/alimak.com\/sv\/wp-json\/wp\/v2\/pages\/14036\/revisions\/14040"}],"up":[{"embeddable":true,"href":"https:\/\/alimak.com\/sv\/wp-json\/wp\/v2\/pages\/14773"}],"wp:attachment":[{"href":"https:\/\/alimak.com\/sv\/wp-json\/wp\/v2\/media?parent=14036"}],"curies":[{"name":"wp","href":"https:\/\/api.w.org\/{rel}","templated":true}]}}