{"id":14090,"date":"2025-11-12T12:46:22","date_gmt":"2025-11-12T12:46:22","guid":{"rendered":"https:\/\/alimak.com\/hantering-av-tillgangsdata\/"},"modified":"2026-03-19T15:15:10","modified_gmt":"2026-03-19T15:15:10","slug":"hantering-av-tillgangsdata","status":"publish","type":"page","link":"https:\/\/alimak.com\/sv\/hantering-av-tillgangsdata\/","title":{"rendered":"Hantering av tillg\u00e5ngsdata"},"content":{"rendered":"\n<section class=\"small-hero border-b bg-white text-black border-lightGrey pt-0 pb-0\">\n    \n        <div class=\"holder pt-36 md:pt-44\">\n            <div class=\"grid grid-cols-12 gap-4 pb-16\">\n                <div class=\"col-span-12 lg:col-span-7\">\n                                        <h1 class=\"text-28 md:text-52 leading-[1.3] lg:max-w-[625px]\"><p>Hantering av tillg\u00e5ngsdata<\/p>\n<\/h1>\n                    <div class=\"wysiwyg pt-5 leading-[1.6] lg:block lg:max-w-[767px]\"><p>Detta uttalande om hantering av tillg\u00e5ngsdata beskriver praxis f\u00f6r Alimak Group AB och dess koncernbolag enligt bilaga A (\u201dAlimak Group\u201d, \u201dvi\u201d, \u201doss\u201d eller \u201dv\u00e5r\u201d) f\u00f6r insamling, lagring och anv\u00e4ndning av data fr\u00e5n Alimak Groups maskiner, produkter och andra tillg\u00e5ngar som drivs av eller p\u00e5 uppdrag av kunder (\u201dTillg\u00e5ngar\u201d).<\/p>\n<p>V\u00e5r integritetspolicy beskriver hur vi hanterar personuppgifter, det vill s\u00e4ga information som kan anv\u00e4ndas f\u00f6r att identifiera en individ. <\/p>\n<\/div>\n                <\/div>\n            <\/div>\n        <\/div>\n\n    <\/section>\n<section class=\"regular-text-block bg-white pt-6 lg:pt-12 pb-6 lg:pb-12\">\n    <div class=\"holder\">\n        <div class=\"grid grid-cols-12 gap-4\">\n            <div class=\"col-span-12 lg:col-span-3 hidden lg:block\">\n            <\/div>\n            <main class=\"col-span-12 lg:col-span-9\">\n\n                <div class=\"wysiwyg-article mb-12\">\n                    <h3>Vilka data vi kan samla in<\/h3>\n<h4>Systemdata<\/h4>\n<p>Systemdata \u00e4r information som \u00f6verf\u00f6rs till oss via digitala plattformar (\u201dPlattformar\u201d), My Alimak, My BMU, A3 och liknande applikationer (\u201dApplikationer\u201d) samt via telematik (och liknande enheter) (\u201dEnheter\u201d) (vi anv\u00e4nder termen \u201dDigitala erbjudanden\u201d f\u00f6r att gemensamt referera till alla Applikationer och Enheter som vi anv\u00e4nder), vilket kan inkludera:<\/p>\n<ul>\n<li>Information om enheter, tillg\u00e5ngar och komponenter, inklusive modellnummer, serienummer, ordernummer, versionsnummer f\u00f6r programvara och maskinvara, prestanda och konfiguration, inklusive arbetsverktyg eller andra kringutrustningar anslutna till tillg\u00e5ngar.<\/li>\n<li>Elektroniska data, inklusive sensorloggar, trender, histogram, h\u00e4ndelsedata, andra varningar, digitala tillst\u00e5ndsdata, felkoder, drifttimmar, elektroniska datafiler som laddats ner manuellt eller automatiskt fr\u00e5n en tillg\u00e5ng, fels\u00f6kningsdata och andra data, beroende p\u00e5 kunden och tillg\u00e5ngen samt den kommunikationskanal som anv\u00e4nds av en enhet.<\/li>\n<li>Information om enhetsplats, inklusive den fysiska platsen f\u00f6r en tillg\u00e5ng (t.ex. fastst\u00e4lld med hj\u00e4lp av satellit-, GPS-, mobilmast-, Bluetooth- eller Wi-Fi-signaler).<\/li>\n<li>Data fr\u00e5n h\u00e4ndelseregistrering, inklusive plats, hastighet och riktning.<\/li>\n<li>Service- och underh\u00e5llshistorik, inklusive arbetsorder (register \u00f6ver allt underh\u00e5ll, reparationer, reservdelsink\u00f6p, utbyten och modifieringar av en tillg\u00e5ng), komponentlivsl\u00e4ngd (historik \u00f6ver anv\u00e4ndning och slitage f\u00f6r en komponent), underh\u00e5llsschema, planerat underh\u00e5ll, garantit\u00e4ckningsdata, underh\u00e5lls- och reparationsavtal, serviceintervaller (schemalagda intervaller f\u00f6r planerat underh\u00e5ll eller komponentutbyten f\u00f6r en tillg\u00e5ng), komponentlistor (listor \u00f6ver delar som utg\u00f6r en tillg\u00e5ng) och servicemeddelanden (som beskriver s\u00e4rskilda service\u00e5tg\u00e4rder som rekommenderas av tillverkare f\u00f6r att \u00e5tg\u00e4rda ett k\u00e4nt problem med en tillg\u00e5ng).<\/li>\n<li>Plats- och milj\u00f6f\u00f6rh\u00e5llanden.<\/li>\n<li>Anv\u00e4ndningsm\u00f6nster, inklusive all anv\u00e4ndardefinierad information relaterad till en produkt som ni tillhandah\u00e5ller oss via ett digitalt erbjudande.<\/li>\n<\/ul>\n<h3>Hur vi kan samla in data<\/h3>\n<h4>Data som samlas in genom er anv\u00e4ndning av v\u00e5ra produkter och\/eller tj\u00e4nster<\/h4>\n<p>Vi kan samla in information om er anv\u00e4ndning av v\u00e5ra produkter och\/eller tj\u00e4nster. Till exempel: <\/p>\n<ul>\n<li><strong>Via plattformar \/ applikationer \/ enheter:<\/strong> Vi kan ta emot information direkt via mobil- eller satellitl\u00e4nk, eller radio- eller Ethernet-anslutning fr\u00e5n tillg\u00e5ngar utrustade med en applikation eller en enhet som antingen var f\u00f6rinstallerad eller installerad av oss, vilket kan inkludera systemdata.<\/li>\n<li>Vi kan \u00e4ven ta emot information genom er anv\u00e4ndning av v\u00e5ra tj\u00e4nster f\u00f6r enkel inloggning (single sign-on). Dessa tj\u00e4nster g\u00f6r det m\u00f6jligt f\u00f6r oss att anv\u00e4nda era inloggningsuppgifter f\u00f6r att autentisera er identitet och ge er m\u00f6jlighet att dela viss personlig information med oss.<\/li>\n<\/ul>\n<h4>Andra s\u00e4tt vi samlar in information p\u00e5<\/h4>\n<p>Vi kan \u00e4ven samla in annan information om er, er enhet eller er anv\u00e4ndning av tj\u00e4nsterna p\u00e5 s\u00e4tt som vi beskriver f\u00f6r er vid insamlingstillf\u00e4llet eller p\u00e5 annat s\u00e4tt med ert samtycke. Ni kan v\u00e4lja att inte tillhandah\u00e5lla oss vissa typer av information, men det kan p\u00e5verka er f\u00f6rm\u00e5ga att anv\u00e4nda vissa av produkterna och tj\u00e4nsterna. <\/p>\n<h4>Hur vi kan anv\u00e4nda information<\/h4>\n<p>Vi kan anv\u00e4nda insamlad information f\u00f6r bland annat f\u00f6ljande \u00e4ndam\u00e5l:<\/p>\n<h4>F\u00f6r att tillhandah\u00e5lla tj\u00e4nster till er och andra:<\/h4>\n<ul>\n<li>F\u00f6r att g\u00f6ra det m\u00f6jligt f\u00f6r er att \u00f6vervaka tillg\u00e5ngarnas status, att slutf\u00f6ra och uppfylla best\u00e4llningar samt att kommunicera med er g\u00e4llande ert k\u00f6p eller hyra av tillg\u00e5ngar och ert k\u00f6p av reservdelar, samt f\u00f6r att tillhandah\u00e5lla relaterad kundservice.<\/li>\n<li>F\u00f6r att uppfylla kundsupportavtal, utf\u00f6ra underh\u00e5ll och reparationer samt leverera hyrda tillg\u00e5ngar eller delar.<\/li>\n<li>F\u00f6r att ge rekommendationer g\u00e4llande s\u00e4kerhet, tillg\u00e5ngarnas h\u00e4lsa och underh\u00e5ll.<\/li>\n<li>F\u00f6r att f\u00f6rb\u00e4ttra s\u00e4kerheten vid maskindrift, inklusive genom att sp\u00e5ra n\u00e4rhet till tillg\u00e5ngar eller andra f\u00f6rem\u00e5l.<\/li>\n<li>F\u00f6r att m\u00f6jligg\u00f6ra fj\u00e4rrfels\u00f6kning.<\/li>\n<li>F\u00f6r att tillhandah\u00e5lla platsbaserade tj\u00e4nster och inneh\u00e5ll till er.<\/li>\n<\/ul>\n<h4>F\u00f6r andra allm\u00e4nna aff\u00e4rs\u00e4ndam\u00e5l:<\/h4>\n<ul>\n<li>F\u00f6r att genomf\u00f6ra marknadsunders\u00f6kningar.<\/li>\n<li>F\u00f6r att utf\u00f6ra dataanalys, revisioner, f\u00f6rb\u00e4ttra produkter, utveckla nya produkter, f\u00f6rst\u00e4rka, f\u00f6rb\u00e4ttra eller modifiera v\u00e5ra digitala erbjudanden, identifiera anv\u00e4ndningstrender och driva samt expandera v\u00e5r aff\u00e4rsverksamhet, samt f\u00f6r statistisk analys baserad p\u00e5 aggregerade och avidentifierade data, s\u00e5som benchmarking-rapporter.<\/li>\n<li>F\u00f6r att tillhandah\u00e5lla tj\u00e4nster till kunder, hantera arbetsfl\u00f6den, \u00f6vervaka reparationer, planera framtida underh\u00e5ll och service samt fels\u00f6ka problem.<\/li>\n<li>F\u00f6r att validera effektiviteten av rekommendationer, l\u00f6sa klagom\u00e5l och uppfylla best\u00e4llningar.<\/li>\n<li>F\u00f6r att hantera lager av tillg\u00e5ngar och delar i syfte att tillhandah\u00e5lla maskiner, delar och tj\u00e4nster till er.<\/li>\n<li>F\u00f6r att hantera en flotta av \u00e4gda eller hyrda tillg\u00e5ngar.<\/li>\n<li>F\u00f6r att utveckla digitala applikationer.<\/li>\n<\/ul>\n<h4>Hur vi kan l\u00e4mna ut information<\/h4>\n<p>Ut\u00f6ver vad som beskrivs i detta uttalande om hantering av tillg\u00e5ngsdata kan vi \u00e4ven l\u00e4mna ut information:<\/p>\n<ul>\n<li>Till v\u00e5ra dotterbolag, inklusive v\u00e5ra auktoriserade \u00e5terf\u00f6rs\u00e4ljare och representanter, f\u00f6r att leverera de produkter och tj\u00e4nster som ni har beg\u00e4rt.<\/li>\n<li>Till \u00e4gare av tillg\u00e5ngar, f\u00f6r att g\u00f6ra det m\u00f6jligt f\u00f6r dem att hantera anv\u00e4ndningen av sin tillg\u00e5ng.<\/li>\n<li>Till komponenttillverkare, f\u00f6r att g\u00f6ra det m\u00f6jligt f\u00f6r dem att studera anv\u00e4ndningen av sina produkter, f\u00f6rb\u00e4ttra sina produkter och utveckla nya produkter.<\/li>\n<li>Till agenter, tj\u00e4nsteleverant\u00f6rer och andra tredje parter som anlitats av eller g\u00f6r aff\u00e4rer med \u00e4gare av tillg\u00e5ngar, och som har f\u00f6rvaltningsansvar f\u00f6r tillg\u00e5ngen.<\/li>\n<li>Till en n\u00e4rst\u00e5ende tredje part i h\u00e4ndelse av omorganisation, fusion, f\u00f6rs\u00e4ljning, joint venture, \u00f6verl\u00e5telse, \u00f6verf\u00f6ring eller annan avyttring av hela eller delar av v\u00e5r verksamhet, tillg\u00e5ngar eller aktier (inklusive i samband med konkurs eller liknande f\u00f6rfaranden).<\/li>\n<li>Till en n\u00e4rst\u00e5ende tredje part i h\u00e4ndelse av omorganisation, fusion, f\u00f6rs\u00e4ljning, joint venture, \u00f6verl\u00e5telse, \u00f6verf\u00f6ring eller annan avyttring av hela eller delar av v\u00e5r verksamhet, tillg\u00e5ngar eller aktier (inklusive i samband med konkurs eller liknande f\u00f6rfaranden).<\/li>\n<li>Till ytterligare mottagare enligt \u00f6verenskommelse mellan er och oss.<\/li>\n<\/ul>\n<h4>S\u00e4kerhet<\/h4>\n<p>Vi har implementerat rimliga organisatoriska, tekniska och administrativa \u00e5tg\u00e4rder utformade f\u00f6r att skydda information inom v\u00e5r organisation. Tyv\u00e4rr kan inget system f\u00f6r data\u00f6verf\u00f6ring eller lagring garanteras vara 100 % s\u00e4kert. Om ni har anledning att tro att er interaktion med oss inte l\u00e4ngre \u00e4r s\u00e4ker (till exempel om ni upplever att s\u00e4kerheten f\u00f6r ert konto har \u00e4ventyrats), v\u00e4nligen meddela oss omedelbart i enlighet med avsnittet \u201dKontakta oss\u201d nedan.  <\/p>\n<h4>Uppdateringar av detta styrningsdokument<\/h4>\n<p>Vi kan komma att \u00e4ndra detta uttalande om hantering av tillg\u00e5ngsdata fr\u00e5n tid till annan och utan f\u00f6rvarning. Texten \u201dSENAST UPPDATERAD\u201d l\u00e4ngst ner p\u00e5 denna sida anger n\u00e4r detta uttalande senast reviderades. <\/p>\n<p>I alla h\u00e4ndelser och under alla omst\u00e4ndigheter samlar vi in, anv\u00e4nder och l\u00e4mnar ut data endast p\u00e5 ett s\u00e4tt som \u00e4r till\u00e5tet enligt till\u00e4mpliga lagar och f\u00f6rordningar.<\/p>\n<h4>Bilaga A<\/h4>\n<h4>Bolag inom Alimak Group<\/h4>\n<ul>\n<li>Alimak do Brasil Elevadores Ltda<\/li>\n<li>Alimak Group Australia Pty. Ltd <\/li>\n<li>Alimak Group Benelux BV Nederl\u00e4nderna<\/li>\n<li>Alimak Group Benelux NV Belgien<\/li>\n<li>Alimak Group BMU (Shanghai) Co. Ltd <\/li>\n<li>Alimak Group Canada Ltd<\/li>\n<li>Alimak Group Denmark A\/S<\/li>\n<li>Alimak Group Deutschland GmbH<\/li>\n<li>Alimak Group France SAS<\/li>\n<li>Alimak Group Hong Kong Ltd<\/li>\n<li>Alimak Group India Pvt. Ltd <\/li>\n<li>Alimak Group Italy srl<\/li>\n<li>Alimak Group Korea Co. Ltd <\/li>\n<li>Alimak Group Malaysia Sdn. Bhd <\/li>\n<li>Alimak Group Management AB<\/li>\n<li>Alimak Group Manufacturing SL<\/li>\n<li>Alimak Group Norway AS<\/li>\n<li>Alimak Group Singapore Pte. Ltd <\/li>\n<li>Alimak Group Sweden AB<\/li>\n<li>Alimak Group Swiss AG<\/li>\n<li>Alimak Group UK Ltd<\/li>\n<li>Alimak Group USA Inc<\/li>\n<li>Alimak Group Vertical Access Equipment Co. Ltd <\/li>\n<li>Avanti Brasil Sistemas Eolicos Ltda<\/li>\n<li>Avanti Wind Eng. Tech. Guangdong Co Ltd  <\/li>\n<li>Avanti Wind Systems Co. Ltd. Shanghai  <\/li>\n<li>Avanti Wind Systems India Pvt. Ltd <\/li>\n<li>Avanti Wind Systems SL<\/li>\n<li>Avanti Wind Systems SL<\/li>\n<li>Avanti Wind Systems Techn. SL <\/li>\n<li>Cento Engineering Company Ltd.<\/li>\n<li>Cox Gomyl Macau Ltd.<\/li>\n<li>Cox Gomyl Operations SAU<\/li>\n<li>Cox Gomyl Shenzhen Co. Ltd <\/li>\n<li>EW Cox Middle East LLC<\/li>\n<li>James Hickey Industrial Traning School Ltd<\/li>\n<li>Manntech (HK) Ltd<\/li>\n<\/ul>\n<h4>Vart man v\u00e4nder sig f\u00f6r fr\u00e5gor och ytterligare information<\/h4>\n<p>F\u00f6r fr\u00e5gor om detta uttalande, v\u00e4nligen kontakta oss via e-post p\u00e5 <a href=\"mailto:privacy@alimakgroup.com\">privacy@alimakgroup.com<\/a> eller via vanlig post till adressen nedan: <\/p>\n<p>Alimak Group AB (publ)<br \/>\nAtt: Global Data Protection Manager<br \/>\nBlekholmstorget 30<br \/>\n111 64 Stockholm<\/p>\n<p>Senast \u00e4ndrad: 7 januari 2026<\/p>\n                <\/div>\n\n                            <\/main>\n        <\/div>\n    <\/div>\n<\/section>\n","protected":false},"excerpt":{"rendered":"<p>Detta uttalande om hantering av tillg\u00e5ngsdata beskriver praxis f\u00f6r Alimak Group AB och dess koncernbolag enligt bilaga A (\u201dAlimak Group\u201d,&#8230;<\/p>\n","protected":false},"author":2,"featured_media":0,"parent":0,"menu_order":0,"comment_status":"closed","ping_status":"closed","template":"","meta":{"_acf_changed":false,"footnotes":""},"class_list":["post-14090","page","type-page","status-publish","hentry"],"acf":[],"yoast_head":"<!-- This site is optimized with the Yoast SEO plugin v27.3 - https:\/\/yoast.com\/product\/yoast-seo-wordpress\/ -->\n<title>Hantering av tillg\u00e5ngsdata - Alimak<\/title>\n<meta name=\"robots\" content=\"index, follow, max-snippet:-1, max-image-preview:large, max-video-preview:-1\" \/>\n<link rel=\"canonical\" href=\"https:\/\/alimak.com\/sv\/hantering-av-tillgangsdata\/\" \/>\n<meta property=\"og:locale\" content=\"sv_SE\" \/>\n<meta property=\"og:type\" content=\"article\" \/>\n<meta property=\"og:title\" content=\"Hantering av tillg\u00e5ngsdata - Alimak\" \/>\n<meta property=\"og:description\" content=\"Detta uttalande om hantering av tillg\u00e5ngsdata beskriver praxis f\u00f6r Alimak Group AB och dess koncernbolag enligt bilaga A (\u201dAlimak Group\u201d,...\" \/>\n<meta property=\"og:url\" content=\"https:\/\/alimak.com\/sv\/hantering-av-tillgangsdata\/\" \/>\n<meta property=\"og:site_name\" content=\"Alimak\" \/>\n<meta property=\"article:modified_time\" content=\"2026-03-19T15:15:10+00:00\" \/>\n<meta name=\"twitter:card\" content=\"summary_large_image\" \/>\n<script type=\"application\/ld+json\" class=\"yoast-schema-graph\">{\"@context\":\"https:\\\/\\\/schema.org\",\"@graph\":[{\"@type\":\"WebPage\",\"@id\":\"https:\\\/\\\/alimak.com\\\/sv\\\/hantering-av-tillgangsdata\\\/\",\"url\":\"https:\\\/\\\/alimak.com\\\/sv\\\/hantering-av-tillgangsdata\\\/\",\"name\":\"Hantering av tillg\u00e5ngsdata - Alimak\",\"isPartOf\":{\"@id\":\"https:\\\/\\\/alimak.com\\\/#website\"},\"datePublished\":\"2025-11-12T12:46:22+00:00\",\"dateModified\":\"2026-03-19T15:15:10+00:00\",\"breadcrumb\":{\"@id\":\"https:\\\/\\\/alimak.com\\\/sv\\\/hantering-av-tillgangsdata\\\/#breadcrumb\"},\"inLanguage\":\"sv-SE\",\"potentialAction\":[{\"@type\":\"ReadAction\",\"target\":[\"https:\\\/\\\/alimak.com\\\/sv\\\/hantering-av-tillgangsdata\\\/\"]}]},{\"@type\":\"BreadcrumbList\",\"@id\":\"https:\\\/\\\/alimak.com\\\/sv\\\/hantering-av-tillgangsdata\\\/#breadcrumb\",\"itemListElement\":[{\"@type\":\"ListItem\",\"position\":1,\"name\":\"Home\",\"item\":\"https:\\\/\\\/alimak.com\\\/sv\\\/\"},{\"@type\":\"ListItem\",\"position\":2,\"name\":\"Hantering av tillg\u00e5ngsdata\"}]},{\"@type\":\"WebSite\",\"@id\":\"https:\\\/\\\/alimak.com\\\/#website\",\"url\":\"https:\\\/\\\/alimak.com\\\/\",\"name\":\"Alimak\",\"description\":\"\",\"potentialAction\":[{\"@type\":\"SearchAction\",\"target\":{\"@type\":\"EntryPoint\",\"urlTemplate\":\"https:\\\/\\\/alimak.com\\\/?s={search_term_string}\"},\"query-input\":{\"@type\":\"PropertyValueSpecification\",\"valueRequired\":true,\"valueName\":\"search_term_string\"}}],\"inLanguage\":\"sv-SE\"}]}<\/script>\n<!-- \/ Yoast SEO plugin. -->","yoast_head_json":{"title":"Hantering av tillg\u00e5ngsdata - Alimak","robots":{"index":"index","follow":"follow","max-snippet":"max-snippet:-1","max-image-preview":"max-image-preview:large","max-video-preview":"max-video-preview:-1"},"canonical":"https:\/\/alimak.com\/sv\/hantering-av-tillgangsdata\/","og_locale":"sv_SE","og_type":"article","og_title":"Hantering av tillg\u00e5ngsdata - Alimak","og_description":"Detta uttalande om hantering av tillg\u00e5ngsdata beskriver praxis f\u00f6r Alimak Group AB och dess koncernbolag enligt bilaga A (\u201dAlimak Group\u201d,...","og_url":"https:\/\/alimak.com\/sv\/hantering-av-tillgangsdata\/","og_site_name":"Alimak","article_modified_time":"2026-03-19T15:15:10+00:00","twitter_card":"summary_large_image","schema":{"@context":"https:\/\/schema.org","@graph":[{"@type":"WebPage","@id":"https:\/\/alimak.com\/sv\/hantering-av-tillgangsdata\/","url":"https:\/\/alimak.com\/sv\/hantering-av-tillgangsdata\/","name":"Hantering av tillg\u00e5ngsdata - Alimak","isPartOf":{"@id":"https:\/\/alimak.com\/#website"},"datePublished":"2025-11-12T12:46:22+00:00","dateModified":"2026-03-19T15:15:10+00:00","breadcrumb":{"@id":"https:\/\/alimak.com\/sv\/hantering-av-tillgangsdata\/#breadcrumb"},"inLanguage":"sv-SE","potentialAction":[{"@type":"ReadAction","target":["https:\/\/alimak.com\/sv\/hantering-av-tillgangsdata\/"]}]},{"@type":"BreadcrumbList","@id":"https:\/\/alimak.com\/sv\/hantering-av-tillgangsdata\/#breadcrumb","itemListElement":[{"@type":"ListItem","position":1,"name":"Home","item":"https:\/\/alimak.com\/sv\/"},{"@type":"ListItem","position":2,"name":"Hantering av tillg\u00e5ngsdata"}]},{"@type":"WebSite","@id":"https:\/\/alimak.com\/#website","url":"https:\/\/alimak.com\/","name":"Alimak","description":"","potentialAction":[{"@type":"SearchAction","target":{"@type":"EntryPoint","urlTemplate":"https:\/\/alimak.com\/?s={search_term_string}"},"query-input":{"@type":"PropertyValueSpecification","valueRequired":true,"valueName":"search_term_string"}}],"inLanguage":"sv-SE"}]}},"_links":{"self":[{"href":"https:\/\/alimak.com\/sv\/wp-json\/wp\/v2\/pages\/14090","targetHints":{"allow":["GET"]}}],"collection":[{"href":"https:\/\/alimak.com\/sv\/wp-json\/wp\/v2\/pages"}],"about":[{"href":"https:\/\/alimak.com\/sv\/wp-json\/wp\/v2\/types\/page"}],"author":[{"embeddable":true,"href":"https:\/\/alimak.com\/sv\/wp-json\/wp\/v2\/users\/2"}],"replies":[{"embeddable":true,"href":"https:\/\/alimak.com\/sv\/wp-json\/wp\/v2\/comments?post=14090"}],"version-history":[{"count":1,"href":"https:\/\/alimak.com\/sv\/wp-json\/wp\/v2\/pages\/14090\/revisions"}],"predecessor-version":[{"id":14091,"href":"https:\/\/alimak.com\/sv\/wp-json\/wp\/v2\/pages\/14090\/revisions\/14091"}],"wp:attachment":[{"href":"https:\/\/alimak.com\/sv\/wp-json\/wp\/v2\/media?parent=14090"}],"curies":[{"name":"wp","href":"https:\/\/api.w.org\/{rel}","templated":true}]}}