{"id":14128,"date":"2025-08-26T10:41:01","date_gmt":"2025-08-26T10:41:01","guid":{"rendered":"https:\/\/alimak.com\/digitala-tjanster-permanent\/"},"modified":"2026-03-18T12:50:44","modified_gmt":"2026-03-18T12:50:44","slug":"digitala-tjanster-permanent","status":"publish","type":"page","link":"https:\/\/alimak.com\/sv\/permanenta-losningar\/digitala-tjanster-permanent\/","title":{"rendered":"Digitala tj\u00e4nster (permanent)"},"content":{"rendered":"\n<section class=\"small-hero border-b bg-black border-darkGrey text-white pt-0 pb-0\">\n            <div class=\"relative\">\n            <div class=\"hero-overlay relative\">\n                                    <picture class=\"w-full\"><source media=\"(max-width:639px)\" srcset=\"https:\/\/images.ohmyhosting.se\/ww9PLQTLo8O2NEdqAL8uYZwNefs=\/390x461\/smart\/filters:quality(85)\/https%3A%2F%2Falimak.com%2Fwp-content%2Fuploads%2F2026%2F01%2FDigital-services-e1769683665762.png 1x, https:\/\/images.ohmyhosting.se\/6XeKoyGD2iDnhBb38kNxBmjYXVI=\/780x922\/smart\/filters:quality(85)\/https%3A%2F%2Falimak.com%2Fwp-content%2Fuploads%2F2026%2F01%2FDigital-services-e1769683665762.png 2x\"><source media=\"(max-width:1022px)\" srcset=\"https:\/\/images.ohmyhosting.se\/kYIPRLGl4jFRtygZR6ZAVB1MNUw=\/805x951\/smart\/filters:quality(85)\/https%3A%2F%2Falimak.com%2Fwp-content%2Fuploads%2F2026%2F01%2FDigital-services-e1769683665762.png 1x, https:\/\/images.ohmyhosting.se\/hLDLVBhwljUilgbYdBMM5MwMwts=\/1610x1902\/smart\/filters:quality(85)\/https%3A%2F%2Falimak.com%2Fwp-content%2Fuploads%2F2026%2F01%2FDigital-services-e1769683665762.png 2x\"><img decoding=\"async\" src=\"https:\/\/images.ohmyhosting.se\/ouondgPkOsGQaSkGZgqcVRnq66o=\/2545x814\/smart\/filters:quality(85)\/https%3A%2F%2Falimak.com%2Fwp-content%2Fuploads%2F2026%2F01%2FDigital-services-e1769683665762.png\" srcset=\"https:\/\/images.ohmyhosting.se\/ouondgPkOsGQaSkGZgqcVRnq66o=\/2545x814\/smart\/filters:quality(85)\/https%3A%2F%2Falimak.com%2Fwp-content%2Fuploads%2F2026%2F01%2FDigital-services-e1769683665762.png 1x, https:\/\/images.ohmyhosting.se\/9Et8NdM3_SuCCeQkAZtEnd38fTk=\/5090x1628\/smart\/filters:quality(85)\/https%3A%2F%2Falimak.com%2Fwp-content%2Fuploads%2F2026%2F01%2FDigital-services-e1769683665762.png 2x\" alt=\"\" class=\"w-full object-cover w-full max-h-[90vh]\" width=\"2545\" height=\"814\" \/><\/picture>                            <\/div>\n            <div class=\"absolute inset-0 z-10 flex flex-col justify-end\">\n                <div class=\"holder\">\n                    <div class=\"grid grid-cols-12 gap-4 pb-16\">\n                        <div class=\"col-span-12 lg:col-span-7\">\n                                                    <p class=\"md:text-20 font-medium leading-[1.25] mb-1\">Permanenta l\u00f6sningar<\/p>\n                                                    <h1 class=\"text-28 md:text-52 leading-[1.3] lg:max-w-[625px]\"><p>Digital services<\/p>\n<\/h1>\n                            <div class=\"wysiwyg pt-5 leading-[1.6] hidden lg:block lg:max-w-[512px]\"><p>Alimaks digitala tj\u00e4nster f\u00f6rb\u00e4ttrar s\u00e4kerhet, effektivitet och operativ kontroll under hela livscykeln f\u00f6r era industriella vertikala transportl\u00f6sningar. Genom att st\u00f6dja smartare planering, kontinuerlig \u00f6vervakning och proaktivt underh\u00e5ll hj\u00e4lper de till att maximera drifttiden och f\u00f6rl\u00e4nga livsl\u00e4ngden. My Alimak ger insyn i maskinparken i realtid och s\u00e4ker \u00e5tkomsthantering. Alimak Parts Online m\u00f6jligg\u00f6r snabb best\u00e4llning av originalreservdelar, medan Alimak BIM Gallery levererar exakta 3D-modeller f\u00f6r s\u00f6ml\u00f6s projektintegrering.   <\/p>\n<\/div>\n                        <\/div>\n                    <\/div>\n                <\/div>\n            <\/div>\n        <\/div>\n                    <div class=\"lg:hidden py-12 border-b border-darkGrey\">\n                <div class=\"holder\">\n                    <div class=\"wysiwyg leading-[1.6]\"><p>Alimaks digitala tj\u00e4nster f\u00f6rb\u00e4ttrar s\u00e4kerhet, effektivitet och operativ kontroll under hela livscykeln f\u00f6r era industriella vertikala transportl\u00f6sningar. Genom att st\u00f6dja smartare planering, kontinuerlig \u00f6vervakning och proaktivt underh\u00e5ll hj\u00e4lper de till att maximera drifttiden och f\u00f6rl\u00e4nga livsl\u00e4ngden. My Alimak ger insyn i maskinparken i realtid och s\u00e4ker \u00e5tkomsthantering. Alimak Parts Online m\u00f6jligg\u00f6r snabb best\u00e4llning av originalreservdelar, medan Alimak BIM Gallery levererar exakta 3D-modeller f\u00f6r s\u00f6ml\u00f6s projektintegrering.   <\/p>\n<\/div>\n                <\/div>\n            <\/div>\n        \n    <\/section>\n<section class=\"services-links bg-white text-black  border-b  border-lightGrey pt-12 lg:pt-24 pb-12 lg:pb-24\">\n    <div class=\"holder\">\n        <h2 class=\"text-24 md:text-36 font-medium leading-[1.3] mb-12\">Komplett digital l\u00f6sning<\/h2>\n        \n            <div class=\"grid grid-cols-12 gap-4\">\n                                    <a class=\"col-span-12 md:col-span-4 flex flex-col p-6 group rounded-[12px] bg-quoteGrey text-black\" href=\"https:\/\/alimak.com\/my-alimak\/\" target=\"\">\n                        <h3 class=\"md:text-20 font-medium leading-[1.25]\">My Alimak<\/h3>\n                        <div class=\"wysiwyg leading-[1.6] mt-4 mb-4\">\n                            <p>F\u00f6rb\u00e4ttra era industriella verksamheter med My Alimak, den ultimata l\u00f6sningen f\u00f6r effektiv hisshantering.<\/p>\n                        <\/div>\n                        <div class=\"mt-auto\">\n                            <span class=\"border transition-all group-hover:bg-orange w-[48px] h-[32px] md:w-[52px] md:h-[36px] flex items-center flex-col justify-center group-hover:border-orange border-black rounded-[4px]\">\n                                                                    <svg width=\"24\" height=\"11\" viewBox=\"0 0 24 11\" fill=\"none\" xmlns=\"http:\/\/www.w3.org\/2000\/svg\">\n                                    <path class=\"stroke-black\" d=\"M0 5.50098H22\" stroke=\"white\" stroke-width=\"1.5\"\/>\n                                    <path class=\"stroke-black\" d=\"M17.5 1.00098L22 5.50098L17.5 10.001\" stroke=\"white\" stroke-width=\"1.5\"\/>\n                                    <\/svg>\n                                                            <\/span>\n                        <\/div>\n                    <\/a>\n\n                                    <a class=\"col-span-12 md:col-span-4 flex flex-col p-6 group rounded-[12px] bg-quoteGrey text-black\" href=\"https:\/\/alimak.com\/sv\/parts-online\/\" target=\"\">\n                        <h3 class=\"md:text-20 font-medium leading-[1.25]\">Parts Online<\/h3>\n                        <div class=\"wysiwyg leading-[1.6] mt-4 mb-4\">\n                            <p>Det enkla s\u00e4ttet att identifiera och best\u00e4lla Alimak originalreservdelar f\u00f6r att s\u00e4kerst\u00e4lla optimal prestanda f\u00f6r er industrihiss.<\/p>\n                        <\/div>\n                        <div class=\"mt-auto\">\n                            <span class=\"border transition-all group-hover:bg-orange w-[48px] h-[32px] md:w-[52px] md:h-[36px] flex items-center flex-col justify-center group-hover:border-orange border-black rounded-[4px]\">\n                                                                    <svg width=\"24\" height=\"11\" viewBox=\"0 0 24 11\" fill=\"none\" xmlns=\"http:\/\/www.w3.org\/2000\/svg\">\n                                    <path class=\"stroke-black\" d=\"M0 5.50098H22\" stroke=\"white\" stroke-width=\"1.5\"\/>\n                                    <path class=\"stroke-black\" d=\"M17.5 1.00098L22 5.50098L17.5 10.001\" stroke=\"white\" stroke-width=\"1.5\"\/>\n                                    <\/svg>\n                                                            <\/span>\n                        <\/div>\n                    <\/a>\n\n                                    <a class=\"col-span-12 md:col-span-4 flex flex-col p-6 group rounded-[12px] bg-quoteGrey text-black\" href=\"https:\/\/alimak.com\/sv\/permanenta-losningar\/digitala-tjanster-permanent\/bim-galleri-permanent\/\" target=\"\">\n                        <h3 class=\"md:text-20 font-medium leading-[1.25]\">BIM Gallery<\/h3>\n                        <div class=\"wysiwyg leading-[1.6] mt-4 mb-4\">\n                            <p>V\u00e5rt utbud av BIM-objektfiler g\u00f6r det enkelt att j\u00e4mf\u00f6ra och v\u00e4lja den mest l\u00e4mpliga industrihissen \u2013 \u00e4nda fr\u00e5n projektstart genom hela dess livscykel.<\/p>\n                        <\/div>\n                        <div class=\"mt-auto\">\n                            <span class=\"border transition-all group-hover:bg-orange w-[48px] h-[32px] md:w-[52px] md:h-[36px] flex items-center flex-col justify-center group-hover:border-orange border-black rounded-[4px]\">\n                                                                    <svg width=\"24\" height=\"11\" viewBox=\"0 0 24 11\" fill=\"none\" xmlns=\"http:\/\/www.w3.org\/2000\/svg\">\n                                    <path class=\"stroke-black\" d=\"M0 5.50098H22\" stroke=\"white\" stroke-width=\"1.5\"\/>\n                                    <path class=\"stroke-black\" d=\"M17.5 1.00098L22 5.50098L17.5 10.001\" stroke=\"white\" stroke-width=\"1.5\"\/>\n                                    <\/svg>\n                                                            <\/span>\n                        <\/div>\n                    <\/a>\n\n                            <\/div>\n            <\/div>\n<\/section>\n<section class=\"cta-banner bg-black text-white  pt-0 pb-6 lg:pb-12\">\n    <div class=\"relative\">\n                    <div class=\"cta-banner-overlay relative\">\n                <picture class=\"w-full\"><source media=\"(max-width:639px)\" srcset=\"https:\/\/images.ohmyhosting.se\/WktqUiNRg1ZhevXtlEJW64a-tD4=\/399x377\/smart\/filters:quality(85)\/https%3A%2F%2Falimak.com%2Fwp-content%2Fuploads%2F2025%2F09%2Fd0a64875c3850e6181fa105f72a620985d5364a6.jpg 1x, https:\/\/images.ohmyhosting.se\/uHFfZRUPh8JOF6Zz_y6rSTfDpak=\/798x754\/smart\/filters:quality(85)\/https%3A%2F%2Falimak.com%2Fwp-content%2Fuploads%2F2025%2F09%2Fd0a64875c3850e6181fa105f72a620985d5364a6.jpg 2x\"><source media=\"(max-width:1022px)\" srcset=\"https:\/\/images.ohmyhosting.se\/_7lhKdPe2AiFfxT-8EBHRxRmEX8=\/805x760\/smart\/filters:quality(85)\/https%3A%2F%2Falimak.com%2Fwp-content%2Fuploads%2F2025%2F09%2Fd0a64875c3850e6181fa105f72a620985d5364a6.jpg 1x, https:\/\/images.ohmyhosting.se\/k3XpmDwMeHPL_Yzc_ybXgBj6up8=\/1610x1520\/smart\/filters:quality(85)\/https%3A%2F%2Falimak.com%2Fwp-content%2Fuploads%2F2025%2F09%2Fd0a64875c3850e6181fa105f72a620985d5364a6.jpg 2x\"><img decoding=\"async\" src=\"https:\/\/images.ohmyhosting.se\/lIW3Hg0Fn-6CZ8-JoXTC4w5tQhA=\/2545x1053\/smart\/filters:quality(85)\/https%3A%2F%2Falimak.com%2Fwp-content%2Fuploads%2F2025%2F09%2Fd0a64875c3850e6181fa105f72a620985d5364a6.jpg\" srcset=\"https:\/\/images.ohmyhosting.se\/lIW3Hg0Fn-6CZ8-JoXTC4w5tQhA=\/2545x1053\/smart\/filters:quality(85)\/https%3A%2F%2Falimak.com%2Fwp-content%2Fuploads%2F2025%2F09%2Fd0a64875c3850e6181fa105f72a620985d5364a6.jpg 1x, https:\/\/images.ohmyhosting.se\/kBPWqXpAi4O3Ic8XAeAxPcvYsts=\/5090x2106\/smart\/filters:quality(85)\/https%3A%2F%2Falimak.com%2Fwp-content%2Fuploads%2F2025%2F09%2Fd0a64875c3850e6181fa105f72a620985d5364a6.jpg 2x\" alt=\"\" class=\"w-full w-full h-full object-cover\" width=\"2545\" height=\"1053\" \/><\/picture>            <\/div>\n                <div class=\"absolute inset-0 z-[2]\">\n            <div class=\"holder\">\n                <div class=\"grid grid-cols-12 gap-4\">\n                    <div class=\"col-span-12 lg:col-span-6 lg:col-start-7 pt-16\">\n                        <h3 class=\"text-28 md:text-44 lg:max-w-[500px] leading-tight\">Kontakta oss f\u00f6r mer information eller en offert<\/h3>\n                                                    <div class=\"mt-8\">\n                                <a class=\"btn\" href=\"https:\/\/alimak.com\/sv\/kontakta-oss\/\" target=\"\">\n                                    <span>Kontakta oss<\/span>\n                                    <span>\n                                        <svg width=\"24\" height=\"11\" viewBox=\"0 0 24 11\" fill=\"none\" xmlns=\"http:\/\/www.w3.org\/2000\/svg\">\n                                        <path d=\"M0 5.5H22\" stroke=\"black\" stroke-width=\"1.5\"\/>\n                                        <path d=\"M17.5 1L22 5.5L17.5 10\" stroke=\"black\" stroke-width=\"1.5\"\/>\n                                        <\/svg>\n                                    <\/span>\n                                <\/a>\n                            <\/div>\n                                            <\/div>\n                <\/div>\n            <\/div>\n        <\/div>\n    <\/div>\n<\/section>\n","protected":false},"excerpt":{"rendered":"<p>Alimaks digitala tj\u00e4nster f\u00f6rb\u00e4ttrar s\u00e4kerhet, effektivitet och operativ kontroll under hela livscykeln f\u00f6r era industriella vertikala transportl\u00f6sningar. Genom att st\u00f6dja&#8230;<\/p>\n","protected":false},"author":1,"featured_media":0,"parent":14773,"menu_order":0,"comment_status":"closed","ping_status":"closed","template":"","meta":{"_acf_changed":false,"footnotes":""},"class_list":["post-14128","page","type-page","status-publish","hentry"],"acf":[],"yoast_head":"<!-- This site is optimized with the Yoast SEO plugin v27.3 - https:\/\/yoast.com\/product\/yoast-seo-wordpress\/ -->\n<title>Digitala tj\u00e4nster (permanent) - Alimak<\/title>\n<meta name=\"robots\" content=\"index, follow, max-snippet:-1, max-image-preview:large, max-video-preview:-1\" \/>\n<link rel=\"canonical\" href=\"https:\/\/alimak.com\/sv\/permanenta-losningar\/digitala-tjanster-permanent\/\" \/>\n<meta property=\"og:locale\" content=\"sv_SE\" \/>\n<meta property=\"og:type\" content=\"article\" \/>\n<meta property=\"og:title\" content=\"Digitala tj\u00e4nster (permanent) - Alimak\" \/>\n<meta property=\"og:description\" content=\"Alimaks digitala tj\u00e4nster f\u00f6rb\u00e4ttrar s\u00e4kerhet, effektivitet och operativ kontroll under hela livscykeln f\u00f6r era industriella vertikala transportl\u00f6sningar. Genom att st\u00f6dja...\" \/>\n<meta property=\"og:url\" content=\"https:\/\/alimak.com\/sv\/permanenta-losningar\/digitala-tjanster-permanent\/\" \/>\n<meta property=\"og:site_name\" content=\"Alimak\" \/>\n<meta property=\"article:modified_time\" content=\"2026-03-18T12:50:44+00:00\" \/>\n<meta name=\"twitter:card\" content=\"summary_large_image\" \/>\n<script type=\"application\/ld+json\" class=\"yoast-schema-graph\">{\"@context\":\"https:\\\/\\\/schema.org\",\"@graph\":[{\"@type\":\"WebPage\",\"@id\":\"https:\\\/\\\/alimak.com\\\/sv\\\/permanenta-losningar\\\/digitala-tjanster-permanent\\\/\",\"url\":\"https:\\\/\\\/alimak.com\\\/sv\\\/permanenta-losningar\\\/digitala-tjanster-permanent\\\/\",\"name\":\"Digitala tj\u00e4nster (permanent) - Alimak\",\"isPartOf\":{\"@id\":\"https:\\\/\\\/alimak.com\\\/#website\"},\"datePublished\":\"2025-08-26T10:41:01+00:00\",\"dateModified\":\"2026-03-18T12:50:44+00:00\",\"breadcrumb\":{\"@id\":\"https:\\\/\\\/alimak.com\\\/sv\\\/permanenta-losningar\\\/digitala-tjanster-permanent\\\/#breadcrumb\"},\"inLanguage\":\"sv-SE\",\"potentialAction\":[{\"@type\":\"ReadAction\",\"target\":[\"https:\\\/\\\/alimak.com\\\/sv\\\/permanenta-losningar\\\/digitala-tjanster-permanent\\\/\"]}]},{\"@type\":\"BreadcrumbList\",\"@id\":\"https:\\\/\\\/alimak.com\\\/sv\\\/permanenta-losningar\\\/digitala-tjanster-permanent\\\/#breadcrumb\",\"itemListElement\":[{\"@type\":\"ListItem\",\"position\":1,\"name\":\"Home\",\"item\":\"https:\\\/\\\/alimak.com\\\/sv\\\/\"},{\"@type\":\"ListItem\",\"position\":2,\"name\":\"Permanenta l\u00f6sningar\",\"item\":\"https:\\\/\\\/alimak.com\\\/sv\\\/permanenta-losningar\\\/\"},{\"@type\":\"ListItem\",\"position\":3,\"name\":\"Digitala tj\u00e4nster (permanent)\"}]},{\"@type\":\"WebSite\",\"@id\":\"https:\\\/\\\/alimak.com\\\/#website\",\"url\":\"https:\\\/\\\/alimak.com\\\/\",\"name\":\"Alimak\",\"description\":\"\",\"potentialAction\":[{\"@type\":\"SearchAction\",\"target\":{\"@type\":\"EntryPoint\",\"urlTemplate\":\"https:\\\/\\\/alimak.com\\\/?s={search_term_string}\"},\"query-input\":{\"@type\":\"PropertyValueSpecification\",\"valueRequired\":true,\"valueName\":\"search_term_string\"}}],\"inLanguage\":\"sv-SE\"}]}<\/script>\n<!-- \/ Yoast SEO plugin. -->","yoast_head_json":{"title":"Digitala tj\u00e4nster (permanent) - Alimak","robots":{"index":"index","follow":"follow","max-snippet":"max-snippet:-1","max-image-preview":"max-image-preview:large","max-video-preview":"max-video-preview:-1"},"canonical":"https:\/\/alimak.com\/sv\/permanenta-losningar\/digitala-tjanster-permanent\/","og_locale":"sv_SE","og_type":"article","og_title":"Digitala tj\u00e4nster (permanent) - Alimak","og_description":"Alimaks digitala tj\u00e4nster f\u00f6rb\u00e4ttrar s\u00e4kerhet, effektivitet och operativ kontroll under hela livscykeln f\u00f6r era industriella vertikala transportl\u00f6sningar. Genom att st\u00f6dja...","og_url":"https:\/\/alimak.com\/sv\/permanenta-losningar\/digitala-tjanster-permanent\/","og_site_name":"Alimak","article_modified_time":"2026-03-18T12:50:44+00:00","twitter_card":"summary_large_image","schema":{"@context":"https:\/\/schema.org","@graph":[{"@type":"WebPage","@id":"https:\/\/alimak.com\/sv\/permanenta-losningar\/digitala-tjanster-permanent\/","url":"https:\/\/alimak.com\/sv\/permanenta-losningar\/digitala-tjanster-permanent\/","name":"Digitala tj\u00e4nster (permanent) - Alimak","isPartOf":{"@id":"https:\/\/alimak.com\/#website"},"datePublished":"2025-08-26T10:41:01+00:00","dateModified":"2026-03-18T12:50:44+00:00","breadcrumb":{"@id":"https:\/\/alimak.com\/sv\/permanenta-losningar\/digitala-tjanster-permanent\/#breadcrumb"},"inLanguage":"sv-SE","potentialAction":[{"@type":"ReadAction","target":["https:\/\/alimak.com\/sv\/permanenta-losningar\/digitala-tjanster-permanent\/"]}]},{"@type":"BreadcrumbList","@id":"https:\/\/alimak.com\/sv\/permanenta-losningar\/digitala-tjanster-permanent\/#breadcrumb","itemListElement":[{"@type":"ListItem","position":1,"name":"Home","item":"https:\/\/alimak.com\/sv\/"},{"@type":"ListItem","position":2,"name":"Permanenta l\u00f6sningar","item":"https:\/\/alimak.com\/sv\/permanenta-losningar\/"},{"@type":"ListItem","position":3,"name":"Digitala tj\u00e4nster (permanent)"}]},{"@type":"WebSite","@id":"https:\/\/alimak.com\/#website","url":"https:\/\/alimak.com\/","name":"Alimak","description":"","potentialAction":[{"@type":"SearchAction","target":{"@type":"EntryPoint","urlTemplate":"https:\/\/alimak.com\/?s={search_term_string}"},"query-input":{"@type":"PropertyValueSpecification","valueRequired":true,"valueName":"search_term_string"}}],"inLanguage":"sv-SE"}]}},"_links":{"self":[{"href":"https:\/\/alimak.com\/sv\/wp-json\/wp\/v2\/pages\/14128","targetHints":{"allow":["GET"]}}],"collection":[{"href":"https:\/\/alimak.com\/sv\/wp-json\/wp\/v2\/pages"}],"about":[{"href":"https:\/\/alimak.com\/sv\/wp-json\/wp\/v2\/types\/page"}],"author":[{"embeddable":true,"href":"https:\/\/alimak.com\/sv\/wp-json\/wp\/v2\/users\/1"}],"replies":[{"embeddable":true,"href":"https:\/\/alimak.com\/sv\/wp-json\/wp\/v2\/comments?post=14128"}],"version-history":[{"count":1,"href":"https:\/\/alimak.com\/sv\/wp-json\/wp\/v2\/pages\/14128\/revisions"}],"predecessor-version":[{"id":14129,"href":"https:\/\/alimak.com\/sv\/wp-json\/wp\/v2\/pages\/14128\/revisions\/14129"}],"up":[{"embeddable":true,"href":"https:\/\/alimak.com\/sv\/wp-json\/wp\/v2\/pages\/14773"}],"wp:attachment":[{"href":"https:\/\/alimak.com\/sv\/wp-json\/wp\/v2\/media?parent=14128"}],"curies":[{"name":"wp","href":"https:\/\/api.w.org\/{rel}","templated":true}]}}