{"id":14255,"date":"2026-02-04T10:30:50","date_gmt":"2026-02-04T10:30:50","guid":{"rendered":"https:\/\/alimak.com\/bim-galleri-tillfalligt\/"},"modified":"2026-03-18T12:54:14","modified_gmt":"2026-03-18T12:54:14","slug":"bim-galleri-tillfalligt","status":"publish","type":"page","link":"https:\/\/alimak.com\/sv\/tillfalliga-losningar\/digitala-tjanster-tillfalligt\/bim-galleri-tillfalligt\/","title":{"rendered":"BIM-galleri (tillf\u00e4lligt)"},"content":{"rendered":"\n<section class=\"small-hero border-b bg-black border-darkGrey text-white pt-0 pb-0\">\n            <div class=\"relative\">\n            <div class=\"hero-overlay relative\">\n                                    <picture class=\"w-full\"><source media=\"(max-width:639px)\" srcset=\"https:\/\/images.ohmyhosting.se\/ep0OtU2W2ArqvGVza75sukK3eR4=\/390x461\/smart\/filters:quality(85)\/https%3A%2F%2Falimak.com%2Fwp-content%2Fuploads%2F2026%2F02%2Fbim-gallery-2.png 1x, https:\/\/images.ohmyhosting.se\/0uKy25YrYK94PZ72Dc7ApmYOCMU=\/780x922\/smart\/filters:quality(85)\/https%3A%2F%2Falimak.com%2Fwp-content%2Fuploads%2F2026%2F02%2Fbim-gallery-2.png 2x\"><source media=\"(max-width:1022px)\" srcset=\"https:\/\/images.ohmyhosting.se\/aS_4lEXU7YSkmYvTLr6hvvlBh4Q=\/805x951\/smart\/filters:quality(85)\/https%3A%2F%2Falimak.com%2Fwp-content%2Fuploads%2F2026%2F02%2Fbim-gallery-2.png 1x, https:\/\/images.ohmyhosting.se\/Qm1ahY0VqqV-8RZtFVmSQO4Y2QY=\/1610x1902\/smart\/filters:quality(85)\/https%3A%2F%2Falimak.com%2Fwp-content%2Fuploads%2F2026%2F02%2Fbim-gallery-2.png 2x\"><img decoding=\"async\" src=\"https:\/\/images.ohmyhosting.se\/ZaXu1W_d97ytFaRWo5go8zL5nio=\/2545x814\/smart\/filters:quality(85)\/https%3A%2F%2Falimak.com%2Fwp-content%2Fuploads%2F2026%2F02%2Fbim-gallery-2.png\" srcset=\"https:\/\/images.ohmyhosting.se\/ZaXu1W_d97ytFaRWo5go8zL5nio=\/2545x814\/smart\/filters:quality(85)\/https%3A%2F%2Falimak.com%2Fwp-content%2Fuploads%2F2026%2F02%2Fbim-gallery-2.png 1x, https:\/\/images.ohmyhosting.se\/GhldEhpi2c-wsS-fN9lrh9G3gCI=\/5090x1628\/smart\/filters:quality(85)\/https%3A%2F%2Falimak.com%2Fwp-content%2Fuploads%2F2026%2F02%2Fbim-gallery-2.png 2x\" alt=\"\" class=\"w-full object-cover w-full max-h-[90vh]\" width=\"2545\" height=\"814\" \/><\/picture>                            <\/div>\n            <div class=\"absolute inset-0 z-10 flex flex-col justify-end\">\n                <div class=\"holder\">\n                    <div class=\"grid grid-cols-12 gap-4 pb-16\">\n                        <div class=\"col-span-12 lg:col-span-7\">\n                                                    <p class=\"md:text-20 font-medium leading-[1.25] mb-1\">Tillf\u00e4lliga l\u00f6sningar<\/p>\n                                                    <h1 class=\"text-28 md:text-52 leading-[1.3] lg:max-w-[625px]\"><p>Planera b\u00e4ttre, bygg smartare \u2013 utforska Alimaks 3D-BIM-galleri<\/p>\n<\/h1>\n                            <div class=\"wysiwyg pt-5 leading-[1.6] hidden lg:block lg:max-w-[512px]\"><p>Spara tid n\u00e4r ni ska hitta r\u00e4tt l\u00f6sning f\u00f6r vertikal \u00e5tkomst till ert projekt. V\u00e5rt utbud av objektfiler f\u00f6r Building Information Modelling (BIM) g\u00f6r att ni kan j\u00e4mf\u00f6ra och v\u00e4lja den mest l\u00e4mpliga \u00e5tkomstl\u00f6sningen f\u00f6r era behov \u2013 fr\u00e5n projektets tidiga skede och genom hela livscykeln. <\/p>\n<\/div>\n                        <\/div>\n                    <\/div>\n                <\/div>\n            <\/div>\n        <\/div>\n                    <div class=\"lg:hidden py-12 border-b border-darkGrey\">\n                <div class=\"holder\">\n                    <div class=\"wysiwyg leading-[1.6]\"><p>Spara tid n\u00e4r ni ska hitta r\u00e4tt l\u00f6sning f\u00f6r vertikal \u00e5tkomst till ert projekt. V\u00e5rt utbud av objektfiler f\u00f6r Building Information Modelling (BIM) g\u00f6r att ni kan j\u00e4mf\u00f6ra och v\u00e4lja den mest l\u00e4mpliga \u00e5tkomstl\u00f6sningen f\u00f6r era behov \u2013 fr\u00e5n projektets tidiga skede och genom hela livscykeln. <\/p>\n<\/div>\n                <\/div>\n            <\/div>\n        \n    <\/section>\n<section class=\"text-img bg-white text-black border-lightGrey   pt-12 lg:pt-24 pb-12 lg:pb-24\">\n    <div class=\"holder\">\n      <div class=\"grid grid-cols-12 gap-4 items-center\">\n        <div class=\"col-span-12 lg:col-span-6 2.5xl:col-span-8 \">\n                            <div class=\"text-img-overlay relative mb-8 md:mb-0 max-w-[852px] \">\n                    <picture class=\"w-full\"><source media=\"(max-width:639px)\" srcset=\"https:\/\/images.ohmyhosting.se\/Mb3NA9Zl60Md7Zo3I0ad7DXWbSQ=\/382x237\/smart\/filters:quality(85)\/https%3A%2F%2Falimak.com%2Fwp-content%2Fuploads%2F2026%2F02%2Fbim-gallery-4.png 1x, https:\/\/images.ohmyhosting.se\/9ofdsYFsp0nSWkykNVvrMoG0zMk=\/764x474\/smart\/filters:quality(85)\/https%3A%2F%2Falimak.com%2Fwp-content%2Fuploads%2F2026%2F02%2Fbim-gallery-4.png 2x\"><source media=\"(max-width:1022px)\" srcset=\"https:\/\/images.ohmyhosting.se\/j8IGdHs-N4D73FDNrpdgAR7I6zg=\/773x480\/smart\/filters:quality(85)\/https%3A%2F%2Falimak.com%2Fwp-content%2Fuploads%2F2026%2F02%2Fbim-gallery-4.png 1x, https:\/\/images.ohmyhosting.se\/L-mRfnaAFP3zS7hG11hxUw-Zvx8=\/1546x960\/smart\/filters:quality(85)\/https%3A%2F%2Falimak.com%2Fwp-content%2Fuploads%2F2026%2F02%2Fbim-gallery-4.png 2x\"><img decoding=\"async\" src=\"https:\/\/images.ohmyhosting.se\/Swu7CD1TJdXZFwq7nXNNvgF__so=\/852x530\/smart\/filters:quality(85)\/https%3A%2F%2Falimak.com%2Fwp-content%2Fuploads%2F2026%2F02%2Fbim-gallery-4.png\" srcset=\"https:\/\/images.ohmyhosting.se\/Swu7CD1TJdXZFwq7nXNNvgF__so=\/852x530\/smart\/filters:quality(85)\/https%3A%2F%2Falimak.com%2Fwp-content%2Fuploads%2F2026%2F02%2Fbim-gallery-4.png 1x, https:\/\/images.ohmyhosting.se\/Pe7hESqBFDrvm4YHAY6gidGhzlk=\/1704x1060\/smart\/filters:quality(85)\/https%3A%2F%2Falimak.com%2Fwp-content%2Fuploads%2F2026%2F02%2Fbim-gallery-4.png 2x\" alt=\"\" class=\"w-full w-full rounded-[12px] object-cover\" width=\"852\" height=\"530\" \/><\/picture>                                        <\/div>\n            \n        <\/div>\n        <div class=\"col-span-12 lg:col-span-6 2.5xl:col-span-4 flex flex-col justify-center \">\n            <div class=\"\">\n                                    <h2 class=\"text-24 md:text-36 leading-[1.3] font-medium mb-4\">Optimera projektplaneringen med konfigurerbara 3D-BIM-modeller<\/h2>\n                                                    <div class=\"wysiwyg leading-[1.6] text-numbersGrey\"><div>\n<p>Alimaks BIM-galleri erbjuder detaljerade 3D-modeller av v\u00e5ra bygghissar, mastkl\u00e4ttrande arbetsplattformar och transportplattformar. Varje modell inneh\u00e5ller viktiga inb\u00e4ddade data, s\u00e5som kapacitet, hastighet och utrymmeskrav. Modellerna kan konfigureras efter ert projekts behov, inklusive storlek, lyfth\u00f6jd, lossningszon samt anslutningar till byggnad eller konstruktion.  <\/p>\n<p>Genom att integrera v\u00e5ra BIM-modeller tidigt i planeringsfasen kan ni simulera utrustningsanv\u00e4ndning, optimera layouter och minska konstruktionsrisker som ofta \u00e4r sv\u00e5ra att identifiera i en traditionell 2D-milj\u00f6.<\/p>\n<\/div>\n<\/div>\n                                                    <div class=\"mt-8\">\n                        <a class=\"btn black\" href=\"https:\/\/bimgallery.alimak.com\/bim\/division\/construction\" target=\"_blank\">\n                            <span>Utforska BIM-galleriet<\/span>\n                            <span>\n                                                                    <svg width=\"18\" height=\"18\" viewBox=\"0 0 18 18\" fill=\"none\" xmlns=\"http:\/\/www.w3.org\/2000\/svg\">\n                                    <path class=\"stroke-white\" d=\"M13.5 9.75098V14.251C13.5 14.6488 13.342 15.0303 13.0607 15.3116C12.7794 15.5929 12.3978 15.751 12 15.751H3.75C3.35218 15.751 2.97064 15.5929 2.68934 15.3116C2.40804 15.0303 2.25 14.6488 2.25 14.251V6.00098C2.25 5.60315 2.40804 5.22162 2.68934 4.94032C2.97064 4.65901 3.35218 4.50098 3.75 4.50098H8.25\" stroke=\"white\" stroke-width=\"1.5\" stroke-linejoin=\"round\"\/>\n                                    <path class=\"stroke-white\" d=\"M11.25 2.25098H15.75V6.75098\" stroke=\"white\" stroke-width=\"1.5\" stroke-linejoin=\"round\"\/>\n                                    <path class=\"stroke-white\" d=\"M7.50073 10.501L15.7507 2.25098\" stroke=\"white\" stroke-width=\"1.5\" stroke-linejoin=\"round\"\/>\n                                    <\/svg>\n                                                            <\/span>\n                        <\/a>\n                    <\/div>\n                            <\/div>\n        <\/div>\n      <\/div>\n    <\/div>\n<\/section>\n\n<section class=\"benefits bg-white text-black border-lightGrey pt-6 lg:pt-12 pb-6 lg:pb-12 \">\n    <div class=\"holder\">\n        <h2 class=\"text-24 md:text-36 font-medium leading-[1.3] mb-12\">Viktiga f\u00f6rdelar<\/h2>\n                    <div class=\"grid grid-cols-12 gap-x-4 gap-y-12\">\n                                    <div class=\"col-span-12 md:col-span-6 flex md:pr-10 lg:pr-20\">\n                                                    <div class=\"w-[60px] h-[60px] md:w-[92px] md:h-[92px] shrink-0 border-lightGrey border border mr-8 rounded-full flex items-center justify-center\">\n                                <img decoding=\"async\" class=\"max-h-[28px] md:max-h-[44px]\" src=\"https:\/\/alimak.com\/wp-content\/uploads\/2025\/09\/Shape.svg\" alt=\"\">\n                            <\/div>\n                                                <div>\n                            <h3 class=\"text-18 md:text-26 font-medium leading-[1.25] pb-3.5 border-b mb-3.5 border-lightGrey\">F\u00f6rb\u00e4ttrat samarbete och b\u00e4ttre samordning<\/h3>\n                            <div class=\"text-14 md:text-base leading-[1.6] wysiwyg\"><\/div>\n                        <\/div>\n                    <\/div>\n                                    <div class=\"col-span-12 md:col-span-6 flex md:pr-10 lg:pr-20\">\n                                                    <div class=\"w-[60px] h-[60px] md:w-[92px] md:h-[92px] shrink-0 border-lightGrey border border mr-8 rounded-full flex items-center justify-center\">\n                                <img decoding=\"async\" class=\"max-h-[28px] md:max-h-[44px]\" src=\"https:\/\/alimak.com\/wp-content\/uploads\/2025\/09\/Shape.svg\" alt=\"\">\n                            <\/div>\n                                                <div>\n                            <h3 class=\"text-18 md:text-26 font-medium leading-[1.25] pb-3.5 border-b mb-3.5 border-lightGrey\">M\u00f6jligg\u00f6r datadrivet beslutsfattande<\/h3>\n                            <div class=\"text-14 md:text-base leading-[1.6] wysiwyg\"><\/div>\n                        <\/div>\n                    <\/div>\n                                    <div class=\"col-span-12 md:col-span-6 flex md:pr-10 lg:pr-20\">\n                                                    <div class=\"w-[60px] h-[60px] md:w-[92px] md:h-[92px] shrink-0 border-lightGrey border border mr-8 rounded-full flex items-center justify-center\">\n                                <img decoding=\"async\" class=\"max-h-[28px] md:max-h-[44px]\" src=\"https:\/\/alimak.com\/wp-content\/uploads\/2025\/09\/Shape.svg\" alt=\"\">\n                            <\/div>\n                                                <div>\n                            <h3 class=\"text-18 md:text-26 font-medium leading-[1.25] pb-3.5 border-b mb-3.5 border-lightGrey\">Kollisionskontroll och riskreducering<\/h3>\n                            <div class=\"text-14 md:text-base leading-[1.6] wysiwyg\"><\/div>\n                        <\/div>\n                    <\/div>\n                                    <div class=\"col-span-12 md:col-span-6 flex md:pr-10 lg:pr-20\">\n                                                    <div class=\"w-[60px] h-[60px] md:w-[92px] md:h-[92px] shrink-0 border-lightGrey border border mr-8 rounded-full flex items-center justify-center\">\n                                <img decoding=\"async\" class=\"max-h-[28px] md:max-h-[44px]\" src=\"https:\/\/alimak.com\/wp-content\/uploads\/2025\/09\/Shape.svg\" alt=\"\">\n                            <\/div>\n                                                <div>\n                            <h3 class=\"text-18 md:text-26 font-medium leading-[1.25] pb-3.5 border-b mb-3.5 border-lightGrey\">Effektivisera er designprocess med BIM<\/h3>\n                            <div class=\"text-14 md:text-base leading-[1.6] wysiwyg\"><\/div>\n                        <\/div>\n                    <\/div>\n                            <\/div>\n            <\/div>\n<\/section>\n","protected":false},"excerpt":{"rendered":"<p>Spara tid n\u00e4r ni ska hitta r\u00e4tt l\u00f6sning f\u00f6r vertikal \u00e5tkomst till ert projekt. V\u00e5rt utbud av objektfiler f\u00f6r Building&#8230;<\/p>\n","protected":false},"author":2,"featured_media":0,"parent":14934,"menu_order":0,"comment_status":"closed","ping_status":"closed","template":"","meta":{"_acf_changed":false,"footnotes":""},"class_list":["post-14255","page","type-page","status-publish","hentry"],"acf":[],"yoast_head":"<!-- This site is optimized with the Yoast SEO plugin v27.3 - https:\/\/yoast.com\/product\/yoast-seo-wordpress\/ -->\n<title>BIM-galleri (tillf\u00e4lligt) - Alimak<\/title>\n<meta name=\"robots\" content=\"index, follow, max-snippet:-1, max-image-preview:large, max-video-preview:-1\" \/>\n<link rel=\"canonical\" href=\"https:\/\/alimak.com\/sv\/tillfalliga-losningar\/digitala-tjanster-tillfalligt\/bim-galleri-tillfalligt\/\" \/>\n<meta property=\"og:locale\" content=\"sv_SE\" \/>\n<meta property=\"og:type\" content=\"article\" \/>\n<meta property=\"og:title\" content=\"BIM-galleri (tillf\u00e4lligt) - Alimak\" \/>\n<meta property=\"og:description\" content=\"Spara tid n\u00e4r ni ska hitta r\u00e4tt l\u00f6sning f\u00f6r vertikal \u00e5tkomst till ert projekt. V\u00e5rt utbud av objektfiler f\u00f6r Building...\" \/>\n<meta property=\"og:url\" content=\"https:\/\/alimak.com\/sv\/tillfalliga-losningar\/digitala-tjanster-tillfalligt\/bim-galleri-tillfalligt\/\" \/>\n<meta property=\"og:site_name\" content=\"Alimak\" \/>\n<meta property=\"article:modified_time\" content=\"2026-03-18T12:54:14+00:00\" \/>\n<meta name=\"twitter:card\" content=\"summary_large_image\" \/>\n<script type=\"application\/ld+json\" class=\"yoast-schema-graph\">{\"@context\":\"https:\\\/\\\/schema.org\",\"@graph\":[{\"@type\":\"WebPage\",\"@id\":\"https:\\\/\\\/alimak.com\\\/sv\\\/tillfalliga-losningar\\\/digitala-tjanster-tillfalligt\\\/bim-galleri-tillfalligt\\\/\",\"url\":\"https:\\\/\\\/alimak.com\\\/sv\\\/tillfalliga-losningar\\\/digitala-tjanster-tillfalligt\\\/bim-galleri-tillfalligt\\\/\",\"name\":\"BIM-galleri (tillf\u00e4lligt) - Alimak\",\"isPartOf\":{\"@id\":\"https:\\\/\\\/alimak.com\\\/#website\"},\"datePublished\":\"2026-02-04T10:30:50+00:00\",\"dateModified\":\"2026-03-18T12:54:14+00:00\",\"breadcrumb\":{\"@id\":\"https:\\\/\\\/alimak.com\\\/sv\\\/tillfalliga-losningar\\\/digitala-tjanster-tillfalligt\\\/bim-galleri-tillfalligt\\\/#breadcrumb\"},\"inLanguage\":\"sv-SE\",\"potentialAction\":[{\"@type\":\"ReadAction\",\"target\":[\"https:\\\/\\\/alimak.com\\\/sv\\\/tillfalliga-losningar\\\/digitala-tjanster-tillfalligt\\\/bim-galleri-tillfalligt\\\/\"]}]},{\"@type\":\"BreadcrumbList\",\"@id\":\"https:\\\/\\\/alimak.com\\\/sv\\\/tillfalliga-losningar\\\/digitala-tjanster-tillfalligt\\\/bim-galleri-tillfalligt\\\/#breadcrumb\",\"itemListElement\":[{\"@type\":\"ListItem\",\"position\":1,\"name\":\"Home\",\"item\":\"https:\\\/\\\/alimak.com\\\/sv\\\/\"},{\"@type\":\"ListItem\",\"position\":2,\"name\":\"Tillf\u00e4lliga l\u00f6sningar\",\"item\":\"https:\\\/\\\/alimak.com\\\/sv\\\/tillfalliga-losningar\\\/\"},{\"@type\":\"ListItem\",\"position\":3,\"name\":\"Digitala tj\u00e4nster (tillf\u00e4lligt)\",\"item\":\"https:\\\/\\\/alimak.com\\\/sv\\\/tillfalliga-losningar\\\/digitala-tjanster-tillfalligt\\\/\"},{\"@type\":\"ListItem\",\"position\":4,\"name\":\"BIM-galleri (tillf\u00e4lligt)\"}]},{\"@type\":\"WebSite\",\"@id\":\"https:\\\/\\\/alimak.com\\\/#website\",\"url\":\"https:\\\/\\\/alimak.com\\\/\",\"name\":\"Alimak\",\"description\":\"\",\"potentialAction\":[{\"@type\":\"SearchAction\",\"target\":{\"@type\":\"EntryPoint\",\"urlTemplate\":\"https:\\\/\\\/alimak.com\\\/?s={search_term_string}\"},\"query-input\":{\"@type\":\"PropertyValueSpecification\",\"valueRequired\":true,\"valueName\":\"search_term_string\"}}],\"inLanguage\":\"sv-SE\"}]}<\/script>\n<!-- \/ Yoast SEO plugin. -->","yoast_head_json":{"title":"BIM-galleri (tillf\u00e4lligt) - Alimak","robots":{"index":"index","follow":"follow","max-snippet":"max-snippet:-1","max-image-preview":"max-image-preview:large","max-video-preview":"max-video-preview:-1"},"canonical":"https:\/\/alimak.com\/sv\/tillfalliga-losningar\/digitala-tjanster-tillfalligt\/bim-galleri-tillfalligt\/","og_locale":"sv_SE","og_type":"article","og_title":"BIM-galleri (tillf\u00e4lligt) - Alimak","og_description":"Spara tid n\u00e4r ni ska hitta r\u00e4tt l\u00f6sning f\u00f6r vertikal \u00e5tkomst till ert projekt. V\u00e5rt utbud av objektfiler f\u00f6r Building...","og_url":"https:\/\/alimak.com\/sv\/tillfalliga-losningar\/digitala-tjanster-tillfalligt\/bim-galleri-tillfalligt\/","og_site_name":"Alimak","article_modified_time":"2026-03-18T12:54:14+00:00","twitter_card":"summary_large_image","schema":{"@context":"https:\/\/schema.org","@graph":[{"@type":"WebPage","@id":"https:\/\/alimak.com\/sv\/tillfalliga-losningar\/digitala-tjanster-tillfalligt\/bim-galleri-tillfalligt\/","url":"https:\/\/alimak.com\/sv\/tillfalliga-losningar\/digitala-tjanster-tillfalligt\/bim-galleri-tillfalligt\/","name":"BIM-galleri (tillf\u00e4lligt) - Alimak","isPartOf":{"@id":"https:\/\/alimak.com\/#website"},"datePublished":"2026-02-04T10:30:50+00:00","dateModified":"2026-03-18T12:54:14+00:00","breadcrumb":{"@id":"https:\/\/alimak.com\/sv\/tillfalliga-losningar\/digitala-tjanster-tillfalligt\/bim-galleri-tillfalligt\/#breadcrumb"},"inLanguage":"sv-SE","potentialAction":[{"@type":"ReadAction","target":["https:\/\/alimak.com\/sv\/tillfalliga-losningar\/digitala-tjanster-tillfalligt\/bim-galleri-tillfalligt\/"]}]},{"@type":"BreadcrumbList","@id":"https:\/\/alimak.com\/sv\/tillfalliga-losningar\/digitala-tjanster-tillfalligt\/bim-galleri-tillfalligt\/#breadcrumb","itemListElement":[{"@type":"ListItem","position":1,"name":"Home","item":"https:\/\/alimak.com\/sv\/"},{"@type":"ListItem","position":2,"name":"Tillf\u00e4lliga l\u00f6sningar","item":"https:\/\/alimak.com\/sv\/tillfalliga-losningar\/"},{"@type":"ListItem","position":3,"name":"Digitala tj\u00e4nster (tillf\u00e4lligt)","item":"https:\/\/alimak.com\/sv\/tillfalliga-losningar\/digitala-tjanster-tillfalligt\/"},{"@type":"ListItem","position":4,"name":"BIM-galleri (tillf\u00e4lligt)"}]},{"@type":"WebSite","@id":"https:\/\/alimak.com\/#website","url":"https:\/\/alimak.com\/","name":"Alimak","description":"","potentialAction":[{"@type":"SearchAction","target":{"@type":"EntryPoint","urlTemplate":"https:\/\/alimak.com\/?s={search_term_string}"},"query-input":{"@type":"PropertyValueSpecification","valueRequired":true,"valueName":"search_term_string"}}],"inLanguage":"sv-SE"}]}},"_links":{"self":[{"href":"https:\/\/alimak.com\/sv\/wp-json\/wp\/v2\/pages\/14255","targetHints":{"allow":["GET"]}}],"collection":[{"href":"https:\/\/alimak.com\/sv\/wp-json\/wp\/v2\/pages"}],"about":[{"href":"https:\/\/alimak.com\/sv\/wp-json\/wp\/v2\/types\/page"}],"author":[{"embeddable":true,"href":"https:\/\/alimak.com\/sv\/wp-json\/wp\/v2\/users\/2"}],"replies":[{"embeddable":true,"href":"https:\/\/alimak.com\/sv\/wp-json\/wp\/v2\/comments?post=14255"}],"version-history":[{"count":1,"href":"https:\/\/alimak.com\/sv\/wp-json\/wp\/v2\/pages\/14255\/revisions"}],"predecessor-version":[{"id":14258,"href":"https:\/\/alimak.com\/sv\/wp-json\/wp\/v2\/pages\/14255\/revisions\/14258"}],"up":[{"embeddable":true,"href":"https:\/\/alimak.com\/sv\/wp-json\/wp\/v2\/pages\/14934"}],"wp:attachment":[{"href":"https:\/\/alimak.com\/sv\/wp-json\/wp\/v2\/media?parent=14255"}],"curies":[{"name":"wp","href":"https:\/\/api.w.org\/{rel}","templated":true}]}}