{"id":14259,"date":"2026-02-04T09:19:56","date_gmt":"2026-02-04T09:19:56","guid":{"rendered":"https:\/\/alimak.com\/mcwp-vardeutforskare\/"},"modified":"2026-03-18T12:54:14","modified_gmt":"2026-03-18T12:54:14","slug":"mcwp-vardeutforskare","status":"publish","type":"page","link":"https:\/\/alimak.com\/sv\/tillfalliga-losningar\/digitala-tjanster-tillfalligt\/mcwp-vardeutforskare\/","title":{"rendered":"MCWP V\u00e4rdeutforskare"},"content":{"rendered":"\n<section class=\"small-hero border-b bg-black border-darkGrey text-white pt-0 pb-0\">\n            <div class=\"relative\">\n            <div class=\"hero-overlay relative\">\n                                    <picture class=\"w-full\"><source media=\"(max-width:639px)\" srcset=\"https:\/\/images.ohmyhosting.se\/jC20l7vGtQMwt0-eJ-59ByNZvIg=\/390x461\/smart\/filters:quality(85)\/https%3A%2F%2Falimak.com%2Fwp-content%2Fuploads%2F2025%2F11%2F190806-421-HDR-web.jpg 1x, https:\/\/images.ohmyhosting.se\/HVzr90gI2WCV_0ki8iYcq7VqCsg=\/780x922\/smart\/filters:quality(85)\/https%3A%2F%2Falimak.com%2Fwp-content%2Fuploads%2F2025%2F11%2F190806-421-HDR-web.jpg 2x\"><source media=\"(max-width:1022px)\" srcset=\"https:\/\/images.ohmyhosting.se\/3ktzMleT-2H65B-kxs-ppbFtLqM=\/805x951\/smart\/filters:quality(85)\/https%3A%2F%2Falimak.com%2Fwp-content%2Fuploads%2F2025%2F11%2F190806-421-HDR-web.jpg 1x, https:\/\/images.ohmyhosting.se\/de80_35pok6hrb2e5kRALI2_KMQ=\/1610x1902\/smart\/filters:quality(85)\/https%3A%2F%2Falimak.com%2Fwp-content%2Fuploads%2F2025%2F11%2F190806-421-HDR-web.jpg 2x\"><img decoding=\"async\" src=\"https:\/\/images.ohmyhosting.se\/0TBYzE6W4Cgg0Gu03Rm6Kspz0nU=\/2545x814\/smart\/filters:quality(85)\/https%3A%2F%2Falimak.com%2Fwp-content%2Fuploads%2F2025%2F11%2F190806-421-HDR-web.jpg\" srcset=\"https:\/\/images.ohmyhosting.se\/0TBYzE6W4Cgg0Gu03Rm6Kspz0nU=\/2545x814\/smart\/filters:quality(85)\/https%3A%2F%2Falimak.com%2Fwp-content%2Fuploads%2F2025%2F11%2F190806-421-HDR-web.jpg 1x, https:\/\/images.ohmyhosting.se\/OITspSUmzvZrDkQ3kA500PMtMcA=\/5090x1628\/smart\/filters:quality(85)\/https%3A%2F%2Falimak.com%2Fwp-content%2Fuploads%2F2025%2F11%2F190806-421-HDR-web.jpg 2x\" alt=\"\" class=\"w-full object-cover w-full max-h-[90vh]\" width=\"2545\" height=\"814\" \/><\/picture>                            <\/div>\n            <div class=\"absolute inset-0 z-10 flex flex-col justify-end\">\n                <div class=\"holder\">\n                    <div class=\"grid grid-cols-12 gap-4 pb-16\">\n                        <div class=\"col-span-12 lg:col-span-7\">\n                                                    <p class=\"md:text-20 font-medium leading-[1.25] mb-1\">Tillf\u00e4lliga l\u00f6sningar<\/p>\n                                                    <h1 class=\"text-28 md:text-52 leading-[1.3] lg:max-w-[625px]\"><div class=\"elementor-element elementor-element-0d3986f elementor-widget elementor-widget-heading\" data-id=\"0d3986f\" data-element_type=\"widget\" data-widget_type=\"heading.default\">\n<div class=\"elementor-widget-container\">\n<div class=\"elementor-heading-title elementor-size-default\">Ber\u00e4kna det verkliga v\u00e4rdet av mastkl\u00e4ttrande arbetsplattformar j\u00e4mf\u00f6rt med traditionella byggnadsst\u00e4llningar<\/div>\n<\/div>\n<\/div>\n<\/h1>\n                            <div class=\"wysiwyg pt-5 leading-[1.6] hidden lg:block lg:max-w-[512px]\"><div>Uppt\u00e4ck kostnadsbesparingar, produktivitetsvinster och projektspecifika f\u00f6rdelar p\u00e5 n\u00e5gra minuter. Fatta smartare beslut om \u00e5tkomstutrustning baserade p\u00e5 verklig data. <\/div>\n<\/div>\n                        <\/div>\n                    <\/div>\n                <\/div>\n            <\/div>\n        <\/div>\n                    <div class=\"lg:hidden py-12 border-b border-darkGrey\">\n                <div class=\"holder\">\n                    <div class=\"wysiwyg leading-[1.6]\"><div>Uppt\u00e4ck kostnadsbesparingar, produktivitetsvinster och projektspecifika f\u00f6rdelar p\u00e5 n\u00e5gra minuter. Fatta smartare beslut om \u00e5tkomstutrustning baserade p\u00e5 verklig data. <\/div>\n<\/div>\n                <\/div>\n            <\/div>\n        \n    <\/section>\n<section class=\"text-img bg-white text-black border-lightGrey   pt-12 lg:pt-24 pb-12 lg:pb-24\">\n    <div class=\"holder\">\n      <div class=\"grid grid-cols-12 gap-4 items-center\">\n        <div class=\"col-span-12 lg:col-span-6 2.5xl:col-span-8 \">\n                            <div class=\"text-img-overlay relative mb-8 md:mb-0 max-w-[852px] \">\n                    <picture class=\"w-full\"><source media=\"(max-width:639px)\" srcset=\"https:\/\/images.ohmyhosting.se\/jUAhZwmdxN0otmS08R-dmCzcyaU=\/382x237\/smart\/filters:quality(85)\/https%3A%2F%2Falimak.com%2Fwp-content%2Fuploads%2F2026%2F02%2FMast-Climbing-Work-Platforms.jpg 1x, https:\/\/images.ohmyhosting.se\/FB93NFha6ZjCfnD0XOWM5vc0Rb8=\/764x474\/smart\/filters:quality(85)\/https%3A%2F%2Falimak.com%2Fwp-content%2Fuploads%2F2026%2F02%2FMast-Climbing-Work-Platforms.jpg 2x\"><source media=\"(max-width:1022px)\" srcset=\"https:\/\/images.ohmyhosting.se\/LrDB-g0yFZr4QciXiGNH68H_dh0=\/773x480\/smart\/filters:quality(85)\/https%3A%2F%2Falimak.com%2Fwp-content%2Fuploads%2F2026%2F02%2FMast-Climbing-Work-Platforms.jpg 1x, https:\/\/images.ohmyhosting.se\/wPlb8V2vhDpAMg2pT1K52-3UBbU=\/1546x960\/smart\/filters:quality(85)\/https%3A%2F%2Falimak.com%2Fwp-content%2Fuploads%2F2026%2F02%2FMast-Climbing-Work-Platforms.jpg 2x\"><img decoding=\"async\" src=\"https:\/\/images.ohmyhosting.se\/NFz7eUPKV5iXIBSm9nFmv2awEoE=\/852x530\/smart\/filters:quality(85)\/https%3A%2F%2Falimak.com%2Fwp-content%2Fuploads%2F2026%2F02%2FMast-Climbing-Work-Platforms.jpg\" srcset=\"https:\/\/images.ohmyhosting.se\/NFz7eUPKV5iXIBSm9nFmv2awEoE=\/852x530\/smart\/filters:quality(85)\/https%3A%2F%2Falimak.com%2Fwp-content%2Fuploads%2F2026%2F02%2FMast-Climbing-Work-Platforms.jpg 1x, https:\/\/images.ohmyhosting.se\/TMzDWDzYDzwXYBGC8OAYvWbvzZ8=\/1704x1060\/smart\/filters:quality(85)\/https%3A%2F%2Falimak.com%2Fwp-content%2Fuploads%2F2026%2F02%2FMast-Climbing-Work-Platforms.jpg 2x\" alt=\"\" class=\"w-full w-full rounded-[12px] object-cover\" width=\"852\" height=\"530\" \/><\/picture>                                        <\/div>\n            \n        <\/div>\n        <div class=\"col-span-12 lg:col-span-6 2.5xl:col-span-4 flex flex-col justify-center \">\n            <div class=\"\">\n                                                    <div class=\"wysiwyg leading-[1.6] text-numbersGrey\"><div class=\"elementor-element elementor-element-451fce9 elementor-view-stacked elementor-shape-rounded elementor-position-left elementor-mobile-position-top elementor-widget elementor-widget-icon-box\" data-id=\"451fce9\" data-element_type=\"widget\" data-widget_type=\"icon-box.default\">\n<div class=\"elementor-widget-container\">\n<div class=\"elementor-icon-box-wrapper\">\n<div class=\"elementor-icon-box-content\"><\/div>\n<\/div>\n<\/div>\n<\/div>\n<div class=\"elementor-element elementor-element-805c7cc elementor-view-stacked elementor-shape-rounded elementor-position-left elementor-mobile-position-top elementor-widget elementor-widget-icon-box\" data-id=\"805c7cc\" data-element_type=\"widget\" data-widget_type=\"icon-box.default\">\n<p>Mast Climber Value Explorer belyser de dolda f\u00f6rdelarna med mastkl\u00e4ttrande arbetsplattformar j\u00e4mf\u00f6rt med traditionell byggnadsst\u00e4llning. Genom en v\u00e4rdebaserad f\u00f6rs\u00e4ljningsmetod avsl\u00f6jar verktyget f\u00f6rdelar som ofta f\u00f6rbises \u2013 s\u00e5som produktivitet, logistik, s\u00e4kerhet samt material- och arbetsbesparingar. <\/p>\n<p>Genom att ange verkliga projektdata, byggnadsdetaljer, personalbehov och installationsparametrar j\u00e4mf\u00f6r verktyget byggnadsst\u00e4llning och mastkl\u00e4ttrare steg f\u00f6r steg. D\u00e4refter kvantifieras effekten och visar minskningar i projektl\u00e4ngd, arbetskostnad och total \u00e5tkomstkostnad. <\/p>\n<p>Resultatet \u00e4r en tydlig, datadriven j\u00e4mf\u00f6relse som visar varf\u00f6r mastkl\u00e4ttrare ofta \u00e4r det mer kostnadseffektiva valet.<\/p>\n<p>Uppt\u00e4ck hur mycket v\u00e4rde en mastkl\u00e4ttrare kan tillf\u00f6ra ert projekt:<\/p>\n<\/div>\n<\/div>\n                                                    <div class=\"mt-8\">\n                        <a class=\"btn black\" href=\"https:\/\/connect.alimakgroup.com\/vbs\/\" target=\"_blank\">\n                            <span>Ber\u00e4kna era besparingar<\/span>\n                            <span>\n                                                                    <svg width=\"18\" height=\"18\" viewBox=\"0 0 18 18\" fill=\"none\" xmlns=\"http:\/\/www.w3.org\/2000\/svg\">\n                                    <path class=\"stroke-white\" d=\"M13.5 9.75098V14.251C13.5 14.6488 13.342 15.0303 13.0607 15.3116C12.7794 15.5929 12.3978 15.751 12 15.751H3.75C3.35218 15.751 2.97064 15.5929 2.68934 15.3116C2.40804 15.0303 2.25 14.6488 2.25 14.251V6.00098C2.25 5.60315 2.40804 5.22162 2.68934 4.94032C2.97064 4.65901 3.35218 4.50098 3.75 4.50098H8.25\" stroke=\"white\" stroke-width=\"1.5\" stroke-linejoin=\"round\"\/>\n                                    <path class=\"stroke-white\" d=\"M11.25 2.25098H15.75V6.75098\" stroke=\"white\" stroke-width=\"1.5\" stroke-linejoin=\"round\"\/>\n                                    <path class=\"stroke-white\" d=\"M7.50073 10.501L15.7507 2.25098\" stroke=\"white\" stroke-width=\"1.5\" stroke-linejoin=\"round\"\/>\n                                    <\/svg>\n                                                            <\/span>\n                        <\/a>\n                    <\/div>\n                            <\/div>\n        <\/div>\n      <\/div>\n    <\/div>\n<\/section>\n\n<section class=\"benefits bg-white text-black border-lightGrey pt-6 lg:pt-12 pb-6 lg:pb-12 \">\n    <div class=\"holder\">\n        <h2 class=\"text-24 md:text-36 font-medium leading-[1.3] mb-12\">Viktiga f\u00f6rdelar med mastkl\u00e4ttrande arbetsplattformar<\/h2>\n                    <div class=\"grid grid-cols-12 gap-x-4 gap-y-12\">\n                                    <div class=\"col-span-12 md:col-span-6 flex md:pr-10 lg:pr-20\">\n                                                    <div class=\"w-[60px] h-[60px] md:w-[92px] md:h-[92px] shrink-0 border-lightGrey border border mr-8 rounded-full flex items-center justify-center\">\n                                <img decoding=\"async\" class=\"max-h-[28px] md:max-h-[44px]\" src=\"https:\/\/alimak.com\/wp-content\/uploads\/2025\/09\/Shape.svg\" alt=\"\">\n                            <\/div>\n                                                <div>\n                            <h3 class=\"text-18 md:text-26 font-medium leading-[1.25] pb-3.5 border-b mb-3.5 border-lightGrey\">F\u00f6rb\u00e4ttrad produktivitet<\/h3>\n                            <div class=\"text-14 md:text-base leading-[1.6] wysiwyg\"><\/div>\n                        <\/div>\n                    <\/div>\n                                    <div class=\"col-span-12 md:col-span-6 flex md:pr-10 lg:pr-20\">\n                                                    <div class=\"w-[60px] h-[60px] md:w-[92px] md:h-[92px] shrink-0 border-lightGrey border border mr-8 rounded-full flex items-center justify-center\">\n                                <img decoding=\"async\" class=\"max-h-[28px] md:max-h-[44px]\" src=\"https:\/\/alimak.com\/wp-content\/uploads\/2025\/09\/Shape.svg\" alt=\"\">\n                            <\/div>\n                                                <div>\n                            <h3 class=\"text-18 md:text-26 font-medium leading-[1.25] pb-3.5 border-b mb-3.5 border-lightGrey\">B\u00e4ttre logistik<\/h3>\n                            <div class=\"text-14 md:text-base leading-[1.6] wysiwyg\"><\/div>\n                        <\/div>\n                    <\/div>\n                                    <div class=\"col-span-12 md:col-span-6 flex md:pr-10 lg:pr-20\">\n                                                    <div class=\"w-[60px] h-[60px] md:w-[92px] md:h-[92px] shrink-0 border-lightGrey border border mr-8 rounded-full flex items-center justify-center\">\n                                <img decoding=\"async\" class=\"max-h-[28px] md:max-h-[44px]\" src=\"https:\/\/alimak.com\/wp-content\/uploads\/2025\/09\/Shape.svg\" alt=\"\">\n                            <\/div>\n                                                <div>\n                            <h3 class=\"text-18 md:text-26 font-medium leading-[1.25] pb-3.5 border-b mb-3.5 border-lightGrey\">H\u00f6gre s\u00e4kerhet<\/h3>\n                            <div class=\"text-14 md:text-base leading-[1.6] wysiwyg\"><\/div>\n                        <\/div>\n                    <\/div>\n                                    <div class=\"col-span-12 md:col-span-6 flex md:pr-10 lg:pr-20\">\n                                                    <div class=\"w-[60px] h-[60px] md:w-[92px] md:h-[92px] shrink-0 border-lightGrey border border mr-8 rounded-full flex items-center justify-center\">\n                                <img decoding=\"async\" class=\"max-h-[28px] md:max-h-[44px]\" src=\"https:\/\/alimak.com\/wp-content\/uploads\/2025\/09\/Shape.svg\" alt=\"\">\n                            <\/div>\n                                                <div>\n                            <h3 class=\"text-18 md:text-26 font-medium leading-[1.25] pb-3.5 border-b mb-3.5 border-lightGrey\">L\u00e4gre produktionskostnad f\u00f6r byggnaden<\/h3>\n                            <div class=\"text-14 md:text-base leading-[1.6] wysiwyg\"><\/div>\n                        <\/div>\n                    <\/div>\n                            <\/div>\n            <\/div>\n<\/section>\n","protected":false},"excerpt":{"rendered":"<p>Uppt\u00e4ck kostnadsbesparingar, produktivitetsvinster och projektspecifika f\u00f6rdelar p\u00e5 n\u00e5gra minuter. Fatta smartare beslut om \u00e5tkomstutrustning baserade p\u00e5 verklig data.<\/p>\n","protected":false},"author":2,"featured_media":0,"parent":14934,"menu_order":0,"comment_status":"closed","ping_status":"closed","template":"","meta":{"_acf_changed":false,"footnotes":""},"class_list":["post-14259","page","type-page","status-publish","hentry"],"acf":[],"yoast_head":"<!-- This site is optimized with the Yoast SEO plugin v27.3 - https:\/\/yoast.com\/product\/yoast-seo-wordpress\/ -->\n<title>MCWP V\u00e4rdeutforskare - Alimak<\/title>\n<meta name=\"robots\" content=\"index, follow, max-snippet:-1, max-image-preview:large, max-video-preview:-1\" \/>\n<link rel=\"canonical\" href=\"https:\/\/alimak.com\/sv\/tillfalliga-losningar\/digitala-tjanster-tillfalligt\/mcwp-vardeutforskare\/\" \/>\n<meta property=\"og:locale\" content=\"sv_SE\" \/>\n<meta property=\"og:type\" content=\"article\" \/>\n<meta property=\"og:title\" content=\"MCWP V\u00e4rdeutforskare - Alimak\" \/>\n<meta property=\"og:description\" content=\"Uppt\u00e4ck kostnadsbesparingar, produktivitetsvinster och projektspecifika f\u00f6rdelar p\u00e5 n\u00e5gra minuter. Fatta smartare beslut om \u00e5tkomstutrustning baserade p\u00e5 verklig data.\" \/>\n<meta property=\"og:url\" content=\"https:\/\/alimak.com\/sv\/tillfalliga-losningar\/digitala-tjanster-tillfalligt\/mcwp-vardeutforskare\/\" \/>\n<meta property=\"og:site_name\" content=\"Alimak\" \/>\n<meta property=\"article:modified_time\" content=\"2026-03-18T12:54:14+00:00\" \/>\n<meta name=\"twitter:card\" content=\"summary_large_image\" \/>\n<script type=\"application\/ld+json\" class=\"yoast-schema-graph\">{\"@context\":\"https:\\\/\\\/schema.org\",\"@graph\":[{\"@type\":\"WebPage\",\"@id\":\"https:\\\/\\\/alimak.com\\\/sv\\\/tillfalliga-losningar\\\/digitala-tjanster-tillfalligt\\\/mcwp-vardeutforskare\\\/\",\"url\":\"https:\\\/\\\/alimak.com\\\/sv\\\/tillfalliga-losningar\\\/digitala-tjanster-tillfalligt\\\/mcwp-vardeutforskare\\\/\",\"name\":\"MCWP V\u00e4rdeutforskare - Alimak\",\"isPartOf\":{\"@id\":\"https:\\\/\\\/alimak.com\\\/#website\"},\"datePublished\":\"2026-02-04T09:19:56+00:00\",\"dateModified\":\"2026-03-18T12:54:14+00:00\",\"breadcrumb\":{\"@id\":\"https:\\\/\\\/alimak.com\\\/sv\\\/tillfalliga-losningar\\\/digitala-tjanster-tillfalligt\\\/mcwp-vardeutforskare\\\/#breadcrumb\"},\"inLanguage\":\"sv-SE\",\"potentialAction\":[{\"@type\":\"ReadAction\",\"target\":[\"https:\\\/\\\/alimak.com\\\/sv\\\/tillfalliga-losningar\\\/digitala-tjanster-tillfalligt\\\/mcwp-vardeutforskare\\\/\"]}]},{\"@type\":\"BreadcrumbList\",\"@id\":\"https:\\\/\\\/alimak.com\\\/sv\\\/tillfalliga-losningar\\\/digitala-tjanster-tillfalligt\\\/mcwp-vardeutforskare\\\/#breadcrumb\",\"itemListElement\":[{\"@type\":\"ListItem\",\"position\":1,\"name\":\"Home\",\"item\":\"https:\\\/\\\/alimak.com\\\/sv\\\/\"},{\"@type\":\"ListItem\",\"position\":2,\"name\":\"Tillf\u00e4lliga l\u00f6sningar\",\"item\":\"https:\\\/\\\/alimak.com\\\/sv\\\/tillfalliga-losningar\\\/\"},{\"@type\":\"ListItem\",\"position\":3,\"name\":\"Digitala tj\u00e4nster (tillf\u00e4lligt)\",\"item\":\"https:\\\/\\\/alimak.com\\\/sv\\\/tillfalliga-losningar\\\/digitala-tjanster-tillfalligt\\\/\"},{\"@type\":\"ListItem\",\"position\":4,\"name\":\"MCWP V\u00e4rdeutforskare\"}]},{\"@type\":\"WebSite\",\"@id\":\"https:\\\/\\\/alimak.com\\\/#website\",\"url\":\"https:\\\/\\\/alimak.com\\\/\",\"name\":\"Alimak\",\"description\":\"\",\"potentialAction\":[{\"@type\":\"SearchAction\",\"target\":{\"@type\":\"EntryPoint\",\"urlTemplate\":\"https:\\\/\\\/alimak.com\\\/?s={search_term_string}\"},\"query-input\":{\"@type\":\"PropertyValueSpecification\",\"valueRequired\":true,\"valueName\":\"search_term_string\"}}],\"inLanguage\":\"sv-SE\"}]}<\/script>\n<!-- \/ Yoast SEO plugin. -->","yoast_head_json":{"title":"MCWP V\u00e4rdeutforskare - Alimak","robots":{"index":"index","follow":"follow","max-snippet":"max-snippet:-1","max-image-preview":"max-image-preview:large","max-video-preview":"max-video-preview:-1"},"canonical":"https:\/\/alimak.com\/sv\/tillfalliga-losningar\/digitala-tjanster-tillfalligt\/mcwp-vardeutforskare\/","og_locale":"sv_SE","og_type":"article","og_title":"MCWP V\u00e4rdeutforskare - Alimak","og_description":"Uppt\u00e4ck kostnadsbesparingar, produktivitetsvinster och projektspecifika f\u00f6rdelar p\u00e5 n\u00e5gra minuter. Fatta smartare beslut om \u00e5tkomstutrustning baserade p\u00e5 verklig data.","og_url":"https:\/\/alimak.com\/sv\/tillfalliga-losningar\/digitala-tjanster-tillfalligt\/mcwp-vardeutforskare\/","og_site_name":"Alimak","article_modified_time":"2026-03-18T12:54:14+00:00","twitter_card":"summary_large_image","schema":{"@context":"https:\/\/schema.org","@graph":[{"@type":"WebPage","@id":"https:\/\/alimak.com\/sv\/tillfalliga-losningar\/digitala-tjanster-tillfalligt\/mcwp-vardeutforskare\/","url":"https:\/\/alimak.com\/sv\/tillfalliga-losningar\/digitala-tjanster-tillfalligt\/mcwp-vardeutforskare\/","name":"MCWP V\u00e4rdeutforskare - Alimak","isPartOf":{"@id":"https:\/\/alimak.com\/#website"},"datePublished":"2026-02-04T09:19:56+00:00","dateModified":"2026-03-18T12:54:14+00:00","breadcrumb":{"@id":"https:\/\/alimak.com\/sv\/tillfalliga-losningar\/digitala-tjanster-tillfalligt\/mcwp-vardeutforskare\/#breadcrumb"},"inLanguage":"sv-SE","potentialAction":[{"@type":"ReadAction","target":["https:\/\/alimak.com\/sv\/tillfalliga-losningar\/digitala-tjanster-tillfalligt\/mcwp-vardeutforskare\/"]}]},{"@type":"BreadcrumbList","@id":"https:\/\/alimak.com\/sv\/tillfalliga-losningar\/digitala-tjanster-tillfalligt\/mcwp-vardeutforskare\/#breadcrumb","itemListElement":[{"@type":"ListItem","position":1,"name":"Home","item":"https:\/\/alimak.com\/sv\/"},{"@type":"ListItem","position":2,"name":"Tillf\u00e4lliga l\u00f6sningar","item":"https:\/\/alimak.com\/sv\/tillfalliga-losningar\/"},{"@type":"ListItem","position":3,"name":"Digitala tj\u00e4nster (tillf\u00e4lligt)","item":"https:\/\/alimak.com\/sv\/tillfalliga-losningar\/digitala-tjanster-tillfalligt\/"},{"@type":"ListItem","position":4,"name":"MCWP V\u00e4rdeutforskare"}]},{"@type":"WebSite","@id":"https:\/\/alimak.com\/#website","url":"https:\/\/alimak.com\/","name":"Alimak","description":"","potentialAction":[{"@type":"SearchAction","target":{"@type":"EntryPoint","urlTemplate":"https:\/\/alimak.com\/?s={search_term_string}"},"query-input":{"@type":"PropertyValueSpecification","valueRequired":true,"valueName":"search_term_string"}}],"inLanguage":"sv-SE"}]}},"_links":{"self":[{"href":"https:\/\/alimak.com\/sv\/wp-json\/wp\/v2\/pages\/14259","targetHints":{"allow":["GET"]}}],"collection":[{"href":"https:\/\/alimak.com\/sv\/wp-json\/wp\/v2\/pages"}],"about":[{"href":"https:\/\/alimak.com\/sv\/wp-json\/wp\/v2\/types\/page"}],"author":[{"embeddable":true,"href":"https:\/\/alimak.com\/sv\/wp-json\/wp\/v2\/users\/2"}],"replies":[{"embeddable":true,"href":"https:\/\/alimak.com\/sv\/wp-json\/wp\/v2\/comments?post=14259"}],"version-history":[{"count":1,"href":"https:\/\/alimak.com\/sv\/wp-json\/wp\/v2\/pages\/14259\/revisions"}],"predecessor-version":[{"id":14261,"href":"https:\/\/alimak.com\/sv\/wp-json\/wp\/v2\/pages\/14259\/revisions\/14261"}],"up":[{"embeddable":true,"href":"https:\/\/alimak.com\/sv\/wp-json\/wp\/v2\/pages\/14934"}],"wp:attachment":[{"href":"https:\/\/alimak.com\/sv\/wp-json\/wp\/v2\/media?parent=14259"}],"curies":[{"name":"wp","href":"https:\/\/api.w.org\/{rel}","templated":true}]}}