{"id":14278,"date":"2026-01-30T14:32:58","date_gmt":"2026-01-30T14:32:58","guid":{"rendered":"https:\/\/alimak.com\/tillfalliga-losningar\/begagnad-utrustning\/"},"modified":"2026-03-18T12:43:25","modified_gmt":"2026-03-18T12:43:25","slug":"begagnad-utrustning","status":"publish","type":"page","link":"https:\/\/alimak.com\/sv\/tillfalliga-losningar\/begagnad-utrustning\/","title":{"rendered":"Begagnad utrustning"},"content":{"rendered":"\n<section class=\"small-hero border-b bg-black border-darkGrey text-white pt-0 pb-0\">\n            <div class=\"relative\">\n            <div class=\"hero-overlay relative\">\n                                    <picture class=\"w-full\"><source media=\"(max-width:639px)\" srcset=\"https:\/\/images.ohmyhosting.se\/AmCNXumSN7UbUqmrhndHoLZGCL4=\/390x461\/smart\/filters:quality(85)\/https%3A%2F%2Falimak.com%2Fwp-content%2Fuploads%2F2026%2F03%2Fused-equipment-hero-3-e1773158226876.jpg 1x, https:\/\/images.ohmyhosting.se\/jtTF3aZsC5Nch3S0RaejUt-lx6E=\/780x922\/smart\/filters:quality(85)\/https%3A%2F%2Falimak.com%2Fwp-content%2Fuploads%2F2026%2F03%2Fused-equipment-hero-3-e1773158226876.jpg 2x\"><source media=\"(max-width:1022px)\" srcset=\"https:\/\/images.ohmyhosting.se\/FNzPlUAL45QHNTBjDuKnCtyYy9g=\/805x951\/smart\/filters:quality(85)\/https%3A%2F%2Falimak.com%2Fwp-content%2Fuploads%2F2026%2F03%2Fused-equipment-hero-3-e1773158226876.jpg 1x, https:\/\/images.ohmyhosting.se\/3FMlOrQo3UcSquNdQn2MfYVCUvs=\/1610x1902\/smart\/filters:quality(85)\/https%3A%2F%2Falimak.com%2Fwp-content%2Fuploads%2F2026%2F03%2Fused-equipment-hero-3-e1773158226876.jpg 2x\"><img decoding=\"async\" src=\"https:\/\/images.ohmyhosting.se\/4deWh3Joz0Sd-aekksz7VkQOcb0=\/2545x1121\/smart\/filters:quality(85)\/https%3A%2F%2Falimak.com%2Fwp-content%2Fuploads%2F2026%2F03%2Fused-equipment-hero-3-e1773158226876.jpg\" srcset=\"https:\/\/images.ohmyhosting.se\/4deWh3Joz0Sd-aekksz7VkQOcb0=\/2545x1121\/smart\/filters:quality(85)\/https%3A%2F%2Falimak.com%2Fwp-content%2Fuploads%2F2026%2F03%2Fused-equipment-hero-3-e1773158226876.jpg 1x, https:\/\/images.ohmyhosting.se\/KakzkZauyIzl9zr1T9fedm0Hd5c=\/5090x2242\/smart\/filters:quality(85)\/https%3A%2F%2Falimak.com%2Fwp-content%2Fuploads%2F2026%2F03%2Fused-equipment-hero-3-e1773158226876.jpg 2x\" alt=\"\" class=\"w-full object-cover w-full max-h-[90vh]\" width=\"2545\" height=\"1121\" \/><\/picture>                            <\/div>\n            <div class=\"absolute inset-0 z-10 flex flex-col justify-end\">\n                <div class=\"holder\">\n                    <div class=\"grid grid-cols-12 gap-4 pb-16\">\n                        <div class=\"col-span-12 lg:col-span-7\">\n                                                    <p class=\"md:text-20 font-medium leading-[1.25] mb-1\">Tillf\u00e4lliga l\u00f6sningar<\/p>\n                                                    <h1 class=\"text-28 md:text-52 leading-[1.3] lg:max-w-[625px]\"><p>Begagnad utrustning<\/p>\n<\/h1>\n                            <div class=\"wysiwyg pt-5 leading-[1.6] hidden lg:block lg:max-w-[512px]\"><div class=\"m11__text\" data-animate=\"\">\n<p>Alimaks sortiment av begagnad utrustning erbjuder den idealiska l\u00f6sningen f\u00f6r bygg- och uthyrningsf\u00f6retag som beh\u00f6ver en tillf\u00f6rlitlig men kostnadseffektiv l\u00f6sning f\u00f6r vertikal \u00e5tkomst. Alimaks erbjudande av begagnad utrustning minskar lagerkostnaderna samtidigt som det ger tillg\u00e5ng till h\u00f6gkvalitativa, robusta och tillf\u00f6rlitliga produkter f\u00f6r vertikal \u00e5tkomst. <\/p>\n<\/div>\n<\/div>\n                        <\/div>\n                    <\/div>\n                <\/div>\n            <\/div>\n        <\/div>\n                    <div class=\"lg:hidden py-12 border-b border-darkGrey\">\n                <div class=\"holder\">\n                    <div class=\"wysiwyg leading-[1.6]\"><div class=\"m11__text\" data-animate=\"\">\n<p>Alimaks sortiment av begagnad utrustning erbjuder den idealiska l\u00f6sningen f\u00f6r bygg- och uthyrningsf\u00f6retag som beh\u00f6ver en tillf\u00f6rlitlig men kostnadseffektiv l\u00f6sning f\u00f6r vertikal \u00e5tkomst. Alimaks erbjudande av begagnad utrustning minskar lagerkostnaderna samtidigt som det ger tillg\u00e5ng till h\u00f6gkvalitativa, robusta och tillf\u00f6rlitliga produkter f\u00f6r vertikal \u00e5tkomst. <\/p>\n<\/div>\n<\/div>\n                <\/div>\n            <\/div>\n        \n    <\/section>\n<section class=\"text-img bg-white text-black border-lightGrey   pt-6 lg:pt-12 pb-6 lg:pb-12\">\n    <div class=\"holder\">\n      <div class=\"grid grid-cols-12 gap-4 items-center\">\n        <div class=\"col-span-12 lg:col-span-6 2.5xl:col-span-8 \">\n                            <div class=\"text-img-overlay relative mb-8 md:mb-0 max-w-[852px] \">\n                    <picture class=\"w-full\"><source media=\"(max-width:639px)\" srcset=\"https:\/\/images.ohmyhosting.se\/y2h3HBcrI7WcCNMkHKBBJFBkPc0=\/382x237\/smart\/filters:quality(85)\/https%3A%2F%2Falimak.com%2Fwp-content%2Fuploads%2F2025%2F12%2FKappa-2.jpg 1x, https:\/\/images.ohmyhosting.se\/yHz8uGMOt24Mw7dtHGe-iQOim4Y=\/764x474\/smart\/filters:quality(85)\/https%3A%2F%2Falimak.com%2Fwp-content%2Fuploads%2F2025%2F12%2FKappa-2.jpg 2x\"><source media=\"(max-width:1022px)\" srcset=\"https:\/\/images.ohmyhosting.se\/qKHNn8X_hc2zduCF30JobDrNdHg=\/773x480\/smart\/filters:quality(85)\/https%3A%2F%2Falimak.com%2Fwp-content%2Fuploads%2F2025%2F12%2FKappa-2.jpg 1x, https:\/\/images.ohmyhosting.se\/mll1iLeffeEoniFw2Q8WkVEjIZs=\/1546x960\/smart\/filters:quality(85)\/https%3A%2F%2Falimak.com%2Fwp-content%2Fuploads%2F2025%2F12%2FKappa-2.jpg 2x\"><img decoding=\"async\" src=\"https:\/\/images.ohmyhosting.se\/cVEZTszjtt3hn2pkFAle-NwSaGM=\/852x530\/smart\/filters:quality(85)\/https%3A%2F%2Falimak.com%2Fwp-content%2Fuploads%2F2025%2F12%2FKappa-2.jpg\" srcset=\"https:\/\/images.ohmyhosting.se\/cVEZTszjtt3hn2pkFAle-NwSaGM=\/852x530\/smart\/filters:quality(85)\/https%3A%2F%2Falimak.com%2Fwp-content%2Fuploads%2F2025%2F12%2FKappa-2.jpg 1x, https:\/\/images.ohmyhosting.se\/dG34BZAYqTz_UWlnso926SN0qYg=\/1704x1060\/smart\/filters:quality(85)\/https%3A%2F%2Falimak.com%2Fwp-content%2Fuploads%2F2025%2F12%2FKappa-2.jpg 2x\" alt=\"\" class=\"w-full w-full rounded-[12px] object-cover\" width=\"852\" height=\"530\" \/><\/picture>                                        <\/div>\n            \n        <\/div>\n        <div class=\"col-span-12 lg:col-span-6 2.5xl:col-span-4 flex flex-col justify-center \">\n            <div class=\"\">\n                                                    <div class=\"wysiwyg leading-[1.6] text-numbersGrey\"><p>Alimaks begagnade utrustning omfattar produktmodeller i alla \u00e5ldrar, kapaciteter och specifikationer. All utrustning servas och underh\u00e5lls regelbundet f\u00f6r optimal prestanda och l\u00e4ngre livsl\u00e4ngd. <\/p>\n<div>Bes\u00f6k Alimak Groups webbplats f\u00f6r begagnad utrustning.<\/div>\n<\/div>\n                                                    <div class=\"mt-8\">\n                        <a class=\"btn black\" href=\"https:\/\/webshop.mascus.com\/en\/alimak\/search\" target=\"_blank\">\n                            <span>Logga in<\/span>\n                            <span>\n                                                                    <svg width=\"18\" height=\"18\" viewBox=\"0 0 18 18\" fill=\"none\" xmlns=\"http:\/\/www.w3.org\/2000\/svg\">\n                                    <path class=\"stroke-white\" d=\"M13.5 9.75098V14.251C13.5 14.6488 13.342 15.0303 13.0607 15.3116C12.7794 15.5929 12.3978 15.751 12 15.751H3.75C3.35218 15.751 2.97064 15.5929 2.68934 15.3116C2.40804 15.0303 2.25 14.6488 2.25 14.251V6.00098C2.25 5.60315 2.40804 5.22162 2.68934 4.94032C2.97064 4.65901 3.35218 4.50098 3.75 4.50098H8.25\" stroke=\"white\" stroke-width=\"1.5\" stroke-linejoin=\"round\"\/>\n                                    <path class=\"stroke-white\" d=\"M11.25 2.25098H15.75V6.75098\" stroke=\"white\" stroke-width=\"1.5\" stroke-linejoin=\"round\"\/>\n                                    <path class=\"stroke-white\" d=\"M7.50073 10.501L15.7507 2.25098\" stroke=\"white\" stroke-width=\"1.5\" stroke-linejoin=\"round\"\/>\n                                    <\/svg>\n                                                            <\/span>\n                        <\/a>\n                    <\/div>\n                            <\/div>\n        <\/div>\n      <\/div>\n    <\/div>\n<\/section>\n\n<section class=\"cta-banner bg-black text-white  pt-0 pb-6 lg:pb-12\">\n    <div class=\"relative\">\n                    <div class=\"cta-banner-overlay relative\">\n                <picture class=\"w-full\"><source media=\"(max-width:639px)\" srcset=\"https:\/\/images.ohmyhosting.se\/830LuN8tJnlhxBlrnP81Cn_re_Q=\/399x377\/smart\/filters:quality(85)\/https%3A%2F%2Falimak.com%2Fwp-content%2Fuploads%2F2025%2F09%2Fd2291df879d3d9219aa41f082605eabd3250e5e9.jpg 1x, https:\/\/images.ohmyhosting.se\/hU69TdXunvGuEgABsWLfplJ9_PU=\/798x754\/smart\/filters:quality(85)\/https%3A%2F%2Falimak.com%2Fwp-content%2Fuploads%2F2025%2F09%2Fd2291df879d3d9219aa41f082605eabd3250e5e9.jpg 2x\"><source media=\"(max-width:1022px)\" srcset=\"https:\/\/images.ohmyhosting.se\/sUTJ0HNsfwEJpnAiEjhFWb9u1pw=\/805x760\/smart\/filters:quality(85)\/https%3A%2F%2Falimak.com%2Fwp-content%2Fuploads%2F2025%2F09%2Fd2291df879d3d9219aa41f082605eabd3250e5e9.jpg 1x, https:\/\/images.ohmyhosting.se\/mrEIaFoAUgmLUkHNnjAqabwhsRU=\/1610x1520\/smart\/filters:quality(85)\/https%3A%2F%2Falimak.com%2Fwp-content%2Fuploads%2F2025%2F09%2Fd2291df879d3d9219aa41f082605eabd3250e5e9.jpg 2x\"><img decoding=\"async\" src=\"https:\/\/images.ohmyhosting.se\/RHe0oE3TlTETH41w2OoXpWjHYH8=\/2545x1053\/smart\/filters:quality(85)\/https%3A%2F%2Falimak.com%2Fwp-content%2Fuploads%2F2025%2F09%2Fd2291df879d3d9219aa41f082605eabd3250e5e9.jpg\" srcset=\"https:\/\/images.ohmyhosting.se\/RHe0oE3TlTETH41w2OoXpWjHYH8=\/2545x1053\/smart\/filters:quality(85)\/https%3A%2F%2Falimak.com%2Fwp-content%2Fuploads%2F2025%2F09%2Fd2291df879d3d9219aa41f082605eabd3250e5e9.jpg 1x, https:\/\/images.ohmyhosting.se\/AdhHQjA7d3yK0NqyO3xGggVMQX4=\/5090x2106\/smart\/filters:quality(85)\/https%3A%2F%2Falimak.com%2Fwp-content%2Fuploads%2F2025%2F09%2Fd2291df879d3d9219aa41f082605eabd3250e5e9.jpg 2x\" alt=\"\" class=\"w-full w-full h-full object-cover\" width=\"2545\" height=\"1053\" \/><\/picture>            <\/div>\n                <div class=\"absolute inset-0 z-[2]\">\n            <div class=\"holder\">\n                <div class=\"grid grid-cols-12 gap-4\">\n                    <div class=\"col-span-12 lg:col-span-6 lg:col-start-7 pt-16\">\n                        <h3 class=\"text-28 md:text-44 lg:max-w-[500px] leading-tight\">Kontakta oss f\u00f6r mer information eller en offert<\/h3>\n                                                    <div class=\"mt-8\">\n                                <a class=\"btn\" href=\"https:\/\/alimak.com\/sv\/kontakta-oss\/\" target=\"\">\n                                    <span>Kontakta oss<\/span>\n                                    <span>\n                                        <svg width=\"24\" height=\"11\" viewBox=\"0 0 24 11\" fill=\"none\" xmlns=\"http:\/\/www.w3.org\/2000\/svg\">\n                                        <path d=\"M0 5.5H22\" stroke=\"black\" stroke-width=\"1.5\"\/>\n                                        <path d=\"M17.5 1L22 5.5L17.5 10\" stroke=\"black\" stroke-width=\"1.5\"\/>\n                                        <\/svg>\n                                    <\/span>\n                                <\/a>\n                            <\/div>\n                                            <\/div>\n                <\/div>\n            <\/div>\n        <\/div>\n    <\/div>\n<\/section>\n","protected":false},"excerpt":{"rendered":"<p>Alimaks sortiment av begagnad utrustning erbjuder den idealiska l\u00f6sningen f\u00f6r bygg- och uthyrningsf\u00f6retag som beh\u00f6ver en tillf\u00f6rlitlig men kostnadseffektiv l\u00f6sning&#8230;<\/p>\n","protected":false},"author":2,"featured_media":0,"parent":13795,"menu_order":0,"comment_status":"closed","ping_status":"closed","template":"","meta":{"_acf_changed":false,"footnotes":""},"class_list":["post-14278","page","type-page","status-publish","hentry"],"acf":[],"yoast_head":"<!-- This site is optimized with the Yoast SEO plugin v27.3 - https:\/\/yoast.com\/product\/yoast-seo-wordpress\/ -->\n<title>Begagnad utrustning - Alimak<\/title>\n<meta name=\"robots\" content=\"index, follow, max-snippet:-1, max-image-preview:large, max-video-preview:-1\" \/>\n<link rel=\"canonical\" href=\"https:\/\/alimak.com\/sv\/tillfalliga-losningar\/begagnad-utrustning\/\" \/>\n<meta property=\"og:locale\" content=\"sv_SE\" \/>\n<meta property=\"og:type\" content=\"article\" \/>\n<meta property=\"og:title\" content=\"Begagnad utrustning - Alimak\" \/>\n<meta property=\"og:description\" content=\"Alimaks sortiment av begagnad utrustning erbjuder den idealiska l\u00f6sningen f\u00f6r bygg- och uthyrningsf\u00f6retag som beh\u00f6ver en tillf\u00f6rlitlig men kostnadseffektiv l\u00f6sning...\" \/>\n<meta property=\"og:url\" content=\"https:\/\/alimak.com\/sv\/tillfalliga-losningar\/begagnad-utrustning\/\" \/>\n<meta property=\"og:site_name\" content=\"Alimak\" \/>\n<meta property=\"article:modified_time\" content=\"2026-03-18T12:43:25+00:00\" \/>\n<meta name=\"twitter:card\" content=\"summary_large_image\" \/>\n<script type=\"application\/ld+json\" class=\"yoast-schema-graph\">{\"@context\":\"https:\\\/\\\/schema.org\",\"@graph\":[{\"@type\":\"WebPage\",\"@id\":\"https:\\\/\\\/alimak.com\\\/sv\\\/tillfalliga-losningar\\\/begagnad-utrustning\\\/\",\"url\":\"https:\\\/\\\/alimak.com\\\/sv\\\/tillfalliga-losningar\\\/begagnad-utrustning\\\/\",\"name\":\"Begagnad utrustning - Alimak\",\"isPartOf\":{\"@id\":\"https:\\\/\\\/alimak.com\\\/#website\"},\"datePublished\":\"2026-01-30T14:32:58+00:00\",\"dateModified\":\"2026-03-18T12:43:25+00:00\",\"breadcrumb\":{\"@id\":\"https:\\\/\\\/alimak.com\\\/sv\\\/tillfalliga-losningar\\\/begagnad-utrustning\\\/#breadcrumb\"},\"inLanguage\":\"sv-SE\",\"potentialAction\":[{\"@type\":\"ReadAction\",\"target\":[\"https:\\\/\\\/alimak.com\\\/sv\\\/tillfalliga-losningar\\\/begagnad-utrustning\\\/\"]}]},{\"@type\":\"BreadcrumbList\",\"@id\":\"https:\\\/\\\/alimak.com\\\/sv\\\/tillfalliga-losningar\\\/begagnad-utrustning\\\/#breadcrumb\",\"itemListElement\":[{\"@type\":\"ListItem\",\"position\":1,\"name\":\"Home\",\"item\":\"https:\\\/\\\/alimak.com\\\/sv\\\/\"},{\"@type\":\"ListItem\",\"position\":2,\"name\":\"Tillf\u00e4lliga l\u00f6sningar\",\"item\":\"https:\\\/\\\/alimak.com\\\/sv\\\/tillfalliga-losningar\\\/\"},{\"@type\":\"ListItem\",\"position\":3,\"name\":\"Begagnad utrustning\"}]},{\"@type\":\"WebSite\",\"@id\":\"https:\\\/\\\/alimak.com\\\/#website\",\"url\":\"https:\\\/\\\/alimak.com\\\/\",\"name\":\"Alimak\",\"description\":\"\",\"potentialAction\":[{\"@type\":\"SearchAction\",\"target\":{\"@type\":\"EntryPoint\",\"urlTemplate\":\"https:\\\/\\\/alimak.com\\\/?s={search_term_string}\"},\"query-input\":{\"@type\":\"PropertyValueSpecification\",\"valueRequired\":true,\"valueName\":\"search_term_string\"}}],\"inLanguage\":\"sv-SE\"}]}<\/script>\n<!-- \/ Yoast SEO plugin. -->","yoast_head_json":{"title":"Begagnad utrustning - Alimak","robots":{"index":"index","follow":"follow","max-snippet":"max-snippet:-1","max-image-preview":"max-image-preview:large","max-video-preview":"max-video-preview:-1"},"canonical":"https:\/\/alimak.com\/sv\/tillfalliga-losningar\/begagnad-utrustning\/","og_locale":"sv_SE","og_type":"article","og_title":"Begagnad utrustning - Alimak","og_description":"Alimaks sortiment av begagnad utrustning erbjuder den idealiska l\u00f6sningen f\u00f6r bygg- och uthyrningsf\u00f6retag som beh\u00f6ver en tillf\u00f6rlitlig men kostnadseffektiv l\u00f6sning...","og_url":"https:\/\/alimak.com\/sv\/tillfalliga-losningar\/begagnad-utrustning\/","og_site_name":"Alimak","article_modified_time":"2026-03-18T12:43:25+00:00","twitter_card":"summary_large_image","schema":{"@context":"https:\/\/schema.org","@graph":[{"@type":"WebPage","@id":"https:\/\/alimak.com\/sv\/tillfalliga-losningar\/begagnad-utrustning\/","url":"https:\/\/alimak.com\/sv\/tillfalliga-losningar\/begagnad-utrustning\/","name":"Begagnad utrustning - Alimak","isPartOf":{"@id":"https:\/\/alimak.com\/#website"},"datePublished":"2026-01-30T14:32:58+00:00","dateModified":"2026-03-18T12:43:25+00:00","breadcrumb":{"@id":"https:\/\/alimak.com\/sv\/tillfalliga-losningar\/begagnad-utrustning\/#breadcrumb"},"inLanguage":"sv-SE","potentialAction":[{"@type":"ReadAction","target":["https:\/\/alimak.com\/sv\/tillfalliga-losningar\/begagnad-utrustning\/"]}]},{"@type":"BreadcrumbList","@id":"https:\/\/alimak.com\/sv\/tillfalliga-losningar\/begagnad-utrustning\/#breadcrumb","itemListElement":[{"@type":"ListItem","position":1,"name":"Home","item":"https:\/\/alimak.com\/sv\/"},{"@type":"ListItem","position":2,"name":"Tillf\u00e4lliga l\u00f6sningar","item":"https:\/\/alimak.com\/sv\/tillfalliga-losningar\/"},{"@type":"ListItem","position":3,"name":"Begagnad utrustning"}]},{"@type":"WebSite","@id":"https:\/\/alimak.com\/#website","url":"https:\/\/alimak.com\/","name":"Alimak","description":"","potentialAction":[{"@type":"SearchAction","target":{"@type":"EntryPoint","urlTemplate":"https:\/\/alimak.com\/?s={search_term_string}"},"query-input":{"@type":"PropertyValueSpecification","valueRequired":true,"valueName":"search_term_string"}}],"inLanguage":"sv-SE"}]}},"_links":{"self":[{"href":"https:\/\/alimak.com\/sv\/wp-json\/wp\/v2\/pages\/14278","targetHints":{"allow":["GET"]}}],"collection":[{"href":"https:\/\/alimak.com\/sv\/wp-json\/wp\/v2\/pages"}],"about":[{"href":"https:\/\/alimak.com\/sv\/wp-json\/wp\/v2\/types\/page"}],"author":[{"embeddable":true,"href":"https:\/\/alimak.com\/sv\/wp-json\/wp\/v2\/users\/2"}],"replies":[{"embeddable":true,"href":"https:\/\/alimak.com\/sv\/wp-json\/wp\/v2\/comments?post=14278"}],"version-history":[{"count":1,"href":"https:\/\/alimak.com\/sv\/wp-json\/wp\/v2\/pages\/14278\/revisions"}],"predecessor-version":[{"id":14281,"href":"https:\/\/alimak.com\/sv\/wp-json\/wp\/v2\/pages\/14278\/revisions\/14281"}],"up":[{"embeddable":true,"href":"https:\/\/alimak.com\/sv\/wp-json\/wp\/v2\/pages\/13795"}],"wp:attachment":[{"href":"https:\/\/alimak.com\/sv\/wp-json\/wp\/v2\/media?parent=14278"}],"curies":[{"name":"wp","href":"https:\/\/api.w.org\/{rel}","templated":true}]}}