{"id":15001,"date":"2026-01-28T10:35:39","date_gmt":"2026-01-28T10:35:39","guid":{"rendered":"https:\/\/alimak.com\/tillfalliga-losningar\/reservdelar-tjanster-tillfalliga\/radgivning-om-vertikal-tillganglighet-i-tidigt-skede-tillfallig\/"},"modified":"2026-03-18T12:55:19","modified_gmt":"2026-03-18T12:55:19","slug":"radgivning-om-vertikal-tillganglighet-i-tidigt-skede-tillfallig","status":"publish","type":"page","link":"https:\/\/alimak.com\/sv\/tillfalliga-losningar\/reservdelar-tjanster-tillfalliga\/radgivning-om-vertikal-tillganglighet-i-tidigt-skede-tillfallig\/","title":{"rendered":"R\u00e5dgivning om vertikal tillg\u00e4nglighet i tidigt skede (tillf\u00e4llig)"},"content":{"rendered":"\n<section class=\"small-hero border-b bg-black border-darkGrey text-white pt-0 pb-0\">\n            <div class=\"relative\">\n            <div class=\"hero-overlay relative\">\n                                    <picture class=\"w-full\"><source media=\"(max-width:639px)\" srcset=\"https:\/\/images.ohmyhosting.se\/a7lY6gCxPHif_68OmExYmy8AhKc=\/390x461\/smart\/filters:quality(85)\/https%3A%2F%2Falimak.com%2Fwp-content%2Fuploads%2F2026%2F01%2FOffice-1-e1771491985332.png 1x, https:\/\/images.ohmyhosting.se\/E-1rdRQXct2Gywltr0XTbQlkP6g=\/780x922\/smart\/filters:quality(85)\/https%3A%2F%2Falimak.com%2Fwp-content%2Fuploads%2F2026%2F01%2FOffice-1-e1771491985332.png 2x\"><source media=\"(max-width:1022px)\" srcset=\"https:\/\/images.ohmyhosting.se\/nEU_kSUpG-SvYEZ_8LxIiwaP_2E=\/805x951\/smart\/filters:quality(85)\/https%3A%2F%2Falimak.com%2Fwp-content%2Fuploads%2F2026%2F01%2FOffice-1-e1771491985332.png 1x, https:\/\/images.ohmyhosting.se\/mATyIK9cB8eywoJT1e7aHymWvSE=\/1610x1902\/smart\/filters:quality(85)\/https%3A%2F%2Falimak.com%2Fwp-content%2Fuploads%2F2026%2F01%2FOffice-1-e1771491985332.png 2x\"><img decoding=\"async\" src=\"https:\/\/images.ohmyhosting.se\/Ayh8MnTCIX5Bxuk7GvRnQoDJneI=\/2545x814\/smart\/filters:quality(85)\/https%3A%2F%2Falimak.com%2Fwp-content%2Fuploads%2F2026%2F01%2FOffice-1-e1771491985332.png\" srcset=\"https:\/\/images.ohmyhosting.se\/Ayh8MnTCIX5Bxuk7GvRnQoDJneI=\/2545x814\/smart\/filters:quality(85)\/https%3A%2F%2Falimak.com%2Fwp-content%2Fuploads%2F2026%2F01%2FOffice-1-e1771491985332.png 1x, https:\/\/images.ohmyhosting.se\/zaxvkbk8b8f6RtUJexz9NcPAyFg=\/5090x1628\/smart\/filters:quality(85)\/https%3A%2F%2Falimak.com%2Fwp-content%2Fuploads%2F2026%2F01%2FOffice-1-e1771491985332.png 2x\" alt=\"\" class=\"w-full object-cover w-full max-h-[90vh]\" width=\"2545\" height=\"814\" \/><\/picture>                            <\/div>\n            <div class=\"absolute inset-0 z-10 flex flex-col justify-end\">\n                <div class=\"holder\">\n                    <div class=\"grid grid-cols-12 gap-4 pb-16\">\n                        <div class=\"col-span-12 lg:col-span-7\">\n                                                    <p class=\"md:text-20 font-medium leading-[1.25] mb-1\">Tillf\u00e4lliga l\u00f6sningar<\/p>\n                                                    <h1 class=\"text-28 md:text-52 leading-[1.3] lg:max-w-[625px]\"><p>R\u00e5dgivning om vertikal tillg\u00e4nglighet i tidigt skede<\/p>\n<\/h1>\n                            <div class=\"wysiwyg pt-5 leading-[1.6] hidden lg:block lg:max-w-[512px]\"><p>N\u00e4r stora byggprojekt b\u00f6rjar ta form f\u00f6rbises ofta den vertikala logistiken. M\u00e5nga fokuserar p\u00e5 hur material, personal och utrustning kommer till och fr\u00e5n arbetsplatsen, men verklig effektivitet uppn\u00e5s endast n\u00e4r det vertikala fl\u00f6det integreras fr\u00e5n allra f\u00f6rsta b\u00f6rjan. Det \u00e4r d\u00e4r Alimak g\u00f6r skillnad.  <\/p>\n<p>Med \u00f6ver 75 \u00e5rs global erfarenhet erbjuder Alimak oberoende, r\u00e5dgivande expertis l\u00e5ngt innan n\u00e5gra beslut om ink\u00f6p eller hyra av utrustning beh\u00f6ver fattas. V\u00e5ra specialister hj\u00e4lper byggherrar och projektteam att skapa r\u00e4tt strategi f\u00f6r vertikal tillg\u00e4nglighet tidigt i planeringsfasen, vilket \u00f6kar s\u00e4kerheten, produktiviteten och f\u00f6ruts\u00e4gbarheten genom hela byggprocessen. <\/p>\n<\/div>\n                        <\/div>\n                    <\/div>\n                <\/div>\n            <\/div>\n        <\/div>\n                    <div class=\"lg:hidden py-12 border-b border-darkGrey\">\n                <div class=\"holder\">\n                    <div class=\"wysiwyg leading-[1.6]\"><p>N\u00e4r stora byggprojekt b\u00f6rjar ta form f\u00f6rbises ofta den vertikala logistiken. M\u00e5nga fokuserar p\u00e5 hur material, personal och utrustning kommer till och fr\u00e5n arbetsplatsen, men verklig effektivitet uppn\u00e5s endast n\u00e4r det vertikala fl\u00f6det integreras fr\u00e5n allra f\u00f6rsta b\u00f6rjan. Det \u00e4r d\u00e4r Alimak g\u00f6r skillnad.  <\/p>\n<p>Med \u00f6ver 75 \u00e5rs global erfarenhet erbjuder Alimak oberoende, r\u00e5dgivande expertis l\u00e5ngt innan n\u00e5gra beslut om ink\u00f6p eller hyra av utrustning beh\u00f6ver fattas. V\u00e5ra specialister hj\u00e4lper byggherrar och projektteam att skapa r\u00e4tt strategi f\u00f6r vertikal tillg\u00e4nglighet tidigt i planeringsfasen, vilket \u00f6kar s\u00e4kerheten, produktiviteten och f\u00f6ruts\u00e4gbarheten genom hela byggprocessen. <\/p>\n<\/div>\n                <\/div>\n            <\/div>\n        \n    <\/section>\n<section class=\"text-img bg-white text-black border-lightGrey   pt-6 lg:pt-12 pb-6 lg:pb-12\">\n    <div class=\"holder\">\n      <div class=\"grid grid-cols-12 gap-4 items-center\">\n        <div class=\"col-span-12 lg:col-span-6 2.5xl:col-span-8 \">\n                            <div class=\"text-img-overlay relative mb-8 md:mb-0 max-w-[852px] \">\n                    <picture class=\"w-full\"><source media=\"(max-width:639px)\" srcset=\"https:\/\/images.ohmyhosting.se\/ezIsUjI6pFp-uMWUSbCtOgUeYds=\/382x237\/smart\/filters:quality(85)\/https%3A%2F%2Falimak.com%2Fwp-content%2Fuploads%2F2026%2F01%2FOffice-1-e1771491985332.png 1x, https:\/\/images.ohmyhosting.se\/IVck438GY2F-e-i_NuA75TBbEgU=\/764x474\/smart\/filters:quality(85)\/https%3A%2F%2Falimak.com%2Fwp-content%2Fuploads%2F2026%2F01%2FOffice-1-e1771491985332.png 2x\"><source media=\"(max-width:1022px)\" srcset=\"https:\/\/images.ohmyhosting.se\/tTNundT9nkEDUqwn7kbv_jjey0Y=\/773x480\/smart\/filters:quality(85)\/https%3A%2F%2Falimak.com%2Fwp-content%2Fuploads%2F2026%2F01%2FOffice-1-e1771491985332.png 1x, https:\/\/images.ohmyhosting.se\/iJe2UkiVgvxSwAJWg_3LpcGl0eA=\/1546x960\/smart\/filters:quality(85)\/https%3A%2F%2Falimak.com%2Fwp-content%2Fuploads%2F2026%2F01%2FOffice-1-e1771491985332.png 2x\"><img decoding=\"async\" src=\"https:\/\/images.ohmyhosting.se\/HNJnXZL8mgwksMDRMCyJbQAdAXU=\/852x530\/smart\/filters:quality(85)\/https%3A%2F%2Falimak.com%2Fwp-content%2Fuploads%2F2026%2F01%2FOffice-1-e1771491985332.png\" srcset=\"https:\/\/images.ohmyhosting.se\/HNJnXZL8mgwksMDRMCyJbQAdAXU=\/852x530\/smart\/filters:quality(85)\/https%3A%2F%2Falimak.com%2Fwp-content%2Fuploads%2F2026%2F01%2FOffice-1-e1771491985332.png 1x, https:\/\/images.ohmyhosting.se\/erxMw4lIrOqL7oOmLa87Gp6Ukj0=\/1704x1060\/smart\/filters:quality(85)\/https%3A%2F%2Falimak.com%2Fwp-content%2Fuploads%2F2026%2F01%2FOffice-1-e1771491985332.png 2x\" alt=\"\" class=\"w-full w-full rounded-[12px] object-cover\" width=\"852\" height=\"530\" \/><\/picture>                                        <\/div>\n            \n        <\/div>\n        <div class=\"col-span-12 lg:col-span-6 2.5xl:col-span-4 flex flex-col justify-center \">\n            <div class=\"\">\n                                    <h2 class=\"text-24 md:text-36 leading-[1.3] font-medium mb-4\">Expertv\u00e4gledning som st\u00e5r p\u00e5 egna ben<\/h2>\n                                                    <div class=\"wysiwyg leading-[1.6] text-numbersGrey\"><p>Denna tj\u00e4nst \u00e4r inte bara ett till\u00e4gg till utrustningsf\u00f6rs\u00e4ljning. Det \u00e4r ett frist\u00e5ende professionellt konsulterbjudande, tillg\u00e4ngligt oavsett om ni senare v\u00e4ljer Alimaks utrustning eller inte. V\u00e5rt m\u00e5l \u00e4r enkelt: att hj\u00e4lpa er fatta b\u00e4sta m\u00f6jliga beslut f\u00f6r ert projekts vertikala logistik. Viktigt att notera \u00e4r att v\u00e5r konsultst\u00f6d finns tillg\u00e4ngligt \u00e4ven innan n\u00e5gon applikationsteknisk projektering kr\u00e4vs, vilket s\u00e4kerst\u00e4ller att ni f\u00e5r oberoende r\u00e5dgivning i de allra tidigaste planeringsskedena.   <\/p>\n<p><strong>Vi hj\u00e4lper er att f\u00f6rst\u00e5 och beakta nyckelomr\u00e5den och deras p\u00e5verkan p\u00e5 vertikal logistik: <\/strong><\/p>\n<ul>\n<li>Byggmetoder och logistik<\/li>\n<li>Vertikal planering och tillg\u00e4nglighet<\/li>\n<li>Praktiska arrangemang och s\u00e4kerhet<\/li>\n<li>Alternativa l\u00f6sningar och milj\u00f6h\u00e4nsyn<\/li>\n<li>Schemal\u00e4ggning och sekvensering<\/li>\n<\/ul>\n<\/div>\n                                            <\/div>\n        <\/div>\n      <\/div>\n    <\/div>\n<\/section>\n\n<section class=\"text-img bg-white text-black border-lightGrey   pt-6 lg:pt-12 pb-6 lg:pb-12\">\n    <div class=\"holder\">\n      <div class=\"grid grid-cols-12 gap-4 items-center\">\n        <div class=\"col-span-12 lg:col-span-6 2.5xl:col-span-8  order-1 lg:order-2\">\n                            <div class=\"text-img-overlay relative mb-8 md:mb-0 max-w-[852px] lg:ml-auto\">\n                    <picture class=\"w-full\"><source media=\"(max-width:639px)\" srcset=\"https:\/\/images.ohmyhosting.se\/vBwFbs360hPAi3_fthl9-Q-JTdA=\/382x237\/smart\/filters:quality(85)\/https%3A%2F%2Falimak.com%2Fwp-content%2Fuploads%2F2025%2F12%2FWres-JV-Lesotho-highlands-water-project-phase-II.jpg 1x, https:\/\/images.ohmyhosting.se\/x24rjD5zuMQZNEWxReY5PwyRCfY=\/764x474\/smart\/filters:quality(85)\/https%3A%2F%2Falimak.com%2Fwp-content%2Fuploads%2F2025%2F12%2FWres-JV-Lesotho-highlands-water-project-phase-II.jpg 2x\"><source media=\"(max-width:1022px)\" srcset=\"https:\/\/images.ohmyhosting.se\/xwk7j2vUJo4Oj2Bcw9FAOLKqqEU=\/773x480\/smart\/filters:quality(85)\/https%3A%2F%2Falimak.com%2Fwp-content%2Fuploads%2F2025%2F12%2FWres-JV-Lesotho-highlands-water-project-phase-II.jpg 1x, https:\/\/images.ohmyhosting.se\/fn7kJ06ig-BKQz5v6QO1iPlQkWE=\/1546x960\/smart\/filters:quality(85)\/https%3A%2F%2Falimak.com%2Fwp-content%2Fuploads%2F2025%2F12%2FWres-JV-Lesotho-highlands-water-project-phase-II.jpg 2x\"><img decoding=\"async\" src=\"https:\/\/images.ohmyhosting.se\/E29Y_3rbXIP1RStS8EYvW4O0hqg=\/852x530\/smart\/filters:quality(85)\/https%3A%2F%2Falimak.com%2Fwp-content%2Fuploads%2F2025%2F12%2FWres-JV-Lesotho-highlands-water-project-phase-II.jpg\" srcset=\"https:\/\/images.ohmyhosting.se\/E29Y_3rbXIP1RStS8EYvW4O0hqg=\/852x530\/smart\/filters:quality(85)\/https%3A%2F%2Falimak.com%2Fwp-content%2Fuploads%2F2025%2F12%2FWres-JV-Lesotho-highlands-water-project-phase-II.jpg 1x, https:\/\/images.ohmyhosting.se\/1dhhtBT5hJ_sJpGZ2wJ1oMgzrxw=\/1704x1060\/smart\/filters:quality(85)\/https%3A%2F%2Falimak.com%2Fwp-content%2Fuploads%2F2025%2F12%2FWres-JV-Lesotho-highlands-water-project-phase-II.jpg 2x\" alt=\"\" class=\"w-full w-full rounded-[12px] object-cover\" width=\"852\" height=\"530\" \/><\/picture>                                        <\/div>\n            \n        <\/div>\n        <div class=\"col-span-12 lg:col-span-6 2.5xl:col-span-4 flex flex-col justify-center  order-2 lg:order-1\">\n            <div class=\"\">\n                                    <h2 class=\"text-24 md:text-36 leading-[1.3] font-medium mb-4\">Varf\u00f6r vertikal logistik m\u00e5ste ing\u00e5 i processen tidigt<\/h2>\n                                                    <div class=\"wysiwyg leading-[1.6] text-numbersGrey\"><p>\u00c4ven den b\u00e4sta transportstrategin kommer att brista om det vertikala fl\u00f6det inte beaktas fr\u00e5n dag ett. Sena beslut leder ofta till ineffektivitet, tr\u00e4ngsel, s\u00e4kerhetsrisker och oplanerade kostnader. Tidig planering s\u00e4kerst\u00e4ller smidigare arbetsfl\u00f6den, \u00f6kad produktivitet p\u00e5 arbetsplatsen, b\u00e4ttre s\u00e4kerhetsf\u00f6rh\u00e5llanden, f\u00e4rre st\u00f6rningar och mer h\u00e5llbara l\u00f6sningar.  <\/p>\n<\/div>\n                                            <\/div>\n        <\/div>\n      <\/div>\n    <\/div>\n<\/section>\n\n<section class=\"text-img bg-white text-black border-lightGrey   pt-6 lg:pt-12 pb-6 lg:pb-12\">\n    <div class=\"holder\">\n      <div class=\"grid grid-cols-12 gap-4 items-center\">\n        <div class=\"col-span-12 lg:col-span-6 2.5xl:col-span-8 \">\n                            <div class=\"text-img-overlay relative mb-8 md:mb-0 max-w-[852px] \">\n                    <picture class=\"w-full\"><source media=\"(max-width:639px)\" srcset=\"https:\/\/images.ohmyhosting.se\/GkoILb3ljAQt_1TMNELPR6aYQgs=\/382x237\/smart\/filters:quality(85)\/https%3A%2F%2Falimak.com%2Fwp-content%2Fuploads%2F2026%2F01%2FAlimak_2021_11-21_-23-klar-e1769609400219.jpg 1x, https:\/\/images.ohmyhosting.se\/3nLrD0AHX4SwNV-urPg07ttG-WY=\/764x474\/smart\/filters:quality(85)\/https%3A%2F%2Falimak.com%2Fwp-content%2Fuploads%2F2026%2F01%2FAlimak_2021_11-21_-23-klar-e1769609400219.jpg 2x\"><source media=\"(max-width:1022px)\" srcset=\"https:\/\/images.ohmyhosting.se\/k-b15iUKwlBshiv3lTudPU5YFcw=\/773x480\/smart\/filters:quality(85)\/https%3A%2F%2Falimak.com%2Fwp-content%2Fuploads%2F2026%2F01%2FAlimak_2021_11-21_-23-klar-e1769609400219.jpg 1x, https:\/\/images.ohmyhosting.se\/G6xqo4Z4Ixjnw2SOu2pEiRYARcY=\/1546x960\/smart\/filters:quality(85)\/https%3A%2F%2Falimak.com%2Fwp-content%2Fuploads%2F2026%2F01%2FAlimak_2021_11-21_-23-klar-e1769609400219.jpg 2x\"><img decoding=\"async\" src=\"https:\/\/images.ohmyhosting.se\/h-vvgEx6C5-FvGwzdi3SvXoNM_M=\/852x530\/smart\/filters:quality(85)\/https%3A%2F%2Falimak.com%2Fwp-content%2Fuploads%2F2026%2F01%2FAlimak_2021_11-21_-23-klar-e1769609400219.jpg\" srcset=\"https:\/\/images.ohmyhosting.se\/h-vvgEx6C5-FvGwzdi3SvXoNM_M=\/852x530\/smart\/filters:quality(85)\/https%3A%2F%2Falimak.com%2Fwp-content%2Fuploads%2F2026%2F01%2FAlimak_2021_11-21_-23-klar-e1769609400219.jpg 1x, https:\/\/images.ohmyhosting.se\/t3DhO4-sxNcQzHdYj3mJlzGzaNI=\/1704x1060\/smart\/filters:quality(85)\/https%3A%2F%2Falimak.com%2Fwp-content%2Fuploads%2F2026%2F01%2FAlimak_2021_11-21_-23-klar-e1769609400219.jpg 2x\" alt=\"\" class=\"w-full w-full rounded-[12px] object-cover\" width=\"852\" height=\"530\" \/><\/picture>                                        <\/div>\n            \n        <\/div>\n        <div class=\"col-span-12 lg:col-span-6 2.5xl:col-span-4 flex flex-col justify-center \">\n            <div class=\"\">\n                                    <h2 class=\"text-24 md:text-36 leading-[1.3] font-medium mb-4\">Vill ni veta mer?<\/h2>\n                                                    <div class=\"wysiwyg leading-[1.6] text-numbersGrey\"><p>Om ni \u00e4r intresserade av att f\u00f6rst\u00e5 hur v\u00e5r konsultverksamhet inom vertikal logistik kan st\u00f6dja ert kommande projekt, kontakta er n\u00e4rmaste Alimak-representant. Vi \u00e4r redo att hj\u00e4lpa er bygga smartare, s\u00e4krare och mer effektivt, redan fr\u00e5n start. <\/p>\n<\/div>\n                                                    <div class=\"mt-8\">\n                        <a class=\"btn black\" href=\"https:\/\/alimak.com\/sv\/kontakta-oss\/\" target=\"\">\n                            <span>Kontakta oss<\/span>\n                            <span>\n                                                                    <svg width=\"24\" height=\"11\" viewBox=\"0 0 24 11\" fill=\"none\" xmlns=\"http:\/\/www.w3.org\/2000\/svg\">\n                                    <path class=\"stroke-white\" d=\"M0 5.50098H22\" stroke=\"white\" stroke-width=\"1.5\"\/>\n                                    <path class=\"stroke-white\" d=\"M17.5 1.00098L22 5.50098L17.5 10.001\" stroke=\"white\" stroke-width=\"1.5\"\/>\n                                    <\/svg>\n                                                            <\/span>\n                        <\/a>\n                    <\/div>\n                            <\/div>\n        <\/div>\n      <\/div>\n    <\/div>\n<\/section>\n","protected":false},"excerpt":{"rendered":"<p>N\u00e4r stora byggprojekt b\u00f6rjar ta form f\u00f6rbises ofta den vertikala logistiken. M\u00e5nga fokuserar p\u00e5 hur material, personal och utrustning kommer&#8230;<\/p>\n","protected":false},"author":2,"featured_media":0,"parent":14930,"menu_order":0,"comment_status":"closed","ping_status":"closed","template":"","meta":{"_acf_changed":false,"footnotes":""},"class_list":["post-15001","page","type-page","status-publish","hentry"],"acf":[],"yoast_head":"<!-- This site is optimized with the Yoast SEO plugin v27.3 - https:\/\/yoast.com\/product\/yoast-seo-wordpress\/ -->\n<title>R\u00e5dgivning om vertikal tillg\u00e4nglighet i tidigt skede (tillf\u00e4llig) - Alimak<\/title>\n<meta name=\"robots\" content=\"index, follow, max-snippet:-1, max-image-preview:large, max-video-preview:-1\" \/>\n<link rel=\"canonical\" href=\"https:\/\/alimak.com\/sv\/tillfalliga-losningar\/reservdelar-tjanster-tillfalliga\/radgivning-om-vertikal-tillganglighet-i-tidigt-skede-tillfallig\/\" \/>\n<meta property=\"og:locale\" content=\"sv_SE\" \/>\n<meta property=\"og:type\" content=\"article\" \/>\n<meta property=\"og:title\" content=\"R\u00e5dgivning om vertikal tillg\u00e4nglighet i tidigt skede (tillf\u00e4llig) - Alimak\" \/>\n<meta property=\"og:description\" content=\"N\u00e4r stora byggprojekt b\u00f6rjar ta form f\u00f6rbises ofta den vertikala logistiken. M\u00e5nga fokuserar p\u00e5 hur material, personal och utrustning kommer...\" \/>\n<meta property=\"og:url\" content=\"https:\/\/alimak.com\/sv\/tillfalliga-losningar\/reservdelar-tjanster-tillfalliga\/radgivning-om-vertikal-tillganglighet-i-tidigt-skede-tillfallig\/\" \/>\n<meta property=\"og:site_name\" content=\"Alimak\" \/>\n<meta property=\"article:modified_time\" content=\"2026-03-18T12:55:19+00:00\" \/>\n<meta name=\"twitter:card\" content=\"summary_large_image\" \/>\n<script type=\"application\/ld+json\" class=\"yoast-schema-graph\">{\"@context\":\"https:\\\/\\\/schema.org\",\"@graph\":[{\"@type\":\"WebPage\",\"@id\":\"https:\\\/\\\/alimak.com\\\/sv\\\/tillfalliga-losningar\\\/reservdelar-tjanster-tillfalliga\\\/radgivning-om-vertikal-tillganglighet-i-tidigt-skede-tillfallig\\\/\",\"url\":\"https:\\\/\\\/alimak.com\\\/sv\\\/tillfalliga-losningar\\\/reservdelar-tjanster-tillfalliga\\\/radgivning-om-vertikal-tillganglighet-i-tidigt-skede-tillfallig\\\/\",\"name\":\"R\u00e5dgivning om vertikal tillg\u00e4nglighet i tidigt skede (tillf\u00e4llig) - Alimak\",\"isPartOf\":{\"@id\":\"https:\\\/\\\/alimak.com\\\/#website\"},\"datePublished\":\"2026-01-28T10:35:39+00:00\",\"dateModified\":\"2026-03-18T12:55:19+00:00\",\"breadcrumb\":{\"@id\":\"https:\\\/\\\/alimak.com\\\/sv\\\/tillfalliga-losningar\\\/reservdelar-tjanster-tillfalliga\\\/radgivning-om-vertikal-tillganglighet-i-tidigt-skede-tillfallig\\\/#breadcrumb\"},\"inLanguage\":\"sv-SE\",\"potentialAction\":[{\"@type\":\"ReadAction\",\"target\":[\"https:\\\/\\\/alimak.com\\\/sv\\\/tillfalliga-losningar\\\/reservdelar-tjanster-tillfalliga\\\/radgivning-om-vertikal-tillganglighet-i-tidigt-skede-tillfallig\\\/\"]}]},{\"@type\":\"BreadcrumbList\",\"@id\":\"https:\\\/\\\/alimak.com\\\/sv\\\/tillfalliga-losningar\\\/reservdelar-tjanster-tillfalliga\\\/radgivning-om-vertikal-tillganglighet-i-tidigt-skede-tillfallig\\\/#breadcrumb\",\"itemListElement\":[{\"@type\":\"ListItem\",\"position\":1,\"name\":\"Home\",\"item\":\"https:\\\/\\\/alimak.com\\\/sv\\\/\"},{\"@type\":\"ListItem\",\"position\":2,\"name\":\"Tillf\u00e4lliga l\u00f6sningar\",\"item\":\"https:\\\/\\\/alimak.com\\\/sv\\\/tillfalliga-losningar\\\/\"},{\"@type\":\"ListItem\",\"position\":3,\"name\":\"Reservdelar &amp; tj\u00e4nster (tillf\u00e4lliga)\",\"item\":\"https:\\\/\\\/alimak.com\\\/sv\\\/tillfalliga-losningar\\\/reservdelar-tjanster-tillfalliga\\\/\"},{\"@type\":\"ListItem\",\"position\":4,\"name\":\"R\u00e5dgivning om vertikal tillg\u00e4nglighet i tidigt skede (tillf\u00e4llig)\"}]},{\"@type\":\"WebSite\",\"@id\":\"https:\\\/\\\/alimak.com\\\/#website\",\"url\":\"https:\\\/\\\/alimak.com\\\/\",\"name\":\"Alimak\",\"description\":\"\",\"potentialAction\":[{\"@type\":\"SearchAction\",\"target\":{\"@type\":\"EntryPoint\",\"urlTemplate\":\"https:\\\/\\\/alimak.com\\\/?s={search_term_string}\"},\"query-input\":{\"@type\":\"PropertyValueSpecification\",\"valueRequired\":true,\"valueName\":\"search_term_string\"}}],\"inLanguage\":\"sv-SE\"}]}<\/script>\n<!-- \/ Yoast SEO plugin. -->","yoast_head_json":{"title":"R\u00e5dgivning om vertikal tillg\u00e4nglighet i tidigt skede (tillf\u00e4llig) - Alimak","robots":{"index":"index","follow":"follow","max-snippet":"max-snippet:-1","max-image-preview":"max-image-preview:large","max-video-preview":"max-video-preview:-1"},"canonical":"https:\/\/alimak.com\/sv\/tillfalliga-losningar\/reservdelar-tjanster-tillfalliga\/radgivning-om-vertikal-tillganglighet-i-tidigt-skede-tillfallig\/","og_locale":"sv_SE","og_type":"article","og_title":"R\u00e5dgivning om vertikal tillg\u00e4nglighet i tidigt skede (tillf\u00e4llig) - Alimak","og_description":"N\u00e4r stora byggprojekt b\u00f6rjar ta form f\u00f6rbises ofta den vertikala logistiken. M\u00e5nga fokuserar p\u00e5 hur material, personal och utrustning kommer...","og_url":"https:\/\/alimak.com\/sv\/tillfalliga-losningar\/reservdelar-tjanster-tillfalliga\/radgivning-om-vertikal-tillganglighet-i-tidigt-skede-tillfallig\/","og_site_name":"Alimak","article_modified_time":"2026-03-18T12:55:19+00:00","twitter_card":"summary_large_image","schema":{"@context":"https:\/\/schema.org","@graph":[{"@type":"WebPage","@id":"https:\/\/alimak.com\/sv\/tillfalliga-losningar\/reservdelar-tjanster-tillfalliga\/radgivning-om-vertikal-tillganglighet-i-tidigt-skede-tillfallig\/","url":"https:\/\/alimak.com\/sv\/tillfalliga-losningar\/reservdelar-tjanster-tillfalliga\/radgivning-om-vertikal-tillganglighet-i-tidigt-skede-tillfallig\/","name":"R\u00e5dgivning om vertikal tillg\u00e4nglighet i tidigt skede (tillf\u00e4llig) - Alimak","isPartOf":{"@id":"https:\/\/alimak.com\/#website"},"datePublished":"2026-01-28T10:35:39+00:00","dateModified":"2026-03-18T12:55:19+00:00","breadcrumb":{"@id":"https:\/\/alimak.com\/sv\/tillfalliga-losningar\/reservdelar-tjanster-tillfalliga\/radgivning-om-vertikal-tillganglighet-i-tidigt-skede-tillfallig\/#breadcrumb"},"inLanguage":"sv-SE","potentialAction":[{"@type":"ReadAction","target":["https:\/\/alimak.com\/sv\/tillfalliga-losningar\/reservdelar-tjanster-tillfalliga\/radgivning-om-vertikal-tillganglighet-i-tidigt-skede-tillfallig\/"]}]},{"@type":"BreadcrumbList","@id":"https:\/\/alimak.com\/sv\/tillfalliga-losningar\/reservdelar-tjanster-tillfalliga\/radgivning-om-vertikal-tillganglighet-i-tidigt-skede-tillfallig\/#breadcrumb","itemListElement":[{"@type":"ListItem","position":1,"name":"Home","item":"https:\/\/alimak.com\/sv\/"},{"@type":"ListItem","position":2,"name":"Tillf\u00e4lliga l\u00f6sningar","item":"https:\/\/alimak.com\/sv\/tillfalliga-losningar\/"},{"@type":"ListItem","position":3,"name":"Reservdelar &amp; tj\u00e4nster (tillf\u00e4lliga)","item":"https:\/\/alimak.com\/sv\/tillfalliga-losningar\/reservdelar-tjanster-tillfalliga\/"},{"@type":"ListItem","position":4,"name":"R\u00e5dgivning om vertikal tillg\u00e4nglighet i tidigt skede (tillf\u00e4llig)"}]},{"@type":"WebSite","@id":"https:\/\/alimak.com\/#website","url":"https:\/\/alimak.com\/","name":"Alimak","description":"","potentialAction":[{"@type":"SearchAction","target":{"@type":"EntryPoint","urlTemplate":"https:\/\/alimak.com\/?s={search_term_string}"},"query-input":{"@type":"PropertyValueSpecification","valueRequired":true,"valueName":"search_term_string"}}],"inLanguage":"sv-SE"}]}},"_links":{"self":[{"href":"https:\/\/alimak.com\/sv\/wp-json\/wp\/v2\/pages\/15001","targetHints":{"allow":["GET"]}}],"collection":[{"href":"https:\/\/alimak.com\/sv\/wp-json\/wp\/v2\/pages"}],"about":[{"href":"https:\/\/alimak.com\/sv\/wp-json\/wp\/v2\/types\/page"}],"author":[{"embeddable":true,"href":"https:\/\/alimak.com\/sv\/wp-json\/wp\/v2\/users\/2"}],"replies":[{"embeddable":true,"href":"https:\/\/alimak.com\/sv\/wp-json\/wp\/v2\/comments?post=15001"}],"version-history":[{"count":1,"href":"https:\/\/alimak.com\/sv\/wp-json\/wp\/v2\/pages\/15001\/revisions"}],"predecessor-version":[{"id":15004,"href":"https:\/\/alimak.com\/sv\/wp-json\/wp\/v2\/pages\/15001\/revisions\/15004"}],"up":[{"embeddable":true,"href":"https:\/\/alimak.com\/sv\/wp-json\/wp\/v2\/pages\/14930"}],"wp:attachment":[{"href":"https:\/\/alimak.com\/sv\/wp-json\/wp\/v2\/media?parent=15001"}],"curies":[{"name":"wp","href":"https:\/\/api.w.org\/{rel}","templated":true}]}}