{"id":15005,"date":"2025-08-26T10:44:30","date_gmt":"2025-08-26T10:44:30","guid":{"rendered":"https:\/\/alimak.com\/integritetspolicy\/"},"modified":"2026-03-19T15:14:59","modified_gmt":"2026-03-19T15:14:59","slug":"integritetspolicy","status":"publish","type":"page","link":"https:\/\/alimak.com\/sv\/integritetspolicy\/","title":{"rendered":"Integritetspolicy"},"content":{"rendered":"\n<section class=\"small-hero border-b bg-white text-black border-lightGrey pt-0 pb-0\">\n    \n        <div class=\"holder pt-36 md:pt-44\">\n            <div class=\"grid grid-cols-12 gap-4 pb-16\">\n                <div class=\"col-span-12 lg:col-span-7\">\n                                        <h1 class=\"text-28 md:text-52 leading-[1.3] lg:max-w-[625px]\"><p>Integritetspolicy<\/p>\n<\/h1>\n                    <div class=\"wysiwyg pt-5 leading-[1.6] lg:block lg:max-w-[767px]\"><h3><strong>Information om hanteringen av personuppgifter hos Alimak Group<\/strong><\/h3>\n<p>Alimak \u00e4r en del av Alimak Group, som \u00e4r en global ledare inom l\u00f6sningar f\u00f6r vertikal \u00e5tkomst. Vi str\u00e4var alltid efter att bygga starka och f\u00f6rtroendefulla relationer med alla parter som vi g\u00f6r aff\u00e4rer med. D\u00e4rf\u00f6r \u00e4r det viktigt f\u00f6r oss att hantera dina personuppgifter med fokus p\u00e5 din integritet.  <\/p>\n<p>Personuppgifter \u00e4r all slags information som kan anv\u00e4ndas f\u00f6r att identifiera dig som en fysisk person. V\u00e5r integritetspolicy beskriver varf\u00f6r och hur vi hanterar dina personuppgifter samt hur du kan ut\u00f6va dina r\u00e4ttigheter. <\/p>\n<p>L\u00e4s denna policy.<\/p>\n<\/div>\n                <\/div>\n            <\/div>\n        <\/div>\n\n    <\/section>\n<section class=\"regular-text-block bg-white pt-6 lg:pt-12 pb-6 lg:pb-12\">\n    <div class=\"holder\">\n        <div class=\"grid grid-cols-12 gap-4\">\n            <div class=\"col-span-12 lg:col-span-3 hidden lg:block\">\n            <\/div>\n            <main class=\"col-span-12 lg:col-span-9\">\n\n                <div class=\"wysiwyg-article mb-12\">\n                    <h4>V\u00e5rt ansvar<\/h4>\n<p>F\u00f6r att kunna anskaffa de leveranser som kr\u00e4vs f\u00f6r att bedriva v\u00e5r verksamhet och d\u00e4rmed kunna erbjuda v\u00e5ra kunder de f\u00f6rv\u00e4ntade l\u00f6sningarna hanterar vi dina personuppgifter. De flesta s\u00e5dana uppgifter \u00e4r kopplade till din anst\u00e4llning, ditt intresse som aktie\u00e4gare eller annat intresse i Alimak Group. Uppgifterna avser kontaktuppgifter och information som beh\u00f6vs f\u00f6r att uppr\u00e4tth\u00e5lla relationen med dig eller din arbetsgivare.  <\/p>\n<p>Alimak Group \u00e4r ansvarig (personuppgiftsansvarig) f\u00f6r all behandling som vi utf\u00f6r av dina personuppgifter. Vi f\u00f6ljer till\u00e4mpliga regler f\u00f6r dataskydd och hanterar personuppgifter med st\u00f6d av s\u00e5dana regler samt enligt interna policyer och riktlinjer. Vi f\u00f6rs\u00e4krar dig om att vi vidtar de \u00e5tg\u00e4rder som kr\u00e4vs f\u00f6r att h\u00e5lla dina personuppgifter s\u00e4kra.  <\/p>\n<h4>Insamling<\/h4>\n<p>Vi samlar endast in personuppgifter f\u00f6r specificerade, uttryckliga och legitima \u00e4ndam\u00e5l. K\u00e4llorna f\u00f6r insamling kan variera, men personuppgifter l\u00e4mnas vanligtvis av dig n\u00e4r du kontaktar oss via v\u00e5ra webbplatser, e-post, sociala medier etc., n\u00e4r du ut\u00f6var din r\u00e4tt som aktie\u00e4gare eller av din arbetsgivare som en del av deras engagemang vid aff\u00e4rer med Alimak Group. <\/p>\n<h4>Lagring<\/h4>\n<p>Vi behandlar dina personuppgifter endast s\u00e5 l\u00e4nge som det \u00e4r n\u00f6dv\u00e4ndigt f\u00f6r att uppfylla \u00e4ndam\u00e5let med behandlingen. D\u00e4refter raderar, pseudonymiserar eller anonymiserar vi personuppgifterna s\u00e5 att det inte l\u00e4ngre \u00e4r m\u00f6jligt att h\u00e4rleda dem till dig. Hur l\u00e4nge vi lagrar personuppgifterna beror p\u00e5 \u00e4ndam\u00e5len med behandlingen, inklusive till\u00e4mplig lagstiftning.  <\/p>\n<h4>\u00d6verf\u00f6ringar<\/h4>\n<p>Vi \u00f6verf\u00f6r personuppgifter \u00f6ver gr\u00e4nser (\u00f6verf\u00f6ringar till tredjeland) endast om det \u00e4r n\u00f6dv\u00e4ndigt f\u00f6r att uppfylla v\u00e5rt \u00e5tagande gentemot dig eller din arbetsgivare, f\u00f6r att tillgodose Alimak Groups ber\u00e4ttigade intressen eller f\u00f6r att uppfylla en r\u00e4ttslig f\u00f6rpliktelse.<\/p>\n<p>Varje personuppgiftsbitr\u00e4de eller tredje part som kan behandla dina personuppgifter f\u00f6r Alimak Groups r\u00e4kning har endast r\u00e4tt att g\u00f6ra det i enlighet med de tekniska, organisatoriska och juridiska krav som Alimak Group st\u00e4ller och som anges i avtal med respektive personuppgiftsbitr\u00e4de, tredje part eller annan personuppgiftsansvarig.<\/p>\n<h4>Anv\u00e4ndning av cookies p\u00e5 Alimak Groups webbplatser<\/h4>\n<p>En cookie \u00e4r en liten datafil som Alimak Groups webbplatser lagrar tillf\u00e4lligt eller permanent p\u00e5 din dators h\u00e5rddisk n\u00e4r du bes\u00f6ker v\u00e5ra webbplatser. Vi anv\u00e4nder cookies fr\u00e4mst f\u00f6r att analysera hur v\u00e5ra webbplatser anv\u00e4nds, analysera webbplatsernas prestanda och f\u00f6rb\u00e4ttra din upplevelse av webbplatsen. Vi anv\u00e4nder ocks\u00e5 cookies f\u00f6r att marknadsf\u00f6ra v\u00e5ra produkter och tj\u00e4nster till dig och v\u00e5ra kunder.  <\/p>\n<p>Du kan begr\u00e4nsa, blockera eller avvisa cookies genom att justera cookieinst\u00e4llningarna i webbl\u00e4saren p\u00e5 din enhet eller i inst\u00e4llningsavsnittet p\u00e5 din mobila enhet. Anv\u00e4nd hj\u00e4lpfunktionen\/inst\u00e4llningarna f\u00f6r att l\u00e4sa mer om hur du hanterar cookies. <\/p>\n<h4>Den registrerades r\u00e4ttigheter<\/h4>\n<p>N\u00e4r du eller din arbetsgivare \u00e4r bosatt inom EU\/EES eller n\u00e4r dina personuppgifter behandlas av ett Alimak Group-bolag inom EU\/EES \u00e4r dataskyddsf\u00f6rordningen (GDPR) till\u00e4mplig f\u00f6r dig. F\u00f6rordningen fastst\u00e4ller regler om skydd f\u00f6r fysiska personer med avseende p\u00e5 behandling av personuppgifter. Med denna lagstiftning f\u00f6ljer ett antal r\u00e4ttigheter som du kan ha anledning att ut\u00f6va. N\u00e4r du ut\u00f6var dina r\u00e4ttigheter, kontakta oss p\u00e5 n\u00e5gon av adresserna som anges nedan under avsnittet \u201dVart du v\u00e4nder dig f\u00f6r fr\u00e5gor och ytterligare information\u201d. Eventuella begr\u00e4nsningar av, eller \u00e4ndringar i, behandlingen kommer att g\u00e4lla f\u00f6r Alimak Group samt f\u00f6r eventuella parter som behandlar personuppgifter f\u00f6r v\u00e5r r\u00e4kning.    <\/p>\n<h4>R\u00e4tt till tillg\u00e5ng<\/h4>\n<p>Du har r\u00e4tt att f\u00e5 information om huruvida vi behandlar personuppgifter om dig och, i s\u00e5 fall, kommer dessa p\u00e5 din beg\u00e4ran att tillhandah\u00e5llas dig i ett strukturerat, allm\u00e4nt anv\u00e4nt format. Vidare har du r\u00e4tt att \u00f6verf\u00f6ra dessa uppgifter till en tredje part som du sj\u00e4lv v\u00e4ljer. <\/p>\n<p>Ut\u00f6ver de personuppgifter som behandlas har du r\u00e4tt att f\u00e5 information om \u00e4ndam\u00e5let och den r\u00e4ttsliga grunden f\u00f6r behandlingen, tillg\u00e4nglig information om uppgifternas k\u00e4lla, om m\u00f6jligt, den tidsperiod under vilken vi kommer att lagra uppgifterna, eventuella mottagare eller kategorier av mottagare till vilka personuppgifterna har l\u00e4mnats ut eller kommer att l\u00e4mnas ut, v\u00e5ra skydds\u00e5tg\u00e4rder vid eventuella \u00f6verf\u00f6ringar till tredjeland samt den logik som anv\u00e4nds om automatiserat beslutsfattande, inklusive profilering, utf\u00f6rs p\u00e5 dina personuppgifter.<\/p>\n<h4>R\u00e4tt till r\u00e4ttelse<\/h4>\n<p>Alimak Group ansvarar f\u00f6r riktigheten i de personuppgifter som vi behandlar om dig. Om du \u00e4nd\u00e5 anser att n\u00e5gon personuppgift som vi behandlar om dig \u00e4r felaktig har du r\u00e4tt att beg\u00e4ra r\u00e4ttelse av s\u00e5dana felaktiga uppgifter. Efter genomf\u00f6rd r\u00e4ttelse kommer vi att informera dig om de \u00e5tg\u00e4rder som vidtagits f\u00f6r att uppfylla din beg\u00e4ran.  <\/p>\n<h4>R\u00e4tt att inv\u00e4nda<\/h4>\n<p>Du har r\u00e4tt att inv\u00e4nda mot behandling n\u00e4r dina personuppgifter anv\u00e4nds f\u00f6r marknadsf\u00f6rings\u00e4ndam\u00e5l och f\u00f6r Alimak Groups ber\u00e4ttigade intresse, inklusive n\u00e4r profilering anv\u00e4nds f\u00f6r dessa \u00e4ndam\u00e5l. Om dina intressen eller grundl\u00e4ggande r\u00e4ttigheter och friheter anses v\u00e4ga tyngre \u00e4n v\u00e5ra ber\u00e4ttigade intressen kommer vi att upph\u00f6ra med behandlingen och informera dig om de \u00e5tg\u00e4rder som vidtagits. <\/p>\n<h4>R\u00e4tt till begr\u00e4nsning av behandling<\/h4>\n<p>Du har r\u00e4tt att beg\u00e4ra begr\u00e4nsning av behandlingen n\u00e4r du anser att \u00e4ndam\u00e5let med behandlingen inte l\u00e4ngre \u00e4r giltigt, n\u00e4r du anser att behandlingen \u00e4r olaglig, om du bestrider riktigheten i de personuppgifter som behandlas eller n\u00e4r du inv\u00e4nder mot behandlingen.<\/p>\n<p>N\u00e4r begr\u00e4nsning genomf\u00f6rs p\u00e5 din beg\u00e4ran kommer Alimak Group att informera dig om begr\u00e4nsningen av behandlingen upph\u00e4vs.<\/p>\n<h4>R\u00e4tt att \u00e5terkalla samtycke<\/h4>\n<p>Vissa behandlingsaktiviteter som utf\u00f6rs hos Alimak Group kan baseras p\u00e5 ditt samtycke. I s\u00e5dant fall har du r\u00e4tt att n\u00e4r som helst \u00e5terkalla ditt samtycke. Ett \u00e5terkallande p\u00e5verkar inte lagligheten i den behandling som utf\u00f6rts innan samtycket \u00e5terkallades. Om du \u00e5terkallar ditt samtycke kommer Alimak att upph\u00f6ra med att behandla dina personuppgifter, om vi inte \u00e4r skyldiga att forts\u00e4tta behandlingen enligt en r\u00e4ttslig f\u00f6rpliktelse.   <\/p>\n<h4>R\u00e4tt att bli bortgl\u00f6md (radering)<\/h4>\n<p>Liksom r\u00e4tten till begr\u00e4nsning har du r\u00e4tt att beg\u00e4ra radering av dina personuppgifter n\u00e4r du anser att \u00e4ndam\u00e5let med behandlingen inte l\u00e4ngre \u00e4r giltigt eller n\u00e4r du anser att behandlingen \u00e4r olaglig.<\/p>\n<p>Om Alimak Group beh\u00f6ver forts\u00e4tta behandla dina personuppgifter f\u00f6r att uppfylla en r\u00e4ttslig f\u00f6rpliktelse kommer vi att avsl\u00e5 din beg\u00e4ran och informera dig om sk\u00e4let.<\/p>\n<h4>R\u00e4tt till dataportabilitet<\/h4>\n<p>Om behandlingen av dina personuppgifter baseras p\u00e5 samtycke, utf\u00f6rs med automatiserade medel eller \u00e4r n\u00f6dv\u00e4ndig f\u00f6r fullg\u00f6randet av ett avtal som du \u00e4r part i, har du r\u00e4tt att \u00e5beropa din r\u00e4tt till dataportabilitet. P\u00e5 din beg\u00e4ran och om det \u00e4r m\u00f6jligt kommer Alimak Group att, i ett strukturerat, allm\u00e4nt anv\u00e4nt och maskinl\u00e4sbart format, tillhandah\u00e5lla dina personuppgifter till en part som du sj\u00e4lv v\u00e4ljer. <\/p>\n<h4>\u00c4ndringar i denna integritetspolicy<\/h4>\n<p>Alimak Group kan \u00e4ndra eller uppdatera denna integritetspolicy n\u00e4r det \u00e4r n\u00f6dv\u00e4ndigt f\u00f6r att \u00e5terspegla f\u00f6r\u00e4ndringar i v\u00e5r verksamhet eller f\u00f6r\u00e4ndringar i till\u00e4mplig lagstiftning. L\u00e4s igenom denna policy regelbundet. <\/p>\n<h4>Vart du v\u00e4nder dig f\u00f6r fr\u00e5gor och ytterligare information<\/h4>\n<p>Om du har fr\u00e5gor om denna policy eller dina r\u00e4ttigheter, kontakta oss via e-post p\u00e5 <a href=\"mailto:privacy@alimakgroup.com\">privacy@alimakgroup.com<\/a> eller per post till adressen nedan: <\/p>\n<p>Alimak Group AB (publ)<br \/>\nAtt: Global Data Protection Manager<br \/>\nBlekholmstorget 30<br \/>\n111 64 Stockholm<\/p>\n<p>Senast \u00e4ndrad:\u202f 21 juni 2022<\/p>\n                <\/div>\n\n                            <\/main>\n        <\/div>\n    <\/div>\n<\/section>\n","protected":false},"excerpt":{"rendered":"<p>Information om hanteringen av personuppgifter hos Alimak Group Alimak \u00e4r en del av Alimak Group, som \u00e4r en global ledare&#8230;<\/p>\n","protected":false},"author":1,"featured_media":0,"parent":0,"menu_order":0,"comment_status":"closed","ping_status":"closed","template":"","meta":{"_acf_changed":false,"footnotes":""},"class_list":["post-15005","page","type-page","status-publish","hentry"],"acf":[],"yoast_head":"<!-- This site is optimized with the Yoast SEO plugin v27.3 - https:\/\/yoast.com\/product\/yoast-seo-wordpress\/ -->\n<title>Integritetspolicy - Alimak<\/title>\n<meta name=\"robots\" content=\"index, follow, max-snippet:-1, max-image-preview:large, max-video-preview:-1\" \/>\n<link rel=\"canonical\" href=\"https:\/\/alimak.com\/sv\/integritetspolicy\/\" \/>\n<meta property=\"og:locale\" content=\"sv_SE\" \/>\n<meta property=\"og:type\" content=\"article\" \/>\n<meta property=\"og:title\" content=\"Integritetspolicy - Alimak\" \/>\n<meta property=\"og:description\" content=\"Information om hanteringen av personuppgifter hos Alimak Group Alimak \u00e4r en del av Alimak Group, som \u00e4r en global ledare...\" \/>\n<meta property=\"og:url\" content=\"https:\/\/alimak.com\/sv\/integritetspolicy\/\" \/>\n<meta property=\"og:site_name\" content=\"Alimak\" \/>\n<meta property=\"article:modified_time\" content=\"2026-03-19T15:14:59+00:00\" \/>\n<meta name=\"twitter:card\" content=\"summary_large_image\" \/>\n<script type=\"application\/ld+json\" class=\"yoast-schema-graph\">{\"@context\":\"https:\\\/\\\/schema.org\",\"@graph\":[{\"@type\":\"WebPage\",\"@id\":\"https:\\\/\\\/alimak.com\\\/sv\\\/integritetspolicy\\\/\",\"url\":\"https:\\\/\\\/alimak.com\\\/sv\\\/integritetspolicy\\\/\",\"name\":\"Integritetspolicy - Alimak\",\"isPartOf\":{\"@id\":\"https:\\\/\\\/alimak.com\\\/#website\"},\"datePublished\":\"2025-08-26T10:44:30+00:00\",\"dateModified\":\"2026-03-19T15:14:59+00:00\",\"breadcrumb\":{\"@id\":\"https:\\\/\\\/alimak.com\\\/sv\\\/integritetspolicy\\\/#breadcrumb\"},\"inLanguage\":\"sv-SE\",\"potentialAction\":[{\"@type\":\"ReadAction\",\"target\":[\"https:\\\/\\\/alimak.com\\\/sv\\\/integritetspolicy\\\/\"]}]},{\"@type\":\"BreadcrumbList\",\"@id\":\"https:\\\/\\\/alimak.com\\\/sv\\\/integritetspolicy\\\/#breadcrumb\",\"itemListElement\":[{\"@type\":\"ListItem\",\"position\":1,\"name\":\"Home\",\"item\":\"https:\\\/\\\/alimak.com\\\/sv\\\/\"},{\"@type\":\"ListItem\",\"position\":2,\"name\":\"Integritetspolicy\"}]},{\"@type\":\"WebSite\",\"@id\":\"https:\\\/\\\/alimak.com\\\/#website\",\"url\":\"https:\\\/\\\/alimak.com\\\/\",\"name\":\"Alimak\",\"description\":\"\",\"potentialAction\":[{\"@type\":\"SearchAction\",\"target\":{\"@type\":\"EntryPoint\",\"urlTemplate\":\"https:\\\/\\\/alimak.com\\\/?s={search_term_string}\"},\"query-input\":{\"@type\":\"PropertyValueSpecification\",\"valueRequired\":true,\"valueName\":\"search_term_string\"}}],\"inLanguage\":\"sv-SE\"}]}<\/script>\n<!-- \/ Yoast SEO plugin. -->","yoast_head_json":{"title":"Integritetspolicy - Alimak","robots":{"index":"index","follow":"follow","max-snippet":"max-snippet:-1","max-image-preview":"max-image-preview:large","max-video-preview":"max-video-preview:-1"},"canonical":"https:\/\/alimak.com\/sv\/integritetspolicy\/","og_locale":"sv_SE","og_type":"article","og_title":"Integritetspolicy - Alimak","og_description":"Information om hanteringen av personuppgifter hos Alimak Group Alimak \u00e4r en del av Alimak Group, som \u00e4r en global ledare...","og_url":"https:\/\/alimak.com\/sv\/integritetspolicy\/","og_site_name":"Alimak","article_modified_time":"2026-03-19T15:14:59+00:00","twitter_card":"summary_large_image","schema":{"@context":"https:\/\/schema.org","@graph":[{"@type":"WebPage","@id":"https:\/\/alimak.com\/sv\/integritetspolicy\/","url":"https:\/\/alimak.com\/sv\/integritetspolicy\/","name":"Integritetspolicy - Alimak","isPartOf":{"@id":"https:\/\/alimak.com\/#website"},"datePublished":"2025-08-26T10:44:30+00:00","dateModified":"2026-03-19T15:14:59+00:00","breadcrumb":{"@id":"https:\/\/alimak.com\/sv\/integritetspolicy\/#breadcrumb"},"inLanguage":"sv-SE","potentialAction":[{"@type":"ReadAction","target":["https:\/\/alimak.com\/sv\/integritetspolicy\/"]}]},{"@type":"BreadcrumbList","@id":"https:\/\/alimak.com\/sv\/integritetspolicy\/#breadcrumb","itemListElement":[{"@type":"ListItem","position":1,"name":"Home","item":"https:\/\/alimak.com\/sv\/"},{"@type":"ListItem","position":2,"name":"Integritetspolicy"}]},{"@type":"WebSite","@id":"https:\/\/alimak.com\/#website","url":"https:\/\/alimak.com\/","name":"Alimak","description":"","potentialAction":[{"@type":"SearchAction","target":{"@type":"EntryPoint","urlTemplate":"https:\/\/alimak.com\/?s={search_term_string}"},"query-input":{"@type":"PropertyValueSpecification","valueRequired":true,"valueName":"search_term_string"}}],"inLanguage":"sv-SE"}]}},"_links":{"self":[{"href":"https:\/\/alimak.com\/sv\/wp-json\/wp\/v2\/pages\/15005","targetHints":{"allow":["GET"]}}],"collection":[{"href":"https:\/\/alimak.com\/sv\/wp-json\/wp\/v2\/pages"}],"about":[{"href":"https:\/\/alimak.com\/sv\/wp-json\/wp\/v2\/types\/page"}],"author":[{"embeddable":true,"href":"https:\/\/alimak.com\/sv\/wp-json\/wp\/v2\/users\/1"}],"replies":[{"embeddable":true,"href":"https:\/\/alimak.com\/sv\/wp-json\/wp\/v2\/comments?post=15005"}],"version-history":[{"count":1,"href":"https:\/\/alimak.com\/sv\/wp-json\/wp\/v2\/pages\/15005\/revisions"}],"predecessor-version":[{"id":15006,"href":"https:\/\/alimak.com\/sv\/wp-json\/wp\/v2\/pages\/15005\/revisions\/15006"}],"wp:attachment":[{"href":"https:\/\/alimak.com\/sv\/wp-json\/wp\/v2\/media?parent=15005"}],"curies":[{"name":"wp","href":"https:\/\/api.w.org\/{rel}","templated":true}]}}