{"id":15067,"date":"2025-09-22T11:16:42","date_gmt":"2025-09-22T11:16:42","guid":{"rendered":"https:\/\/alimak.com\/permanenta-losningar\/reservdelar-och-service-permanent\/modernisering-och-renovering-permanent\/"},"modified":"2026-03-18T13:15:26","modified_gmt":"2026-03-18T13:15:26","slug":"modernisering-och-renovering-permanent","status":"publish","type":"page","link":"https:\/\/alimak.com\/sv\/permanenta-losningar\/reservdelar-och-service-permanent\/modernisering-och-renovering-permanent\/","title":{"rendered":"Modernisering och renovering (permanent)"},"content":{"rendered":"\n<section class=\"small-hero border-b bg-black border-darkGrey text-white pt-0 pb-0\">\n            <div class=\"relative\">\n            <div class=\"hero-overlay relative\">\n                                    <picture class=\"w-full\"><source media=\"(max-width:639px)\" srcset=\"https:\/\/images.ohmyhosting.se\/8iQ_hSMFf9EsqPTZ57m7zoVHAp4=\/390x461\/smart\/filters:quality(85)\/https%3A%2F%2Falimak.com%2Fwp-content%2Fuploads%2F2026%2F03%2Felevator-refurb-scaled.jpg 1x, https:\/\/images.ohmyhosting.se\/nvKbYDxD9K_Brh51EMhxlQiCq2g=\/780x922\/smart\/filters:quality(85)\/https%3A%2F%2Falimak.com%2Fwp-content%2Fuploads%2F2026%2F03%2Felevator-refurb-scaled.jpg 2x\"><source media=\"(max-width:1022px)\" srcset=\"https:\/\/images.ohmyhosting.se\/ItF7Vsnf-8V4oO-TdPZUfHyBS7Q=\/805x951\/smart\/filters:quality(85)\/https%3A%2F%2Falimak.com%2Fwp-content%2Fuploads%2F2026%2F03%2Felevator-refurb-scaled.jpg 1x, https:\/\/images.ohmyhosting.se\/n1kItl78bfKsn4qumAZm4HIDqgU=\/1610x1902\/smart\/filters:quality(85)\/https%3A%2F%2Falimak.com%2Fwp-content%2Fuploads%2F2026%2F03%2Felevator-refurb-scaled.jpg 2x\"><img decoding=\"async\" src=\"https:\/\/images.ohmyhosting.se\/L15d0Ogbj1CiS50vU2Xe6i2HWwY=\/2545x814\/smart\/filters:quality(85)\/https%3A%2F%2Falimak.com%2Fwp-content%2Fuploads%2F2026%2F03%2Felevator-refurb-scaled.jpg\" srcset=\"https:\/\/images.ohmyhosting.se\/L15d0Ogbj1CiS50vU2Xe6i2HWwY=\/2545x814\/smart\/filters:quality(85)\/https%3A%2F%2Falimak.com%2Fwp-content%2Fuploads%2F2026%2F03%2Felevator-refurb-scaled.jpg 1x, https:\/\/images.ohmyhosting.se\/4ffp8_0sgc8USSSUfGpC3Rb_pnQ=\/5090x1628\/smart\/filters:quality(85)\/https%3A%2F%2Falimak.com%2Fwp-content%2Fuploads%2F2026%2F03%2Felevator-refurb-scaled.jpg 2x\" alt=\"\" class=\"w-full object-cover w-full max-h-[90vh]\" width=\"2545\" height=\"814\" \/><\/picture>                            <\/div>\n            <div class=\"absolute inset-0 z-10 flex flex-col justify-end\">\n                <div class=\"holder\">\n                    <div class=\"grid grid-cols-12 gap-4 pb-16\">\n                        <div class=\"col-span-12 lg:col-span-7\">\n                                                    <p class=\"md:text-20 font-medium leading-[1.25] mb-1\">Permanenta l\u00f6sningar<\/p>\n                                                    <h1 class=\"text-28 md:text-52 leading-[1.3] lg:max-w-[625px]\"><p>Renovera. Modernisera. Ers\u00e4tt.  <\/p>\n<\/h1>\n                            <div class=\"wysiwyg pt-5 leading-[1.6] hidden lg:block lg:max-w-[512px]\"><p>Industrihissar arbetar h\u00e5rt. Efter \u00e5rtionden av tj\u00e4nst uts\u00e4tts komponenter naturligt f\u00f6r slitage, vilket kan p\u00e5verka tillf\u00f6rlitlighet, energieffektivitet och regelefterlevnad. Alimak erbjuder tre flexibla l\u00f6sningar: <strong>Renovering<\/strong>, <strong>Modernisering<\/strong> och <strong>Utbyte<\/strong>. Varje l\u00f6sning \u00e4r utformad f\u00f6r att passa era krav och minimera avbrott i ert schema.   <\/p>\n<p>Oavsett om ni vill f\u00f6rl\u00e4nga livsl\u00e4ngden p\u00e5 er befintliga hiss, uppgradera till den senaste tekniken eller helt f\u00f6rnya ert system f\u00f6r vertikal \u00e5tkomst, ger v\u00e5ra alternativ m\u00e4tbara f\u00f6rdelar i form av kostnadseffektivitet, minskad stillest\u00e5ndstid och efterlevnad av de senaste s\u00e4kerhetsstandarderna.<\/p>\n<\/div>\n                        <\/div>\n                    <\/div>\n                <\/div>\n            <\/div>\n        <\/div>\n                    <div class=\"lg:hidden py-12 border-b border-darkGrey\">\n                <div class=\"holder\">\n                    <div class=\"wysiwyg leading-[1.6]\"><p>Industrihissar arbetar h\u00e5rt. Efter \u00e5rtionden av tj\u00e4nst uts\u00e4tts komponenter naturligt f\u00f6r slitage, vilket kan p\u00e5verka tillf\u00f6rlitlighet, energieffektivitet och regelefterlevnad. Alimak erbjuder tre flexibla l\u00f6sningar: <strong>Renovering<\/strong>, <strong>Modernisering<\/strong> och <strong>Utbyte<\/strong>. Varje l\u00f6sning \u00e4r utformad f\u00f6r att passa era krav och minimera avbrott i ert schema.   <\/p>\n<p>Oavsett om ni vill f\u00f6rl\u00e4nga livsl\u00e4ngden p\u00e5 er befintliga hiss, uppgradera till den senaste tekniken eller helt f\u00f6rnya ert system f\u00f6r vertikal \u00e5tkomst, ger v\u00e5ra alternativ m\u00e4tbara f\u00f6rdelar i form av kostnadseffektivitet, minskad stillest\u00e5ndstid och efterlevnad av de senaste s\u00e4kerhetsstandarderna.<\/p>\n<\/div>\n                <\/div>\n            <\/div>\n        \n    <\/section>\n<section class=\"text-img bg-white text-black border-lightGrey   pt-6 lg:pt-12 pb-6 lg:pb-12\">\n    <div class=\"holder\">\n      <div class=\"grid grid-cols-12 gap-4 items-center\">\n        <div class=\"col-span-12 lg:col-span-6 2.5xl:col-span-8 \">\n                            <div class=\"text-img-overlay relative mb-8 md:mb-0 max-w-[852px] \">\n                    <picture class=\"w-full\"><source media=\"(max-width:639px)\" srcset=\"https:\/\/images.ohmyhosting.se\/wgobNe4s4s9uSpiGIcUs6tGTBEc=\/382x237\/smart\/filters:quality(85)\/https%3A%2F%2Falimak.com%2Fwp-content%2Fuploads%2F2026%2F02%2FRefurb-scaled.jpg 1x, https:\/\/images.ohmyhosting.se\/ELlooB6-WEsq306D8Lu-_fQekvI=\/764x474\/smart\/filters:quality(85)\/https%3A%2F%2Falimak.com%2Fwp-content%2Fuploads%2F2026%2F02%2FRefurb-scaled.jpg 2x\"><source media=\"(max-width:1022px)\" srcset=\"https:\/\/images.ohmyhosting.se\/aBksfGo5WiFrtjA15wB2muDZkys=\/773x480\/smart\/filters:quality(85)\/https%3A%2F%2Falimak.com%2Fwp-content%2Fuploads%2F2026%2F02%2FRefurb-scaled.jpg 1x, https:\/\/images.ohmyhosting.se\/5Pm1o6XfRegCp4gNdfIj-gReJJI=\/1546x960\/smart\/filters:quality(85)\/https%3A%2F%2Falimak.com%2Fwp-content%2Fuploads%2F2026%2F02%2FRefurb-scaled.jpg 2x\"><img decoding=\"async\" src=\"https:\/\/images.ohmyhosting.se\/rSgTDFj1esFREXeMVC7exJ6c8eI=\/852x530\/smart\/filters:quality(85)\/https%3A%2F%2Falimak.com%2Fwp-content%2Fuploads%2F2026%2F02%2FRefurb-scaled.jpg\" srcset=\"https:\/\/images.ohmyhosting.se\/rSgTDFj1esFREXeMVC7exJ6c8eI=\/852x530\/smart\/filters:quality(85)\/https%3A%2F%2Falimak.com%2Fwp-content%2Fuploads%2F2026%2F02%2FRefurb-scaled.jpg 1x, https:\/\/images.ohmyhosting.se\/NoNQOTe8APAhRk5hbE6-75nw2dM=\/1704x1060\/smart\/filters:quality(85)\/https%3A%2F%2Falimak.com%2Fwp-content%2Fuploads%2F2026%2F02%2FRefurb-scaled.jpg 2x\" alt=\"\" class=\"w-full w-full rounded-[12px] object-cover\" width=\"852\" height=\"530\" \/><\/picture>                                        <\/div>\n            \n        <\/div>\n        <div class=\"col-span-12 lg:col-span-6 2.5xl:col-span-4 flex flex-col justify-center \">\n            <div class=\"\">\n                                    <h2 class=\"text-24 md:text-36 leading-[1.3] font-medium mb-4\">Renovering.<\/h2>\n                                                    <div class=\"wysiwyg leading-[1.6] text-numbersGrey\"><p>V\u00e5ra renoveringsl\u00f6sningar str\u00e4cker sig fr\u00e5n mindre reparationer och uppgraderingar p\u00e5 plats, till att demontera er befintliga Alimak-hiss och utf\u00f6ra en helrenovering i en av v\u00e5ra godk\u00e4nda lokala verkst\u00e4der.<\/p>\n<p><strong>Ber\u00e4knad livsl\u00e4ngdsf\u00f6rl\u00e4ngning f\u00f6r en renoverad hiss: 4\u201310 \u00e5r<\/strong><\/p>\n<\/div>\n                                            <\/div>\n        <\/div>\n      <\/div>\n    <\/div>\n<\/section>\n\n<section class=\"text-img bg-white text-black border-lightGrey   pt-6 lg:pt-12 pb-6 lg:pb-12\">\n    <div class=\"holder\">\n      <div class=\"grid grid-cols-12 gap-4 items-center\">\n        <div class=\"col-span-12 lg:col-span-6 2.5xl:col-span-8  order-1 lg:order-2\">\n                            <div class=\"text-img-overlay relative mb-8 md:mb-0 max-w-[852px] lg:ml-auto\">\n                    <picture class=\"w-full\"><source media=\"(max-width:639px)\" srcset=\"https:\/\/images.ohmyhosting.se\/MUbkgWqFkuRYNLJBjGk00RMgR28=\/382x237\/smart\/filters:quality(85)\/https%3A%2F%2Falimak.com%2Fwp-content%2Fuploads%2F2026%2F02%2FQueensferry-South-Tower-SE-Bridge_March-2022-scaled-e1770722895844.jpg 1x, https:\/\/images.ohmyhosting.se\/bYwUMteSzBMnZcV2vG74M2CTjLg=\/764x474\/smart\/filters:quality(85)\/https%3A%2F%2Falimak.com%2Fwp-content%2Fuploads%2F2026%2F02%2FQueensferry-South-Tower-SE-Bridge_March-2022-scaled-e1770722895844.jpg 2x\"><source media=\"(max-width:1022px)\" srcset=\"https:\/\/images.ohmyhosting.se\/oKdwZ1dNwBRdBSMTd1OdKA53x4E=\/773x480\/smart\/filters:quality(85)\/https%3A%2F%2Falimak.com%2Fwp-content%2Fuploads%2F2026%2F02%2FQueensferry-South-Tower-SE-Bridge_March-2022-scaled-e1770722895844.jpg 1x, https:\/\/images.ohmyhosting.se\/xpZkOOI06DBfmnPbpkrD5cs0Es4=\/1546x960\/smart\/filters:quality(85)\/https%3A%2F%2Falimak.com%2Fwp-content%2Fuploads%2F2026%2F02%2FQueensferry-South-Tower-SE-Bridge_March-2022-scaled-e1770722895844.jpg 2x\"><img decoding=\"async\" src=\"https:\/\/images.ohmyhosting.se\/dcSzIw8kOkh2OTESUwE1leyUoT8=\/852x530\/smart\/filters:quality(85)\/https%3A%2F%2Falimak.com%2Fwp-content%2Fuploads%2F2026%2F02%2FQueensferry-South-Tower-SE-Bridge_March-2022-scaled-e1770722895844.jpg\" srcset=\"https:\/\/images.ohmyhosting.se\/dcSzIw8kOkh2OTESUwE1leyUoT8=\/852x530\/smart\/filters:quality(85)\/https%3A%2F%2Falimak.com%2Fwp-content%2Fuploads%2F2026%2F02%2FQueensferry-South-Tower-SE-Bridge_March-2022-scaled-e1770722895844.jpg 1x, https:\/\/images.ohmyhosting.se\/QNMp1PHLGn71QPSrMgwXy12hzjM=\/1704x1060\/smart\/filters:quality(85)\/https%3A%2F%2Falimak.com%2Fwp-content%2Fuploads%2F2026%2F02%2FQueensferry-South-Tower-SE-Bridge_March-2022-scaled-e1770722895844.jpg 2x\" alt=\"\" class=\"w-full w-full rounded-[12px] object-cover\" width=\"852\" height=\"530\" \/><\/picture>                                        <\/div>\n            \n        <\/div>\n        <div class=\"col-span-12 lg:col-span-6 2.5xl:col-span-4 flex flex-col justify-center  order-2 lg:order-1\">\n            <div class=\"\">\n                                    <h2 class=\"text-24 md:text-36 leading-[1.3] font-medium mb-4\">Modernisering.<\/h2>\n                                                    <div class=\"wysiwyg leading-[1.6] text-numbersGrey\"><p>Demontera er befintliga Alimak-hiss och ers\u00e4tt den med en ny enhet, samtidigt som ni beh\u00e5ller era befintliga strukturella element. Denna l\u00f6sning erbjuder alla f\u00f6rdelar med de senaste s\u00e4kerhetsfunktionerna och produktinnovationerna. <\/p>\n<p><strong>Ber\u00e4knad livsl\u00e4ngdsf\u00f6rl\u00e4ngning f\u00f6r ett moderniserat hisssystem: 4\u201320 \u00e5r<\/strong><\/p>\n<\/div>\n                                            <\/div>\n        <\/div>\n      <\/div>\n    <\/div>\n<\/section>\n\n<section class=\"text-img bg-white text-black border-lightGrey   pt-6 lg:pt-12 pb-6 lg:pb-12\">\n    <div class=\"holder\">\n      <div class=\"grid grid-cols-12 gap-4 items-center\">\n        <div class=\"col-span-12 lg:col-span-6 2.5xl:col-span-8 \">\n                            <div class=\"text-img-overlay relative mb-8 md:mb-0 max-w-[852px] \">\n                    <picture class=\"w-full\"><source media=\"(max-width:639px)\" srcset=\"https:\/\/images.ohmyhosting.se\/q3dvc4an3pIDR3T1RyZUqQmiru0=\/382x237\/smart\/filters:quality(85)\/https%3A%2F%2Falimak.com%2Fwp-content%2Fuploads%2F2026%2F02%2FReplace_a-scaled.jpg 1x, https:\/\/images.ohmyhosting.se\/6bdBNwaKTTziPpd8h-c9LugUYtI=\/764x474\/smart\/filters:quality(85)\/https%3A%2F%2Falimak.com%2Fwp-content%2Fuploads%2F2026%2F02%2FReplace_a-scaled.jpg 2x\"><source media=\"(max-width:1022px)\" srcset=\"https:\/\/images.ohmyhosting.se\/41YRJv0cAllfuhskxCwNjxMzxqU=\/773x480\/smart\/filters:quality(85)\/https%3A%2F%2Falimak.com%2Fwp-content%2Fuploads%2F2026%2F02%2FReplace_a-scaled.jpg 1x, https:\/\/images.ohmyhosting.se\/6fErIl9O560mn5RlN3LyxNjt1Xw=\/1546x960\/smart\/filters:quality(85)\/https%3A%2F%2Falimak.com%2Fwp-content%2Fuploads%2F2026%2F02%2FReplace_a-scaled.jpg 2x\"><img decoding=\"async\" src=\"https:\/\/images.ohmyhosting.se\/wfTQWwOWQRwsqBB90U2p0QHm4T8=\/852x530\/smart\/filters:quality(85)\/https%3A%2F%2Falimak.com%2Fwp-content%2Fuploads%2F2026%2F02%2FReplace_a-scaled.jpg\" srcset=\"https:\/\/images.ohmyhosting.se\/wfTQWwOWQRwsqBB90U2p0QHm4T8=\/852x530\/smart\/filters:quality(85)\/https%3A%2F%2Falimak.com%2Fwp-content%2Fuploads%2F2026%2F02%2FReplace_a-scaled.jpg 1x, https:\/\/images.ohmyhosting.se\/QTCI7uEYCgs79FWEDryopSXLgCQ=\/1704x1060\/smart\/filters:quality(85)\/https%3A%2F%2Falimak.com%2Fwp-content%2Fuploads%2F2026%2F02%2FReplace_a-scaled.jpg 2x\" alt=\"\" class=\"w-full w-full rounded-[12px] object-cover\" width=\"852\" height=\"530\" \/><\/picture>                                        <\/div>\n            \n        <\/div>\n        <div class=\"col-span-12 lg:col-span-6 2.5xl:col-span-4 flex flex-col justify-center \">\n            <div class=\"\">\n                                    <h2 class=\"text-24 md:text-36 leading-[1.3] font-medium mb-4\">Utbyte.<\/h2>\n                                                    <div class=\"wysiwyg leading-[1.6] text-numbersGrey\"><p>Detta alternativ inneb\u00e4r en komplett demontering och borttagning av er befintliga Alimak-hiss och alla h\u00f6jdkomponenter, som ers\u00e4tts med ett helt nytt Alimak-hisssystem.<\/p>\n<p><strong>Ber\u00e4knad livsl\u00e4ngd f\u00f6r ny hiss med nya h\u00f6jdkomponenter: 20+ \u00e5r<\/strong><\/p>\n<\/div>\n                                            <\/div>\n        <\/div>\n      <\/div>\n    <\/div>\n<\/section>\n\n<section class=\"cta-banner bg-black text-white  pt-0 pb-6 lg:pb-12\">\n    <div class=\"relative\">\n                    <div class=\"cta-banner-overlay relative\">\n                <picture class=\"w-full\"><source media=\"(max-width:639px)\" srcset=\"https:\/\/images.ohmyhosting.se\/WktqUiNRg1ZhevXtlEJW64a-tD4=\/399x377\/smart\/filters:quality(85)\/https%3A%2F%2Falimak.com%2Fwp-content%2Fuploads%2F2025%2F09%2Fd0a64875c3850e6181fa105f72a620985d5364a6.jpg 1x, https:\/\/images.ohmyhosting.se\/uHFfZRUPh8JOF6Zz_y6rSTfDpak=\/798x754\/smart\/filters:quality(85)\/https%3A%2F%2Falimak.com%2Fwp-content%2Fuploads%2F2025%2F09%2Fd0a64875c3850e6181fa105f72a620985d5364a6.jpg 2x\"><source media=\"(max-width:1022px)\" srcset=\"https:\/\/images.ohmyhosting.se\/_7lhKdPe2AiFfxT-8EBHRxRmEX8=\/805x760\/smart\/filters:quality(85)\/https%3A%2F%2Falimak.com%2Fwp-content%2Fuploads%2F2025%2F09%2Fd0a64875c3850e6181fa105f72a620985d5364a6.jpg 1x, https:\/\/images.ohmyhosting.se\/k3XpmDwMeHPL_Yzc_ybXgBj6up8=\/1610x1520\/smart\/filters:quality(85)\/https%3A%2F%2Falimak.com%2Fwp-content%2Fuploads%2F2025%2F09%2Fd0a64875c3850e6181fa105f72a620985d5364a6.jpg 2x\"><img decoding=\"async\" src=\"https:\/\/images.ohmyhosting.se\/lIW3Hg0Fn-6CZ8-JoXTC4w5tQhA=\/2545x1053\/smart\/filters:quality(85)\/https%3A%2F%2Falimak.com%2Fwp-content%2Fuploads%2F2025%2F09%2Fd0a64875c3850e6181fa105f72a620985d5364a6.jpg\" srcset=\"https:\/\/images.ohmyhosting.se\/lIW3Hg0Fn-6CZ8-JoXTC4w5tQhA=\/2545x1053\/smart\/filters:quality(85)\/https%3A%2F%2Falimak.com%2Fwp-content%2Fuploads%2F2025%2F09%2Fd0a64875c3850e6181fa105f72a620985d5364a6.jpg 1x, https:\/\/images.ohmyhosting.se\/kBPWqXpAi4O3Ic8XAeAxPcvYsts=\/5090x2106\/smart\/filters:quality(85)\/https%3A%2F%2Falimak.com%2Fwp-content%2Fuploads%2F2025%2F09%2Fd0a64875c3850e6181fa105f72a620985d5364a6.jpg 2x\" alt=\"\" class=\"w-full w-full h-full object-cover\" width=\"2545\" height=\"1053\" \/><\/picture>            <\/div>\n                <div class=\"absolute inset-0 z-[2]\">\n            <div class=\"holder\">\n                <div class=\"grid grid-cols-12 gap-4\">\n                    <div class=\"col-span-12 lg:col-span-6 lg:col-start-7 pt-16\">\n                        <h3 class=\"text-28 md:text-44 lg:max-w-[500px] leading-tight\">Kontakta oss f\u00f6r mer information eller en offert<\/h3>\n                                                    <div class=\"mt-8\">\n                                <a class=\"btn\" href=\"https:\/\/alimak.com\/sv\/kontakta-oss\/\" target=\"\">\n                                    <span>Kontakta oss<\/span>\n                                    <span>\n                                        <svg width=\"24\" height=\"11\" viewBox=\"0 0 24 11\" fill=\"none\" xmlns=\"http:\/\/www.w3.org\/2000\/svg\">\n                                        <path d=\"M0 5.5H22\" stroke=\"black\" stroke-width=\"1.5\"\/>\n                                        <path d=\"M17.5 1L22 5.5L17.5 10\" stroke=\"black\" stroke-width=\"1.5\"\/>\n                                        <\/svg>\n                                    <\/span>\n                                <\/a>\n                            <\/div>\n                                            <\/div>\n                <\/div>\n            <\/div>\n        <\/div>\n    <\/div>\n<\/section>\n","protected":false},"excerpt":{"rendered":"<p>Industrihissar arbetar h\u00e5rt. Efter \u00e5rtionden av tj\u00e4nst uts\u00e4tts komponenter naturligt f\u00f6r slitage, vilket kan p\u00e5verka tillf\u00f6rlitlighet, energieffektivitet och regelefterlevnad. Alimak&#8230;<\/p>\n","protected":false},"author":1,"featured_media":0,"parent":14036,"menu_order":0,"comment_status":"closed","ping_status":"closed","template":"","meta":{"_acf_changed":false,"footnotes":""},"class_list":["post-15067","page","type-page","status-publish","hentry"],"acf":[],"yoast_head":"<!-- This site is optimized with the Yoast SEO plugin v27.3 - https:\/\/yoast.com\/product\/yoast-seo-wordpress\/ -->\n<title>Modernisering och renovering (permanent) - Alimak<\/title>\n<meta name=\"robots\" content=\"index, follow, max-snippet:-1, max-image-preview:large, max-video-preview:-1\" \/>\n<link rel=\"canonical\" href=\"https:\/\/alimak.com\/sv\/permanenta-losningar\/reservdelar-och-service-permanent\/modernisering-och-renovering-permanent\/\" \/>\n<meta property=\"og:locale\" content=\"sv_SE\" \/>\n<meta property=\"og:type\" content=\"article\" \/>\n<meta property=\"og:title\" content=\"Modernisering och renovering (permanent) - Alimak\" \/>\n<meta property=\"og:description\" content=\"Industrihissar arbetar h\u00e5rt. Efter \u00e5rtionden av tj\u00e4nst uts\u00e4tts komponenter naturligt f\u00f6r slitage, vilket kan p\u00e5verka tillf\u00f6rlitlighet, energieffektivitet och regelefterlevnad. Alimak...\" \/>\n<meta property=\"og:url\" content=\"https:\/\/alimak.com\/sv\/permanenta-losningar\/reservdelar-och-service-permanent\/modernisering-och-renovering-permanent\/\" \/>\n<meta property=\"og:site_name\" content=\"Alimak\" \/>\n<meta property=\"article:modified_time\" content=\"2026-03-18T13:15:26+00:00\" \/>\n<meta name=\"twitter:card\" content=\"summary_large_image\" \/>\n<script type=\"application\/ld+json\" class=\"yoast-schema-graph\">{\"@context\":\"https:\\\/\\\/schema.org\",\"@graph\":[{\"@type\":\"WebPage\",\"@id\":\"https:\\\/\\\/alimak.com\\\/sv\\\/permanenta-losningar\\\/reservdelar-och-service-permanent\\\/modernisering-och-renovering-permanent\\\/\",\"url\":\"https:\\\/\\\/alimak.com\\\/sv\\\/permanenta-losningar\\\/reservdelar-och-service-permanent\\\/modernisering-och-renovering-permanent\\\/\",\"name\":\"Modernisering och renovering (permanent) - Alimak\",\"isPartOf\":{\"@id\":\"https:\\\/\\\/alimak.com\\\/#website\"},\"datePublished\":\"2025-09-22T11:16:42+00:00\",\"dateModified\":\"2026-03-18T13:15:26+00:00\",\"breadcrumb\":{\"@id\":\"https:\\\/\\\/alimak.com\\\/sv\\\/permanenta-losningar\\\/reservdelar-och-service-permanent\\\/modernisering-och-renovering-permanent\\\/#breadcrumb\"},\"inLanguage\":\"sv-SE\",\"potentialAction\":[{\"@type\":\"ReadAction\",\"target\":[\"https:\\\/\\\/alimak.com\\\/sv\\\/permanenta-losningar\\\/reservdelar-och-service-permanent\\\/modernisering-och-renovering-permanent\\\/\"]}]},{\"@type\":\"BreadcrumbList\",\"@id\":\"https:\\\/\\\/alimak.com\\\/sv\\\/permanenta-losningar\\\/reservdelar-och-service-permanent\\\/modernisering-och-renovering-permanent\\\/#breadcrumb\",\"itemListElement\":[{\"@type\":\"ListItem\",\"position\":1,\"name\":\"Home\",\"item\":\"https:\\\/\\\/alimak.com\\\/sv\\\/\"},{\"@type\":\"ListItem\",\"position\":2,\"name\":\"Permanenta l\u00f6sningar\",\"item\":\"https:\\\/\\\/alimak.com\\\/sv\\\/permanenta-losningar\\\/\"},{\"@type\":\"ListItem\",\"position\":3,\"name\":\"Reservdelar och service (permanent)\",\"item\":\"https:\\\/\\\/alimak.com\\\/sv\\\/permanenta-losningar\\\/reservdelar-och-service-permanent\\\/\"},{\"@type\":\"ListItem\",\"position\":4,\"name\":\"Modernisering och renovering (permanent)\"}]},{\"@type\":\"WebSite\",\"@id\":\"https:\\\/\\\/alimak.com\\\/#website\",\"url\":\"https:\\\/\\\/alimak.com\\\/\",\"name\":\"Alimak\",\"description\":\"\",\"potentialAction\":[{\"@type\":\"SearchAction\",\"target\":{\"@type\":\"EntryPoint\",\"urlTemplate\":\"https:\\\/\\\/alimak.com\\\/?s={search_term_string}\"},\"query-input\":{\"@type\":\"PropertyValueSpecification\",\"valueRequired\":true,\"valueName\":\"search_term_string\"}}],\"inLanguage\":\"sv-SE\"}]}<\/script>\n<!-- \/ Yoast SEO plugin. -->","yoast_head_json":{"title":"Modernisering och renovering (permanent) - Alimak","robots":{"index":"index","follow":"follow","max-snippet":"max-snippet:-1","max-image-preview":"max-image-preview:large","max-video-preview":"max-video-preview:-1"},"canonical":"https:\/\/alimak.com\/sv\/permanenta-losningar\/reservdelar-och-service-permanent\/modernisering-och-renovering-permanent\/","og_locale":"sv_SE","og_type":"article","og_title":"Modernisering och renovering (permanent) - Alimak","og_description":"Industrihissar arbetar h\u00e5rt. Efter \u00e5rtionden av tj\u00e4nst uts\u00e4tts komponenter naturligt f\u00f6r slitage, vilket kan p\u00e5verka tillf\u00f6rlitlighet, energieffektivitet och regelefterlevnad. Alimak...","og_url":"https:\/\/alimak.com\/sv\/permanenta-losningar\/reservdelar-och-service-permanent\/modernisering-och-renovering-permanent\/","og_site_name":"Alimak","article_modified_time":"2026-03-18T13:15:26+00:00","twitter_card":"summary_large_image","schema":{"@context":"https:\/\/schema.org","@graph":[{"@type":"WebPage","@id":"https:\/\/alimak.com\/sv\/permanenta-losningar\/reservdelar-och-service-permanent\/modernisering-och-renovering-permanent\/","url":"https:\/\/alimak.com\/sv\/permanenta-losningar\/reservdelar-och-service-permanent\/modernisering-och-renovering-permanent\/","name":"Modernisering och renovering (permanent) - Alimak","isPartOf":{"@id":"https:\/\/alimak.com\/#website"},"datePublished":"2025-09-22T11:16:42+00:00","dateModified":"2026-03-18T13:15:26+00:00","breadcrumb":{"@id":"https:\/\/alimak.com\/sv\/permanenta-losningar\/reservdelar-och-service-permanent\/modernisering-och-renovering-permanent\/#breadcrumb"},"inLanguage":"sv-SE","potentialAction":[{"@type":"ReadAction","target":["https:\/\/alimak.com\/sv\/permanenta-losningar\/reservdelar-och-service-permanent\/modernisering-och-renovering-permanent\/"]}]},{"@type":"BreadcrumbList","@id":"https:\/\/alimak.com\/sv\/permanenta-losningar\/reservdelar-och-service-permanent\/modernisering-och-renovering-permanent\/#breadcrumb","itemListElement":[{"@type":"ListItem","position":1,"name":"Home","item":"https:\/\/alimak.com\/sv\/"},{"@type":"ListItem","position":2,"name":"Permanenta l\u00f6sningar","item":"https:\/\/alimak.com\/sv\/permanenta-losningar\/"},{"@type":"ListItem","position":3,"name":"Reservdelar och service (permanent)","item":"https:\/\/alimak.com\/sv\/permanenta-losningar\/reservdelar-och-service-permanent\/"},{"@type":"ListItem","position":4,"name":"Modernisering och renovering (permanent)"}]},{"@type":"WebSite","@id":"https:\/\/alimak.com\/#website","url":"https:\/\/alimak.com\/","name":"Alimak","description":"","potentialAction":[{"@type":"SearchAction","target":{"@type":"EntryPoint","urlTemplate":"https:\/\/alimak.com\/?s={search_term_string}"},"query-input":{"@type":"PropertyValueSpecification","valueRequired":true,"valueName":"search_term_string"}}],"inLanguage":"sv-SE"}]}},"_links":{"self":[{"href":"https:\/\/alimak.com\/sv\/wp-json\/wp\/v2\/pages\/15067","targetHints":{"allow":["GET"]}}],"collection":[{"href":"https:\/\/alimak.com\/sv\/wp-json\/wp\/v2\/pages"}],"about":[{"href":"https:\/\/alimak.com\/sv\/wp-json\/wp\/v2\/types\/page"}],"author":[{"embeddable":true,"href":"https:\/\/alimak.com\/sv\/wp-json\/wp\/v2\/users\/1"}],"replies":[{"embeddable":true,"href":"https:\/\/alimak.com\/sv\/wp-json\/wp\/v2\/comments?post=15067"}],"version-history":[{"count":1,"href":"https:\/\/alimak.com\/sv\/wp-json\/wp\/v2\/pages\/15067\/revisions"}],"predecessor-version":[{"id":15077,"href":"https:\/\/alimak.com\/sv\/wp-json\/wp\/v2\/pages\/15067\/revisions\/15077"}],"up":[{"embeddable":true,"href":"https:\/\/alimak.com\/sv\/wp-json\/wp\/v2\/pages\/14036"}],"wp:attachment":[{"href":"https:\/\/alimak.com\/sv\/wp-json\/wp\/v2\/media?parent=15067"}],"curies":[{"name":"wp","href":"https:\/\/api.w.org\/{rel}","templated":true}]}}