{"id":15087,"date":"2025-09-11T11:31:54","date_gmt":"2025-09-11T11:31:54","guid":{"rendered":"https:\/\/alimak.com\/tillfalliga-losningar\/reservdelar-tjanster-tillfalliga\/renoveringslosningar-tillfalliga\/"},"modified":"2026-03-18T13:15:29","modified_gmt":"2026-03-18T13:15:29","slug":"renoveringslosningar-tillfalliga","status":"publish","type":"page","link":"https:\/\/alimak.com\/sv\/tillfalliga-losningar\/reservdelar-tjanster-tillfalliga\/renoveringslosningar-tillfalliga\/","title":{"rendered":"Renoveringsl\u00f6sningar (tillf\u00e4lliga)"},"content":{"rendered":"\n<section class=\"small-hero border-b bg-black border-darkGrey text-white pt-0 pb-0\">\n            <div class=\"relative\">\n            <div class=\"hero-overlay relative\">\n                                    <picture class=\"w-full\"><source media=\"(max-width:639px)\" srcset=\"https:\/\/images.ohmyhosting.se\/tNTnMGZHO-l5CgNSGv8NTWGgzQ8=\/390x461\/smart\/filters:quality(85)\/https%3A%2F%2Falimak.com%2Fwp-content%2Fuploads%2F2026%2F02%2FIMG_3040-scaled.jpg 1x, https:\/\/images.ohmyhosting.se\/s23Vy0wvRjvG_ZfLwgcS453tffw=\/780x922\/smart\/filters:quality(85)\/https%3A%2F%2Falimak.com%2Fwp-content%2Fuploads%2F2026%2F02%2FIMG_3040-scaled.jpg 2x\"><source media=\"(max-width:1022px)\" srcset=\"https:\/\/images.ohmyhosting.se\/riNqYEoCafCmq3zbp0a5Tj3TQoQ=\/805x951\/smart\/filters:quality(85)\/https%3A%2F%2Falimak.com%2Fwp-content%2Fuploads%2F2026%2F02%2FIMG_3040-scaled.jpg 1x, https:\/\/images.ohmyhosting.se\/TbQ6SK7mkB0etbDFDXaTBEKKkFk=\/1610x1902\/smart\/filters:quality(85)\/https%3A%2F%2Falimak.com%2Fwp-content%2Fuploads%2F2026%2F02%2FIMG_3040-scaled.jpg 2x\"><img decoding=\"async\" src=\"https:\/\/images.ohmyhosting.se\/zHyectG6Y5BR_mTElJhGhW03OW4=\/2545x814\/smart\/filters:quality(85)\/https%3A%2F%2Falimak.com%2Fwp-content%2Fuploads%2F2026%2F02%2FIMG_3040-scaled.jpg\" srcset=\"https:\/\/images.ohmyhosting.se\/zHyectG6Y5BR_mTElJhGhW03OW4=\/2545x814\/smart\/filters:quality(85)\/https%3A%2F%2Falimak.com%2Fwp-content%2Fuploads%2F2026%2F02%2FIMG_3040-scaled.jpg 1x, https:\/\/images.ohmyhosting.se\/ZY1428kMpqVIea1V8AOz0SkAe5k=\/5090x1628\/smart\/filters:quality(85)\/https%3A%2F%2Falimak.com%2Fwp-content%2Fuploads%2F2026%2F02%2FIMG_3040-scaled.jpg 2x\" alt=\"\" class=\"w-full object-cover w-full max-h-[90vh]\" width=\"2545\" height=\"814\" \/><\/picture>                            <\/div>\n            <div class=\"absolute inset-0 z-10 flex flex-col justify-end\">\n                <div class=\"holder\">\n                    <div class=\"grid grid-cols-12 gap-4 pb-16\">\n                        <div class=\"col-span-12 lg:col-span-7\">\n                                                    <p class=\"md:text-20 font-medium leading-[1.25] mb-1\">Tillf\u00e4lliga l\u00f6sningar<\/p>\n                                                    <h1 class=\"text-28 md:text-52 leading-[1.3] lg:max-w-[625px]\"><p>Renoveringsl\u00f6sningar<\/p>\n<\/h1>\n                            <div class=\"wysiwyg pt-5 leading-[1.6] hidden lg:block lg:max-w-[512px]\"><p>Alimaks tillf\u00e4lliga vertikala transportsystem \u00e4r v\u00e4rldsber\u00f6mda f\u00f6r sin tillf\u00f6rlitlighet och l\u00e5nga driftstid. Med tiden och f\u00f6rb\u00e4ttringar av befintliga anl\u00e4ggningar kan en renoveringsl\u00f6sning kr\u00e4vas. Renoveringsl\u00f6sningar erbjuder ett h\u00e5llbart val och f\u00f6rl\u00e4nger utrustningens driftstid genom att \u00e5terst\u00e4lla prestanda och uppdatera styrsystem f\u00f6r att uppfylla moderna s\u00e4kerhetskrav. Renoveringar kan f\u00f6rb\u00e4ttra s\u00e4ker drift av vertikala transportsystem, minimera driftstopp, optimera produktivitet och f\u00f6rl\u00e4nga utrustningens driftstid.   <\/p>\n<\/div>\n                        <\/div>\n                    <\/div>\n                <\/div>\n            <\/div>\n        <\/div>\n                    <div class=\"lg:hidden py-12 border-b border-darkGrey\">\n                <div class=\"holder\">\n                    <div class=\"wysiwyg leading-[1.6]\"><p>Alimaks tillf\u00e4lliga vertikala transportsystem \u00e4r v\u00e4rldsber\u00f6mda f\u00f6r sin tillf\u00f6rlitlighet och l\u00e5nga driftstid. Med tiden och f\u00f6rb\u00e4ttringar av befintliga anl\u00e4ggningar kan en renoveringsl\u00f6sning kr\u00e4vas. Renoveringsl\u00f6sningar erbjuder ett h\u00e5llbart val och f\u00f6rl\u00e4nger utrustningens driftstid genom att \u00e5terst\u00e4lla prestanda och uppdatera styrsystem f\u00f6r att uppfylla moderna s\u00e4kerhetskrav. Renoveringar kan f\u00f6rb\u00e4ttra s\u00e4ker drift av vertikala transportsystem, minimera driftstopp, optimera produktivitet och f\u00f6rl\u00e4nga utrustningens driftstid.   <\/p>\n<\/div>\n                <\/div>\n            <\/div>\n        \n    <\/section>\n<section class=\"text-img bg-white text-black border-lightGrey   pt-6 lg:pt-12 pb-6 lg:pb-12\">\n    <div class=\"holder\">\n      <div class=\"grid grid-cols-12 gap-4 items-center\">\n        <div class=\"col-span-12 lg:col-span-6 2.5xl:col-span-8 \">\n                            <div class=\"text-img-overlay relative mb-8 md:mb-0 max-w-[852px] \">\n                    <picture class=\"w-full\"><source media=\"(max-width:639px)\" srcset=\"https:\/\/images.ohmyhosting.se\/QBUuvbNtoq1DqFiUWZNdPyGanek=\/382x237\/smart\/filters:quality(85)\/https%3A%2F%2Falimak.com%2Fwp-content%2Fuploads%2F2025%2F10%2FALIMAK-TPM-2-scaled-e1771422704369.jpg 1x, https:\/\/images.ohmyhosting.se\/ZZnK9VUcjIR4j9K97tj-Lw3PQGQ=\/764x474\/smart\/filters:quality(85)\/https%3A%2F%2Falimak.com%2Fwp-content%2Fuploads%2F2025%2F10%2FALIMAK-TPM-2-scaled-e1771422704369.jpg 2x\"><source media=\"(max-width:1022px)\" srcset=\"https:\/\/images.ohmyhosting.se\/j8LilqNhnt8ztPsUiE5ZatB7kt4=\/773x480\/smart\/filters:quality(85)\/https%3A%2F%2Falimak.com%2Fwp-content%2Fuploads%2F2025%2F10%2FALIMAK-TPM-2-scaled-e1771422704369.jpg 1x, https:\/\/images.ohmyhosting.se\/jbQbOjBaJBK8AxiGn1kc0JQdCXk=\/1546x960\/smart\/filters:quality(85)\/https%3A%2F%2Falimak.com%2Fwp-content%2Fuploads%2F2025%2F10%2FALIMAK-TPM-2-scaled-e1771422704369.jpg 2x\"><img decoding=\"async\" src=\"https:\/\/images.ohmyhosting.se\/Xef-D9MeMW8rt0-2oUHpIXzCGSU=\/852x530\/smart\/filters:quality(85)\/https%3A%2F%2Falimak.com%2Fwp-content%2Fuploads%2F2025%2F10%2FALIMAK-TPM-2-scaled-e1771422704369.jpg\" srcset=\"https:\/\/images.ohmyhosting.se\/Xef-D9MeMW8rt0-2oUHpIXzCGSU=\/852x530\/smart\/filters:quality(85)\/https%3A%2F%2Falimak.com%2Fwp-content%2Fuploads%2F2025%2F10%2FALIMAK-TPM-2-scaled-e1771422704369.jpg 1x, https:\/\/images.ohmyhosting.se\/s1P8ZSBifDQSJM_ZFWQGTgGON4Y=\/1704x1060\/smart\/filters:quality(85)\/https%3A%2F%2Falimak.com%2Fwp-content%2Fuploads%2F2025%2F10%2FALIMAK-TPM-2-scaled-e1771422704369.jpg 2x\" alt=\"\" class=\"w-full w-full rounded-[12px] object-cover\" width=\"852\" height=\"530\" \/><\/picture>                                        <\/div>\n            \n        <\/div>\n        <div class=\"col-span-12 lg:col-span-6 2.5xl:col-span-4 flex flex-col justify-center \">\n            <div class=\"\">\n                                    <h2 class=\"text-24 md:text-36 leading-[1.3] font-medium mb-4\">Kompletta renoveringar<\/h2>\n                                                    <div class=\"wysiwyg leading-[1.6] text-numbersGrey\"><p>F\u00f6rl\u00e4ng utrustningens driftstid med en komplett eller partiell \u00f6versyn av de strukturella, mekaniska och s\u00e4kerhetsm\u00e4ssiga systemen. V\u00e5ra servicecenter har dedikerade tekniker och resurser f\u00f6r att hantera hela renoveringsprocessen fr\u00e5n den inledande utv\u00e4rderingen till den slutliga installationen och omcertifieringen. F\u00f6r renoveringar med h\u00f6g komplexitet eller st\u00f6rre omfattning anv\u00e4nder Alimak den toppmoderna tillverkningsanl\u00e4ggningen i Skellefte\u00e5, Sverige.  <\/p>\n<\/div>\n                                            <\/div>\n        <\/div>\n      <\/div>\n    <\/div>\n<\/section>\n\n<section class=\"text-img bg-white text-black border-lightGrey   pt-6 lg:pt-12 pb-6 lg:pb-12\">\n    <div class=\"holder\">\n      <div class=\"grid grid-cols-12 gap-4 items-center\">\n        <div class=\"col-span-12 lg:col-span-6 2.5xl:col-span-8  order-1 lg:order-2\">\n                            <div class=\"text-img-overlay relative mb-8 md:mb-0 max-w-[852px] lg:ml-auto\">\n                    <picture class=\"w-full\"><source media=\"(max-width:639px)\" srcset=\"https:\/\/images.ohmyhosting.se\/y2h3HBcrI7WcCNMkHKBBJFBkPc0=\/382x237\/smart\/filters:quality(85)\/https%3A%2F%2Falimak.com%2Fwp-content%2Fuploads%2F2025%2F12%2FKappa-2.jpg 1x, https:\/\/images.ohmyhosting.se\/yHz8uGMOt24Mw7dtHGe-iQOim4Y=\/764x474\/smart\/filters:quality(85)\/https%3A%2F%2Falimak.com%2Fwp-content%2Fuploads%2F2025%2F12%2FKappa-2.jpg 2x\"><source media=\"(max-width:1022px)\" srcset=\"https:\/\/images.ohmyhosting.se\/qKHNn8X_hc2zduCF30JobDrNdHg=\/773x480\/smart\/filters:quality(85)\/https%3A%2F%2Falimak.com%2Fwp-content%2Fuploads%2F2025%2F12%2FKappa-2.jpg 1x, https:\/\/images.ohmyhosting.se\/mll1iLeffeEoniFw2Q8WkVEjIZs=\/1546x960\/smart\/filters:quality(85)\/https%3A%2F%2Falimak.com%2Fwp-content%2Fuploads%2F2025%2F12%2FKappa-2.jpg 2x\"><img decoding=\"async\" src=\"https:\/\/images.ohmyhosting.se\/cVEZTszjtt3hn2pkFAle-NwSaGM=\/852x530\/smart\/filters:quality(85)\/https%3A%2F%2Falimak.com%2Fwp-content%2Fuploads%2F2025%2F12%2FKappa-2.jpg\" srcset=\"https:\/\/images.ohmyhosting.se\/cVEZTszjtt3hn2pkFAle-NwSaGM=\/852x530\/smart\/filters:quality(85)\/https%3A%2F%2Falimak.com%2Fwp-content%2Fuploads%2F2025%2F12%2FKappa-2.jpg 1x, https:\/\/images.ohmyhosting.se\/dG34BZAYqTz_UWlnso926SN0qYg=\/1704x1060\/smart\/filters:quality(85)\/https%3A%2F%2Falimak.com%2Fwp-content%2Fuploads%2F2025%2F12%2FKappa-2.jpg 2x\" alt=\"\" class=\"w-full w-full rounded-[12px] object-cover\" width=\"852\" height=\"530\" \/><\/picture>                                        <\/div>\n            \n        <\/div>\n        <div class=\"col-span-12 lg:col-span-6 2.5xl:col-span-4 flex flex-col justify-center  order-2 lg:order-1\">\n            <div class=\"\">\n                                    <h2 class=\"text-24 md:text-36 leading-[1.3] font-medium mb-4\">Produktuppgraderingar<\/h2>\n                                                    <div class=\"wysiwyg leading-[1.6] text-numbersGrey\"><p>Ett program fokuserat p\u00e5 enskilda eller ett begr\u00e4nsat antal nyckelkomponenter f\u00f6r att f\u00f6rb\u00e4ttra utrustningens prestanda eller funktionalitet. Uppgraderingar kr\u00e4vs normalt n\u00e4r specialanpassade eller \u00e5ldrade komponenter blir f\u00f6r\u00e5ldrade eller ogenomf\u00f6rbara att reparera. Alimak \u00e4r experter p\u00e5 att tillhandah\u00e5lla l\u00f6sningar f\u00f6r uppgradering av elektriska, styr- och mekaniska system.  <\/p>\n<\/div>\n                                            <\/div>\n        <\/div>\n      <\/div>\n    <\/div>\n<\/section>\n\n<section class=\"text-img bg-white text-black border-lightGrey   pt-6 lg:pt-12 pb-6 lg:pb-12\">\n    <div class=\"holder\">\n      <div class=\"grid grid-cols-12 gap-4 items-center\">\n        <div class=\"col-span-12 lg:col-span-6 2.5xl:col-span-8 \">\n                            <div class=\"text-img-overlay relative mb-8 md:mb-0 max-w-[852px] \">\n                    <picture class=\"w-full\"><source media=\"(max-width:639px)\" srcset=\"https:\/\/images.ohmyhosting.se\/sqUwNbH-KjcsaBM0NCpdEPtc-O0=\/382x237\/smart\/filters:quality(85)\/https%3A%2F%2Falimak.com%2Fwp-content%2Fuploads%2F2026%2F02%2FIMAGE_352.jpg 1x, https:\/\/images.ohmyhosting.se\/0_0KOTLm1UCSOS7cSvkXm63HkgE=\/764x474\/smart\/filters:quality(85)\/https%3A%2F%2Falimak.com%2Fwp-content%2Fuploads%2F2026%2F02%2FIMAGE_352.jpg 2x\"><source media=\"(max-width:1022px)\" srcset=\"https:\/\/images.ohmyhosting.se\/HyZzzoaIbRKu2RoUtWBQL3eKZNY=\/773x480\/smart\/filters:quality(85)\/https%3A%2F%2Falimak.com%2Fwp-content%2Fuploads%2F2026%2F02%2FIMAGE_352.jpg 1x, https:\/\/images.ohmyhosting.se\/sviiaQOSx82pZWFpJv8vOdM40WE=\/1546x960\/smart\/filters:quality(85)\/https%3A%2F%2Falimak.com%2Fwp-content%2Fuploads%2F2026%2F02%2FIMAGE_352.jpg 2x\"><img decoding=\"async\" src=\"https:\/\/images.ohmyhosting.se\/1xXrNKKIVR_hYjB4h00uhH88jxs=\/852x530\/smart\/filters:quality(85)\/https%3A%2F%2Falimak.com%2Fwp-content%2Fuploads%2F2026%2F02%2FIMAGE_352.jpg\" srcset=\"https:\/\/images.ohmyhosting.se\/1xXrNKKIVR_hYjB4h00uhH88jxs=\/852x530\/smart\/filters:quality(85)\/https%3A%2F%2Falimak.com%2Fwp-content%2Fuploads%2F2026%2F02%2FIMAGE_352.jpg 1x, https:\/\/images.ohmyhosting.se\/_gMF6uc8QEQC4CS4TTNZ1EnCN84=\/1704x1060\/smart\/filters:quality(85)\/https%3A%2F%2Falimak.com%2Fwp-content%2Fuploads%2F2026%2F02%2FIMAGE_352.jpg 2x\" alt=\"\" class=\"w-full w-full rounded-[12px] object-cover\" width=\"852\" height=\"530\" \/><\/picture>                                        <\/div>\n            \n        <\/div>\n        <div class=\"col-span-12 lg:col-span-6 2.5xl:col-span-4 flex flex-col justify-center \">\n            <div class=\"\">\n                                    <h2 class=\"text-24 md:text-36 leading-[1.3] font-medium mb-4\">Alimaks renoveringsl\u00f6sningar inkluderar:<\/h2>\n                                                    <div class=\"wysiwyg leading-[1.6] text-numbersGrey\"><ul>\n<li>Fullst\u00e4ndig inspektion och utv\u00e4rderingsrapport av utrustningen<\/li>\n<li>Detaljerat f\u00f6rslag f\u00f6r att hj\u00e4lpa kunden att fatta ett v\u00e4lgrundat beslut om renoveringens kostnadseffektivitet<\/li>\n<li>Arbete utf\u00f6rt av h\u00f6gt kvalificerade tekniker, fullt garanterat och enligt de senaste branschstandarderna<\/li>\n<li>Alimaks originalreservdelar f\u00f6r kvalitet och l\u00e5ng livsl\u00e4ngd<\/li>\n<\/ul>\n<p>En renoverad l\u00f6sning kommer att minska driftstopp och besv\u00e4r orsakade av oplanerade reparationer eller reducerad prestanda hos \u00e5ldrad utrustning under normal livscykel, eller utrustning utsatt f\u00f6r sv\u00e5ra milj\u00f6- eller driftsf\u00f6rh\u00e5llanden.<\/p>\n<\/div>\n                                            <\/div>\n        <\/div>\n      <\/div>\n    <\/div>\n<\/section>\n\n<section class=\"cta-banner bg-black text-white  pt-0 pb-6 lg:pb-12\">\n    <div class=\"relative\">\n                    <div class=\"cta-banner-overlay relative\">\n                <picture class=\"w-full\"><source media=\"(max-width:639px)\" srcset=\"https:\/\/images.ohmyhosting.se\/830LuN8tJnlhxBlrnP81Cn_re_Q=\/399x377\/smart\/filters:quality(85)\/https%3A%2F%2Falimak.com%2Fwp-content%2Fuploads%2F2025%2F09%2Fd2291df879d3d9219aa41f082605eabd3250e5e9.jpg 1x, https:\/\/images.ohmyhosting.se\/hU69TdXunvGuEgABsWLfplJ9_PU=\/798x754\/smart\/filters:quality(85)\/https%3A%2F%2Falimak.com%2Fwp-content%2Fuploads%2F2025%2F09%2Fd2291df879d3d9219aa41f082605eabd3250e5e9.jpg 2x\"><source media=\"(max-width:1022px)\" srcset=\"https:\/\/images.ohmyhosting.se\/sUTJ0HNsfwEJpnAiEjhFWb9u1pw=\/805x760\/smart\/filters:quality(85)\/https%3A%2F%2Falimak.com%2Fwp-content%2Fuploads%2F2025%2F09%2Fd2291df879d3d9219aa41f082605eabd3250e5e9.jpg 1x, https:\/\/images.ohmyhosting.se\/mrEIaFoAUgmLUkHNnjAqabwhsRU=\/1610x1520\/smart\/filters:quality(85)\/https%3A%2F%2Falimak.com%2Fwp-content%2Fuploads%2F2025%2F09%2Fd2291df879d3d9219aa41f082605eabd3250e5e9.jpg 2x\"><img decoding=\"async\" src=\"https:\/\/images.ohmyhosting.se\/RHe0oE3TlTETH41w2OoXpWjHYH8=\/2545x1053\/smart\/filters:quality(85)\/https%3A%2F%2Falimak.com%2Fwp-content%2Fuploads%2F2025%2F09%2Fd2291df879d3d9219aa41f082605eabd3250e5e9.jpg\" srcset=\"https:\/\/images.ohmyhosting.se\/RHe0oE3TlTETH41w2OoXpWjHYH8=\/2545x1053\/smart\/filters:quality(85)\/https%3A%2F%2Falimak.com%2Fwp-content%2Fuploads%2F2025%2F09%2Fd2291df879d3d9219aa41f082605eabd3250e5e9.jpg 1x, https:\/\/images.ohmyhosting.se\/AdhHQjA7d3yK0NqyO3xGggVMQX4=\/5090x2106\/smart\/filters:quality(85)\/https%3A%2F%2Falimak.com%2Fwp-content%2Fuploads%2F2025%2F09%2Fd2291df879d3d9219aa41f082605eabd3250e5e9.jpg 2x\" alt=\"\" class=\"w-full w-full h-full object-cover\" width=\"2545\" height=\"1053\" \/><\/picture>            <\/div>\n                <div class=\"absolute inset-0 z-[2]\">\n            <div class=\"holder\">\n                <div class=\"grid grid-cols-12 gap-4\">\n                    <div class=\"col-span-12 lg:col-span-6 lg:col-start-7 pt-16\">\n                        <h3 class=\"text-28 md:text-44 lg:max-w-[500px] leading-tight\">Kontakta oss f\u00f6r mer information eller en offert<\/h3>\n                                                    <div class=\"mt-8\">\n                                <a class=\"btn\" href=\"https:\/\/alimak.com\/sv\/kontakta-oss\/\" target=\"\">\n                                    <span>Kontakta oss<\/span>\n                                    <span>\n                                        <svg width=\"24\" height=\"11\" viewBox=\"0 0 24 11\" fill=\"none\" xmlns=\"http:\/\/www.w3.org\/2000\/svg\">\n                                        <path d=\"M0 5.5H22\" stroke=\"black\" stroke-width=\"1.5\"\/>\n                                        <path d=\"M17.5 1L22 5.5L17.5 10\" stroke=\"black\" stroke-width=\"1.5\"\/>\n                                        <\/svg>\n                                    <\/span>\n                                <\/a>\n                            <\/div>\n                                            <\/div>\n                <\/div>\n            <\/div>\n        <\/div>\n    <\/div>\n<\/section>\n","protected":false},"excerpt":{"rendered":"<p>Alimaks tillf\u00e4lliga vertikala transportsystem \u00e4r v\u00e4rldsber\u00f6mda f\u00f6r sin tillf\u00f6rlitlighet och l\u00e5nga driftstid. Med tiden och f\u00f6rb\u00e4ttringar av befintliga anl\u00e4ggningar kan&#8230;<\/p>\n","protected":false},"author":1,"featured_media":0,"parent":14930,"menu_order":0,"comment_status":"closed","ping_status":"closed","template":"","meta":{"_acf_changed":false,"footnotes":""},"class_list":["post-15087","page","type-page","status-publish","hentry"],"acf":[],"yoast_head":"<!-- This site is optimized with the Yoast SEO plugin v27.3 - https:\/\/yoast.com\/product\/yoast-seo-wordpress\/ -->\n<title>Renoveringsl\u00f6sningar (tillf\u00e4lliga) - Alimak<\/title>\n<meta name=\"robots\" content=\"index, follow, max-snippet:-1, max-image-preview:large, max-video-preview:-1\" \/>\n<link rel=\"canonical\" href=\"https:\/\/alimak.com\/sv\/tillfalliga-losningar\/reservdelar-tjanster-tillfalliga\/renoveringslosningar-tillfalliga\/\" \/>\n<meta property=\"og:locale\" content=\"sv_SE\" \/>\n<meta property=\"og:type\" content=\"article\" \/>\n<meta property=\"og:title\" content=\"Renoveringsl\u00f6sningar (tillf\u00e4lliga) - Alimak\" \/>\n<meta property=\"og:description\" content=\"Alimaks tillf\u00e4lliga vertikala transportsystem \u00e4r v\u00e4rldsber\u00f6mda f\u00f6r sin tillf\u00f6rlitlighet och l\u00e5nga driftstid. Med tiden och f\u00f6rb\u00e4ttringar av befintliga anl\u00e4ggningar kan...\" \/>\n<meta property=\"og:url\" content=\"https:\/\/alimak.com\/sv\/tillfalliga-losningar\/reservdelar-tjanster-tillfalliga\/renoveringslosningar-tillfalliga\/\" \/>\n<meta property=\"og:site_name\" content=\"Alimak\" \/>\n<meta property=\"article:modified_time\" content=\"2026-03-18T13:15:29+00:00\" \/>\n<meta name=\"twitter:card\" content=\"summary_large_image\" \/>\n<script type=\"application\/ld+json\" class=\"yoast-schema-graph\">{\"@context\":\"https:\\\/\\\/schema.org\",\"@graph\":[{\"@type\":\"WebPage\",\"@id\":\"https:\\\/\\\/alimak.com\\\/sv\\\/tillfalliga-losningar\\\/reservdelar-tjanster-tillfalliga\\\/renoveringslosningar-tillfalliga\\\/\",\"url\":\"https:\\\/\\\/alimak.com\\\/sv\\\/tillfalliga-losningar\\\/reservdelar-tjanster-tillfalliga\\\/renoveringslosningar-tillfalliga\\\/\",\"name\":\"Renoveringsl\u00f6sningar (tillf\u00e4lliga) - Alimak\",\"isPartOf\":{\"@id\":\"https:\\\/\\\/alimak.com\\\/#website\"},\"datePublished\":\"2025-09-11T11:31:54+00:00\",\"dateModified\":\"2026-03-18T13:15:29+00:00\",\"breadcrumb\":{\"@id\":\"https:\\\/\\\/alimak.com\\\/sv\\\/tillfalliga-losningar\\\/reservdelar-tjanster-tillfalliga\\\/renoveringslosningar-tillfalliga\\\/#breadcrumb\"},\"inLanguage\":\"sv-SE\",\"potentialAction\":[{\"@type\":\"ReadAction\",\"target\":[\"https:\\\/\\\/alimak.com\\\/sv\\\/tillfalliga-losningar\\\/reservdelar-tjanster-tillfalliga\\\/renoveringslosningar-tillfalliga\\\/\"]}]},{\"@type\":\"BreadcrumbList\",\"@id\":\"https:\\\/\\\/alimak.com\\\/sv\\\/tillfalliga-losningar\\\/reservdelar-tjanster-tillfalliga\\\/renoveringslosningar-tillfalliga\\\/#breadcrumb\",\"itemListElement\":[{\"@type\":\"ListItem\",\"position\":1,\"name\":\"Home\",\"item\":\"https:\\\/\\\/alimak.com\\\/sv\\\/\"},{\"@type\":\"ListItem\",\"position\":2,\"name\":\"Tillf\u00e4lliga l\u00f6sningar\",\"item\":\"https:\\\/\\\/alimak.com\\\/sv\\\/tillfalliga-losningar\\\/\"},{\"@type\":\"ListItem\",\"position\":3,\"name\":\"Reservdelar &amp; tj\u00e4nster (tillf\u00e4lliga)\",\"item\":\"https:\\\/\\\/alimak.com\\\/sv\\\/tillfalliga-losningar\\\/reservdelar-tjanster-tillfalliga\\\/\"},{\"@type\":\"ListItem\",\"position\":4,\"name\":\"Renoveringsl\u00f6sningar (tillf\u00e4lliga)\"}]},{\"@type\":\"WebSite\",\"@id\":\"https:\\\/\\\/alimak.com\\\/#website\",\"url\":\"https:\\\/\\\/alimak.com\\\/\",\"name\":\"Alimak\",\"description\":\"\",\"potentialAction\":[{\"@type\":\"SearchAction\",\"target\":{\"@type\":\"EntryPoint\",\"urlTemplate\":\"https:\\\/\\\/alimak.com\\\/?s={search_term_string}\"},\"query-input\":{\"@type\":\"PropertyValueSpecification\",\"valueRequired\":true,\"valueName\":\"search_term_string\"}}],\"inLanguage\":\"sv-SE\"}]}<\/script>\n<!-- \/ Yoast SEO plugin. -->","yoast_head_json":{"title":"Renoveringsl\u00f6sningar (tillf\u00e4lliga) - Alimak","robots":{"index":"index","follow":"follow","max-snippet":"max-snippet:-1","max-image-preview":"max-image-preview:large","max-video-preview":"max-video-preview:-1"},"canonical":"https:\/\/alimak.com\/sv\/tillfalliga-losningar\/reservdelar-tjanster-tillfalliga\/renoveringslosningar-tillfalliga\/","og_locale":"sv_SE","og_type":"article","og_title":"Renoveringsl\u00f6sningar (tillf\u00e4lliga) - Alimak","og_description":"Alimaks tillf\u00e4lliga vertikala transportsystem \u00e4r v\u00e4rldsber\u00f6mda f\u00f6r sin tillf\u00f6rlitlighet och l\u00e5nga driftstid. Med tiden och f\u00f6rb\u00e4ttringar av befintliga anl\u00e4ggningar kan...","og_url":"https:\/\/alimak.com\/sv\/tillfalliga-losningar\/reservdelar-tjanster-tillfalliga\/renoveringslosningar-tillfalliga\/","og_site_name":"Alimak","article_modified_time":"2026-03-18T13:15:29+00:00","twitter_card":"summary_large_image","schema":{"@context":"https:\/\/schema.org","@graph":[{"@type":"WebPage","@id":"https:\/\/alimak.com\/sv\/tillfalliga-losningar\/reservdelar-tjanster-tillfalliga\/renoveringslosningar-tillfalliga\/","url":"https:\/\/alimak.com\/sv\/tillfalliga-losningar\/reservdelar-tjanster-tillfalliga\/renoveringslosningar-tillfalliga\/","name":"Renoveringsl\u00f6sningar (tillf\u00e4lliga) - Alimak","isPartOf":{"@id":"https:\/\/alimak.com\/#website"},"datePublished":"2025-09-11T11:31:54+00:00","dateModified":"2026-03-18T13:15:29+00:00","breadcrumb":{"@id":"https:\/\/alimak.com\/sv\/tillfalliga-losningar\/reservdelar-tjanster-tillfalliga\/renoveringslosningar-tillfalliga\/#breadcrumb"},"inLanguage":"sv-SE","potentialAction":[{"@type":"ReadAction","target":["https:\/\/alimak.com\/sv\/tillfalliga-losningar\/reservdelar-tjanster-tillfalliga\/renoveringslosningar-tillfalliga\/"]}]},{"@type":"BreadcrumbList","@id":"https:\/\/alimak.com\/sv\/tillfalliga-losningar\/reservdelar-tjanster-tillfalliga\/renoveringslosningar-tillfalliga\/#breadcrumb","itemListElement":[{"@type":"ListItem","position":1,"name":"Home","item":"https:\/\/alimak.com\/sv\/"},{"@type":"ListItem","position":2,"name":"Tillf\u00e4lliga l\u00f6sningar","item":"https:\/\/alimak.com\/sv\/tillfalliga-losningar\/"},{"@type":"ListItem","position":3,"name":"Reservdelar &amp; tj\u00e4nster (tillf\u00e4lliga)","item":"https:\/\/alimak.com\/sv\/tillfalliga-losningar\/reservdelar-tjanster-tillfalliga\/"},{"@type":"ListItem","position":4,"name":"Renoveringsl\u00f6sningar (tillf\u00e4lliga)"}]},{"@type":"WebSite","@id":"https:\/\/alimak.com\/#website","url":"https:\/\/alimak.com\/","name":"Alimak","description":"","potentialAction":[{"@type":"SearchAction","target":{"@type":"EntryPoint","urlTemplate":"https:\/\/alimak.com\/?s={search_term_string}"},"query-input":{"@type":"PropertyValueSpecification","valueRequired":true,"valueName":"search_term_string"}}],"inLanguage":"sv-SE"}]}},"_links":{"self":[{"href":"https:\/\/alimak.com\/sv\/wp-json\/wp\/v2\/pages\/15087","targetHints":{"allow":["GET"]}}],"collection":[{"href":"https:\/\/alimak.com\/sv\/wp-json\/wp\/v2\/pages"}],"about":[{"href":"https:\/\/alimak.com\/sv\/wp-json\/wp\/v2\/types\/page"}],"author":[{"embeddable":true,"href":"https:\/\/alimak.com\/sv\/wp-json\/wp\/v2\/users\/1"}],"replies":[{"embeddable":true,"href":"https:\/\/alimak.com\/sv\/wp-json\/wp\/v2\/comments?post=15087"}],"version-history":[{"count":1,"href":"https:\/\/alimak.com\/sv\/wp-json\/wp\/v2\/pages\/15087\/revisions"}],"predecessor-version":[{"id":15093,"href":"https:\/\/alimak.com\/sv\/wp-json\/wp\/v2\/pages\/15087\/revisions\/15093"}],"up":[{"embeddable":true,"href":"https:\/\/alimak.com\/sv\/wp-json\/wp\/v2\/pages\/14930"}],"wp:attachment":[{"href":"https:\/\/alimak.com\/sv\/wp-json\/wp\/v2\/media?parent=15087"}],"curies":[{"name":"wp","href":"https:\/\/api.w.org\/{rel}","templated":true}]}}