{"id":15518,"date":"2026-02-09T11:13:17","date_gmt":"2026-02-09T11:13:17","guid":{"rendered":"https:\/\/alimak.com\/permanenta-losningar\/reservdelar-och-service-permanent\/training-permanent\/"},"modified":"2026-03-18T13:16:52","modified_gmt":"2026-03-18T13:16:52","slug":"training-permanent","status":"publish","type":"page","link":"https:\/\/alimak.com\/sv\/permanenta-losningar\/reservdelar-och-service-permanent\/training-permanent\/","title":{"rendered":"Training (permanent)"},"content":{"rendered":"\n<section class=\"small-hero border-b bg-black border-darkGrey text-white pt-0 pb-0\">\n            <div class=\"relative\">\n            <div class=\"hero-overlay relative\">\n                                    <picture class=\"w-full\"><source media=\"(max-width:639px)\" srcset=\"https:\/\/images.ohmyhosting.se\/HGb7pkRvzAssewKcOjXm5uNgBJU=\/390x461\/smart\/filters:quality(85)\/https%3A%2F%2Falimak.com%2Fwp-content%2Fuploads%2F2025%2F11%2FAlimak-training.jpg 1x, https:\/\/images.ohmyhosting.se\/gXb7--lIJ_1DEUA4T0F1KvV3z1E=\/780x922\/smart\/filters:quality(85)\/https%3A%2F%2Falimak.com%2Fwp-content%2Fuploads%2F2025%2F11%2FAlimak-training.jpg 2x\"><source media=\"(max-width:1022px)\" srcset=\"https:\/\/images.ohmyhosting.se\/3i2HjA-4Z4Jipjb7vuvwUwiY54c=\/805x951\/smart\/filters:quality(85)\/https%3A%2F%2Falimak.com%2Fwp-content%2Fuploads%2F2025%2F11%2FAlimak-training.jpg 1x, https:\/\/images.ohmyhosting.se\/KuOBB-z0RPMxO9raCTPTMM92B_4=\/1610x1902\/smart\/filters:quality(85)\/https%3A%2F%2Falimak.com%2Fwp-content%2Fuploads%2F2025%2F11%2FAlimak-training.jpg 2x\"><img decoding=\"async\" src=\"https:\/\/images.ohmyhosting.se\/5vwgKn6rPTl6l8Sbc6Iht9KM3HM=\/2545x814\/smart\/filters:quality(85)\/https%3A%2F%2Falimak.com%2Fwp-content%2Fuploads%2F2025%2F11%2FAlimak-training.jpg\" srcset=\"https:\/\/images.ohmyhosting.se\/5vwgKn6rPTl6l8Sbc6Iht9KM3HM=\/2545x814\/smart\/filters:quality(85)\/https%3A%2F%2Falimak.com%2Fwp-content%2Fuploads%2F2025%2F11%2FAlimak-training.jpg 1x, https:\/\/images.ohmyhosting.se\/EnOxeHSyzou-QOv0td40_KYLkwA=\/5090x1628\/smart\/filters:quality(85)\/https%3A%2F%2Falimak.com%2Fwp-content%2Fuploads%2F2025%2F11%2FAlimak-training.jpg 2x\" alt=\"\" class=\"w-full object-cover w-full max-h-[90vh]\" width=\"2545\" height=\"814\" \/><\/picture>                            <\/div>\n            <div class=\"absolute inset-0 z-10 flex flex-col justify-end\">\n                <div class=\"holder\">\n                    <div class=\"grid grid-cols-12 gap-4 pb-16\">\n                        <div class=\"col-span-12 lg:col-span-7\">\n                                                    <p class=\"md:text-20 font-medium leading-[1.25] mb-1\">Permanenta l\u00f6sningar<\/p>\n                                                    <h1 class=\"text-28 md:text-52 leading-[1.3] lg:max-w-[625px]\"><p>Utbildning<\/p>\n<\/h1>\n                            <div class=\"wysiwyg pt-5 leading-[1.6] hidden lg:block lg:max-w-[512px]\"><p>Alimak erbjuder ett brett utbud av omfattande, praktikfokuserade utbildningskurser som \u00e4r utformade f\u00f6r att st\u00f6dja s\u00e4ker drift, underh\u00e5ll och installation av Alimaks vertikala accessutrustning. Programmen har tagits fram f\u00f6r att ge operat\u00f6rer, tekniker och installationsteam den n\u00f6dv\u00e4ndiga kunskapen och de praktiska f\u00e4rdigheter som kr\u00e4vs f\u00f6r att arbeta tryggt och effektivt med v\u00e5ra l\u00f6sningar. <\/p>\n<\/div>\n                        <\/div>\n                    <\/div>\n                <\/div>\n            <\/div>\n        <\/div>\n                    <div class=\"lg:hidden py-12 border-b border-darkGrey\">\n                <div class=\"holder\">\n                    <div class=\"wysiwyg leading-[1.6]\"><p>Alimak erbjuder ett brett utbud av omfattande, praktikfokuserade utbildningskurser som \u00e4r utformade f\u00f6r att st\u00f6dja s\u00e4ker drift, underh\u00e5ll och installation av Alimaks vertikala accessutrustning. Programmen har tagits fram f\u00f6r att ge operat\u00f6rer, tekniker och installationsteam den n\u00f6dv\u00e4ndiga kunskapen och de praktiska f\u00e4rdigheter som kr\u00e4vs f\u00f6r att arbeta tryggt och effektivt med v\u00e5ra l\u00f6sningar. <\/p>\n<\/div>\n                <\/div>\n            <\/div>\n        \n    <\/section>\n<section class=\"text-img bg-white text-black border-lightGrey   pt-6 lg:pt-12 pb-6 lg:pb-12\">\n    <div class=\"holder\">\n      <div class=\"grid grid-cols-12 gap-4 items-center\">\n        <div class=\"col-span-12 lg:col-span-6 2.5xl:col-span-8 \">\n                            <div class=\"text-img-overlay relative mb-8 md:mb-0 max-w-[852px] \">\n                    <picture class=\"w-full\"><source media=\"(max-width:639px)\" srcset=\"https:\/\/images.ohmyhosting.se\/s7RyfTxUwcbxIoKFU0fHtwdi9RQ=\/382x237\/smart\/filters:quality(85)\/https%3A%2F%2Falimak.com%2Fwp-content%2Fuploads%2F2026%2F01%2FAlimak_Training_6801-scaled-e1769615563544.jpg 1x, https:\/\/images.ohmyhosting.se\/KcbZULiQGzicrm3crDOqTpIT1CQ=\/764x474\/smart\/filters:quality(85)\/https%3A%2F%2Falimak.com%2Fwp-content%2Fuploads%2F2026%2F01%2FAlimak_Training_6801-scaled-e1769615563544.jpg 2x\"><source media=\"(max-width:1022px)\" srcset=\"https:\/\/images.ohmyhosting.se\/4w6DrQsrTUDJmQFX13UOULU5Oms=\/773x480\/smart\/filters:quality(85)\/https%3A%2F%2Falimak.com%2Fwp-content%2Fuploads%2F2026%2F01%2FAlimak_Training_6801-scaled-e1769615563544.jpg 1x, https:\/\/images.ohmyhosting.se\/8qijX6Gktb9QoTRrXdqvn7TbTq4=\/1546x960\/smart\/filters:quality(85)\/https%3A%2F%2Falimak.com%2Fwp-content%2Fuploads%2F2026%2F01%2FAlimak_Training_6801-scaled-e1769615563544.jpg 2x\"><img decoding=\"async\" src=\"https:\/\/images.ohmyhosting.se\/IUYl216weHwF6haDylUR7oG4cIE=\/852x530\/smart\/filters:quality(85)\/https%3A%2F%2Falimak.com%2Fwp-content%2Fuploads%2F2026%2F01%2FAlimak_Training_6801-scaled-e1769615563544.jpg\" srcset=\"https:\/\/images.ohmyhosting.se\/IUYl216weHwF6haDylUR7oG4cIE=\/852x530\/smart\/filters:quality(85)\/https%3A%2F%2Falimak.com%2Fwp-content%2Fuploads%2F2026%2F01%2FAlimak_Training_6801-scaled-e1769615563544.jpg 1x, https:\/\/images.ohmyhosting.se\/esPNVZs_XkyWhu2R01fIAxJWIwo=\/1704x1060\/smart\/filters:quality(85)\/https%3A%2F%2Falimak.com%2Fwp-content%2Fuploads%2F2026%2F01%2FAlimak_Training_6801-scaled-e1769615563544.jpg 2x\" alt=\"\" class=\"w-full w-full rounded-[12px] object-cover\" width=\"852\" height=\"530\" \/><\/picture>                                        <\/div>\n            \n        <\/div>\n        <div class=\"col-span-12 lg:col-span-6 2.5xl:col-span-4 flex flex-col justify-center \">\n            <div class=\"\">\n                                    <h2 class=\"text-24 md:text-36 leading-[1.3] font-medium mb-4\">Omfattande utbildningsv\u00e4gar med certifiering p\u00e5 varje niv\u00e5<\/h2>\n                                                    <div class=\"wysiwyg leading-[1.6] text-numbersGrey\"><p><span data-teams=\"true\">Som ledande inom den vertikala accessindustrin \u00e4r Alimak engagerat i att leverera utbildning som f\u00f6rbereder era team f\u00f6r verkliga f\u00f6rh\u00e5llanden. V\u00e5ra kurser \u00e4r utvecklade i samarbete med ledande s\u00e4kerhets- och branschorganisationer, uppfyller eller \u00f6vertr\u00e4ffar myndighetskrav och fokuserar p\u00e5 praktiskt, hands-on-l\u00e4rande med faktisk Alimak-utrustning \u2013 inte bara teori. Deltagarna f\u00e5r direkt erfarenhet av verklig utrustning, bed\u00f6ms b\u00e5de p\u00e5 praktiska och teoretiska f\u00e4rdigheter och f\u00e5r certifiering p\u00e5 varje niv\u00e5, vilket s\u00e4kerst\u00e4ller att de \u00e4r kompetenta, trygga och redo att arbeta s\u00e4kert fr\u00e5n dag ett.<\/span><\/p>\n<p>Bes\u00f6k Alimak Group Trainings webbplats f\u00f6r att se tillg\u00e4ngliga kurser f\u00f6r din Alimak-produkt.<\/p>\n<\/div>\n                                                    <div class=\"mt-8\">\n                        <a class=\"btn black\" href=\"https:\/\/learningstore.alimakgroup.com\/?categories=7b36b9d9-c081-42d6-9265-734b5888511a&#038;orderBy=createdDateDesc&#038;page=1\" target=\"_blank\">\n                            <span>Hitta r\u00e4tt kurs<\/span>\n                            <span>\n                                                                    <svg width=\"18\" height=\"18\" viewBox=\"0 0 18 18\" fill=\"none\" xmlns=\"http:\/\/www.w3.org\/2000\/svg\">\n                                    <path class=\"stroke-white\" d=\"M13.5 9.75098V14.251C13.5 14.6488 13.342 15.0303 13.0607 15.3116C12.7794 15.5929 12.3978 15.751 12 15.751H3.75C3.35218 15.751 2.97064 15.5929 2.68934 15.3116C2.40804 15.0303 2.25 14.6488 2.25 14.251V6.00098C2.25 5.60315 2.40804 5.22162 2.68934 4.94032C2.97064 4.65901 3.35218 4.50098 3.75 4.50098H8.25\" stroke=\"white\" stroke-width=\"1.5\" stroke-linejoin=\"round\"\/>\n                                    <path class=\"stroke-white\" d=\"M11.25 2.25098H15.75V6.75098\" stroke=\"white\" stroke-width=\"1.5\" stroke-linejoin=\"round\"\/>\n                                    <path class=\"stroke-white\" d=\"M7.50073 10.501L15.7507 2.25098\" stroke=\"white\" stroke-width=\"1.5\" stroke-linejoin=\"round\"\/>\n                                    <\/svg>\n                                                            <\/span>\n                        <\/a>\n                    <\/div>\n                            <\/div>\n        <\/div>\n      <\/div>\n    <\/div>\n<\/section>\n\n<section class=\"cta-banner bg-black text-white  pt-0 pb-6 lg:pb-12\">\n    <div class=\"relative\">\n                    <div class=\"cta-banner-overlay relative\">\n                <picture class=\"w-full\"><source media=\"(max-width:639px)\" srcset=\"https:\/\/images.ohmyhosting.se\/WktqUiNRg1ZhevXtlEJW64a-tD4=\/399x377\/smart\/filters:quality(85)\/https%3A%2F%2Falimak.com%2Fwp-content%2Fuploads%2F2025%2F09%2Fd0a64875c3850e6181fa105f72a620985d5364a6.jpg 1x, https:\/\/images.ohmyhosting.se\/uHFfZRUPh8JOF6Zz_y6rSTfDpak=\/798x754\/smart\/filters:quality(85)\/https%3A%2F%2Falimak.com%2Fwp-content%2Fuploads%2F2025%2F09%2Fd0a64875c3850e6181fa105f72a620985d5364a6.jpg 2x\"><source media=\"(max-width:1022px)\" srcset=\"https:\/\/images.ohmyhosting.se\/_7lhKdPe2AiFfxT-8EBHRxRmEX8=\/805x760\/smart\/filters:quality(85)\/https%3A%2F%2Falimak.com%2Fwp-content%2Fuploads%2F2025%2F09%2Fd0a64875c3850e6181fa105f72a620985d5364a6.jpg 1x, https:\/\/images.ohmyhosting.se\/k3XpmDwMeHPL_Yzc_ybXgBj6up8=\/1610x1520\/smart\/filters:quality(85)\/https%3A%2F%2Falimak.com%2Fwp-content%2Fuploads%2F2025%2F09%2Fd0a64875c3850e6181fa105f72a620985d5364a6.jpg 2x\"><img decoding=\"async\" src=\"https:\/\/images.ohmyhosting.se\/lIW3Hg0Fn-6CZ8-JoXTC4w5tQhA=\/2545x1053\/smart\/filters:quality(85)\/https%3A%2F%2Falimak.com%2Fwp-content%2Fuploads%2F2025%2F09%2Fd0a64875c3850e6181fa105f72a620985d5364a6.jpg\" srcset=\"https:\/\/images.ohmyhosting.se\/lIW3Hg0Fn-6CZ8-JoXTC4w5tQhA=\/2545x1053\/smart\/filters:quality(85)\/https%3A%2F%2Falimak.com%2Fwp-content%2Fuploads%2F2025%2F09%2Fd0a64875c3850e6181fa105f72a620985d5364a6.jpg 1x, https:\/\/images.ohmyhosting.se\/kBPWqXpAi4O3Ic8XAeAxPcvYsts=\/5090x2106\/smart\/filters:quality(85)\/https%3A%2F%2Falimak.com%2Fwp-content%2Fuploads%2F2025%2F09%2Fd0a64875c3850e6181fa105f72a620985d5364a6.jpg 2x\" alt=\"\" class=\"w-full w-full h-full object-cover\" width=\"2545\" height=\"1053\" \/><\/picture>            <\/div>\n                <div class=\"absolute inset-0 z-[2]\">\n            <div class=\"holder\">\n                <div class=\"grid grid-cols-12 gap-4\">\n                    <div class=\"col-span-12 lg:col-span-6 lg:col-start-7 pt-16\">\n                        <h3 class=\"text-28 md:text-44 lg:max-w-[500px] leading-tight\">Kontakta oss f\u00f6r mer information eller en offert<\/h3>\n                                                    <div class=\"mt-8\">\n                                <a class=\"btn\" href=\"https:\/\/alimak.com\/sv\/kontakta-oss\/\" target=\"\">\n                                    <span>Kontakta oss<\/span>\n                                    <span>\n                                        <svg width=\"24\" height=\"11\" viewBox=\"0 0 24 11\" fill=\"none\" xmlns=\"http:\/\/www.w3.org\/2000\/svg\">\n                                        <path d=\"M0 5.5H22\" stroke=\"black\" stroke-width=\"1.5\"\/>\n                                        <path d=\"M17.5 1L22 5.5L17.5 10\" stroke=\"black\" stroke-width=\"1.5\"\/>\n                                        <\/svg>\n                                    <\/span>\n                                <\/a>\n                            <\/div>\n                                            <\/div>\n                <\/div>\n            <\/div>\n        <\/div>\n    <\/div>\n<\/section>\n","protected":false},"excerpt":{"rendered":"<p>Alimak erbjuder ett brett utbud av omfattande, praktikfokuserade utbildningskurser som \u00e4r utformade f\u00f6r att st\u00f6dja s\u00e4ker drift, underh\u00e5ll och installation&#8230;<\/p>\n","protected":false},"author":4,"featured_media":0,"parent":14036,"menu_order":0,"comment_status":"closed","ping_status":"closed","template":"","meta":{"_acf_changed":false,"footnotes":""},"class_list":["post-15518","page","type-page","status-publish","hentry"],"acf":[],"yoast_head":"<!-- This site is optimized with the Yoast SEO plugin v27.3 - https:\/\/yoast.com\/product\/yoast-seo-wordpress\/ -->\n<title>Training (permanent) - Alimak<\/title>\n<meta name=\"robots\" content=\"index, follow, max-snippet:-1, max-image-preview:large, max-video-preview:-1\" \/>\n<link rel=\"canonical\" href=\"https:\/\/alimak.com\/sv\/permanenta-losningar\/reservdelar-och-service-permanent\/training-permanent\/\" \/>\n<meta property=\"og:locale\" content=\"sv_SE\" \/>\n<meta property=\"og:type\" content=\"article\" \/>\n<meta property=\"og:title\" content=\"Training (permanent) - Alimak\" \/>\n<meta property=\"og:description\" content=\"Alimak erbjuder ett brett utbud av omfattande, praktikfokuserade utbildningskurser som \u00e4r utformade f\u00f6r att st\u00f6dja s\u00e4ker drift, underh\u00e5ll och installation...\" \/>\n<meta property=\"og:url\" content=\"https:\/\/alimak.com\/sv\/permanenta-losningar\/reservdelar-och-service-permanent\/training-permanent\/\" \/>\n<meta property=\"og:site_name\" content=\"Alimak\" \/>\n<meta property=\"article:modified_time\" content=\"2026-03-18T13:16:52+00:00\" \/>\n<meta name=\"twitter:card\" content=\"summary_large_image\" \/>\n<script type=\"application\/ld+json\" class=\"yoast-schema-graph\">{\"@context\":\"https:\\\/\\\/schema.org\",\"@graph\":[{\"@type\":\"WebPage\",\"@id\":\"https:\\\/\\\/alimak.com\\\/sv\\\/permanenta-losningar\\\/reservdelar-och-service-permanent\\\/training-permanent\\\/\",\"url\":\"https:\\\/\\\/alimak.com\\\/sv\\\/permanenta-losningar\\\/reservdelar-och-service-permanent\\\/training-permanent\\\/\",\"name\":\"Training (permanent) - Alimak\",\"isPartOf\":{\"@id\":\"https:\\\/\\\/alimak.com\\\/#website\"},\"datePublished\":\"2026-02-09T11:13:17+00:00\",\"dateModified\":\"2026-03-18T13:16:52+00:00\",\"breadcrumb\":{\"@id\":\"https:\\\/\\\/alimak.com\\\/sv\\\/permanenta-losningar\\\/reservdelar-och-service-permanent\\\/training-permanent\\\/#breadcrumb\"},\"inLanguage\":\"sv-SE\",\"potentialAction\":[{\"@type\":\"ReadAction\",\"target\":[\"https:\\\/\\\/alimak.com\\\/sv\\\/permanenta-losningar\\\/reservdelar-och-service-permanent\\\/training-permanent\\\/\"]}]},{\"@type\":\"BreadcrumbList\",\"@id\":\"https:\\\/\\\/alimak.com\\\/sv\\\/permanenta-losningar\\\/reservdelar-och-service-permanent\\\/training-permanent\\\/#breadcrumb\",\"itemListElement\":[{\"@type\":\"ListItem\",\"position\":1,\"name\":\"Home\",\"item\":\"https:\\\/\\\/alimak.com\\\/sv\\\/\"},{\"@type\":\"ListItem\",\"position\":2,\"name\":\"Permanenta l\u00f6sningar\",\"item\":\"https:\\\/\\\/alimak.com\\\/sv\\\/permanenta-losningar\\\/\"},{\"@type\":\"ListItem\",\"position\":3,\"name\":\"Reservdelar och service (permanent)\",\"item\":\"https:\\\/\\\/alimak.com\\\/sv\\\/permanenta-losningar\\\/reservdelar-och-service-permanent\\\/\"},{\"@type\":\"ListItem\",\"position\":4,\"name\":\"Training (permanent)\"}]},{\"@type\":\"WebSite\",\"@id\":\"https:\\\/\\\/alimak.com\\\/#website\",\"url\":\"https:\\\/\\\/alimak.com\\\/\",\"name\":\"Alimak\",\"description\":\"\",\"potentialAction\":[{\"@type\":\"SearchAction\",\"target\":{\"@type\":\"EntryPoint\",\"urlTemplate\":\"https:\\\/\\\/alimak.com\\\/?s={search_term_string}\"},\"query-input\":{\"@type\":\"PropertyValueSpecification\",\"valueRequired\":true,\"valueName\":\"search_term_string\"}}],\"inLanguage\":\"sv-SE\"}]}<\/script>\n<!-- \/ Yoast SEO plugin. -->","yoast_head_json":{"title":"Training (permanent) - Alimak","robots":{"index":"index","follow":"follow","max-snippet":"max-snippet:-1","max-image-preview":"max-image-preview:large","max-video-preview":"max-video-preview:-1"},"canonical":"https:\/\/alimak.com\/sv\/permanenta-losningar\/reservdelar-och-service-permanent\/training-permanent\/","og_locale":"sv_SE","og_type":"article","og_title":"Training (permanent) - Alimak","og_description":"Alimak erbjuder ett brett utbud av omfattande, praktikfokuserade utbildningskurser som \u00e4r utformade f\u00f6r att st\u00f6dja s\u00e4ker drift, underh\u00e5ll och installation...","og_url":"https:\/\/alimak.com\/sv\/permanenta-losningar\/reservdelar-och-service-permanent\/training-permanent\/","og_site_name":"Alimak","article_modified_time":"2026-03-18T13:16:52+00:00","twitter_card":"summary_large_image","schema":{"@context":"https:\/\/schema.org","@graph":[{"@type":"WebPage","@id":"https:\/\/alimak.com\/sv\/permanenta-losningar\/reservdelar-och-service-permanent\/training-permanent\/","url":"https:\/\/alimak.com\/sv\/permanenta-losningar\/reservdelar-och-service-permanent\/training-permanent\/","name":"Training (permanent) - Alimak","isPartOf":{"@id":"https:\/\/alimak.com\/#website"},"datePublished":"2026-02-09T11:13:17+00:00","dateModified":"2026-03-18T13:16:52+00:00","breadcrumb":{"@id":"https:\/\/alimak.com\/sv\/permanenta-losningar\/reservdelar-och-service-permanent\/training-permanent\/#breadcrumb"},"inLanguage":"sv-SE","potentialAction":[{"@type":"ReadAction","target":["https:\/\/alimak.com\/sv\/permanenta-losningar\/reservdelar-och-service-permanent\/training-permanent\/"]}]},{"@type":"BreadcrumbList","@id":"https:\/\/alimak.com\/sv\/permanenta-losningar\/reservdelar-och-service-permanent\/training-permanent\/#breadcrumb","itemListElement":[{"@type":"ListItem","position":1,"name":"Home","item":"https:\/\/alimak.com\/sv\/"},{"@type":"ListItem","position":2,"name":"Permanenta l\u00f6sningar","item":"https:\/\/alimak.com\/sv\/permanenta-losningar\/"},{"@type":"ListItem","position":3,"name":"Reservdelar och service (permanent)","item":"https:\/\/alimak.com\/sv\/permanenta-losningar\/reservdelar-och-service-permanent\/"},{"@type":"ListItem","position":4,"name":"Training (permanent)"}]},{"@type":"WebSite","@id":"https:\/\/alimak.com\/#website","url":"https:\/\/alimak.com\/","name":"Alimak","description":"","potentialAction":[{"@type":"SearchAction","target":{"@type":"EntryPoint","urlTemplate":"https:\/\/alimak.com\/?s={search_term_string}"},"query-input":{"@type":"PropertyValueSpecification","valueRequired":true,"valueName":"search_term_string"}}],"inLanguage":"sv-SE"}]}},"_links":{"self":[{"href":"https:\/\/alimak.com\/sv\/wp-json\/wp\/v2\/pages\/15518","targetHints":{"allow":["GET"]}}],"collection":[{"href":"https:\/\/alimak.com\/sv\/wp-json\/wp\/v2\/pages"}],"about":[{"href":"https:\/\/alimak.com\/sv\/wp-json\/wp\/v2\/types\/page"}],"author":[{"embeddable":true,"href":"https:\/\/alimak.com\/sv\/wp-json\/wp\/v2\/users\/4"}],"replies":[{"embeddable":true,"href":"https:\/\/alimak.com\/sv\/wp-json\/wp\/v2\/comments?post=15518"}],"version-history":[{"count":1,"href":"https:\/\/alimak.com\/sv\/wp-json\/wp\/v2\/pages\/15518\/revisions"}],"predecessor-version":[{"id":15524,"href":"https:\/\/alimak.com\/sv\/wp-json\/wp\/v2\/pages\/15518\/revisions\/15524"}],"up":[{"embeddable":true,"href":"https:\/\/alimak.com\/sv\/wp-json\/wp\/v2\/pages\/14036"}],"wp:attachment":[{"href":"https:\/\/alimak.com\/sv\/wp-json\/wp\/v2\/media?parent=15518"}],"curies":[{"name":"wp","href":"https:\/\/api.w.org\/{rel}","templated":true}]}}