{"id":15547,"date":"2026-02-19T10:29:36","date_gmt":"2026-02-19T10:29:36","guid":{"rendered":"https:\/\/alimak.com\/permanenta-losningar\/reservdelar-och-service-permanent\/parts-permanent\/"},"modified":"2026-03-18T13:17:04","modified_gmt":"2026-03-18T13:17:04","slug":"parts-permanent","status":"publish","type":"page","link":"https:\/\/alimak.com\/sv\/permanenta-losningar\/reservdelar-och-service-permanent\/parts-permanent\/","title":{"rendered":"Parts (permanent)"},"content":{"rendered":"\n<section class=\"small-hero border-b bg-black border-darkGrey text-white pt-0 pb-0\">\n            <div class=\"relative\">\n            <div class=\"hero-overlay relative\">\n                                    <picture class=\"w-full\"><source media=\"(max-width:639px)\" srcset=\"https:\/\/images.ohmyhosting.se\/jC20l7vGtQMwt0-eJ-59ByNZvIg=\/390x461\/smart\/filters:quality(85)\/https%3A%2F%2Falimak.com%2Fwp-content%2Fuploads%2F2025%2F11%2F190806-421-HDR-web.jpg 1x, https:\/\/images.ohmyhosting.se\/HVzr90gI2WCV_0ki8iYcq7VqCsg=\/780x922\/smart\/filters:quality(85)\/https%3A%2F%2Falimak.com%2Fwp-content%2Fuploads%2F2025%2F11%2F190806-421-HDR-web.jpg 2x\"><source media=\"(max-width:1022px)\" srcset=\"https:\/\/images.ohmyhosting.se\/3ktzMleT-2H65B-kxs-ppbFtLqM=\/805x951\/smart\/filters:quality(85)\/https%3A%2F%2Falimak.com%2Fwp-content%2Fuploads%2F2025%2F11%2F190806-421-HDR-web.jpg 1x, https:\/\/images.ohmyhosting.se\/de80_35pok6hrb2e5kRALI2_KMQ=\/1610x1902\/smart\/filters:quality(85)\/https%3A%2F%2Falimak.com%2Fwp-content%2Fuploads%2F2025%2F11%2F190806-421-HDR-web.jpg 2x\"><img decoding=\"async\" src=\"https:\/\/images.ohmyhosting.se\/0TBYzE6W4Cgg0Gu03Rm6Kspz0nU=\/2545x814\/smart\/filters:quality(85)\/https%3A%2F%2Falimak.com%2Fwp-content%2Fuploads%2F2025%2F11%2F190806-421-HDR-web.jpg\" srcset=\"https:\/\/images.ohmyhosting.se\/0TBYzE6W4Cgg0Gu03Rm6Kspz0nU=\/2545x814\/smart\/filters:quality(85)\/https%3A%2F%2Falimak.com%2Fwp-content%2Fuploads%2F2025%2F11%2F190806-421-HDR-web.jpg 1x, https:\/\/images.ohmyhosting.se\/OITspSUmzvZrDkQ3kA500PMtMcA=\/5090x1628\/smart\/filters:quality(85)\/https%3A%2F%2Falimak.com%2Fwp-content%2Fuploads%2F2025%2F11%2F190806-421-HDR-web.jpg 2x\" alt=\"\" class=\"w-full object-cover w-full max-h-[90vh]\" width=\"2545\" height=\"814\" \/><\/picture>                            <\/div>\n            <div class=\"absolute inset-0 z-10 flex flex-col justify-end\">\n                <div class=\"holder\">\n                    <div class=\"grid grid-cols-12 gap-4 pb-16\">\n                        <div class=\"col-span-12 lg:col-span-7\">\n                                                    <p class=\"md:text-20 font-medium leading-[1.25] mb-1\">Permanenta l\u00f6sningar<\/p>\n                                                    <h1 class=\"text-28 md:text-52 leading-[1.3] lg:max-w-[625px]\"><p>Originalreservdelar<\/p>\n<\/h1>\n                            <div class=\"wysiwyg pt-5 leading-[1.6] hidden lg:block lg:max-w-[512px]\"><p>Originalreservdelar fr\u00e5n Alimak s\u00e4kerst\u00e4ller att era hissystem arbetar med optimal prestanda och effektivitet. M\u00e5nga \u00e5r av oavbruten drift, med minimalt antal driftstopp och s\u00e4ker anv\u00e4ndning, \u00e4r konkreta f\u00f6rdelar med att anv\u00e4nda originaldelar fr\u00e5n Alimak. De \u00e4r utformade f\u00f6r att h\u00e5lla utrustningen i toppskick genom att minska stillest\u00e5ndstiden och \u00e4gandekostnaderna. <\/p>\n<\/div>\n                        <\/div>\n                    <\/div>\n                <\/div>\n            <\/div>\n        <\/div>\n                    <div class=\"lg:hidden py-12 border-b border-darkGrey\">\n                <div class=\"holder\">\n                    <div class=\"wysiwyg leading-[1.6]\"><p>Originalreservdelar fr\u00e5n Alimak s\u00e4kerst\u00e4ller att era hissystem arbetar med optimal prestanda och effektivitet. M\u00e5nga \u00e5r av oavbruten drift, med minimalt antal driftstopp och s\u00e4ker anv\u00e4ndning, \u00e4r konkreta f\u00f6rdelar med att anv\u00e4nda originaldelar fr\u00e5n Alimak. De \u00e4r utformade f\u00f6r att h\u00e5lla utrustningen i toppskick genom att minska stillest\u00e5ndstiden och \u00e4gandekostnaderna. <\/p>\n<\/div>\n                <\/div>\n            <\/div>\n        \n    <\/section>\n<section class=\"text-img bg-white text-black border-lightGrey   pt-6 lg:pt-12 pb-6 lg:pb-12\">\n    <div class=\"holder\">\n      <div class=\"grid grid-cols-12 gap-4 items-center\">\n        <div class=\"col-span-12 lg:col-span-6 2.5xl:col-span-8 \">\n                            <div class=\"text-img-overlay relative mb-8 md:mb-0 max-w-[852px] \">\n                    <picture class=\"w-full\"><source media=\"(max-width:639px)\" srcset=\"https:\/\/images.ohmyhosting.se\/QxFWYxgHFa0--r465I5vsK8q3KU=\/382x237\/smart\/filters:quality(85)\/https%3A%2F%2Falimak.com%2Fwp-content%2Fuploads%2F2026%2F01%2F190806-293-web.jpg 1x, https:\/\/images.ohmyhosting.se\/uF2nmpinj4zauSqAgb7JCH0a8Fk=\/764x474\/smart\/filters:quality(85)\/https%3A%2F%2Falimak.com%2Fwp-content%2Fuploads%2F2026%2F01%2F190806-293-web.jpg 2x\"><source media=\"(max-width:1022px)\" srcset=\"https:\/\/images.ohmyhosting.se\/CTWbzyDByEvitNJVeMp5G1nTwp8=\/773x480\/smart\/filters:quality(85)\/https%3A%2F%2Falimak.com%2Fwp-content%2Fuploads%2F2026%2F01%2F190806-293-web.jpg 1x, https:\/\/images.ohmyhosting.se\/EMwPk5NrtmXjXH6ZszzLnnYJQrs=\/1546x960\/smart\/filters:quality(85)\/https%3A%2F%2Falimak.com%2Fwp-content%2Fuploads%2F2026%2F01%2F190806-293-web.jpg 2x\"><img decoding=\"async\" src=\"https:\/\/images.ohmyhosting.se\/i7lQJxy-RQqoblTJ8CCl18typIY=\/852x530\/smart\/filters:quality(85)\/https%3A%2F%2Falimak.com%2Fwp-content%2Fuploads%2F2026%2F01%2F190806-293-web.jpg\" srcset=\"https:\/\/images.ohmyhosting.se\/i7lQJxy-RQqoblTJ8CCl18typIY=\/852x530\/smart\/filters:quality(85)\/https%3A%2F%2Falimak.com%2Fwp-content%2Fuploads%2F2026%2F01%2F190806-293-web.jpg 1x, https:\/\/images.ohmyhosting.se\/NdAtqE_pqoY0TBjZIGXcCmDOK64=\/1704x1060\/smart\/filters:quality(85)\/https%3A%2F%2Falimak.com%2Fwp-content%2Fuploads%2F2026%2F01%2F190806-293-web.jpg 2x\" alt=\"\" class=\"w-full w-full rounded-[12px] object-cover\" width=\"852\" height=\"530\" \/><\/picture>                                        <\/div>\n            \n        <\/div>\n        <div class=\"col-span-12 lg:col-span-6 2.5xl:col-span-4 flex flex-col justify-center \">\n            <div class=\"\">\n                                    <h2 class=\"text-24 md:text-36 leading-[1.3] font-medium mb-4\">Avg\u00f6rande f\u00f6r s\u00e4kerhet, prestanda och l\u00e4gre livscykelkostnader<\/h2>\n                                                    <div class=\"wysiwyg leading-[1.6] text-numbersGrey\"><p>Det \u00e4r avg\u00f6rande att f\u00f6rst\u00e5 livscykeln f\u00f6r delar som tillverkas f\u00f6r Alimaks utrustning och att f\u00f6lja regelbundna scheman f\u00f6r f\u00f6rebyggande underh\u00e5ll f\u00f6r att minska driftstopp och minimera enhetskostnader. D\u00e4rf\u00f6r anv\u00e4nder vi endast originaldelar fr\u00e5n Alimak som en integrerad del av serviceprogram f\u00f6r f\u00f6rebyggande underh\u00e5ll och reparationer. <\/p>\n<\/div>\n                                            <\/div>\n        <\/div>\n      <\/div>\n    <\/div>\n<\/section>\n\n<section class=\"text-img bg-white text-black border-lightGrey   pt-6 lg:pt-12 pb-6 lg:pb-12\">\n    <div class=\"holder\">\n      <div class=\"grid grid-cols-12 gap-4 items-center\">\n        <div class=\"col-span-12 lg:col-span-6 2.5xl:col-span-8  order-1 lg:order-2\">\n                            <div class=\"text-img-overlay relative mb-8 md:mb-0 max-w-[852px] lg:ml-auto\">\n                    <picture class=\"w-full\"><source media=\"(max-width:639px)\" srcset=\"https:\/\/images.ohmyhosting.se\/pzE1KFN25fnC-hu09TITxnBWRQ4=\/382x237\/smart\/filters:quality(85)\/https%3A%2F%2Falimak.com%2Fwp-content%2Fuploads%2F2026%2F01%2F190806-547-HDR-web.jpg 1x, https:\/\/images.ohmyhosting.se\/N88sNX-RMTQLGCRLXDdsmB3k2kk=\/764x474\/smart\/filters:quality(85)\/https%3A%2F%2Falimak.com%2Fwp-content%2Fuploads%2F2026%2F01%2F190806-547-HDR-web.jpg 2x\"><source media=\"(max-width:1022px)\" srcset=\"https:\/\/images.ohmyhosting.se\/A0Y2FG8jcAoEd8_wUci9VA2p9fo=\/773x480\/smart\/filters:quality(85)\/https%3A%2F%2Falimak.com%2Fwp-content%2Fuploads%2F2026%2F01%2F190806-547-HDR-web.jpg 1x, https:\/\/images.ohmyhosting.se\/HHm6XCUTvLrCqe_YJ-nTMoyLkiI=\/1546x960\/smart\/filters:quality(85)\/https%3A%2F%2Falimak.com%2Fwp-content%2Fuploads%2F2026%2F01%2F190806-547-HDR-web.jpg 2x\"><img decoding=\"async\" src=\"https:\/\/images.ohmyhosting.se\/YOpDCaneE9uyhq-iyWY7SkfBEhw=\/852x530\/smart\/filters:quality(85)\/https%3A%2F%2Falimak.com%2Fwp-content%2Fuploads%2F2026%2F01%2F190806-547-HDR-web.jpg\" srcset=\"https:\/\/images.ohmyhosting.se\/YOpDCaneE9uyhq-iyWY7SkfBEhw=\/852x530\/smart\/filters:quality(85)\/https%3A%2F%2Falimak.com%2Fwp-content%2Fuploads%2F2026%2F01%2F190806-547-HDR-web.jpg 1x, https:\/\/images.ohmyhosting.se\/F-nHkQnDhvp-e0_Tc8_e5_yibuo=\/1704x1060\/smart\/filters:quality(85)\/https%3A%2F%2Falimak.com%2Fwp-content%2Fuploads%2F2026%2F01%2F190806-547-HDR-web.jpg 2x\" alt=\"\" class=\"w-full w-full rounded-[12px] object-cover\" width=\"852\" height=\"530\" \/><\/picture>                                        <\/div>\n            \n        <\/div>\n        <div class=\"col-span-12 lg:col-span-6 2.5xl:col-span-4 flex flex-col justify-center  order-2 lg:order-1\">\n            <div class=\"\">\n                                    <h2 class=\"text-24 md:text-36 leading-[1.3] font-medium mb-4\">Lokalt lager, global r\u00e4ckvidd: originaldelar f\u00f6r varje Alimak-varum\u00e4rke<\/h2>\n                                                    <div class=\"wysiwyg leading-[1.6] text-numbersGrey\"><p>Fr\u00e5n v\u00e4xell\u00e5dor till motorer och fr\u00e5n bromsbel\u00e4gg till s\u00e4kerhetsanordningar \u2013 alla lokala Alimak-center lagerf\u00f6r delar till Alimak-, Champion- och Heis-Tek-produkter som anv\u00e4nds i dag. Alimak har investerat i att bygga ett globalt distributionsn\u00e4t f\u00f6r ers\u00e4ttningsdelar, som garanterar att delar och komponenter levereras n\u00e4r de beh\u00f6vs. Alimak har reservdelar i lager lokalt via v\u00e5ra s\u00e4ljbolag samt ett omfattande reservdelslager i v\u00e5ra lager runt om i v\u00e4rlden.  <\/p>\n<\/div>\n                                            <\/div>\n        <\/div>\n      <\/div>\n    <\/div>\n<\/section>\n\n<section class=\"cta-banner bg-black text-white  pt-0 pb-6 lg:pb-12\">\n    <div class=\"relative\">\n                    <div class=\"cta-banner-overlay relative\">\n                <picture class=\"w-full\"><source media=\"(max-width:639px)\" srcset=\"https:\/\/images.ohmyhosting.se\/WktqUiNRg1ZhevXtlEJW64a-tD4=\/399x377\/smart\/filters:quality(85)\/https%3A%2F%2Falimak.com%2Fwp-content%2Fuploads%2F2025%2F09%2Fd0a64875c3850e6181fa105f72a620985d5364a6.jpg 1x, https:\/\/images.ohmyhosting.se\/uHFfZRUPh8JOF6Zz_y6rSTfDpak=\/798x754\/smart\/filters:quality(85)\/https%3A%2F%2Falimak.com%2Fwp-content%2Fuploads%2F2025%2F09%2Fd0a64875c3850e6181fa105f72a620985d5364a6.jpg 2x\"><source media=\"(max-width:1022px)\" srcset=\"https:\/\/images.ohmyhosting.se\/_7lhKdPe2AiFfxT-8EBHRxRmEX8=\/805x760\/smart\/filters:quality(85)\/https%3A%2F%2Falimak.com%2Fwp-content%2Fuploads%2F2025%2F09%2Fd0a64875c3850e6181fa105f72a620985d5364a6.jpg 1x, https:\/\/images.ohmyhosting.se\/k3XpmDwMeHPL_Yzc_ybXgBj6up8=\/1610x1520\/smart\/filters:quality(85)\/https%3A%2F%2Falimak.com%2Fwp-content%2Fuploads%2F2025%2F09%2Fd0a64875c3850e6181fa105f72a620985d5364a6.jpg 2x\"><img decoding=\"async\" src=\"https:\/\/images.ohmyhosting.se\/lIW3Hg0Fn-6CZ8-JoXTC4w5tQhA=\/2545x1053\/smart\/filters:quality(85)\/https%3A%2F%2Falimak.com%2Fwp-content%2Fuploads%2F2025%2F09%2Fd0a64875c3850e6181fa105f72a620985d5364a6.jpg\" srcset=\"https:\/\/images.ohmyhosting.se\/lIW3Hg0Fn-6CZ8-JoXTC4w5tQhA=\/2545x1053\/smart\/filters:quality(85)\/https%3A%2F%2Falimak.com%2Fwp-content%2Fuploads%2F2025%2F09%2Fd0a64875c3850e6181fa105f72a620985d5364a6.jpg 1x, https:\/\/images.ohmyhosting.se\/kBPWqXpAi4O3Ic8XAeAxPcvYsts=\/5090x2106\/smart\/filters:quality(85)\/https%3A%2F%2Falimak.com%2Fwp-content%2Fuploads%2F2025%2F09%2Fd0a64875c3850e6181fa105f72a620985d5364a6.jpg 2x\" alt=\"\" class=\"w-full w-full h-full object-cover\" width=\"2545\" height=\"1053\" \/><\/picture>            <\/div>\n                <div class=\"absolute inset-0 z-[2]\">\n            <div class=\"holder\">\n                <div class=\"grid grid-cols-12 gap-4\">\n                    <div class=\"col-span-12 lg:col-span-6 lg:col-start-7 pt-16\">\n                        <h3 class=\"text-28 md:text-44 lg:max-w-[500px] leading-tight\">Kontakta oss f\u00f6r mer information eller en offert<\/h3>\n                                                    <div class=\"mt-8\">\n                                <a class=\"btn\" href=\"https:\/\/alimak.com\/sv\/kontakta-oss\/\" target=\"\">\n                                    <span>Kontakta oss<\/span>\n                                    <span>\n                                        <svg width=\"24\" height=\"11\" viewBox=\"0 0 24 11\" fill=\"none\" xmlns=\"http:\/\/www.w3.org\/2000\/svg\">\n                                        <path d=\"M0 5.5H22\" stroke=\"black\" stroke-width=\"1.5\"\/>\n                                        <path d=\"M17.5 1L22 5.5L17.5 10\" stroke=\"black\" stroke-width=\"1.5\"\/>\n                                        <\/svg>\n                                    <\/span>\n                                <\/a>\n                            <\/div>\n                                            <\/div>\n                <\/div>\n            <\/div>\n        <\/div>\n    <\/div>\n<\/section>\n","protected":false},"excerpt":{"rendered":"<p>Originalreservdelar fr\u00e5n Alimak s\u00e4kerst\u00e4ller att era hissystem arbetar med optimal prestanda och effektivitet. M\u00e5nga \u00e5r av oavbruten drift, med minimalt&#8230;<\/p>\n","protected":false},"author":2,"featured_media":0,"parent":14036,"menu_order":0,"comment_status":"closed","ping_status":"closed","template":"","meta":{"_acf_changed":false,"footnotes":""},"class_list":["post-15547","page","type-page","status-publish","hentry"],"acf":[],"yoast_head":"<!-- This site is optimized with the Yoast SEO plugin v27.3 - https:\/\/yoast.com\/product\/yoast-seo-wordpress\/ -->\n<title>Parts (permanent) - Alimak<\/title>\n<meta name=\"robots\" content=\"index, follow, max-snippet:-1, max-image-preview:large, max-video-preview:-1\" \/>\n<link rel=\"canonical\" href=\"https:\/\/alimak.com\/sv\/permanenta-losningar\/reservdelar-och-service-permanent\/parts-permanent\/\" \/>\n<meta property=\"og:locale\" content=\"sv_SE\" \/>\n<meta property=\"og:type\" content=\"article\" \/>\n<meta property=\"og:title\" content=\"Parts (permanent) - Alimak\" \/>\n<meta property=\"og:description\" content=\"Originalreservdelar fr\u00e5n Alimak s\u00e4kerst\u00e4ller att era hissystem arbetar med optimal prestanda och effektivitet. M\u00e5nga \u00e5r av oavbruten drift, med minimalt...\" \/>\n<meta property=\"og:url\" content=\"https:\/\/alimak.com\/sv\/permanenta-losningar\/reservdelar-och-service-permanent\/parts-permanent\/\" \/>\n<meta property=\"og:site_name\" content=\"Alimak\" \/>\n<meta property=\"article:modified_time\" content=\"2026-03-18T13:17:04+00:00\" \/>\n<meta name=\"twitter:card\" content=\"summary_large_image\" \/>\n<script type=\"application\/ld+json\" class=\"yoast-schema-graph\">{\"@context\":\"https:\\\/\\\/schema.org\",\"@graph\":[{\"@type\":\"WebPage\",\"@id\":\"https:\\\/\\\/alimak.com\\\/sv\\\/permanenta-losningar\\\/reservdelar-och-service-permanent\\\/parts-permanent\\\/\",\"url\":\"https:\\\/\\\/alimak.com\\\/sv\\\/permanenta-losningar\\\/reservdelar-och-service-permanent\\\/parts-permanent\\\/\",\"name\":\"Parts (permanent) - Alimak\",\"isPartOf\":{\"@id\":\"https:\\\/\\\/alimak.com\\\/#website\"},\"datePublished\":\"2026-02-19T10:29:36+00:00\",\"dateModified\":\"2026-03-18T13:17:04+00:00\",\"breadcrumb\":{\"@id\":\"https:\\\/\\\/alimak.com\\\/sv\\\/permanenta-losningar\\\/reservdelar-och-service-permanent\\\/parts-permanent\\\/#breadcrumb\"},\"inLanguage\":\"sv-SE\",\"potentialAction\":[{\"@type\":\"ReadAction\",\"target\":[\"https:\\\/\\\/alimak.com\\\/sv\\\/permanenta-losningar\\\/reservdelar-och-service-permanent\\\/parts-permanent\\\/\"]}]},{\"@type\":\"BreadcrumbList\",\"@id\":\"https:\\\/\\\/alimak.com\\\/sv\\\/permanenta-losningar\\\/reservdelar-och-service-permanent\\\/parts-permanent\\\/#breadcrumb\",\"itemListElement\":[{\"@type\":\"ListItem\",\"position\":1,\"name\":\"Home\",\"item\":\"https:\\\/\\\/alimak.com\\\/sv\\\/\"},{\"@type\":\"ListItem\",\"position\":2,\"name\":\"Permanenta l\u00f6sningar\",\"item\":\"https:\\\/\\\/alimak.com\\\/sv\\\/permanenta-losningar\\\/\"},{\"@type\":\"ListItem\",\"position\":3,\"name\":\"Reservdelar och service (permanent)\",\"item\":\"https:\\\/\\\/alimak.com\\\/sv\\\/permanenta-losningar\\\/reservdelar-och-service-permanent\\\/\"},{\"@type\":\"ListItem\",\"position\":4,\"name\":\"Parts (permanent)\"}]},{\"@type\":\"WebSite\",\"@id\":\"https:\\\/\\\/alimak.com\\\/#website\",\"url\":\"https:\\\/\\\/alimak.com\\\/\",\"name\":\"Alimak\",\"description\":\"\",\"potentialAction\":[{\"@type\":\"SearchAction\",\"target\":{\"@type\":\"EntryPoint\",\"urlTemplate\":\"https:\\\/\\\/alimak.com\\\/?s={search_term_string}\"},\"query-input\":{\"@type\":\"PropertyValueSpecification\",\"valueRequired\":true,\"valueName\":\"search_term_string\"}}],\"inLanguage\":\"sv-SE\"}]}<\/script>\n<!-- \/ Yoast SEO plugin. -->","yoast_head_json":{"title":"Parts (permanent) - Alimak","robots":{"index":"index","follow":"follow","max-snippet":"max-snippet:-1","max-image-preview":"max-image-preview:large","max-video-preview":"max-video-preview:-1"},"canonical":"https:\/\/alimak.com\/sv\/permanenta-losningar\/reservdelar-och-service-permanent\/parts-permanent\/","og_locale":"sv_SE","og_type":"article","og_title":"Parts (permanent) - Alimak","og_description":"Originalreservdelar fr\u00e5n Alimak s\u00e4kerst\u00e4ller att era hissystem arbetar med optimal prestanda och effektivitet. M\u00e5nga \u00e5r av oavbruten drift, med minimalt...","og_url":"https:\/\/alimak.com\/sv\/permanenta-losningar\/reservdelar-och-service-permanent\/parts-permanent\/","og_site_name":"Alimak","article_modified_time":"2026-03-18T13:17:04+00:00","twitter_card":"summary_large_image","schema":{"@context":"https:\/\/schema.org","@graph":[{"@type":"WebPage","@id":"https:\/\/alimak.com\/sv\/permanenta-losningar\/reservdelar-och-service-permanent\/parts-permanent\/","url":"https:\/\/alimak.com\/sv\/permanenta-losningar\/reservdelar-och-service-permanent\/parts-permanent\/","name":"Parts (permanent) - Alimak","isPartOf":{"@id":"https:\/\/alimak.com\/#website"},"datePublished":"2026-02-19T10:29:36+00:00","dateModified":"2026-03-18T13:17:04+00:00","breadcrumb":{"@id":"https:\/\/alimak.com\/sv\/permanenta-losningar\/reservdelar-och-service-permanent\/parts-permanent\/#breadcrumb"},"inLanguage":"sv-SE","potentialAction":[{"@type":"ReadAction","target":["https:\/\/alimak.com\/sv\/permanenta-losningar\/reservdelar-och-service-permanent\/parts-permanent\/"]}]},{"@type":"BreadcrumbList","@id":"https:\/\/alimak.com\/sv\/permanenta-losningar\/reservdelar-och-service-permanent\/parts-permanent\/#breadcrumb","itemListElement":[{"@type":"ListItem","position":1,"name":"Home","item":"https:\/\/alimak.com\/sv\/"},{"@type":"ListItem","position":2,"name":"Permanenta l\u00f6sningar","item":"https:\/\/alimak.com\/sv\/permanenta-losningar\/"},{"@type":"ListItem","position":3,"name":"Reservdelar och service (permanent)","item":"https:\/\/alimak.com\/sv\/permanenta-losningar\/reservdelar-och-service-permanent\/"},{"@type":"ListItem","position":4,"name":"Parts (permanent)"}]},{"@type":"WebSite","@id":"https:\/\/alimak.com\/#website","url":"https:\/\/alimak.com\/","name":"Alimak","description":"","potentialAction":[{"@type":"SearchAction","target":{"@type":"EntryPoint","urlTemplate":"https:\/\/alimak.com\/?s={search_term_string}"},"query-input":{"@type":"PropertyValueSpecification","valueRequired":true,"valueName":"search_term_string"}}],"inLanguage":"sv-SE"}]}},"_links":{"self":[{"href":"https:\/\/alimak.com\/sv\/wp-json\/wp\/v2\/pages\/15547","targetHints":{"allow":["GET"]}}],"collection":[{"href":"https:\/\/alimak.com\/sv\/wp-json\/wp\/v2\/pages"}],"about":[{"href":"https:\/\/alimak.com\/sv\/wp-json\/wp\/v2\/types\/page"}],"author":[{"embeddable":true,"href":"https:\/\/alimak.com\/sv\/wp-json\/wp\/v2\/users\/2"}],"replies":[{"embeddable":true,"href":"https:\/\/alimak.com\/sv\/wp-json\/wp\/v2\/comments?post=15547"}],"version-history":[{"count":1,"href":"https:\/\/alimak.com\/sv\/wp-json\/wp\/v2\/pages\/15547\/revisions"}],"predecessor-version":[{"id":15549,"href":"https:\/\/alimak.com\/sv\/wp-json\/wp\/v2\/pages\/15547\/revisions\/15549"}],"up":[{"embeddable":true,"href":"https:\/\/alimak.com\/sv\/wp-json\/wp\/v2\/pages\/14036"}],"wp:attachment":[{"href":"https:\/\/alimak.com\/sv\/wp-json\/wp\/v2\/media?parent=15547"}],"curies":[{"name":"wp","href":"https:\/\/api.w.org\/{rel}","templated":true}]}}